{"id":13354,"date":"2023-02-22T16:33:07","date_gmt":"2023-02-22T15:33:07","guid":{"rendered":"https:\/\/eccoproducts.eu\/producten\/eccofence-kit\/"},"modified":"2023-02-22T16:33:07","modified_gmt":"2023-02-22T15:33:07","slug":"eccofence-kit","status":"publish","type":"product","link":"https:\/\/eccoproducts.eu\/ro\/producten\/eccofence-kit\/","title":{"rendered":"ECCOfence KIT"},"content":{"rendered":"","protected":false},"excerpt":{"rendered":"<p>Oricine iube\u0219te gabioanele \u00een gr\u0103dina sa \u0219i \u00eei place s\u0103 \u00ee\u0219i suflece m\u00e2necile pentru o schimbare poate <strong>\u00eencepe singur<\/strong> cu ECCOfence KIT. Chiar \u0219i \u00een locurile \u00een care o macara nu poate ajunge, gabioanele ECCOfence KIT sunt solu\u021bia ideal\u0103. Acest <strong>kit de construc\u021bie<\/strong> la \u00eendem\u00e2n\u0103 \u0219i <strong>profesional<\/strong> const\u0103 din <strong>materiale durabile<\/strong>. Deoarece gabioanele sunt produse \u00een dimensiuni standard, pute\u021bi determina cu u\u0219urin\u021b\u0103 c\u00e2te gabioane sunt necesare pentru aplica\u021bia dumneavoastr\u0103.   <\/p>\n","protected":false},"featured_media":12368,"comment_status":"open","ping_status":"closed","template":"","meta":{"_acf_changed":false,"inline_featured_image":false},"product_brand":[],"product_cat":[15],"product_tag":[],"class_list":{"0":"post-13354","1":"product","2":"type-product","3":"status-publish","4":"has-post-thumbnail","6":"product_cat-geen-categorie","8":"first","9":"instock","10":"shipping-taxable","11":"product-type-simple"},"acf":[],"yoast_head":"<!-- This site is optimized with the Yoast SEO plugin v25.9 - https:\/\/yoast.com\/wordpress\/plugins\/seo\/ -->\n<title>ECCOfence KIT - ECCO Products<\/title>\n<meta name=\"description\" content=\"Cei c\u0103rora le plac gabioanele \u00een gr\u0103dina lor \u0219i le place s\u0103 \u00ee\u0219i suflece m\u00e2necile pentru o schimbare pot \u00eencepe singuri cu gabioanele ECCOfence KIT.\" \/>\n<meta name=\"robots\" content=\"index, follow, max-snippet:-1, max-image-preview:large, max-video-preview:-1\" \/>\n<link rel=\"canonical\" href=\"https:\/\/eccoproducts.eu\/ro\/producten\/eccofence-kit\/\" \/>\n<meta property=\"og:locale\" content=\"ro_RO\" \/>\n<meta property=\"og:type\" content=\"article\" \/>\n<meta property=\"og:title\" content=\"ECCOfence KIT - ECCO Products\" \/>\n<meta property=\"og:description\" content=\"Cei c\u0103rora le plac gabioanele \u00een gr\u0103dina lor \u0219i le place s\u0103 \u00ee\u0219i suflece m\u00e2necile pentru o schimbare pot \u00eencepe singuri cu gabioanele ECCOfence KIT.\" \/>\n<meta property=\"og:url\" content=\"https:\/\/eccoproducts.eu\/ro\/producten\/eccofence-kit\/\" \/>\n<meta property=\"og:site_name\" content=\"ECCO Products\" \/>\n<meta property=\"og:image\" content=\"https:\/\/eccoproducts.eu\/wp-content\/uploads\/2023\/02\/ECCOfence-KIT__1200x900.jpg\" \/>\n\t<meta property=\"og:image:width\" content=\"1200\" \/>\n\t<meta property=\"og:image:height\" content=\"900\" \/>\n\t<meta property=\"og:image:type\" content=\"image\/jpeg\" \/>\n<meta name=\"twitter:card\" content=\"summary_large_image\" \/>\n<script type=\"application\/ld+json\" class=\"yoast-schema-graph\">{\"@context\":\"https:\/\/schema.org\",\"@graph\":[{\"@type\":\"WebPage\",\"@id\":\"https:\/\/eccoproducts.eu\/ro\/producten\/eccofence-kit\/\",\"url\":\"https:\/\/eccoproducts.eu\/ro\/producten\/eccofence-kit\/\",\"name\":\"ECCOfence KIT - ECCO Products\",\"isPartOf\":{\"@id\":\"https:\/\/eccoproducts.eu\/ro\/#website\"},\"primaryImageOfPage\":{\"@id\":\"https:\/\/eccoproducts.eu\/ro\/producten\/eccofence-kit\/#primaryimage\"},\"image\":{\"@id\":\"https:\/\/eccoproducts.eu\/ro\/producten\/eccofence-kit\/#primaryimage\"},\"thumbnailUrl\":\"https:\/\/eccoproducts.eu\/wp-content\/uploads\/2023\/02\/ECCOfence-KIT__1200x900.jpg\",\"datePublished\":\"2023-02-22T15:33:07+00:00\",\"description\":\"Cei c\u0103rora le plac gabioanele \u00een gr\u0103dina lor \u0219i le place s\u0103 \u00ee\u0219i suflece m\u00e2necile pentru o schimbare pot \u00eencepe singuri cu gabioanele ECCOfence KIT.\",\"breadcrumb\":{\"@id\":\"https:\/\/eccoproducts.eu\/ro\/producten\/eccofence-kit\/#breadcrumb\"},\"inLanguage\":\"ro-RO\",\"potentialAction\":[{\"@type\":\"ReadAction\",\"target\":[\"https:\/\/eccoproducts.eu\/ro\/producten\/eccofence-kit\/\"]}]},{\"@type\":\"ImageObject\",\"inLanguage\":\"ro-RO\",\"@id\":\"https:\/\/eccoproducts.eu\/ro\/producten\/eccofence-kit\/#primaryimage\",\"url\":\"https:\/\/eccoproducts.eu\/wp-content\/uploads\/2023\/02\/ECCOfence-KIT__1200x900.jpg\",\"contentUrl\":\"https:\/\/eccoproducts.eu\/wp-content\/uploads\/2023\/02\/ECCOfence-KIT__1200x900.jpg\",\"width\":1200,\"height\":900,\"caption\":\"Izolare fonic\u0103 datorit\u0103 co\u0219urilor de piatr\u0103\"},{\"@type\":\"BreadcrumbList\",\"@id\":\"https:\/\/eccoproducts.eu\/ro\/producten\/eccofence-kit\/#breadcrumb\",\"itemListElement\":[{\"@type\":\"ListItem\",\"position\":1,\"name\":\"Home\",\"item\":\"https:\/\/eccoproducts.eu\/ro\/\"},{\"@type\":\"ListItem\",\"position\":2,\"name\":\"Produse\",\"item\":\"https:\/\/eccoproducts.eu\/ro\/produse\/\"},{\"@type\":\"ListItem\",\"position\":3,\"name\":\"ECCOfence KIT\"}]},{\"@type\":\"WebSite\",\"@id\":\"https:\/\/eccoproducts.eu\/ro\/#website\",\"url\":\"https:\/\/eccoproducts.eu\/ro\/\",\"name\":\"ECCO Products\",\"description\":\"\",\"potentialAction\":[{\"@type\":\"SearchAction\",\"target\":{\"@type\":\"EntryPoint\",\"urlTemplate\":\"https:\/\/eccoproducts.eu\/ro\/?s={search_term_string}\"},\"query-input\":{\"@type\":\"PropertyValueSpecification\",\"valueRequired\":true,\"valueName\":\"search_term_string\"}}],\"inLanguage\":\"ro-RO\"}]}<\/script>\n<!-- \/ Yoast SEO plugin. -->","yoast_head_json":{"title":"ECCOfence KIT - ECCO Products","description":"Cei c\u0103rora le plac gabioanele \u00een gr\u0103dina lor \u0219i le place s\u0103 \u00ee\u0219i suflece m\u00e2necile pentru o schimbare pot \u00eencepe singuri cu gabioanele ECCOfence KIT.","robots":{"index":"index","follow":"follow","max-snippet":"max-snippet:-1","max-image-preview":"max-image-preview:large","max-video-preview":"max-video-preview:-1"},"canonical":"https:\/\/eccoproducts.eu\/ro\/producten\/eccofence-kit\/","og_locale":"ro_RO","og_type":"article","og_title":"ECCOfence KIT - ECCO Products","og_description":"Cei c\u0103rora le plac gabioanele \u00een gr\u0103dina lor \u0219i le place s\u0103 \u00ee\u0219i suflece m\u00e2necile pentru o schimbare pot \u00eencepe singuri cu gabioanele ECCOfence KIT.","og_url":"https:\/\/eccoproducts.eu\/ro\/producten\/eccofence-kit\/","og_site_name":"ECCO Products","og_image":[{"width":1200,"height":900,"url":"https:\/\/eccoproducts.eu\/wp-content\/uploads\/2023\/02\/ECCOfence-KIT__1200x900.jpg","type":"image\/jpeg"}],"twitter_card":"summary_large_image","schema":{"@context":"https:\/\/schema.org","@graph":[{"@type":"WebPage","@id":"https:\/\/eccoproducts.eu\/ro\/producten\/eccofence-kit\/","url":"https:\/\/eccoproducts.eu\/ro\/producten\/eccofence-kit\/","name":"ECCOfence KIT - ECCO Products","isPartOf":{"@id":"https:\/\/eccoproducts.eu\/ro\/#website"},"primaryImageOfPage":{"@id":"https:\/\/eccoproducts.eu\/ro\/producten\/eccofence-kit\/#primaryimage"},"image":{"@id":"https:\/\/eccoproducts.eu\/ro\/producten\/eccofence-kit\/#primaryimage"},"thumbnailUrl":"https:\/\/eccoproducts.eu\/wp-content\/uploads\/2023\/02\/ECCOfence-KIT__1200x900.jpg","datePublished":"2023-02-22T15:33:07+00:00","description":"Cei c\u0103rora le plac gabioanele \u00een gr\u0103dina lor \u0219i le place s\u0103 \u00ee\u0219i suflece m\u00e2necile pentru o schimbare pot \u00eencepe singuri cu gabioanele ECCOfence KIT.","breadcrumb":{"@id":"https:\/\/eccoproducts.eu\/ro\/producten\/eccofence-kit\/#breadcrumb"},"inLanguage":"ro-RO","potentialAction":[{"@type":"ReadAction","target":["https:\/\/eccoproducts.eu\/ro\/producten\/eccofence-kit\/"]}]},{"@type":"ImageObject","inLanguage":"ro-RO","@id":"https:\/\/eccoproducts.eu\/ro\/producten\/eccofence-kit\/#primaryimage","url":"https:\/\/eccoproducts.eu\/wp-content\/uploads\/2023\/02\/ECCOfence-KIT__1200x900.jpg","contentUrl":"https:\/\/eccoproducts.eu\/wp-content\/uploads\/2023\/02\/ECCOfence-KIT__1200x900.jpg","width":1200,"height":900,"caption":"Izolare fonic\u0103 datorit\u0103 co\u0219urilor de piatr\u0103"},{"@type":"BreadcrumbList","@id":"https:\/\/eccoproducts.eu\/ro\/producten\/eccofence-kit\/#breadcrumb","itemListElement":[{"@type":"ListItem","position":1,"name":"Home","item":"https:\/\/eccoproducts.eu\/ro\/"},{"@type":"ListItem","position":2,"name":"Produse","item":"https:\/\/eccoproducts.eu\/ro\/produse\/"},{"@type":"ListItem","position":3,"name":"ECCOfence KIT"}]},{"@type":"WebSite","@id":"https:\/\/eccoproducts.eu\/ro\/#website","url":"https:\/\/eccoproducts.eu\/ro\/","name":"ECCO Products","description":"","potentialAction":[{"@type":"SearchAction","target":{"@type":"EntryPoint","urlTemplate":"https:\/\/eccoproducts.eu\/ro\/?s={search_term_string}"},"query-input":{"@type":"PropertyValueSpecification","valueRequired":true,"valueName":"search_term_string"}}],"inLanguage":"ro-RO"}]}},"_links":{"self":[{"href":"https:\/\/eccoproducts.eu\/ro\/wp-json\/wp\/v2\/product\/13354","targetHints":{"allow":["GET"]}}],"collection":[{"href":"https:\/\/eccoproducts.eu\/ro\/wp-json\/wp\/v2\/product"}],"about":[{"href":"https:\/\/eccoproducts.eu\/ro\/wp-json\/wp\/v2\/types\/product"}],"replies":[{"embeddable":true,"href":"https:\/\/eccoproducts.eu\/ro\/wp-json\/wp\/v2\/comments?post=13354"}],"wp:featuredmedia":[{"embeddable":true,"href":"https:\/\/eccoproducts.eu\/ro\/wp-json\/wp\/v2\/media\/12368"}],"wp:attachment":[{"href":"https:\/\/eccoproducts.eu\/ro\/wp-json\/wp\/v2\/media?parent=13354"}],"wp:term":[{"taxonomy":"product_brand","embeddable":true,"href":"https:\/\/eccoproducts.eu\/ro\/wp-json\/wp\/v2\/product_brand?post=13354"},{"taxonomy":"product_cat","embeddable":true,"href":"https:\/\/eccoproducts.eu\/ro\/wp-json\/wp\/v2\/product_cat?post=13354"},{"taxonomy":"product_tag","embeddable":true,"href":"https:\/\/eccoproducts.eu\/ro\/wp-json\/wp\/v2\/product_tag?post=13354"}],"curies":[{"name":"wp","href":"https:\/\/api.w.org\/{rel}","templated":true}]}}