{"id":13029,"date":"2023-02-22T16:32:27","date_gmt":"2023-02-22T15:32:27","guid":{"rendered":"https:\/\/eccoproducts.eu\/producten\/core-edge-powered-by-ecco\/"},"modified":"2026-04-24T11:24:09","modified_gmt":"2026-04-24T09:24:09","slug":"core-edge-powered-by-ecco","status":"publish","type":"product","link":"https:\/\/eccoproducts.eu\/ro\/producten\/core-edge-powered-by-ecco\/","title":{"rendered":"CORE Edge powered by ECCO"},"content":{"rendered":"","protected":false},"excerpt":{"rendered":"<p data-start=\"2091\" data-end=\"2287\">Bordurile CORE Edge powered by ECCO sunt fabricate din <strong>o\u021bel flexibil<\/strong> de 1,6 mm. Aceast\u0103 bordur\u0103 durabil\u0103 \u0219i rezistent\u0103 la intemperii se poate instala u\u0219or \u00een <strong>linii drepte, forme curbe sau col\u021buri<\/strong>.<\/p>\n<ul data-start=\"2289\" data-end=\"2496\">\n<li data-section-id=\"1wxohjh\" data-start=\"2289\" data-end=\"2346\">Rezistent\u0103 la ma\u0219ini de tuns iarba \u0219i vehicule u\u0219oare<\/li>\n<li data-section-id=\"u5dp59\" data-start=\"2347\" data-end=\"2414\">5 culori: o\u021bel corten, o\u021bel galvanizat, negru, antracit \u0219i maro<\/li>\n<li data-section-id=\"1opet36\" data-start=\"2415\" data-end=\"2454\">3 \u00een\u0103l\u021bimi: 65 mm, 100 mm \u0219i 150 mm<\/li>\n<li data-section-id=\"17kg6s2\" data-start=\"2455\" data-end=\"2496\">Format practic (lungime util\u0103: 1 metru)<\/li>\n<\/ul>\n","protected":false},"featured_media":13057,"comment_status":"open","ping_status":"closed","template":"","meta":{"_acf_changed":false,"inline_featured_image":false},"product_brand":[],"product_cat":[200],"product_tag":[],"class_list":{"0":"post-13029","1":"product","2":"type-product","3":"status-publish","4":"has-post-thumbnail","6":"product_cat-borduri-de-gradina","8":"first","9":"instock","10":"shipping-taxable","11":"product-type-simple"},"acf":[],"yoast_head":"<!-- This site is optimized with the Yoast SEO plugin v25.9 - https:\/\/yoast.com\/wordpress\/plugins\/seo\/ -->\n<title>CORE Edge powered by ECCO - ECCO Products<\/title>\n<meta name=\"description\" content=\"Delimitarea flexibil\u0103, din o\u021bel, CORE Edge powered By ECCO este u\u0219or de instalat \u00een linii drepte \u0219i forme curbe sau de \u00eendoit pe loc \u00een col\u021buri.\" \/>\n<meta name=\"robots\" content=\"index, follow, max-snippet:-1, max-image-preview:large, max-video-preview:-1\" \/>\n<link rel=\"canonical\" href=\"https:\/\/eccoproducts.eu\/ro\/producten\/core-edge-powered-by-ecco\/\" \/>\n<meta property=\"og:locale\" content=\"ro_RO\" \/>\n<meta property=\"og:type\" content=\"article\" \/>\n<meta property=\"og:title\" content=\"CORE Edge powered by ECCO - ECCO Products\" \/>\n<meta property=\"og:description\" content=\"Delimitarea flexibil\u0103, din o\u021bel, CORE Edge powered By ECCO este u\u0219or de instalat \u00een linii drepte \u0219i forme curbe sau de \u00eendoit pe loc \u00een col\u021buri.\" \/>\n<meta property=\"og:url\" content=\"https:\/\/eccoproducts.eu\/ro\/producten\/core-edge-powered-by-ecco\/\" \/>\n<meta property=\"og:site_name\" content=\"ECCO Products\" \/>\n<meta property=\"article:modified_time\" content=\"2026-04-24T09:24:09+00:00\" \/>\n<meta property=\"og:image\" content=\"https:\/\/eccoproducts.eu\/wp-content\/uploads\/2023\/02\/ECCOborders_coreEdge_CE-CorTen_1200x900-1.jpg\" \/>\n\t<meta property=\"og:image:width\" content=\"1200\" \/>\n\t<meta property=\"og:image:height\" content=\"900\" \/>\n\t<meta property=\"og:image:type\" content=\"image\/jpeg\" \/>\n<meta name=\"twitter:card\" content=\"summary_large_image\" \/>\n<meta name=\"twitter:label1\" content=\"Timp estimat pentru citire\" \/>\n\t<meta name=\"twitter:data1\" content=\"1 minut\" \/>\n<script type=\"application\/ld+json\" class=\"yoast-schema-graph\">{\"@context\":\"https:\/\/schema.org\",\"@graph\":[{\"@type\":\"WebPage\",\"@id\":\"https:\/\/eccoproducts.eu\/ro\/producten\/core-edge-powered-by-ecco\/\",\"url\":\"https:\/\/eccoproducts.eu\/ro\/producten\/core-edge-powered-by-ecco\/\",\"name\":\"CORE Edge powered by ECCO - ECCO Products\",\"isPartOf\":{\"@id\":\"https:\/\/eccoproducts.eu\/ro\/#website\"},\"primaryImageOfPage\":{\"@id\":\"https:\/\/eccoproducts.eu\/ro\/producten\/core-edge-powered-by-ecco\/#primaryimage\"},\"image\":{\"@id\":\"https:\/\/eccoproducts.eu\/ro\/producten\/core-edge-powered-by-ecco\/#primaryimage\"},\"thumbnailUrl\":\"https:\/\/eccoproducts.eu\/wp-content\/uploads\/2023\/02\/ECCOborders_coreEdge_CE-CorTen_1200x900-1.jpg\",\"datePublished\":\"2023-02-22T15:32:27+00:00\",\"dateModified\":\"2026-04-24T09:24:09+00:00\",\"description\":\"Delimitarea flexibil\u0103, din o\u021bel, CORE Edge powered By ECCO este u\u0219or de instalat \u00een linii drepte \u0219i forme curbe sau de \u00eendoit pe loc \u00een col\u021buri.\",\"breadcrumb\":{\"@id\":\"https:\/\/eccoproducts.eu\/ro\/producten\/core-edge-powered-by-ecco\/#breadcrumb\"},\"inLanguage\":\"ro-RO\",\"potentialAction\":[{\"@type\":\"ReadAction\",\"target\":[\"https:\/\/eccoproducts.eu\/ro\/producten\/core-edge-powered-by-ecco\/\"]}]},{\"@type\":\"ImageObject\",\"inLanguage\":\"ro-RO\",\"@id\":\"https:\/\/eccoproducts.eu\/ro\/producten\/core-edge-powered-by-ecco\/#primaryimage\",\"url\":\"https:\/\/eccoproducts.eu\/wp-content\/uploads\/2023\/02\/ECCOborders_coreEdge_CE-CorTen_1200x900-1.jpg\",\"contentUrl\":\"https:\/\/eccoproducts.eu\/wp-content\/uploads\/2023\/02\/ECCOborders_coreEdge_CE-CorTen_1200x900-1.jpg\",\"width\":1200,\"height\":900},{\"@type\":\"BreadcrumbList\",\"@id\":\"https:\/\/eccoproducts.eu\/ro\/producten\/core-edge-powered-by-ecco\/#breadcrumb\",\"itemListElement\":[{\"@type\":\"ListItem\",\"position\":1,\"name\":\"Home\",\"item\":\"https:\/\/eccoproducts.eu\/ro\/\"},{\"@type\":\"ListItem\",\"position\":2,\"name\":\"Produse\",\"item\":\"https:\/\/eccoproducts.eu\/ro\/produse\/\"},{\"@type\":\"ListItem\",\"position\":3,\"name\":\"CORE Edge powered by ECCO\"}]},{\"@type\":\"WebSite\",\"@id\":\"https:\/\/eccoproducts.eu\/ro\/#website\",\"url\":\"https:\/\/eccoproducts.eu\/ro\/\",\"name\":\"ECCO Products\",\"description\":\"\",\"potentialAction\":[{\"@type\":\"SearchAction\",\"target\":{\"@type\":\"EntryPoint\",\"urlTemplate\":\"https:\/\/eccoproducts.eu\/ro\/?s={search_term_string}\"},\"query-input\":{\"@type\":\"PropertyValueSpecification\",\"valueRequired\":true,\"valueName\":\"search_term_string\"}}],\"inLanguage\":\"ro-RO\"}]}<\/script>\n<!-- \/ Yoast SEO plugin. -->","yoast_head_json":{"title":"CORE Edge powered by ECCO - ECCO Products","description":"Delimitarea flexibil\u0103, din o\u021bel, CORE Edge powered By ECCO este u\u0219or de instalat \u00een linii drepte \u0219i forme curbe sau de \u00eendoit pe loc \u00een col\u021buri.","robots":{"index":"index","follow":"follow","max-snippet":"max-snippet:-1","max-image-preview":"max-image-preview:large","max-video-preview":"max-video-preview:-1"},"canonical":"https:\/\/eccoproducts.eu\/ro\/producten\/core-edge-powered-by-ecco\/","og_locale":"ro_RO","og_type":"article","og_title":"CORE Edge powered by ECCO - ECCO Products","og_description":"Delimitarea flexibil\u0103, din o\u021bel, CORE Edge powered By ECCO este u\u0219or de instalat \u00een linii drepte \u0219i forme curbe sau de \u00eendoit pe loc \u00een col\u021buri.","og_url":"https:\/\/eccoproducts.eu\/ro\/producten\/core-edge-powered-by-ecco\/","og_site_name":"ECCO Products","article_modified_time":"2026-04-24T09:24:09+00:00","og_image":[{"width":1200,"height":900,"url":"https:\/\/eccoproducts.eu\/wp-content\/uploads\/2023\/02\/ECCOborders_coreEdge_CE-CorTen_1200x900-1.jpg","type":"image\/jpeg"}],"twitter_card":"summary_large_image","twitter_misc":{"Timp estimat pentru citire":"1 minut"},"schema":{"@context":"https:\/\/schema.org","@graph":[{"@type":"WebPage","@id":"https:\/\/eccoproducts.eu\/ro\/producten\/core-edge-powered-by-ecco\/","url":"https:\/\/eccoproducts.eu\/ro\/producten\/core-edge-powered-by-ecco\/","name":"CORE Edge powered by ECCO - ECCO Products","isPartOf":{"@id":"https:\/\/eccoproducts.eu\/ro\/#website"},"primaryImageOfPage":{"@id":"https:\/\/eccoproducts.eu\/ro\/producten\/core-edge-powered-by-ecco\/#primaryimage"},"image":{"@id":"https:\/\/eccoproducts.eu\/ro\/producten\/core-edge-powered-by-ecco\/#primaryimage"},"thumbnailUrl":"https:\/\/eccoproducts.eu\/wp-content\/uploads\/2023\/02\/ECCOborders_coreEdge_CE-CorTen_1200x900-1.jpg","datePublished":"2023-02-22T15:32:27+00:00","dateModified":"2026-04-24T09:24:09+00:00","description":"Delimitarea flexibil\u0103, din o\u021bel, CORE Edge powered By ECCO este u\u0219or de instalat \u00een linii drepte \u0219i forme curbe sau de \u00eendoit pe loc \u00een col\u021buri.","breadcrumb":{"@id":"https:\/\/eccoproducts.eu\/ro\/producten\/core-edge-powered-by-ecco\/#breadcrumb"},"inLanguage":"ro-RO","potentialAction":[{"@type":"ReadAction","target":["https:\/\/eccoproducts.eu\/ro\/producten\/core-edge-powered-by-ecco\/"]}]},{"@type":"ImageObject","inLanguage":"ro-RO","@id":"https:\/\/eccoproducts.eu\/ro\/producten\/core-edge-powered-by-ecco\/#primaryimage","url":"https:\/\/eccoproducts.eu\/wp-content\/uploads\/2023\/02\/ECCOborders_coreEdge_CE-CorTen_1200x900-1.jpg","contentUrl":"https:\/\/eccoproducts.eu\/wp-content\/uploads\/2023\/02\/ECCOborders_coreEdge_CE-CorTen_1200x900-1.jpg","width":1200,"height":900},{"@type":"BreadcrumbList","@id":"https:\/\/eccoproducts.eu\/ro\/producten\/core-edge-powered-by-ecco\/#breadcrumb","itemListElement":[{"@type":"ListItem","position":1,"name":"Home","item":"https:\/\/eccoproducts.eu\/ro\/"},{"@type":"ListItem","position":2,"name":"Produse","item":"https:\/\/eccoproducts.eu\/ro\/produse\/"},{"@type":"ListItem","position":3,"name":"CORE Edge powered by ECCO"}]},{"@type":"WebSite","@id":"https:\/\/eccoproducts.eu\/ro\/#website","url":"https:\/\/eccoproducts.eu\/ro\/","name":"ECCO Products","description":"","potentialAction":[{"@type":"SearchAction","target":{"@type":"EntryPoint","urlTemplate":"https:\/\/eccoproducts.eu\/ro\/?s={search_term_string}"},"query-input":{"@type":"PropertyValueSpecification","valueRequired":true,"valueName":"search_term_string"}}],"inLanguage":"ro-RO"}]}},"_links":{"self":[{"href":"https:\/\/eccoproducts.eu\/ro\/wp-json\/wp\/v2\/product\/13029","targetHints":{"allow":["GET"]}}],"collection":[{"href":"https:\/\/eccoproducts.eu\/ro\/wp-json\/wp\/v2\/product"}],"about":[{"href":"https:\/\/eccoproducts.eu\/ro\/wp-json\/wp\/v2\/types\/product"}],"replies":[{"embeddable":true,"href":"https:\/\/eccoproducts.eu\/ro\/wp-json\/wp\/v2\/comments?post=13029"}],"wp:featuredmedia":[{"embeddable":true,"href":"https:\/\/eccoproducts.eu\/ro\/wp-json\/wp\/v2\/media\/13057"}],"wp:attachment":[{"href":"https:\/\/eccoproducts.eu\/ro\/wp-json\/wp\/v2\/media?parent=13029"}],"wp:term":[{"taxonomy":"product_brand","embeddable":true,"href":"https:\/\/eccoproducts.eu\/ro\/wp-json\/wp\/v2\/product_brand?post=13029"},{"taxonomy":"product_cat","embeddable":true,"href":"https:\/\/eccoproducts.eu\/ro\/wp-json\/wp\/v2\/product_cat?post=13029"},{"taxonomy":"product_tag","embeddable":true,"href":"https:\/\/eccoproducts.eu\/ro\/wp-json\/wp\/v2\/product_tag?post=13029"}],"curies":[{"name":"wp","href":"https:\/\/api.w.org\/{rel}","templated":true}]}}