{"id":12905,"date":"2023-03-13T15:29:38","date_gmt":"2023-03-13T14:29:38","guid":{"rendered":"https:\/\/eccoproducts.eu\/producten\/vai-de-iarba-eccodal\/"},"modified":"2026-01-22T09:09:46","modified_gmt":"2026-01-22T08:09:46","slug":"vai-de-iarba-eccodal","status":"publish","type":"product","link":"https:\/\/eccoproducts.eu\/ro\/producten\/vai-de-iarba-eccodal\/","title":{"rendered":"V\u0103i de iarb\u0103 ECCOdal"},"content":{"rendered":"","protected":false},"excerpt":{"rendered":"<p>Pl\u0103cile de gazon ECCOdal sunt <strong>pl\u0103ci de gazon rezistente<\/strong> pe baz\u0103 de <strong>material reciclat<\/strong> care au <strong>rosturi de dilatare<\/strong> pentru a absorbi tensiunile termice \u0219i mecanice. Cu pl\u0103cile de gazon ECCOdal, v\u0103 bucura\u021bi de un <strong>pavaj<\/strong> <strong>permeabil<\/strong>, <strong>pietonal<\/strong> \u0219i (ocazional) <strong>practicabil,<\/strong> cu o not\u0103 <strong>ecologic\u0103<\/strong>.<\/p>\n<p>Pl\u0103cile de gazon din plastic sunt u\u0219or de instalat \u0219i sunt o alternativ\u0103 perfect\u0103 la pl\u0103cile de gazon din beton.<\/p>\n","protected":false},"featured_media":12914,"comment_status":"open","ping_status":"closed","template":"","meta":{"_acf_changed":false,"inline_featured_image":false},"product_brand":[],"product_cat":[202],"product_tag":[],"class_list":{"0":"post-12905","1":"product","2":"type-product","3":"status-publish","4":"has-post-thumbnail","6":"product_cat-produse-permeabile-la-apa","8":"first","9":"instock","10":"shipping-taxable","11":"product-type-simple"},"acf":[],"yoast_head":"<!-- This site is optimized with the Yoast SEO plugin v25.9 - https:\/\/yoast.com\/wordpress\/plugins\/seo\/ -->\n<title>V\u0103i de iarb\u0103 ECCOdal - ECCO Products<\/title>\n<meta name=\"description\" content=\"Cu pl\u0103cile de gazon ECCOdal, ob\u021bine\u021bi un pavaj permeabil, pe care se poate merge \u0219i (ocazional) pe care se poate c\u0103l\u0103ri, cu o not\u0103 ecologic\u0103.\" \/>\n<meta name=\"robots\" content=\"index, follow, max-snippet:-1, max-image-preview:large, max-video-preview:-1\" \/>\n<link rel=\"canonical\" href=\"https:\/\/eccoproducts.eu\/ro\/producten\/vai-de-iarba-eccodal\/\" \/>\n<meta property=\"og:locale\" content=\"ro_RO\" \/>\n<meta property=\"og:type\" content=\"article\" \/>\n<meta property=\"og:title\" content=\"V\u0103i de iarb\u0103 ECCOdal - ECCO Products\" \/>\n<meta property=\"og:description\" content=\"Cu pl\u0103cile de gazon ECCOdal, ob\u021bine\u021bi un pavaj permeabil, pe care se poate merge \u0219i (ocazional) pe care se poate c\u0103l\u0103ri, cu o not\u0103 ecologic\u0103.\" \/>\n<meta property=\"og:url\" content=\"https:\/\/eccoproducts.eu\/ro\/producten\/vai-de-iarba-eccodal\/\" \/>\n<meta property=\"og:site_name\" content=\"ECCO Products\" \/>\n<meta property=\"article:modified_time\" content=\"2026-01-22T08:09:46+00:00\" \/>\n<meta property=\"og:image\" content=\"https:\/\/eccoproducts.eu\/wp-content\/uploads\/2023\/03\/ECCOdal_P02_groen_detail-1024x768.jpg\" \/>\n\t<meta property=\"og:image:width\" content=\"1024\" \/>\n\t<meta property=\"og:image:height\" content=\"768\" \/>\n\t<meta property=\"og:image:type\" content=\"image\/jpeg\" \/>\n<meta name=\"twitter:card\" content=\"summary_large_image\" \/>\n<meta name=\"twitter:label1\" content=\"Timp estimat pentru citire\" \/>\n\t<meta name=\"twitter:data1\" content=\"1 minut\" \/>\n<script type=\"application\/ld+json\" class=\"yoast-schema-graph\">{\"@context\":\"https:\/\/schema.org\",\"@graph\":[{\"@type\":\"WebPage\",\"@id\":\"https:\/\/eccoproducts.eu\/ro\/producten\/vai-de-iarba-eccodal\/\",\"url\":\"https:\/\/eccoproducts.eu\/ro\/producten\/vai-de-iarba-eccodal\/\",\"name\":\"V\u0103i de iarb\u0103 ECCOdal - ECCO Products\",\"isPartOf\":{\"@id\":\"https:\/\/eccoproducts.eu\/ro\/#website\"},\"primaryImageOfPage\":{\"@id\":\"https:\/\/eccoproducts.eu\/ro\/producten\/vai-de-iarba-eccodal\/#primaryimage\"},\"image\":{\"@id\":\"https:\/\/eccoproducts.eu\/ro\/producten\/vai-de-iarba-eccodal\/#primaryimage\"},\"thumbnailUrl\":\"https:\/\/eccoproducts.eu\/wp-content\/uploads\/2023\/03\/ECCOdal_P02_groen_detail.jpg\",\"datePublished\":\"2023-03-13T14:29:38+00:00\",\"dateModified\":\"2026-01-22T08:09:46+00:00\",\"description\":\"Cu pl\u0103cile de gazon ECCOdal, ob\u021bine\u021bi un pavaj permeabil, pe care se poate merge \u0219i (ocazional) pe care se poate c\u0103l\u0103ri, cu o not\u0103 ecologic\u0103.\",\"breadcrumb\":{\"@id\":\"https:\/\/eccoproducts.eu\/ro\/producten\/vai-de-iarba-eccodal\/#breadcrumb\"},\"inLanguage\":\"ro-RO\",\"potentialAction\":[{\"@type\":\"ReadAction\",\"target\":[\"https:\/\/eccoproducts.eu\/ro\/producten\/vai-de-iarba-eccodal\/\"]}]},{\"@type\":\"ImageObject\",\"inLanguage\":\"ro-RO\",\"@id\":\"https:\/\/eccoproducts.eu\/ro\/producten\/vai-de-iarba-eccodal\/#primaryimage\",\"url\":\"https:\/\/eccoproducts.eu\/wp-content\/uploads\/2023\/03\/ECCOdal_P02_groen_detail.jpg\",\"contentUrl\":\"https:\/\/eccoproducts.eu\/wp-content\/uploads\/2023\/03\/ECCOdal_P02_groen_detail.jpg\",\"width\":5352,\"height\":4014},{\"@type\":\"BreadcrumbList\",\"@id\":\"https:\/\/eccoproducts.eu\/ro\/producten\/vai-de-iarba-eccodal\/#breadcrumb\",\"itemListElement\":[{\"@type\":\"ListItem\",\"position\":1,\"name\":\"Home\",\"item\":\"https:\/\/eccoproducts.eu\/ro\/\"},{\"@type\":\"ListItem\",\"position\":2,\"name\":\"Produse\",\"item\":\"https:\/\/eccoproducts.eu\/ro\/produse\/\"},{\"@type\":\"ListItem\",\"position\":3,\"name\":\"V\u0103i de iarb\u0103 ECCOdal\"}]},{\"@type\":\"WebSite\",\"@id\":\"https:\/\/eccoproducts.eu\/ro\/#website\",\"url\":\"https:\/\/eccoproducts.eu\/ro\/\",\"name\":\"ECCO Products\",\"description\":\"\",\"potentialAction\":[{\"@type\":\"SearchAction\",\"target\":{\"@type\":\"EntryPoint\",\"urlTemplate\":\"https:\/\/eccoproducts.eu\/ro\/?s={search_term_string}\"},\"query-input\":{\"@type\":\"PropertyValueSpecification\",\"valueRequired\":true,\"valueName\":\"search_term_string\"}}],\"inLanguage\":\"ro-RO\"}]}<\/script>\n<!-- \/ Yoast SEO plugin. -->","yoast_head_json":{"title":"V\u0103i de iarb\u0103 ECCOdal - ECCO Products","description":"Cu pl\u0103cile de gazon ECCOdal, ob\u021bine\u021bi un pavaj permeabil, pe care se poate merge \u0219i (ocazional) pe care se poate c\u0103l\u0103ri, cu o not\u0103 ecologic\u0103.","robots":{"index":"index","follow":"follow","max-snippet":"max-snippet:-1","max-image-preview":"max-image-preview:large","max-video-preview":"max-video-preview:-1"},"canonical":"https:\/\/eccoproducts.eu\/ro\/producten\/vai-de-iarba-eccodal\/","og_locale":"ro_RO","og_type":"article","og_title":"V\u0103i de iarb\u0103 ECCOdal - ECCO Products","og_description":"Cu pl\u0103cile de gazon ECCOdal, ob\u021bine\u021bi un pavaj permeabil, pe care se poate merge \u0219i (ocazional) pe care se poate c\u0103l\u0103ri, cu o not\u0103 ecologic\u0103.","og_url":"https:\/\/eccoproducts.eu\/ro\/producten\/vai-de-iarba-eccodal\/","og_site_name":"ECCO Products","article_modified_time":"2026-01-22T08:09:46+00:00","og_image":[{"width":1024,"height":768,"url":"https:\/\/eccoproducts.eu\/wp-content\/uploads\/2023\/03\/ECCOdal_P02_groen_detail-1024x768.jpg","type":"image\/jpeg"}],"twitter_card":"summary_large_image","twitter_misc":{"Timp estimat pentru citire":"1 minut"},"schema":{"@context":"https:\/\/schema.org","@graph":[{"@type":"WebPage","@id":"https:\/\/eccoproducts.eu\/ro\/producten\/vai-de-iarba-eccodal\/","url":"https:\/\/eccoproducts.eu\/ro\/producten\/vai-de-iarba-eccodal\/","name":"V\u0103i de iarb\u0103 ECCOdal - ECCO Products","isPartOf":{"@id":"https:\/\/eccoproducts.eu\/ro\/#website"},"primaryImageOfPage":{"@id":"https:\/\/eccoproducts.eu\/ro\/producten\/vai-de-iarba-eccodal\/#primaryimage"},"image":{"@id":"https:\/\/eccoproducts.eu\/ro\/producten\/vai-de-iarba-eccodal\/#primaryimage"},"thumbnailUrl":"https:\/\/eccoproducts.eu\/wp-content\/uploads\/2023\/03\/ECCOdal_P02_groen_detail.jpg","datePublished":"2023-03-13T14:29:38+00:00","dateModified":"2026-01-22T08:09:46+00:00","description":"Cu pl\u0103cile de gazon ECCOdal, ob\u021bine\u021bi un pavaj permeabil, pe care se poate merge \u0219i (ocazional) pe care se poate c\u0103l\u0103ri, cu o not\u0103 ecologic\u0103.","breadcrumb":{"@id":"https:\/\/eccoproducts.eu\/ro\/producten\/vai-de-iarba-eccodal\/#breadcrumb"},"inLanguage":"ro-RO","potentialAction":[{"@type":"ReadAction","target":["https:\/\/eccoproducts.eu\/ro\/producten\/vai-de-iarba-eccodal\/"]}]},{"@type":"ImageObject","inLanguage":"ro-RO","@id":"https:\/\/eccoproducts.eu\/ro\/producten\/vai-de-iarba-eccodal\/#primaryimage","url":"https:\/\/eccoproducts.eu\/wp-content\/uploads\/2023\/03\/ECCOdal_P02_groen_detail.jpg","contentUrl":"https:\/\/eccoproducts.eu\/wp-content\/uploads\/2023\/03\/ECCOdal_P02_groen_detail.jpg","width":5352,"height":4014},{"@type":"BreadcrumbList","@id":"https:\/\/eccoproducts.eu\/ro\/producten\/vai-de-iarba-eccodal\/#breadcrumb","itemListElement":[{"@type":"ListItem","position":1,"name":"Home","item":"https:\/\/eccoproducts.eu\/ro\/"},{"@type":"ListItem","position":2,"name":"Produse","item":"https:\/\/eccoproducts.eu\/ro\/produse\/"},{"@type":"ListItem","position":3,"name":"V\u0103i de iarb\u0103 ECCOdal"}]},{"@type":"WebSite","@id":"https:\/\/eccoproducts.eu\/ro\/#website","url":"https:\/\/eccoproducts.eu\/ro\/","name":"ECCO Products","description":"","potentialAction":[{"@type":"SearchAction","target":{"@type":"EntryPoint","urlTemplate":"https:\/\/eccoproducts.eu\/ro\/?s={search_term_string}"},"query-input":{"@type":"PropertyValueSpecification","valueRequired":true,"valueName":"search_term_string"}}],"inLanguage":"ro-RO"}]}},"_links":{"self":[{"href":"https:\/\/eccoproducts.eu\/ro\/wp-json\/wp\/v2\/product\/12905","targetHints":{"allow":["GET"]}}],"collection":[{"href":"https:\/\/eccoproducts.eu\/ro\/wp-json\/wp\/v2\/product"}],"about":[{"href":"https:\/\/eccoproducts.eu\/ro\/wp-json\/wp\/v2\/types\/product"}],"replies":[{"embeddable":true,"href":"https:\/\/eccoproducts.eu\/ro\/wp-json\/wp\/v2\/comments?post=12905"}],"wp:featuredmedia":[{"embeddable":true,"href":"https:\/\/eccoproducts.eu\/ro\/wp-json\/wp\/v2\/media\/12914"}],"wp:attachment":[{"href":"https:\/\/eccoproducts.eu\/ro\/wp-json\/wp\/v2\/media?parent=12905"}],"wp:term":[{"taxonomy":"product_brand","embeddable":true,"href":"https:\/\/eccoproducts.eu\/ro\/wp-json\/wp\/v2\/product_brand?post=12905"},{"taxonomy":"product_cat","embeddable":true,"href":"https:\/\/eccoproducts.eu\/ro\/wp-json\/wp\/v2\/product_cat?post=12905"},{"taxonomy":"product_tag","embeddable":true,"href":"https:\/\/eccoproducts.eu\/ro\/wp-json\/wp\/v2\/product_tag?post=12905"}],"curies":[{"name":"wp","href":"https:\/\/api.w.org\/{rel}","templated":true}]}}