{"id":12849,"date":"2023-02-22T16:29:56","date_gmt":"2023-02-22T15:29:56","guid":{"rendered":"https:\/\/eccoproducts.eu\/producten\/ecc-o-bag-geanta-de-apa-boom\/"},"modified":"2023-02-22T16:29:56","modified_gmt":"2023-02-22T15:29:56","slug":"ecc-o-bag-geanta-de-apa-boom","status":"publish","type":"product","link":"https:\/\/eccoproducts.eu\/ro\/producten\/ecc-o-bag-geanta-de-apa-boom\/","title":{"rendered":"ECC-O-Bag Geant\u0103 de ap\u0103 Boom"},"content":{"rendered":"","protected":false},"excerpt":{"rendered":"<p>Descoperi\u021bi ECC-O-Bag, solu\u021bia perfect\u0103 pentru <strong>udarea<\/strong> copacilor <strong>prin picurare<\/strong>. Aceast\u0103 <strong>pung\u0103 reutilizabil\u0103 pentru udarea copacilor<\/strong> ofer\u0103 o modalitate eficient\u0103 \u0219i durabil\u0103 de a aproviziona copacii cu suficient\u0103 ap\u0103. <\/p>\n<p>Datorit\u0103 designului s\u0103u unic, ECC-O-Bag poate elibera apa \u00eencet, hidrat\u00e2nd treptat r\u0103d\u0103cinile copacului.<\/p>\n<p>Economisi\u021bi timp \u0219i efort prin reducerea ud\u0103rii manuale \u0219i asigura\u021bi-v\u0103 c\u0103 pomii dvs. r\u0103m\u00e2n s\u0103n\u0103to\u0219i \u0219i vitali.<\/p>\n","protected":false},"featured_media":12851,"comment_status":"open","ping_status":"closed","template":"","meta":{"_acf_changed":false,"inline_featured_image":false},"product_brand":[],"product_cat":[15],"product_tag":[],"class_list":{"0":"post-12849","1":"product","2":"type-product","3":"status-publish","4":"has-post-thumbnail","6":"product_cat-geen-categorie","8":"first","9":"instock","10":"shipping-taxable","11":"product-type-simple"},"acf":[],"yoast_head":"<!-- This site is optimized with the Yoast SEO plugin v25.9 - https:\/\/yoast.com\/wordpress\/plugins\/seo\/ -->\n<title>ECC-O-Bag Geant\u0103 de ap\u0103 Boom - ECCO Products<\/title>\n<meta name=\"description\" content=\"Aceast\u0103 pung\u0103 de ap\u0103 reutilizabil\u0103 pentru copaci ofer\u0103 o modalitate eficient\u0103 \u0219i durabil\u0103 de a furniza copacilor suficient\u0103 ap\u0103, pic\u0103tur\u0103 cu pic\u0103tur\u0103.\" \/>\n<meta name=\"robots\" content=\"index, follow, max-snippet:-1, max-image-preview:large, max-video-preview:-1\" \/>\n<link rel=\"canonical\" href=\"https:\/\/eccoproducts.eu\/ro\/producten\/ecc-o-bag-geanta-de-apa-boom\/\" \/>\n<meta property=\"og:locale\" content=\"ro_RO\" \/>\n<meta property=\"og:type\" content=\"article\" \/>\n<meta property=\"og:title\" content=\"ECC-O-Bag Geant\u0103 de ap\u0103 Boom - ECCO Products\" \/>\n<meta property=\"og:description\" content=\"Aceast\u0103 pung\u0103 de ap\u0103 reutilizabil\u0103 pentru copaci ofer\u0103 o modalitate eficient\u0103 \u0219i durabil\u0103 de a furniza copacilor suficient\u0103 ap\u0103, pic\u0103tur\u0103 cu pic\u0103tur\u0103.\" \/>\n<meta property=\"og:url\" content=\"https:\/\/eccoproducts.eu\/ro\/producten\/ecc-o-bag-geanta-de-apa-boom\/\" \/>\n<meta property=\"og:site_name\" content=\"ECCO Products\" \/>\n<meta property=\"og:image\" content=\"https:\/\/eccoproducts.eu\/wp-content\/uploads\/2023\/02\/ECC-O-bag_5_1200x1080.jpg\" \/>\n\t<meta property=\"og:image:width\" content=\"1200\" \/>\n\t<meta property=\"og:image:height\" content=\"900\" \/>\n\t<meta property=\"og:image:type\" content=\"image\/jpeg\" \/>\n<meta name=\"twitter:card\" content=\"summary_large_image\" \/>\n<script type=\"application\/ld+json\" class=\"yoast-schema-graph\">{\"@context\":\"https:\/\/schema.org\",\"@graph\":[{\"@type\":\"WebPage\",\"@id\":\"https:\/\/eccoproducts.eu\/ro\/producten\/ecc-o-bag-geanta-de-apa-boom\/\",\"url\":\"https:\/\/eccoproducts.eu\/ro\/producten\/ecc-o-bag-geanta-de-apa-boom\/\",\"name\":\"ECC-O-Bag Geant\u0103 de ap\u0103 Boom - ECCO Products\",\"isPartOf\":{\"@id\":\"https:\/\/eccoproducts.eu\/ro\/#website\"},\"primaryImageOfPage\":{\"@id\":\"https:\/\/eccoproducts.eu\/ro\/producten\/ecc-o-bag-geanta-de-apa-boom\/#primaryimage\"},\"image\":{\"@id\":\"https:\/\/eccoproducts.eu\/ro\/producten\/ecc-o-bag-geanta-de-apa-boom\/#primaryimage\"},\"thumbnailUrl\":\"https:\/\/eccoproducts.eu\/wp-content\/uploads\/2023\/02\/ECC-O-bag_5_1200x1080.jpg\",\"datePublished\":\"2023-02-22T15:29:56+00:00\",\"description\":\"Aceast\u0103 pung\u0103 de ap\u0103 reutilizabil\u0103 pentru copaci ofer\u0103 o modalitate eficient\u0103 \u0219i durabil\u0103 de a furniza copacilor suficient\u0103 ap\u0103, pic\u0103tur\u0103 cu pic\u0103tur\u0103.\",\"breadcrumb\":{\"@id\":\"https:\/\/eccoproducts.eu\/ro\/producten\/ecc-o-bag-geanta-de-apa-boom\/#breadcrumb\"},\"inLanguage\":\"ro-RO\",\"potentialAction\":[{\"@type\":\"ReadAction\",\"target\":[\"https:\/\/eccoproducts.eu\/ro\/producten\/ecc-o-bag-geanta-de-apa-boom\/\"]}]},{\"@type\":\"ImageObject\",\"inLanguage\":\"ro-RO\",\"@id\":\"https:\/\/eccoproducts.eu\/ro\/producten\/ecc-o-bag-geanta-de-apa-boom\/#primaryimage\",\"url\":\"https:\/\/eccoproducts.eu\/wp-content\/uploads\/2023\/02\/ECC-O-bag_5_1200x1080.jpg\",\"contentUrl\":\"https:\/\/eccoproducts.eu\/wp-content\/uploads\/2023\/02\/ECC-O-bag_5_1200x1080.jpg\",\"width\":1200,\"height\":900,\"caption\":\"Sac de ap\u0103 pentru copac\"},{\"@type\":\"BreadcrumbList\",\"@id\":\"https:\/\/eccoproducts.eu\/ro\/producten\/ecc-o-bag-geanta-de-apa-boom\/#breadcrumb\",\"itemListElement\":[{\"@type\":\"ListItem\",\"position\":1,\"name\":\"Home\",\"item\":\"https:\/\/eccoproducts.eu\/ro\/\"},{\"@type\":\"ListItem\",\"position\":2,\"name\":\"Produse\",\"item\":\"https:\/\/eccoproducts.eu\/ro\/produse\/\"},{\"@type\":\"ListItem\",\"position\":3,\"name\":\"ECC-O-Bag Geant\u0103 de ap\u0103 Boom\"}]},{\"@type\":\"WebSite\",\"@id\":\"https:\/\/eccoproducts.eu\/ro\/#website\",\"url\":\"https:\/\/eccoproducts.eu\/ro\/\",\"name\":\"ECCO Products\",\"description\":\"\",\"potentialAction\":[{\"@type\":\"SearchAction\",\"target\":{\"@type\":\"EntryPoint\",\"urlTemplate\":\"https:\/\/eccoproducts.eu\/ro\/?s={search_term_string}\"},\"query-input\":{\"@type\":\"PropertyValueSpecification\",\"valueRequired\":true,\"valueName\":\"search_term_string\"}}],\"inLanguage\":\"ro-RO\"}]}<\/script>\n<!-- \/ Yoast SEO plugin. -->","yoast_head_json":{"title":"ECC-O-Bag Geant\u0103 de ap\u0103 Boom - ECCO Products","description":"Aceast\u0103 pung\u0103 de ap\u0103 reutilizabil\u0103 pentru copaci ofer\u0103 o modalitate eficient\u0103 \u0219i durabil\u0103 de a furniza copacilor suficient\u0103 ap\u0103, pic\u0103tur\u0103 cu pic\u0103tur\u0103.","robots":{"index":"index","follow":"follow","max-snippet":"max-snippet:-1","max-image-preview":"max-image-preview:large","max-video-preview":"max-video-preview:-1"},"canonical":"https:\/\/eccoproducts.eu\/ro\/producten\/ecc-o-bag-geanta-de-apa-boom\/","og_locale":"ro_RO","og_type":"article","og_title":"ECC-O-Bag Geant\u0103 de ap\u0103 Boom - ECCO Products","og_description":"Aceast\u0103 pung\u0103 de ap\u0103 reutilizabil\u0103 pentru copaci ofer\u0103 o modalitate eficient\u0103 \u0219i durabil\u0103 de a furniza copacilor suficient\u0103 ap\u0103, pic\u0103tur\u0103 cu pic\u0103tur\u0103.","og_url":"https:\/\/eccoproducts.eu\/ro\/producten\/ecc-o-bag-geanta-de-apa-boom\/","og_site_name":"ECCO Products","og_image":[{"width":1200,"height":900,"url":"https:\/\/eccoproducts.eu\/wp-content\/uploads\/2023\/02\/ECC-O-bag_5_1200x1080.jpg","type":"image\/jpeg"}],"twitter_card":"summary_large_image","schema":{"@context":"https:\/\/schema.org","@graph":[{"@type":"WebPage","@id":"https:\/\/eccoproducts.eu\/ro\/producten\/ecc-o-bag-geanta-de-apa-boom\/","url":"https:\/\/eccoproducts.eu\/ro\/producten\/ecc-o-bag-geanta-de-apa-boom\/","name":"ECC-O-Bag Geant\u0103 de ap\u0103 Boom - ECCO Products","isPartOf":{"@id":"https:\/\/eccoproducts.eu\/ro\/#website"},"primaryImageOfPage":{"@id":"https:\/\/eccoproducts.eu\/ro\/producten\/ecc-o-bag-geanta-de-apa-boom\/#primaryimage"},"image":{"@id":"https:\/\/eccoproducts.eu\/ro\/producten\/ecc-o-bag-geanta-de-apa-boom\/#primaryimage"},"thumbnailUrl":"https:\/\/eccoproducts.eu\/wp-content\/uploads\/2023\/02\/ECC-O-bag_5_1200x1080.jpg","datePublished":"2023-02-22T15:29:56+00:00","description":"Aceast\u0103 pung\u0103 de ap\u0103 reutilizabil\u0103 pentru copaci ofer\u0103 o modalitate eficient\u0103 \u0219i durabil\u0103 de a furniza copacilor suficient\u0103 ap\u0103, pic\u0103tur\u0103 cu pic\u0103tur\u0103.","breadcrumb":{"@id":"https:\/\/eccoproducts.eu\/ro\/producten\/ecc-o-bag-geanta-de-apa-boom\/#breadcrumb"},"inLanguage":"ro-RO","potentialAction":[{"@type":"ReadAction","target":["https:\/\/eccoproducts.eu\/ro\/producten\/ecc-o-bag-geanta-de-apa-boom\/"]}]},{"@type":"ImageObject","inLanguage":"ro-RO","@id":"https:\/\/eccoproducts.eu\/ro\/producten\/ecc-o-bag-geanta-de-apa-boom\/#primaryimage","url":"https:\/\/eccoproducts.eu\/wp-content\/uploads\/2023\/02\/ECC-O-bag_5_1200x1080.jpg","contentUrl":"https:\/\/eccoproducts.eu\/wp-content\/uploads\/2023\/02\/ECC-O-bag_5_1200x1080.jpg","width":1200,"height":900,"caption":"Sac de ap\u0103 pentru copac"},{"@type":"BreadcrumbList","@id":"https:\/\/eccoproducts.eu\/ro\/producten\/ecc-o-bag-geanta-de-apa-boom\/#breadcrumb","itemListElement":[{"@type":"ListItem","position":1,"name":"Home","item":"https:\/\/eccoproducts.eu\/ro\/"},{"@type":"ListItem","position":2,"name":"Produse","item":"https:\/\/eccoproducts.eu\/ro\/produse\/"},{"@type":"ListItem","position":3,"name":"ECC-O-Bag Geant\u0103 de ap\u0103 Boom"}]},{"@type":"WebSite","@id":"https:\/\/eccoproducts.eu\/ro\/#website","url":"https:\/\/eccoproducts.eu\/ro\/","name":"ECCO Products","description":"","potentialAction":[{"@type":"SearchAction","target":{"@type":"EntryPoint","urlTemplate":"https:\/\/eccoproducts.eu\/ro\/?s={search_term_string}"},"query-input":{"@type":"PropertyValueSpecification","valueRequired":true,"valueName":"search_term_string"}}],"inLanguage":"ro-RO"}]}},"_links":{"self":[{"href":"https:\/\/eccoproducts.eu\/ro\/wp-json\/wp\/v2\/product\/12849","targetHints":{"allow":["GET"]}}],"collection":[{"href":"https:\/\/eccoproducts.eu\/ro\/wp-json\/wp\/v2\/product"}],"about":[{"href":"https:\/\/eccoproducts.eu\/ro\/wp-json\/wp\/v2\/types\/product"}],"replies":[{"embeddable":true,"href":"https:\/\/eccoproducts.eu\/ro\/wp-json\/wp\/v2\/comments?post=12849"}],"wp:featuredmedia":[{"embeddable":true,"href":"https:\/\/eccoproducts.eu\/ro\/wp-json\/wp\/v2\/media\/12851"}],"wp:attachment":[{"href":"https:\/\/eccoproducts.eu\/ro\/wp-json\/wp\/v2\/media?parent=12849"}],"wp:term":[{"taxonomy":"product_brand","embeddable":true,"href":"https:\/\/eccoproducts.eu\/ro\/wp-json\/wp\/v2\/product_brand?post=12849"},{"taxonomy":"product_cat","embeddable":true,"href":"https:\/\/eccoproducts.eu\/ro\/wp-json\/wp\/v2\/product_cat?post=12849"},{"taxonomy":"product_tag","embeddable":true,"href":"https:\/\/eccoproducts.eu\/ro\/wp-json\/wp\/v2\/product_tag?post=12849"}],"curies":[{"name":"wp","href":"https:\/\/api.w.org\/{rel}","templated":true}]}}