{"id":12821,"date":"2023-02-22T16:33:44","date_gmt":"2023-02-22T15:33:44","guid":{"rendered":"https:\/\/eccoproducts.eu\/producten\/eccosedum-acoperisuri-verzi\/"},"modified":"2023-02-22T16:33:44","modified_gmt":"2023-02-22T15:33:44","slug":"eccosedum-acoperisuri-verzi","status":"publish","type":"product","link":"https:\/\/eccoproducts.eu\/ro\/producten\/eccosedum-acoperisuri-verzi\/","title":{"rendered":"ECCOsedum Acoperi\u0219uri verzi"},"content":{"rendered":"","protected":false},"excerpt":{"rendered":"<p>ECCOsedum sunt \u021bigle verzi pentru acoperi\u0219 gata de utilizare cu cel pu\u021bin 7 specii diferite de plante sedum combinate \u00eentr-o tav\u0103. Pl\u0103cile sau t\u0103vile ECCOsedum sunt u\u0219or de manevrat \u0219i pot fi a\u0219ezate pe acoperi\u0219ul (existent) de c\u0103tre o singur\u0103 persoan\u0103. ECCOsedum este produs \u00een Belgia; at\u00e2t produc\u021bia t\u0103vii de plastic, c\u00e2t \u0219i umplerea \u0219i cultivarea plantelor sedum au loc de la A la Z \u00een Belgia.  <\/p>\n<p>Urm\u00e2nd pa\u0219ii Scandinaviei, Germaniei \u0219i Austriei, acoperi\u0219urile verzi fac progrese serioase \u0219i \u00een regiunile noastre. \u00cen cazul unui acoperi\u0219 verde, \u00eenveli\u0219ul acoperi\u0219ului const\u0103 \u00een principal din plante vii. Unul dintre avantajele majore ale unui acoperi\u0219 verde este reducerea scurgerii precipita\u021biilor. \u00cen acest fel, pot fi prevenite inunda\u021biile. Un acoperi\u0219 verde izoleaz\u0103 \u00eempotriva c\u0103ldurii \u0219i a zgomotului \u0219i nu numai c\u0103 este frumos la vedere, dar eman\u0103 \u0219i o imagine ecologic\u0103 distinct\u0103.    <\/p>\n","protected":false},"featured_media":12822,"comment_status":"open","ping_status":"closed","template":"","meta":{"_acf_changed":false,"inline_featured_image":false},"product_brand":[],"product_cat":[199],"product_tag":[],"class_list":{"0":"post-12821","1":"product","2":"type-product","3":"status-publish","4":"has-post-thumbnail","6":"product_cat-acoperis-verde","8":"first","9":"instock","10":"shipping-taxable","11":"product-type-simple"},"acf":[],"yoast_head":"<!-- This site is optimized with the Yoast SEO plugin v25.9 - https:\/\/yoast.com\/wordpress\/plugins\/seo\/ -->\n<title>ECCOsedum Acoperi\u0219uri verzi - ECCO Products<\/title>\n<meta name=\"description\" content=\"\u021aigle verzi gata f\u0103cute pentru acoperi\u0219uri plate \u0219i \u00eenclinate. Peisaj frumos cu acoperi\u0219 verde, cu izolare, reducere a zgomotului \u0219i \u00eembun\u0103t\u0103\u021bire a calit\u0103\u021bii aerului.\" \/>\n<meta name=\"robots\" content=\"index, follow, max-snippet:-1, max-image-preview:large, max-video-preview:-1\" \/>\n<link rel=\"canonical\" href=\"https:\/\/eccoproducts.eu\/ro\/producten\/eccosedum-acoperisuri-verzi\/\" \/>\n<meta property=\"og:locale\" content=\"ro_RO\" \/>\n<meta property=\"og:type\" content=\"article\" \/>\n<meta property=\"og:title\" content=\"ECCOsedum Acoperi\u0219uri verzi - ECCO Products\" \/>\n<meta property=\"og:description\" content=\"\u021aigle verzi gata f\u0103cute pentru acoperi\u0219uri plate \u0219i \u00eenclinate. Peisaj frumos cu acoperi\u0219 verde, cu izolare, reducere a zgomotului \u0219i \u00eembun\u0103t\u0103\u021bire a calit\u0103\u021bii aerului.\" \/>\n<meta property=\"og:url\" content=\"https:\/\/eccoproducts.eu\/ro\/producten\/eccosedum-acoperisuri-verzi\/\" \/>\n<meta property=\"og:site_name\" content=\"ECCO Products\" \/>\n<meta property=\"og:image\" content=\"https:\/\/eccoproducts.eu\/wp-content\/uploads\/2023\/02\/ECCOsedum_1200x900.jpg\" \/>\n\t<meta property=\"og:image:width\" content=\"1200\" \/>\n\t<meta property=\"og:image:height\" content=\"900\" \/>\n\t<meta property=\"og:image:type\" content=\"image\/jpeg\" \/>\n<meta name=\"twitter:card\" content=\"summary_large_image\" \/>\n<script type=\"application\/ld+json\" class=\"yoast-schema-graph\">{\"@context\":\"https:\/\/schema.org\",\"@graph\":[{\"@type\":\"WebPage\",\"@id\":\"https:\/\/eccoproducts.eu\/ro\/producten\/eccosedum-acoperisuri-verzi\/\",\"url\":\"https:\/\/eccoproducts.eu\/ro\/producten\/eccosedum-acoperisuri-verzi\/\",\"name\":\"ECCOsedum Acoperi\u0219uri verzi - ECCO Products\",\"isPartOf\":{\"@id\":\"https:\/\/eccoproducts.eu\/ro\/#website\"},\"primaryImageOfPage\":{\"@id\":\"https:\/\/eccoproducts.eu\/ro\/producten\/eccosedum-acoperisuri-verzi\/#primaryimage\"},\"image\":{\"@id\":\"https:\/\/eccoproducts.eu\/ro\/producten\/eccosedum-acoperisuri-verzi\/#primaryimage\"},\"thumbnailUrl\":\"https:\/\/eccoproducts.eu\/wp-content\/uploads\/2023\/02\/ECCOsedum_1200x900.jpg\",\"datePublished\":\"2023-02-22T15:33:44+00:00\",\"description\":\"\u021aigle verzi gata f\u0103cute pentru acoperi\u0219uri plate \u0219i \u00eenclinate. Peisaj frumos cu acoperi\u0219 verde, cu izolare, reducere a zgomotului \u0219i \u00eembun\u0103t\u0103\u021bire a calit\u0103\u021bii aerului.\",\"breadcrumb\":{\"@id\":\"https:\/\/eccoproducts.eu\/ro\/producten\/eccosedum-acoperisuri-verzi\/#breadcrumb\"},\"inLanguage\":\"ro-RO\",\"potentialAction\":[{\"@type\":\"ReadAction\",\"target\":[\"https:\/\/eccoproducts.eu\/ro\/producten\/eccosedum-acoperisuri-verzi\/\"]}]},{\"@type\":\"ImageObject\",\"inLanguage\":\"ro-RO\",\"@id\":\"https:\/\/eccoproducts.eu\/ro\/producten\/eccosedum-acoperisuri-verzi\/#primaryimage\",\"url\":\"https:\/\/eccoproducts.eu\/wp-content\/uploads\/2023\/02\/ECCOsedum_1200x900.jpg\",\"contentUrl\":\"https:\/\/eccoproducts.eu\/wp-content\/uploads\/2023\/02\/ECCOsedum_1200x900.jpg\",\"width\":1200,\"height\":900,\"caption\":\"\u021aigle Sedum sau \u021bigle verzi stivuite pe un acoperi\u0219 verde\"},{\"@type\":\"BreadcrumbList\",\"@id\":\"https:\/\/eccoproducts.eu\/ro\/producten\/eccosedum-acoperisuri-verzi\/#breadcrumb\",\"itemListElement\":[{\"@type\":\"ListItem\",\"position\":1,\"name\":\"Home\",\"item\":\"https:\/\/eccoproducts.eu\/ro\/\"},{\"@type\":\"ListItem\",\"position\":2,\"name\":\"Produse\",\"item\":\"https:\/\/eccoproducts.eu\/ro\/produse\/\"},{\"@type\":\"ListItem\",\"position\":3,\"name\":\"ECCOsedum Acoperi\u0219uri verzi\"}]},{\"@type\":\"WebSite\",\"@id\":\"https:\/\/eccoproducts.eu\/ro\/#website\",\"url\":\"https:\/\/eccoproducts.eu\/ro\/\",\"name\":\"ECCO Products\",\"description\":\"\",\"potentialAction\":[{\"@type\":\"SearchAction\",\"target\":{\"@type\":\"EntryPoint\",\"urlTemplate\":\"https:\/\/eccoproducts.eu\/ro\/?s={search_term_string}\"},\"query-input\":{\"@type\":\"PropertyValueSpecification\",\"valueRequired\":true,\"valueName\":\"search_term_string\"}}],\"inLanguage\":\"ro-RO\"}]}<\/script>\n<!-- \/ Yoast SEO plugin. -->","yoast_head_json":{"title":"ECCOsedum Acoperi\u0219uri verzi - ECCO Products","description":"\u021aigle verzi gata f\u0103cute pentru acoperi\u0219uri plate \u0219i \u00eenclinate. Peisaj frumos cu acoperi\u0219 verde, cu izolare, reducere a zgomotului \u0219i \u00eembun\u0103t\u0103\u021bire a calit\u0103\u021bii aerului.","robots":{"index":"index","follow":"follow","max-snippet":"max-snippet:-1","max-image-preview":"max-image-preview:large","max-video-preview":"max-video-preview:-1"},"canonical":"https:\/\/eccoproducts.eu\/ro\/producten\/eccosedum-acoperisuri-verzi\/","og_locale":"ro_RO","og_type":"article","og_title":"ECCOsedum Acoperi\u0219uri verzi - ECCO Products","og_description":"\u021aigle verzi gata f\u0103cute pentru acoperi\u0219uri plate \u0219i \u00eenclinate. Peisaj frumos cu acoperi\u0219 verde, cu izolare, reducere a zgomotului \u0219i \u00eembun\u0103t\u0103\u021bire a calit\u0103\u021bii aerului.","og_url":"https:\/\/eccoproducts.eu\/ro\/producten\/eccosedum-acoperisuri-verzi\/","og_site_name":"ECCO Products","og_image":[{"width":1200,"height":900,"url":"https:\/\/eccoproducts.eu\/wp-content\/uploads\/2023\/02\/ECCOsedum_1200x900.jpg","type":"image\/jpeg"}],"twitter_card":"summary_large_image","schema":{"@context":"https:\/\/schema.org","@graph":[{"@type":"WebPage","@id":"https:\/\/eccoproducts.eu\/ro\/producten\/eccosedum-acoperisuri-verzi\/","url":"https:\/\/eccoproducts.eu\/ro\/producten\/eccosedum-acoperisuri-verzi\/","name":"ECCOsedum Acoperi\u0219uri verzi - ECCO Products","isPartOf":{"@id":"https:\/\/eccoproducts.eu\/ro\/#website"},"primaryImageOfPage":{"@id":"https:\/\/eccoproducts.eu\/ro\/producten\/eccosedum-acoperisuri-verzi\/#primaryimage"},"image":{"@id":"https:\/\/eccoproducts.eu\/ro\/producten\/eccosedum-acoperisuri-verzi\/#primaryimage"},"thumbnailUrl":"https:\/\/eccoproducts.eu\/wp-content\/uploads\/2023\/02\/ECCOsedum_1200x900.jpg","datePublished":"2023-02-22T15:33:44+00:00","description":"\u021aigle verzi gata f\u0103cute pentru acoperi\u0219uri plate \u0219i \u00eenclinate. Peisaj frumos cu acoperi\u0219 verde, cu izolare, reducere a zgomotului \u0219i \u00eembun\u0103t\u0103\u021bire a calit\u0103\u021bii aerului.","breadcrumb":{"@id":"https:\/\/eccoproducts.eu\/ro\/producten\/eccosedum-acoperisuri-verzi\/#breadcrumb"},"inLanguage":"ro-RO","potentialAction":[{"@type":"ReadAction","target":["https:\/\/eccoproducts.eu\/ro\/producten\/eccosedum-acoperisuri-verzi\/"]}]},{"@type":"ImageObject","inLanguage":"ro-RO","@id":"https:\/\/eccoproducts.eu\/ro\/producten\/eccosedum-acoperisuri-verzi\/#primaryimage","url":"https:\/\/eccoproducts.eu\/wp-content\/uploads\/2023\/02\/ECCOsedum_1200x900.jpg","contentUrl":"https:\/\/eccoproducts.eu\/wp-content\/uploads\/2023\/02\/ECCOsedum_1200x900.jpg","width":1200,"height":900,"caption":"\u021aigle Sedum sau \u021bigle verzi stivuite pe un acoperi\u0219 verde"},{"@type":"BreadcrumbList","@id":"https:\/\/eccoproducts.eu\/ro\/producten\/eccosedum-acoperisuri-verzi\/#breadcrumb","itemListElement":[{"@type":"ListItem","position":1,"name":"Home","item":"https:\/\/eccoproducts.eu\/ro\/"},{"@type":"ListItem","position":2,"name":"Produse","item":"https:\/\/eccoproducts.eu\/ro\/produse\/"},{"@type":"ListItem","position":3,"name":"ECCOsedum Acoperi\u0219uri verzi"}]},{"@type":"WebSite","@id":"https:\/\/eccoproducts.eu\/ro\/#website","url":"https:\/\/eccoproducts.eu\/ro\/","name":"ECCO Products","description":"","potentialAction":[{"@type":"SearchAction","target":{"@type":"EntryPoint","urlTemplate":"https:\/\/eccoproducts.eu\/ro\/?s={search_term_string}"},"query-input":{"@type":"PropertyValueSpecification","valueRequired":true,"valueName":"search_term_string"}}],"inLanguage":"ro-RO"}]}},"_links":{"self":[{"href":"https:\/\/eccoproducts.eu\/ro\/wp-json\/wp\/v2\/product\/12821","targetHints":{"allow":["GET"]}}],"collection":[{"href":"https:\/\/eccoproducts.eu\/ro\/wp-json\/wp\/v2\/product"}],"about":[{"href":"https:\/\/eccoproducts.eu\/ro\/wp-json\/wp\/v2\/types\/product"}],"replies":[{"embeddable":true,"href":"https:\/\/eccoproducts.eu\/ro\/wp-json\/wp\/v2\/comments?post=12821"}],"wp:featuredmedia":[{"embeddable":true,"href":"https:\/\/eccoproducts.eu\/ro\/wp-json\/wp\/v2\/media\/12822"}],"wp:attachment":[{"href":"https:\/\/eccoproducts.eu\/ro\/wp-json\/wp\/v2\/media?parent=12821"}],"wp:term":[{"taxonomy":"product_brand","embeddable":true,"href":"https:\/\/eccoproducts.eu\/ro\/wp-json\/wp\/v2\/product_brand?post=12821"},{"taxonomy":"product_cat","embeddable":true,"href":"https:\/\/eccoproducts.eu\/ro\/wp-json\/wp\/v2\/product_cat?post=12821"},{"taxonomy":"product_tag","embeddable":true,"href":"https:\/\/eccoproducts.eu\/ro\/wp-json\/wp\/v2\/product_tag?post=12821"}],"curies":[{"name":"wp","href":"https:\/\/api.w.org\/{rel}","templated":true}]}}