{"id":12813,"date":"2023-02-22T16:28:56","date_gmt":"2023-02-22T15:28:56","guid":{"rendered":"https:\/\/eccoproducts.eu\/producten\/easyfix-li\/"},"modified":"2023-02-22T16:28:56","modified_gmt":"2023-02-22T15:28:56","slug":"easyfix-li","status":"publish","type":"product","link":"https:\/\/eccoproducts.eu\/ro\/producten\/easyfix-li\/","title":{"rendered":"Easyfix LI"},"content":{"rendered":"","protected":false},"excerpt":{"rendered":"<p>Aceste borduri ofer\u0103 o solu\u021bie simpl\u0103, rapid\u0103 \u0219i estetic\u0103 pentru finisarea aleilor de gr\u0103din\u0103, a teraselor, a straturilor de flori \u0219i a peluzelor \u00eentr-un mod atractiv.<\/p>\n","protected":false},"featured_media":12814,"comment_status":"open","ping_status":"closed","template":"","meta":{"_acf_changed":false,"inline_featured_image":false},"product_brand":[],"product_cat":[200],"product_tag":[],"class_list":{"0":"post-12813","1":"product","2":"type-product","3":"status-publish","4":"has-post-thumbnail","6":"product_cat-borduri-de-gradina","8":"first","9":"instock","10":"shipping-taxable","11":"product-type-simple"},"acf":[],"yoast_head":"<!-- This site is optimized with the Yoast SEO plugin v25.9 - https:\/\/yoast.com\/wordpress\/plugins\/seo\/ -->\n<title>Easyfix LI - ECCO Products<\/title>\n<meta name=\"description\" content=\"Aceste delimitatoare ofer\u0103 o solu\u021bie simpl\u0103, rapid\u0103 \u0219i estetic\u0103 pentru a termina aleile de gr\u0103din\u0103, terasele, straturile de flori \u0219i peluzele \u00eentr-un mod atractiv.\" \/>\n<meta name=\"robots\" content=\"index, follow, max-snippet:-1, max-image-preview:large, max-video-preview:-1\" \/>\n<link rel=\"canonical\" href=\"https:\/\/eccoproducts.eu\/ro\/producten\/easyfix-li\/\" \/>\n<meta property=\"og:locale\" content=\"ro_RO\" \/>\n<meta property=\"og:type\" content=\"article\" \/>\n<meta property=\"og:title\" content=\"Easyfix LI - ECCO Products\" \/>\n<meta property=\"og:description\" content=\"Aceste delimitatoare ofer\u0103 o solu\u021bie simpl\u0103, rapid\u0103 \u0219i estetic\u0103 pentru a termina aleile de gr\u0103din\u0103, terasele, straturile de flori \u0219i peluzele \u00eentr-un mod atractiv.\" \/>\n<meta property=\"og:url\" content=\"https:\/\/eccoproducts.eu\/ro\/producten\/easyfix-li\/\" \/>\n<meta property=\"og:site_name\" content=\"ECCO Products\" \/>\n<meta property=\"og:image\" content=\"https:\/\/eccoproducts.eu\/wp-content\/uploads\/2023\/02\/ECCOBorders_Easyfix-LI_1_1200x900.jpg\" \/>\n\t<meta property=\"og:image:width\" content=\"1200\" \/>\n\t<meta property=\"og:image:height\" content=\"900\" \/>\n\t<meta property=\"og:image:type\" content=\"image\/jpeg\" \/>\n<meta name=\"twitter:card\" content=\"summary_large_image\" \/>\n<script type=\"application\/ld+json\" class=\"yoast-schema-graph\">{\"@context\":\"https:\/\/schema.org\",\"@graph\":[{\"@type\":\"WebPage\",\"@id\":\"https:\/\/eccoproducts.eu\/ro\/producten\/easyfix-li\/\",\"url\":\"https:\/\/eccoproducts.eu\/ro\/producten\/easyfix-li\/\",\"name\":\"Easyfix LI - ECCO Products\",\"isPartOf\":{\"@id\":\"https:\/\/eccoproducts.eu\/ro\/#website\"},\"primaryImageOfPage\":{\"@id\":\"https:\/\/eccoproducts.eu\/ro\/producten\/easyfix-li\/#primaryimage\"},\"image\":{\"@id\":\"https:\/\/eccoproducts.eu\/ro\/producten\/easyfix-li\/#primaryimage\"},\"thumbnailUrl\":\"https:\/\/eccoproducts.eu\/wp-content\/uploads\/2023\/02\/ECCOBorders_Easyfix-LI_1_1200x900.jpg\",\"datePublished\":\"2023-02-22T15:28:56+00:00\",\"description\":\"Aceste delimitatoare ofer\u0103 o solu\u021bie simpl\u0103, rapid\u0103 \u0219i estetic\u0103 pentru a termina aleile de gr\u0103din\u0103, terasele, straturile de flori \u0219i peluzele \u00eentr-un mod atractiv.\",\"breadcrumb\":{\"@id\":\"https:\/\/eccoproducts.eu\/ro\/producten\/easyfix-li\/#breadcrumb\"},\"inLanguage\":\"ro-RO\",\"potentialAction\":[{\"@type\":\"ReadAction\",\"target\":[\"https:\/\/eccoproducts.eu\/ro\/producten\/easyfix-li\/\"]}]},{\"@type\":\"ImageObject\",\"inLanguage\":\"ro-RO\",\"@id\":\"https:\/\/eccoproducts.eu\/ro\/producten\/easyfix-li\/#primaryimage\",\"url\":\"https:\/\/eccoproducts.eu\/wp-content\/uploads\/2023\/02\/ECCOBorders_Easyfix-LI_1_1200x900.jpg\",\"contentUrl\":\"https:\/\/eccoproducts.eu\/wp-content\/uploads\/2023\/02\/ECCOBorders_Easyfix-LI_1_1200x900.jpg\",\"width\":1200,\"height\":900,\"caption\":\"Bordura dreapt\u0103 Easyfix LI din o\u021bel galvanizat, ca separare \u00eentre gazon \u0219i plante\"},{\"@type\":\"BreadcrumbList\",\"@id\":\"https:\/\/eccoproducts.eu\/ro\/producten\/easyfix-li\/#breadcrumb\",\"itemListElement\":[{\"@type\":\"ListItem\",\"position\":1,\"name\":\"Home\",\"item\":\"https:\/\/eccoproducts.eu\/ro\/\"},{\"@type\":\"ListItem\",\"position\":2,\"name\":\"Produse\",\"item\":\"https:\/\/eccoproducts.eu\/ro\/produse\/\"},{\"@type\":\"ListItem\",\"position\":3,\"name\":\"Easyfix LI\"}]},{\"@type\":\"WebSite\",\"@id\":\"https:\/\/eccoproducts.eu\/ro\/#website\",\"url\":\"https:\/\/eccoproducts.eu\/ro\/\",\"name\":\"ECCO Products\",\"description\":\"\",\"potentialAction\":[{\"@type\":\"SearchAction\",\"target\":{\"@type\":\"EntryPoint\",\"urlTemplate\":\"https:\/\/eccoproducts.eu\/ro\/?s={search_term_string}\"},\"query-input\":{\"@type\":\"PropertyValueSpecification\",\"valueRequired\":true,\"valueName\":\"search_term_string\"}}],\"inLanguage\":\"ro-RO\"}]}<\/script>\n<!-- \/ Yoast SEO plugin. -->","yoast_head_json":{"title":"Easyfix LI - ECCO Products","description":"Aceste delimitatoare ofer\u0103 o solu\u021bie simpl\u0103, rapid\u0103 \u0219i estetic\u0103 pentru a termina aleile de gr\u0103din\u0103, terasele, straturile de flori \u0219i peluzele \u00eentr-un mod atractiv.","robots":{"index":"index","follow":"follow","max-snippet":"max-snippet:-1","max-image-preview":"max-image-preview:large","max-video-preview":"max-video-preview:-1"},"canonical":"https:\/\/eccoproducts.eu\/ro\/producten\/easyfix-li\/","og_locale":"ro_RO","og_type":"article","og_title":"Easyfix LI - ECCO Products","og_description":"Aceste delimitatoare ofer\u0103 o solu\u021bie simpl\u0103, rapid\u0103 \u0219i estetic\u0103 pentru a termina aleile de gr\u0103din\u0103, terasele, straturile de flori \u0219i peluzele \u00eentr-un mod atractiv.","og_url":"https:\/\/eccoproducts.eu\/ro\/producten\/easyfix-li\/","og_site_name":"ECCO Products","og_image":[{"width":1200,"height":900,"url":"https:\/\/eccoproducts.eu\/wp-content\/uploads\/2023\/02\/ECCOBorders_Easyfix-LI_1_1200x900.jpg","type":"image\/jpeg"}],"twitter_card":"summary_large_image","schema":{"@context":"https:\/\/schema.org","@graph":[{"@type":"WebPage","@id":"https:\/\/eccoproducts.eu\/ro\/producten\/easyfix-li\/","url":"https:\/\/eccoproducts.eu\/ro\/producten\/easyfix-li\/","name":"Easyfix LI - ECCO Products","isPartOf":{"@id":"https:\/\/eccoproducts.eu\/ro\/#website"},"primaryImageOfPage":{"@id":"https:\/\/eccoproducts.eu\/ro\/producten\/easyfix-li\/#primaryimage"},"image":{"@id":"https:\/\/eccoproducts.eu\/ro\/producten\/easyfix-li\/#primaryimage"},"thumbnailUrl":"https:\/\/eccoproducts.eu\/wp-content\/uploads\/2023\/02\/ECCOBorders_Easyfix-LI_1_1200x900.jpg","datePublished":"2023-02-22T15:28:56+00:00","description":"Aceste delimitatoare ofer\u0103 o solu\u021bie simpl\u0103, rapid\u0103 \u0219i estetic\u0103 pentru a termina aleile de gr\u0103din\u0103, terasele, straturile de flori \u0219i peluzele \u00eentr-un mod atractiv.","breadcrumb":{"@id":"https:\/\/eccoproducts.eu\/ro\/producten\/easyfix-li\/#breadcrumb"},"inLanguage":"ro-RO","potentialAction":[{"@type":"ReadAction","target":["https:\/\/eccoproducts.eu\/ro\/producten\/easyfix-li\/"]}]},{"@type":"ImageObject","inLanguage":"ro-RO","@id":"https:\/\/eccoproducts.eu\/ro\/producten\/easyfix-li\/#primaryimage","url":"https:\/\/eccoproducts.eu\/wp-content\/uploads\/2023\/02\/ECCOBorders_Easyfix-LI_1_1200x900.jpg","contentUrl":"https:\/\/eccoproducts.eu\/wp-content\/uploads\/2023\/02\/ECCOBorders_Easyfix-LI_1_1200x900.jpg","width":1200,"height":900,"caption":"Bordura dreapt\u0103 Easyfix LI din o\u021bel galvanizat, ca separare \u00eentre gazon \u0219i plante"},{"@type":"BreadcrumbList","@id":"https:\/\/eccoproducts.eu\/ro\/producten\/easyfix-li\/#breadcrumb","itemListElement":[{"@type":"ListItem","position":1,"name":"Home","item":"https:\/\/eccoproducts.eu\/ro\/"},{"@type":"ListItem","position":2,"name":"Produse","item":"https:\/\/eccoproducts.eu\/ro\/produse\/"},{"@type":"ListItem","position":3,"name":"Easyfix LI"}]},{"@type":"WebSite","@id":"https:\/\/eccoproducts.eu\/ro\/#website","url":"https:\/\/eccoproducts.eu\/ro\/","name":"ECCO Products","description":"","potentialAction":[{"@type":"SearchAction","target":{"@type":"EntryPoint","urlTemplate":"https:\/\/eccoproducts.eu\/ro\/?s={search_term_string}"},"query-input":{"@type":"PropertyValueSpecification","valueRequired":true,"valueName":"search_term_string"}}],"inLanguage":"ro-RO"}]}},"_links":{"self":[{"href":"https:\/\/eccoproducts.eu\/ro\/wp-json\/wp\/v2\/product\/12813","targetHints":{"allow":["GET"]}}],"collection":[{"href":"https:\/\/eccoproducts.eu\/ro\/wp-json\/wp\/v2\/product"}],"about":[{"href":"https:\/\/eccoproducts.eu\/ro\/wp-json\/wp\/v2\/types\/product"}],"replies":[{"embeddable":true,"href":"https:\/\/eccoproducts.eu\/ro\/wp-json\/wp\/v2\/comments?post=12813"}],"wp:featuredmedia":[{"embeddable":true,"href":"https:\/\/eccoproducts.eu\/ro\/wp-json\/wp\/v2\/media\/12814"}],"wp:attachment":[{"href":"https:\/\/eccoproducts.eu\/ro\/wp-json\/wp\/v2\/media?parent=12813"}],"wp:term":[{"taxonomy":"product_brand","embeddable":true,"href":"https:\/\/eccoproducts.eu\/ro\/wp-json\/wp\/v2\/product_brand?post=12813"},{"taxonomy":"product_cat","embeddable":true,"href":"https:\/\/eccoproducts.eu\/ro\/wp-json\/wp\/v2\/product_cat?post=12813"},{"taxonomy":"product_tag","embeddable":true,"href":"https:\/\/eccoproducts.eu\/ro\/wp-json\/wp\/v2\/product_tag?post=12813"}],"curies":[{"name":"wp","href":"https:\/\/api.w.org\/{rel}","templated":true}]}}