{"id":12777,"date":"2025-06-23T15:24:40","date_gmt":"2025-06-23T13:24:40","guid":{"rendered":"https:\/\/eccoproducts.eu\/?post_type=product&#038;p=12777"},"modified":"2026-02-24T13:54:17","modified_gmt":"2026-02-24T12:54:17","slug":"a-joint-pro-powered-by-ecco","status":"publish","type":"product","link":"https:\/\/eccoproducts.eu\/ro\/producten\/a-joint-pro-powered-by-ecco\/","title":{"rendered":"A-Joint\u00ae Pro powered by ECCO"},"content":{"rendered":"","protected":false},"excerpt":{"rendered":"<p>A-Joint\u00ae Pro este un mortar de rosturi permeabil la ap\u0103, rezistent la \u00eenghe\u021b \u0219i la sarea de degivrare pentru pavaj.<\/p>\n<p>Acest mortar este deosebit de potrivit pentru <strong>rosturile \u00eenguste \u0219i foarte late<\/strong> datorit\u0103 propriet\u0103\u021bilor sale de autocompactare \u0219i fluidit\u0103\u021bii ridicate.<\/p>\n<ul>\n<li>Permeabil<\/li>\n<li>Rezistent la buruieni<\/li>\n<li>Rezistent la \u00eenghe\u021b \u0219i sare de degivrare<\/li>\n<li>Ideal pentru rosturi \u00eenguste \u0219i foarte late datorit\u0103 propriet\u0103\u021bilor de curgere ridicat\u0103 \u0219i autocompactare<\/li>\n<\/ul>\n","protected":false},"featured_media":12778,"comment_status":"open","ping_status":"closed","template":"","meta":{"_acf_changed":false,"inline_featured_image":false},"product_brand":[],"product_cat":[202],"product_tag":[],"class_list":{"0":"post-12777","1":"product","2":"type-product","3":"status-publish","4":"has-post-thumbnail","6":"product_cat-produse-permeabile-la-apa","8":"first","9":"instock","10":"shipping-taxable","11":"product-type-simple"},"acf":[],"yoast_head":"<!-- This site is optimized with the Yoast SEO plugin v25.9 - https:\/\/yoast.com\/wordpress\/plugins\/seo\/ -->\n<title>A-Joint\u00ae Pro powered by ECCO - ECCO Products<\/title>\n<meta name=\"description\" content=\"A-Joint Pro powered by ECCO: mortarul permeabil la ap\u0103, rezistent la \u00eenghe\u021b \u0219i la buruieni, potrivit pentru rosturi \u00eenguste \u0219i foarte late \u0219i trafic intens.\" \/>\n<meta name=\"robots\" content=\"index, follow, max-snippet:-1, max-image-preview:large, max-video-preview:-1\" \/>\n<link rel=\"canonical\" href=\"https:\/\/eccoproducts.eu\/ro\/producten\/a-joint-pro-powered-by-ecco\/\" \/>\n<meta property=\"og:locale\" content=\"ro_RO\" \/>\n<meta property=\"og:type\" content=\"article\" \/>\n<meta property=\"og:title\" content=\"A-Joint\u00ae Pro powered by ECCO - ECCO Products\" \/>\n<meta property=\"og:description\" content=\"A-Joint Pro powered by ECCO: mortarul permeabil la ap\u0103, rezistent la \u00eenghe\u021b \u0219i la buruieni, potrivit pentru rosturi \u00eenguste \u0219i foarte late \u0219i trafic intens.\" \/>\n<meta property=\"og:url\" content=\"https:\/\/eccoproducts.eu\/ro\/producten\/a-joint-pro-powered-by-ecco\/\" \/>\n<meta property=\"og:site_name\" content=\"ECCO Products\" \/>\n<meta property=\"article:modified_time\" content=\"2026-02-24T12:54:17+00:00\" \/>\n<meta property=\"og:image\" content=\"https:\/\/eccoproducts.eu\/wp-content\/uploads\/2025\/06\/A-JOINT-Pro-Titelbild.jpg\" \/>\n\t<meta property=\"og:image:width\" content=\"2362\" \/>\n\t<meta property=\"og:image:height\" content=\"1250\" \/>\n\t<meta property=\"og:image:type\" content=\"image\/jpeg\" \/>\n<meta name=\"twitter:card\" content=\"summary_large_image\" \/>\n<meta name=\"twitter:label1\" content=\"Timp estimat pentru citire\" \/>\n\t<meta name=\"twitter:data1\" content=\"1 minut\" \/>\n<script type=\"application\/ld+json\" class=\"yoast-schema-graph\">{\"@context\":\"https:\/\/schema.org\",\"@graph\":[{\"@type\":\"WebPage\",\"@id\":\"https:\/\/eccoproducts.eu\/ro\/producten\/a-joint-pro-powered-by-ecco\/\",\"url\":\"https:\/\/eccoproducts.eu\/ro\/producten\/a-joint-pro-powered-by-ecco\/\",\"name\":\"A-Joint\u00ae Pro powered by ECCO - ECCO Products\",\"isPartOf\":{\"@id\":\"https:\/\/eccoproducts.eu\/ro\/#website\"},\"primaryImageOfPage\":{\"@id\":\"https:\/\/eccoproducts.eu\/ro\/producten\/a-joint-pro-powered-by-ecco\/#primaryimage\"},\"image\":{\"@id\":\"https:\/\/eccoproducts.eu\/ro\/producten\/a-joint-pro-powered-by-ecco\/#primaryimage\"},\"thumbnailUrl\":\"https:\/\/eccoproducts.eu\/wp-content\/uploads\/2025\/06\/A-JOINT-Pro-Titelbild.jpg\",\"datePublished\":\"2025-06-23T13:24:40+00:00\",\"dateModified\":\"2026-02-24T12:54:17+00:00\",\"description\":\"A-Joint Pro powered by ECCO: mortarul permeabil la ap\u0103, rezistent la \u00eenghe\u021b \u0219i la buruieni, potrivit pentru rosturi \u00eenguste \u0219i foarte late \u0219i trafic intens.\",\"breadcrumb\":{\"@id\":\"https:\/\/eccoproducts.eu\/ro\/producten\/a-joint-pro-powered-by-ecco\/#breadcrumb\"},\"inLanguage\":\"ro-RO\",\"potentialAction\":[{\"@type\":\"ReadAction\",\"target\":[\"https:\/\/eccoproducts.eu\/ro\/producten\/a-joint-pro-powered-by-ecco\/\"]}]},{\"@type\":\"ImageObject\",\"inLanguage\":\"ro-RO\",\"@id\":\"https:\/\/eccoproducts.eu\/ro\/producten\/a-joint-pro-powered-by-ecco\/#primaryimage\",\"url\":\"https:\/\/eccoproducts.eu\/wp-content\/uploads\/2025\/06\/A-JOINT-Pro-Titelbild.jpg\",\"contentUrl\":\"https:\/\/eccoproducts.eu\/wp-content\/uploads\/2025\/06\/A-JOINT-Pro-Titelbild.jpg\",\"width\":2362,\"height\":1250,\"caption\":\"C\u0103rare curbat\u0103 \u00een form\u0103 de val pe iarba din parc. Pavat\u0103 cu dale de diferite forme.\"},{\"@type\":\"BreadcrumbList\",\"@id\":\"https:\/\/eccoproducts.eu\/ro\/producten\/a-joint-pro-powered-by-ecco\/#breadcrumb\",\"itemListElement\":[{\"@type\":\"ListItem\",\"position\":1,\"name\":\"Home\",\"item\":\"https:\/\/eccoproducts.eu\/ro\/\"},{\"@type\":\"ListItem\",\"position\":2,\"name\":\"Produse\",\"item\":\"https:\/\/eccoproducts.eu\/ro\/produse\/\"},{\"@type\":\"ListItem\",\"position\":3,\"name\":\"A-Joint\u00ae Pro powered by ECCO\"}]},{\"@type\":\"WebSite\",\"@id\":\"https:\/\/eccoproducts.eu\/ro\/#website\",\"url\":\"https:\/\/eccoproducts.eu\/ro\/\",\"name\":\"ECCO Products\",\"description\":\"\",\"potentialAction\":[{\"@type\":\"SearchAction\",\"target\":{\"@type\":\"EntryPoint\",\"urlTemplate\":\"https:\/\/eccoproducts.eu\/ro\/?s={search_term_string}\"},\"query-input\":{\"@type\":\"PropertyValueSpecification\",\"valueRequired\":true,\"valueName\":\"search_term_string\"}}],\"inLanguage\":\"ro-RO\"}]}<\/script>\n<!-- \/ Yoast SEO plugin. -->","yoast_head_json":{"title":"A-Joint\u00ae Pro powered by ECCO - ECCO Products","description":"A-Joint Pro powered by ECCO: mortarul permeabil la ap\u0103, rezistent la \u00eenghe\u021b \u0219i la buruieni, potrivit pentru rosturi \u00eenguste \u0219i foarte late \u0219i trafic intens.","robots":{"index":"index","follow":"follow","max-snippet":"max-snippet:-1","max-image-preview":"max-image-preview:large","max-video-preview":"max-video-preview:-1"},"canonical":"https:\/\/eccoproducts.eu\/ro\/producten\/a-joint-pro-powered-by-ecco\/","og_locale":"ro_RO","og_type":"article","og_title":"A-Joint\u00ae Pro powered by ECCO - ECCO Products","og_description":"A-Joint Pro powered by ECCO: mortarul permeabil la ap\u0103, rezistent la \u00eenghe\u021b \u0219i la buruieni, potrivit pentru rosturi \u00eenguste \u0219i foarte late \u0219i trafic intens.","og_url":"https:\/\/eccoproducts.eu\/ro\/producten\/a-joint-pro-powered-by-ecco\/","og_site_name":"ECCO Products","article_modified_time":"2026-02-24T12:54:17+00:00","og_image":[{"width":2362,"height":1250,"url":"https:\/\/eccoproducts.eu\/wp-content\/uploads\/2025\/06\/A-JOINT-Pro-Titelbild.jpg","type":"image\/jpeg"}],"twitter_card":"summary_large_image","twitter_misc":{"Timp estimat pentru citire":"1 minut"},"schema":{"@context":"https:\/\/schema.org","@graph":[{"@type":"WebPage","@id":"https:\/\/eccoproducts.eu\/ro\/producten\/a-joint-pro-powered-by-ecco\/","url":"https:\/\/eccoproducts.eu\/ro\/producten\/a-joint-pro-powered-by-ecco\/","name":"A-Joint\u00ae Pro powered by ECCO - ECCO Products","isPartOf":{"@id":"https:\/\/eccoproducts.eu\/ro\/#website"},"primaryImageOfPage":{"@id":"https:\/\/eccoproducts.eu\/ro\/producten\/a-joint-pro-powered-by-ecco\/#primaryimage"},"image":{"@id":"https:\/\/eccoproducts.eu\/ro\/producten\/a-joint-pro-powered-by-ecco\/#primaryimage"},"thumbnailUrl":"https:\/\/eccoproducts.eu\/wp-content\/uploads\/2025\/06\/A-JOINT-Pro-Titelbild.jpg","datePublished":"2025-06-23T13:24:40+00:00","dateModified":"2026-02-24T12:54:17+00:00","description":"A-Joint Pro powered by ECCO: mortarul permeabil la ap\u0103, rezistent la \u00eenghe\u021b \u0219i la buruieni, potrivit pentru rosturi \u00eenguste \u0219i foarte late \u0219i trafic intens.","breadcrumb":{"@id":"https:\/\/eccoproducts.eu\/ro\/producten\/a-joint-pro-powered-by-ecco\/#breadcrumb"},"inLanguage":"ro-RO","potentialAction":[{"@type":"ReadAction","target":["https:\/\/eccoproducts.eu\/ro\/producten\/a-joint-pro-powered-by-ecco\/"]}]},{"@type":"ImageObject","inLanguage":"ro-RO","@id":"https:\/\/eccoproducts.eu\/ro\/producten\/a-joint-pro-powered-by-ecco\/#primaryimage","url":"https:\/\/eccoproducts.eu\/wp-content\/uploads\/2025\/06\/A-JOINT-Pro-Titelbild.jpg","contentUrl":"https:\/\/eccoproducts.eu\/wp-content\/uploads\/2025\/06\/A-JOINT-Pro-Titelbild.jpg","width":2362,"height":1250,"caption":"C\u0103rare curbat\u0103 \u00een form\u0103 de val pe iarba din parc. Pavat\u0103 cu dale de diferite forme."},{"@type":"BreadcrumbList","@id":"https:\/\/eccoproducts.eu\/ro\/producten\/a-joint-pro-powered-by-ecco\/#breadcrumb","itemListElement":[{"@type":"ListItem","position":1,"name":"Home","item":"https:\/\/eccoproducts.eu\/ro\/"},{"@type":"ListItem","position":2,"name":"Produse","item":"https:\/\/eccoproducts.eu\/ro\/produse\/"},{"@type":"ListItem","position":3,"name":"A-Joint\u00ae Pro powered by ECCO"}]},{"@type":"WebSite","@id":"https:\/\/eccoproducts.eu\/ro\/#website","url":"https:\/\/eccoproducts.eu\/ro\/","name":"ECCO Products","description":"","potentialAction":[{"@type":"SearchAction","target":{"@type":"EntryPoint","urlTemplate":"https:\/\/eccoproducts.eu\/ro\/?s={search_term_string}"},"query-input":{"@type":"PropertyValueSpecification","valueRequired":true,"valueName":"search_term_string"}}],"inLanguage":"ro-RO"}]}},"_links":{"self":[{"href":"https:\/\/eccoproducts.eu\/ro\/wp-json\/wp\/v2\/product\/12777","targetHints":{"allow":["GET"]}}],"collection":[{"href":"https:\/\/eccoproducts.eu\/ro\/wp-json\/wp\/v2\/product"}],"about":[{"href":"https:\/\/eccoproducts.eu\/ro\/wp-json\/wp\/v2\/types\/product"}],"replies":[{"embeddable":true,"href":"https:\/\/eccoproducts.eu\/ro\/wp-json\/wp\/v2\/comments?post=12777"}],"wp:featuredmedia":[{"embeddable":true,"href":"https:\/\/eccoproducts.eu\/ro\/wp-json\/wp\/v2\/media\/12778"}],"wp:attachment":[{"href":"https:\/\/eccoproducts.eu\/ro\/wp-json\/wp\/v2\/media?parent=12777"}],"wp:term":[{"taxonomy":"product_brand","embeddable":true,"href":"https:\/\/eccoproducts.eu\/ro\/wp-json\/wp\/v2\/product_brand?post=12777"},{"taxonomy":"product_cat","embeddable":true,"href":"https:\/\/eccoproducts.eu\/ro\/wp-json\/wp\/v2\/product_cat?post=12777"},{"taxonomy":"product_tag","embeddable":true,"href":"https:\/\/eccoproducts.eu\/ro\/wp-json\/wp\/v2\/product_tag?post=12777"}],"curies":[{"name":"wp","href":"https:\/\/api.w.org\/{rel}","templated":true}]}}