{"id":12580,"date":"2024-11-08T13:45:56","date_gmt":"2024-11-08T12:45:56","guid":{"rendered":"https:\/\/eccoproducts.eu\/producten\/core-data-marginea\/"},"modified":"2025-09-18T07:55:31","modified_gmt":"2025-09-18T05:55:31","slug":"core-data-marginea","status":"publish","type":"product","link":"https:\/\/eccoproducts.eu\/ro\/producten\/core-data-marginea\/","title":{"rendered":"Core Datum Edge"},"content":{"rendered":"","protected":false},"excerpt":{"rendered":"<p>Core Datum Edge este solu\u021bia pentru borduri rezistente. Aceast\u0103 bordur\u0103 robust\u0103 a fost dezvoltat\u0103 special pentru proiecte comerciale de amenajare a spa\u021biilor verzi, av\u00e2nd \u00een vedere nevoile antreprenorilor de gr\u0103din\u0103rit. \u00cen plus, aceast\u0103 bordur\u0103 este potrivit\u0103 pentru crearea de col\u021buri, precum \u0219i de linii drepte \u0219i curbe. Caracteristicile sale unice fac ca aceast\u0103 bordur\u0103 s\u0103 fie ideal\u0103 pentru condi\u021bii dificile de teren \u0219i medii solicitante.   <\/p>\n","protected":false},"featured_media":12581,"comment_status":"open","ping_status":"closed","template":"","meta":{"_acf_changed":false,"inline_featured_image":false},"product_brand":[],"product_cat":[200],"product_tag":[],"class_list":{"0":"post-12580","1":"product","2":"type-product","3":"status-publish","4":"has-post-thumbnail","6":"product_cat-borduri-de-gradina","8":"first","9":"instock","10":"shipping-taxable","11":"product-type-simple"},"acf":[],"yoast_head":"<!-- This site is optimized with the Yoast SEO plugin v25.9 - https:\/\/yoast.com\/wordpress\/plugins\/seo\/ -->\n<title>Core Datum Edge - ECCO Products<\/title>\n<meta name=\"description\" content=\"Core Datum Edge este bordura pentru finisaj cu margini groase \u0219i a fost special conceput\u0103 \u021bin\u00e2nd cont de nevoile contractorilor de gr\u0103din\u0103rit.\" \/>\n<meta name=\"robots\" content=\"index, follow, max-snippet:-1, max-image-preview:large, max-video-preview:-1\" \/>\n<link rel=\"canonical\" href=\"https:\/\/eccoproducts.eu\/ro\/producten\/core-data-marginea\/\" \/>\n<meta property=\"og:locale\" content=\"ro_RO\" \/>\n<meta property=\"og:type\" content=\"article\" \/>\n<meta property=\"og:title\" content=\"Core Datum Edge - ECCO Products\" \/>\n<meta property=\"og:description\" content=\"Core Datum Edge este bordura pentru finisaj cu margini groase \u0219i a fost special conceput\u0103 \u021bin\u00e2nd cont de nevoile contractorilor de gr\u0103din\u0103rit.\" \/>\n<meta property=\"og:url\" content=\"https:\/\/eccoproducts.eu\/ro\/producten\/core-data-marginea\/\" \/>\n<meta property=\"og:site_name\" content=\"ECCO Products\" \/>\n<meta property=\"article:modified_time\" content=\"2025-09-18T05:55:31+00:00\" \/>\n<meta property=\"og:image\" content=\"https:\/\/eccoproducts.eu\/wp-content\/uploads\/2024\/11\/Core-Datum-Edge4_600x450.jpg\" \/>\n\t<meta property=\"og:image:width\" content=\"600\" \/>\n\t<meta property=\"og:image:height\" content=\"450\" \/>\n\t<meta property=\"og:image:type\" content=\"image\/jpeg\" \/>\n<meta name=\"twitter:card\" content=\"summary_large_image\" \/>\n<script type=\"application\/ld+json\" class=\"yoast-schema-graph\">{\"@context\":\"https:\/\/schema.org\",\"@graph\":[{\"@type\":\"WebPage\",\"@id\":\"https:\/\/eccoproducts.eu\/ro\/producten\/core-data-marginea\/\",\"url\":\"https:\/\/eccoproducts.eu\/ro\/producten\/core-data-marginea\/\",\"name\":\"Core Datum Edge - ECCO Products\",\"isPartOf\":{\"@id\":\"https:\/\/eccoproducts.eu\/ro\/#website\"},\"primaryImageOfPage\":{\"@id\":\"https:\/\/eccoproducts.eu\/ro\/producten\/core-data-marginea\/#primaryimage\"},\"image\":{\"@id\":\"https:\/\/eccoproducts.eu\/ro\/producten\/core-data-marginea\/#primaryimage\"},\"thumbnailUrl\":\"https:\/\/eccoproducts.eu\/wp-content\/uploads\/2024\/11\/Core-Datum-Edge4_600x450.jpg\",\"datePublished\":\"2024-11-08T12:45:56+00:00\",\"dateModified\":\"2025-09-18T05:55:31+00:00\",\"description\":\"Core Datum Edge este bordura pentru finisaj cu margini groase \u0219i a fost special conceput\u0103 \u021bin\u00e2nd cont de nevoile contractorilor de gr\u0103din\u0103rit.\",\"breadcrumb\":{\"@id\":\"https:\/\/eccoproducts.eu\/ro\/producten\/core-data-marginea\/#breadcrumb\"},\"inLanguage\":\"ro-RO\",\"potentialAction\":[{\"@type\":\"ReadAction\",\"target\":[\"https:\/\/eccoproducts.eu\/ro\/producten\/core-data-marginea\/\"]}]},{\"@type\":\"ImageObject\",\"inLanguage\":\"ro-RO\",\"@id\":\"https:\/\/eccoproducts.eu\/ro\/producten\/core-data-marginea\/#primaryimage\",\"url\":\"https:\/\/eccoproducts.eu\/wp-content\/uploads\/2024\/11\/Core-Datum-Edge4_600x450.jpg\",\"contentUrl\":\"https:\/\/eccoproducts.eu\/wp-content\/uploads\/2024\/11\/Core-Datum-Edge4_600x450.jpg\",\"width\":600,\"height\":450},{\"@type\":\"BreadcrumbList\",\"@id\":\"https:\/\/eccoproducts.eu\/ro\/producten\/core-data-marginea\/#breadcrumb\",\"itemListElement\":[{\"@type\":\"ListItem\",\"position\":1,\"name\":\"Home\",\"item\":\"https:\/\/eccoproducts.eu\/ro\/\"},{\"@type\":\"ListItem\",\"position\":2,\"name\":\"Produse\",\"item\":\"https:\/\/eccoproducts.eu\/ro\/produse\/\"},{\"@type\":\"ListItem\",\"position\":3,\"name\":\"Core Datum Edge\"}]},{\"@type\":\"WebSite\",\"@id\":\"https:\/\/eccoproducts.eu\/ro\/#website\",\"url\":\"https:\/\/eccoproducts.eu\/ro\/\",\"name\":\"ECCO Products\",\"description\":\"\",\"potentialAction\":[{\"@type\":\"SearchAction\",\"target\":{\"@type\":\"EntryPoint\",\"urlTemplate\":\"https:\/\/eccoproducts.eu\/ro\/?s={search_term_string}\"},\"query-input\":{\"@type\":\"PropertyValueSpecification\",\"valueRequired\":true,\"valueName\":\"search_term_string\"}}],\"inLanguage\":\"ro-RO\"}]}<\/script>\n<!-- \/ Yoast SEO plugin. -->","yoast_head_json":{"title":"Core Datum Edge - ECCO Products","description":"Core Datum Edge este bordura pentru finisaj cu margini groase \u0219i a fost special conceput\u0103 \u021bin\u00e2nd cont de nevoile contractorilor de gr\u0103din\u0103rit.","robots":{"index":"index","follow":"follow","max-snippet":"max-snippet:-1","max-image-preview":"max-image-preview:large","max-video-preview":"max-video-preview:-1"},"canonical":"https:\/\/eccoproducts.eu\/ro\/producten\/core-data-marginea\/","og_locale":"ro_RO","og_type":"article","og_title":"Core Datum Edge - ECCO Products","og_description":"Core Datum Edge este bordura pentru finisaj cu margini groase \u0219i a fost special conceput\u0103 \u021bin\u00e2nd cont de nevoile contractorilor de gr\u0103din\u0103rit.","og_url":"https:\/\/eccoproducts.eu\/ro\/producten\/core-data-marginea\/","og_site_name":"ECCO Products","article_modified_time":"2025-09-18T05:55:31+00:00","og_image":[{"width":600,"height":450,"url":"https:\/\/eccoproducts.eu\/wp-content\/uploads\/2024\/11\/Core-Datum-Edge4_600x450.jpg","type":"image\/jpeg"}],"twitter_card":"summary_large_image","schema":{"@context":"https:\/\/schema.org","@graph":[{"@type":"WebPage","@id":"https:\/\/eccoproducts.eu\/ro\/producten\/core-data-marginea\/","url":"https:\/\/eccoproducts.eu\/ro\/producten\/core-data-marginea\/","name":"Core Datum Edge - ECCO Products","isPartOf":{"@id":"https:\/\/eccoproducts.eu\/ro\/#website"},"primaryImageOfPage":{"@id":"https:\/\/eccoproducts.eu\/ro\/producten\/core-data-marginea\/#primaryimage"},"image":{"@id":"https:\/\/eccoproducts.eu\/ro\/producten\/core-data-marginea\/#primaryimage"},"thumbnailUrl":"https:\/\/eccoproducts.eu\/wp-content\/uploads\/2024\/11\/Core-Datum-Edge4_600x450.jpg","datePublished":"2024-11-08T12:45:56+00:00","dateModified":"2025-09-18T05:55:31+00:00","description":"Core Datum Edge este bordura pentru finisaj cu margini groase \u0219i a fost special conceput\u0103 \u021bin\u00e2nd cont de nevoile contractorilor de gr\u0103din\u0103rit.","breadcrumb":{"@id":"https:\/\/eccoproducts.eu\/ro\/producten\/core-data-marginea\/#breadcrumb"},"inLanguage":"ro-RO","potentialAction":[{"@type":"ReadAction","target":["https:\/\/eccoproducts.eu\/ro\/producten\/core-data-marginea\/"]}]},{"@type":"ImageObject","inLanguage":"ro-RO","@id":"https:\/\/eccoproducts.eu\/ro\/producten\/core-data-marginea\/#primaryimage","url":"https:\/\/eccoproducts.eu\/wp-content\/uploads\/2024\/11\/Core-Datum-Edge4_600x450.jpg","contentUrl":"https:\/\/eccoproducts.eu\/wp-content\/uploads\/2024\/11\/Core-Datum-Edge4_600x450.jpg","width":600,"height":450},{"@type":"BreadcrumbList","@id":"https:\/\/eccoproducts.eu\/ro\/producten\/core-data-marginea\/#breadcrumb","itemListElement":[{"@type":"ListItem","position":1,"name":"Home","item":"https:\/\/eccoproducts.eu\/ro\/"},{"@type":"ListItem","position":2,"name":"Produse","item":"https:\/\/eccoproducts.eu\/ro\/produse\/"},{"@type":"ListItem","position":3,"name":"Core Datum Edge"}]},{"@type":"WebSite","@id":"https:\/\/eccoproducts.eu\/ro\/#website","url":"https:\/\/eccoproducts.eu\/ro\/","name":"ECCO Products","description":"","potentialAction":[{"@type":"SearchAction","target":{"@type":"EntryPoint","urlTemplate":"https:\/\/eccoproducts.eu\/ro\/?s={search_term_string}"},"query-input":{"@type":"PropertyValueSpecification","valueRequired":true,"valueName":"search_term_string"}}],"inLanguage":"ro-RO"}]}},"_links":{"self":[{"href":"https:\/\/eccoproducts.eu\/ro\/wp-json\/wp\/v2\/product\/12580","targetHints":{"allow":["GET"]}}],"collection":[{"href":"https:\/\/eccoproducts.eu\/ro\/wp-json\/wp\/v2\/product"}],"about":[{"href":"https:\/\/eccoproducts.eu\/ro\/wp-json\/wp\/v2\/types\/product"}],"replies":[{"embeddable":true,"href":"https:\/\/eccoproducts.eu\/ro\/wp-json\/wp\/v2\/comments?post=12580"}],"wp:featuredmedia":[{"embeddable":true,"href":"https:\/\/eccoproducts.eu\/ro\/wp-json\/wp\/v2\/media\/12581"}],"wp:attachment":[{"href":"https:\/\/eccoproducts.eu\/ro\/wp-json\/wp\/v2\/media?parent=12580"}],"wp:term":[{"taxonomy":"product_brand","embeddable":true,"href":"https:\/\/eccoproducts.eu\/ro\/wp-json\/wp\/v2\/product_brand?post=12580"},{"taxonomy":"product_cat","embeddable":true,"href":"https:\/\/eccoproducts.eu\/ro\/wp-json\/wp\/v2\/product_cat?post=12580"},{"taxonomy":"product_tag","embeddable":true,"href":"https:\/\/eccoproducts.eu\/ro\/wp-json\/wp\/v2\/product_tag?post=12580"}],"curies":[{"name":"wp","href":"https:\/\/api.w.org\/{rel}","templated":true}]}}