{"id":12532,"date":"2024-07-23T10:38:30","date_gmt":"2024-07-23T08:38:30","guid":{"rendered":"https:\/\/eccoproducts.eu\/producten\/eccoborder-flex-soft\/"},"modified":"2025-09-18T10:29:03","modified_gmt":"2025-09-18T08:29:03","slug":"eccoborder-flex-soft","status":"publish","type":"product","link":"https:\/\/eccoproducts.eu\/ro\/producten\/eccoborder-flex-soft\/","title":{"rendered":"ECCOborder Flex Soft"},"content":{"rendered":"","protected":false},"excerpt":{"rendered":"<h2>Bordur\u0103 durabil\u0103 \u0219i economic\u0103<\/h2>\n<h3>fabricat\u0103 din PVC reciclat<\/h3>\n<p>Aceast\u0103 bordur\u0103 flexibil\u0103 este o alternativ\u0103 economic\u0103 la bordurile din lemn sau metal. Cu ECCOborder Flex Soft, pute\u021bi crea cu u\u0219urin\u021b\u0103 o margine modern\u0103 \u0219i ultra-flexibil\u0103.<\/p>\n<p>Noua bordur\u0103 pe rol\u0103 se poate adapta perfect curbelor \u0219i devierilor mai bune \u00een ambele direc\u021bii, de exemplu, pentru o c\u0103rare cu pietri\u0219 sau o margine de gazon.<\/p>\n<p>Acoperirea poate fi instalat\u0103 cu marginea superioar\u0103 de finisare rotunjit\u0103 sau plat\u0103, ceea ce o face cea mai versatil\u0103 solu\u021bie de pe pia\u021b\u0103.<\/p>\n","protected":false},"featured_media":12533,"comment_status":"open","ping_status":"closed","template":"","meta":{"_acf_changed":false,"inline_featured_image":false},"product_brand":[],"product_cat":[200],"product_tag":[],"class_list":{"0":"post-12532","1":"product","2":"type-product","3":"status-publish","4":"has-post-thumbnail","6":"product_cat-borduri-de-gradina","8":"first","9":"instock","10":"shipping-taxable","11":"product-type-simple"},"acf":[],"yoast_head":"<!-- This site is optimized with the Yoast SEO plugin v25.9 - https:\/\/yoast.com\/wordpress\/plugins\/seo\/ -->\n<title>ECCOborder Flex Soft - ECCO Products<\/title>\n<meta name=\"description\" content=\"Aceast\u0103 bordur\u0103 flexibil\u0103 este o alternativ\u0103 economic\u0103 la marginile din lemn sau metal pentru a crea cu u\u0219urin\u021b\u0103 o bordur\u0103 modern\u0103.\" \/>\n<meta name=\"robots\" content=\"index, follow, max-snippet:-1, max-image-preview:large, max-video-preview:-1\" \/>\n<link rel=\"canonical\" href=\"https:\/\/eccoproducts.eu\/ro\/producten\/eccoborder-flex-soft\/\" \/>\n<meta property=\"og:locale\" content=\"ro_RO\" \/>\n<meta property=\"og:type\" content=\"article\" \/>\n<meta property=\"og:title\" content=\"ECCOborder Flex Soft - ECCO Products\" \/>\n<meta property=\"og:description\" content=\"Aceast\u0103 bordur\u0103 flexibil\u0103 este o alternativ\u0103 economic\u0103 la marginile din lemn sau metal pentru a crea cu u\u0219urin\u021b\u0103 o bordur\u0103 modern\u0103.\" \/>\n<meta property=\"og:url\" content=\"https:\/\/eccoproducts.eu\/ro\/producten\/eccoborder-flex-soft\/\" \/>\n<meta property=\"og:site_name\" content=\"ECCO Products\" \/>\n<meta property=\"article:modified_time\" content=\"2025-09-18T08:29:03+00:00\" \/>\n<meta property=\"og:image\" content=\"https:\/\/eccoproducts.eu\/wp-content\/uploads\/2023\/09\/ECCO-Border-Flex_BLACK-GREY_P01-1024x656.jpg\" \/>\n\t<meta property=\"og:image:width\" content=\"1024\" \/>\n\t<meta property=\"og:image:height\" content=\"656\" \/>\n\t<meta property=\"og:image:type\" content=\"image\/jpeg\" \/>\n<meta name=\"twitter:card\" content=\"summary_large_image\" \/>\n<meta name=\"twitter:label1\" content=\"Timp estimat pentru citire\" \/>\n\t<meta name=\"twitter:data1\" content=\"1 minut\" \/>\n<script type=\"application\/ld+json\" class=\"yoast-schema-graph\">{\"@context\":\"https:\/\/schema.org\",\"@graph\":[{\"@type\":\"WebPage\",\"@id\":\"https:\/\/eccoproducts.eu\/ro\/producten\/eccoborder-flex-soft\/\",\"url\":\"https:\/\/eccoproducts.eu\/ro\/producten\/eccoborder-flex-soft\/\",\"name\":\"ECCOborder Flex Soft - ECCO Products\",\"isPartOf\":{\"@id\":\"https:\/\/eccoproducts.eu\/ro\/#website\"},\"primaryImageOfPage\":{\"@id\":\"https:\/\/eccoproducts.eu\/ro\/producten\/eccoborder-flex-soft\/#primaryimage\"},\"image\":{\"@id\":\"https:\/\/eccoproducts.eu\/ro\/producten\/eccoborder-flex-soft\/#primaryimage\"},\"thumbnailUrl\":\"https:\/\/eccoproducts.eu\/wp-content\/uploads\/2023\/09\/ECCO-Border-Flex_BLACK-GREY_P01.jpg\",\"datePublished\":\"2024-07-23T08:38:30+00:00\",\"dateModified\":\"2025-09-18T08:29:03+00:00\",\"description\":\"Aceast\u0103 bordur\u0103 flexibil\u0103 este o alternativ\u0103 economic\u0103 la marginile din lemn sau metal pentru a crea cu u\u0219urin\u021b\u0103 o bordur\u0103 modern\u0103.\",\"breadcrumb\":{\"@id\":\"https:\/\/eccoproducts.eu\/ro\/producten\/eccoborder-flex-soft\/#breadcrumb\"},\"inLanguage\":\"ro-RO\",\"potentialAction\":[{\"@type\":\"ReadAction\",\"target\":[\"https:\/\/eccoproducts.eu\/ro\/producten\/eccoborder-flex-soft\/\"]}]},{\"@type\":\"ImageObject\",\"inLanguage\":\"ro-RO\",\"@id\":\"https:\/\/eccoproducts.eu\/ro\/producten\/eccoborder-flex-soft\/#primaryimage\",\"url\":\"https:\/\/eccoproducts.eu\/wp-content\/uploads\/2023\/09\/ECCO-Border-Flex_BLACK-GREY_P01.jpg\",\"contentUrl\":\"https:\/\/eccoproducts.eu\/wp-content\/uploads\/2023\/09\/ECCO-Border-Flex_BLACK-GREY_P01.jpg\",\"width\":6407,\"height\":4106},{\"@type\":\"BreadcrumbList\",\"@id\":\"https:\/\/eccoproducts.eu\/ro\/producten\/eccoborder-flex-soft\/#breadcrumb\",\"itemListElement\":[{\"@type\":\"ListItem\",\"position\":1,\"name\":\"Home\",\"item\":\"https:\/\/eccoproducts.eu\/ro\/\"},{\"@type\":\"ListItem\",\"position\":2,\"name\":\"Produse\",\"item\":\"https:\/\/eccoproducts.eu\/ro\/produse\/\"},{\"@type\":\"ListItem\",\"position\":3,\"name\":\"ECCOborder Flex Soft\"}]},{\"@type\":\"WebSite\",\"@id\":\"https:\/\/eccoproducts.eu\/ro\/#website\",\"url\":\"https:\/\/eccoproducts.eu\/ro\/\",\"name\":\"ECCO Products\",\"description\":\"\",\"potentialAction\":[{\"@type\":\"SearchAction\",\"target\":{\"@type\":\"EntryPoint\",\"urlTemplate\":\"https:\/\/eccoproducts.eu\/ro\/?s={search_term_string}\"},\"query-input\":{\"@type\":\"PropertyValueSpecification\",\"valueRequired\":true,\"valueName\":\"search_term_string\"}}],\"inLanguage\":\"ro-RO\"}]}<\/script>\n<!-- \/ Yoast SEO plugin. -->","yoast_head_json":{"title":"ECCOborder Flex Soft - ECCO Products","description":"Aceast\u0103 bordur\u0103 flexibil\u0103 este o alternativ\u0103 economic\u0103 la marginile din lemn sau metal pentru a crea cu u\u0219urin\u021b\u0103 o bordur\u0103 modern\u0103.","robots":{"index":"index","follow":"follow","max-snippet":"max-snippet:-1","max-image-preview":"max-image-preview:large","max-video-preview":"max-video-preview:-1"},"canonical":"https:\/\/eccoproducts.eu\/ro\/producten\/eccoborder-flex-soft\/","og_locale":"ro_RO","og_type":"article","og_title":"ECCOborder Flex Soft - ECCO Products","og_description":"Aceast\u0103 bordur\u0103 flexibil\u0103 este o alternativ\u0103 economic\u0103 la marginile din lemn sau metal pentru a crea cu u\u0219urin\u021b\u0103 o bordur\u0103 modern\u0103.","og_url":"https:\/\/eccoproducts.eu\/ro\/producten\/eccoborder-flex-soft\/","og_site_name":"ECCO Products","article_modified_time":"2025-09-18T08:29:03+00:00","og_image":[{"width":1024,"height":656,"url":"https:\/\/eccoproducts.eu\/wp-content\/uploads\/2023\/09\/ECCO-Border-Flex_BLACK-GREY_P01-1024x656.jpg","type":"image\/jpeg"}],"twitter_card":"summary_large_image","twitter_misc":{"Timp estimat pentru citire":"1 minut"},"schema":{"@context":"https:\/\/schema.org","@graph":[{"@type":"WebPage","@id":"https:\/\/eccoproducts.eu\/ro\/producten\/eccoborder-flex-soft\/","url":"https:\/\/eccoproducts.eu\/ro\/producten\/eccoborder-flex-soft\/","name":"ECCOborder Flex Soft - ECCO Products","isPartOf":{"@id":"https:\/\/eccoproducts.eu\/ro\/#website"},"primaryImageOfPage":{"@id":"https:\/\/eccoproducts.eu\/ro\/producten\/eccoborder-flex-soft\/#primaryimage"},"image":{"@id":"https:\/\/eccoproducts.eu\/ro\/producten\/eccoborder-flex-soft\/#primaryimage"},"thumbnailUrl":"https:\/\/eccoproducts.eu\/wp-content\/uploads\/2023\/09\/ECCO-Border-Flex_BLACK-GREY_P01.jpg","datePublished":"2024-07-23T08:38:30+00:00","dateModified":"2025-09-18T08:29:03+00:00","description":"Aceast\u0103 bordur\u0103 flexibil\u0103 este o alternativ\u0103 economic\u0103 la marginile din lemn sau metal pentru a crea cu u\u0219urin\u021b\u0103 o bordur\u0103 modern\u0103.","breadcrumb":{"@id":"https:\/\/eccoproducts.eu\/ro\/producten\/eccoborder-flex-soft\/#breadcrumb"},"inLanguage":"ro-RO","potentialAction":[{"@type":"ReadAction","target":["https:\/\/eccoproducts.eu\/ro\/producten\/eccoborder-flex-soft\/"]}]},{"@type":"ImageObject","inLanguage":"ro-RO","@id":"https:\/\/eccoproducts.eu\/ro\/producten\/eccoborder-flex-soft\/#primaryimage","url":"https:\/\/eccoproducts.eu\/wp-content\/uploads\/2023\/09\/ECCO-Border-Flex_BLACK-GREY_P01.jpg","contentUrl":"https:\/\/eccoproducts.eu\/wp-content\/uploads\/2023\/09\/ECCO-Border-Flex_BLACK-GREY_P01.jpg","width":6407,"height":4106},{"@type":"BreadcrumbList","@id":"https:\/\/eccoproducts.eu\/ro\/producten\/eccoborder-flex-soft\/#breadcrumb","itemListElement":[{"@type":"ListItem","position":1,"name":"Home","item":"https:\/\/eccoproducts.eu\/ro\/"},{"@type":"ListItem","position":2,"name":"Produse","item":"https:\/\/eccoproducts.eu\/ro\/produse\/"},{"@type":"ListItem","position":3,"name":"ECCOborder Flex Soft"}]},{"@type":"WebSite","@id":"https:\/\/eccoproducts.eu\/ro\/#website","url":"https:\/\/eccoproducts.eu\/ro\/","name":"ECCO Products","description":"","potentialAction":[{"@type":"SearchAction","target":{"@type":"EntryPoint","urlTemplate":"https:\/\/eccoproducts.eu\/ro\/?s={search_term_string}"},"query-input":{"@type":"PropertyValueSpecification","valueRequired":true,"valueName":"search_term_string"}}],"inLanguage":"ro-RO"}]}},"_links":{"self":[{"href":"https:\/\/eccoproducts.eu\/ro\/wp-json\/wp\/v2\/product\/12532","targetHints":{"allow":["GET"]}}],"collection":[{"href":"https:\/\/eccoproducts.eu\/ro\/wp-json\/wp\/v2\/product"}],"about":[{"href":"https:\/\/eccoproducts.eu\/ro\/wp-json\/wp\/v2\/types\/product"}],"replies":[{"embeddable":true,"href":"https:\/\/eccoproducts.eu\/ro\/wp-json\/wp\/v2\/comments?post=12532"}],"wp:featuredmedia":[{"embeddable":true,"href":"https:\/\/eccoproducts.eu\/ro\/wp-json\/wp\/v2\/media\/12533"}],"wp:attachment":[{"href":"https:\/\/eccoproducts.eu\/ro\/wp-json\/wp\/v2\/media?parent=12532"}],"wp:term":[{"taxonomy":"product_brand","embeddable":true,"href":"https:\/\/eccoproducts.eu\/ro\/wp-json\/wp\/v2\/product_brand?post=12532"},{"taxonomy":"product_cat","embeddable":true,"href":"https:\/\/eccoproducts.eu\/ro\/wp-json\/wp\/v2\/product_cat?post=12532"},{"taxonomy":"product_tag","embeddable":true,"href":"https:\/\/eccoproducts.eu\/ro\/wp-json\/wp\/v2\/product_tag?post=12532"}],"curies":[{"name":"wp","href":"https:\/\/api.w.org\/{rel}","templated":true}]}}