{"id":12511,"date":"2023-03-13T16:38:44","date_gmt":"2023-03-13T15:38:44","guid":{"rendered":"https:\/\/eccoproducts.eu\/producten\/eccoborder-betotop-50-60\/"},"modified":"2023-03-13T16:38:44","modified_gmt":"2023-03-13T15:38:44","slug":"eccoborder-betotop-50-60","status":"publish","type":"product","link":"https:\/\/eccoproducts.eu\/ro\/producten\/eccoborder-betotop-50-60\/","title":{"rendered":"ECCOborder Betotop 50 &amp; 60"},"content":{"rendered":"","protected":false},"excerpt":{"rendered":"<p>ECCOborders Betotop sunt <strong>profile de \u00eenalt\u0103 calitate pentru finisarea bordurilor de beton<\/strong>, at\u00e2t pentru<strong> proiecte noi, c\u00e2t \u0219i pentru proiecte de renovare<\/strong> care au deja borduri de beton.<\/p>\n<p>Aceste profile sunt<strong> auto\u0219antajabile<\/strong>, astfel \u00eenc\u00e2t nu se pot mi\u0219ca dup\u0103 instalare. \u00cen plus, neregularit\u0103\u021bile (\u00een \u00een\u0103l\u021bime) dintre bordurile de beton sunt perfect absorbite de lungimea Betotop. <\/p>\n<p>&nbsp;<\/p>\n","protected":false},"featured_media":12512,"comment_status":"open","ping_status":"closed","template":"","meta":{"_acf_changed":false,"inline_featured_image":false},"product_brand":[],"product_cat":[200],"product_tag":[],"class_list":{"0":"post-12511","1":"product","2":"type-product","3":"status-publish","4":"has-post-thumbnail","6":"product_cat-borduri-de-gradina","8":"first","9":"instock","10":"shipping-taxable","11":"product-type-simple"},"acf":[],"yoast_head":"<!-- This site is optimized with the Yoast SEO plugin v25.9 - https:\/\/yoast.com\/wordpress\/plugins\/seo\/ -->\n<title>ECCOborder Betotop 50 &amp; 60 - ECCO Products<\/title>\n<meta name=\"description\" content=\"Aceste profile se fixeaz\u0103 singure, \u00eempiedic\u00e2nd deplasarea lor odat\u0103 instalate. Disponibile \u00een o\u021bel Inox sau Corten.\" \/>\n<meta name=\"robots\" content=\"index, follow, max-snippet:-1, max-image-preview:large, max-video-preview:-1\" \/>\n<link rel=\"canonical\" href=\"https:\/\/eccoproducts.eu\/ro\/producten\/eccoborder-betotop-50-60\/\" \/>\n<meta property=\"og:locale\" content=\"ro_RO\" \/>\n<meta property=\"og:type\" content=\"article\" \/>\n<meta property=\"og:title\" content=\"ECCOborder Betotop 50 &amp; 60 - ECCO Products\" \/>\n<meta property=\"og:description\" content=\"Aceste profile se fixeaz\u0103 singure, \u00eempiedic\u00e2nd deplasarea lor odat\u0103 instalate. Disponibile \u00een o\u021bel Inox sau Corten.\" \/>\n<meta property=\"og:url\" content=\"https:\/\/eccoproducts.eu\/ro\/producten\/eccoborder-betotop-50-60\/\" \/>\n<meta property=\"og:site_name\" content=\"ECCO Products\" \/>\n<meta property=\"og:image\" content=\"https:\/\/eccoproducts.eu\/wp-content\/uploads\/2023\/03\/ECCOborders_betotop_uprofiel__1200x900.jpg\" \/>\n\t<meta property=\"og:image:width\" content=\"1200\" \/>\n\t<meta property=\"og:image:height\" content=\"900\" \/>\n\t<meta property=\"og:image:type\" content=\"image\/jpeg\" \/>\n<meta name=\"twitter:card\" content=\"summary_large_image\" \/>\n<script type=\"application\/ld+json\" class=\"yoast-schema-graph\">{\"@context\":\"https:\/\/schema.org\",\"@graph\":[{\"@type\":\"WebPage\",\"@id\":\"https:\/\/eccoproducts.eu\/ro\/producten\/eccoborder-betotop-50-60\/\",\"url\":\"https:\/\/eccoproducts.eu\/ro\/producten\/eccoborder-betotop-50-60\/\",\"name\":\"ECCOborder Betotop 50 &amp; 60 - ECCO Products\",\"isPartOf\":{\"@id\":\"https:\/\/eccoproducts.eu\/ro\/#website\"},\"primaryImageOfPage\":{\"@id\":\"https:\/\/eccoproducts.eu\/ro\/producten\/eccoborder-betotop-50-60\/#primaryimage\"},\"image\":{\"@id\":\"https:\/\/eccoproducts.eu\/ro\/producten\/eccoborder-betotop-50-60\/#primaryimage\"},\"thumbnailUrl\":\"https:\/\/eccoproducts.eu\/wp-content\/uploads\/2023\/03\/ECCOborders_betotop_uprofiel__1200x900.jpg\",\"datePublished\":\"2023-03-13T15:38:44+00:00\",\"description\":\"Aceste profile se fixeaz\u0103 singure, \u00eempiedic\u00e2nd deplasarea lor odat\u0103 instalate. Disponibile \u00een o\u021bel Inox sau Corten.\",\"breadcrumb\":{\"@id\":\"https:\/\/eccoproducts.eu\/ro\/producten\/eccoborder-betotop-50-60\/#breadcrumb\"},\"inLanguage\":\"ro-RO\",\"potentialAction\":[{\"@type\":\"ReadAction\",\"target\":[\"https:\/\/eccoproducts.eu\/ro\/producten\/eccoborder-betotop-50-60\/\"]}]},{\"@type\":\"ImageObject\",\"inLanguage\":\"ro-RO\",\"@id\":\"https:\/\/eccoproducts.eu\/ro\/producten\/eccoborder-betotop-50-60\/#primaryimage\",\"url\":\"https:\/\/eccoproducts.eu\/wp-content\/uploads\/2023\/03\/ECCOborders_betotop_uprofiel__1200x900.jpg\",\"contentUrl\":\"https:\/\/eccoproducts.eu\/wp-content\/uploads\/2023\/03\/ECCOborders_betotop_uprofiel__1200x900.jpg\",\"width\":1200,\"height\":900},{\"@type\":\"BreadcrumbList\",\"@id\":\"https:\/\/eccoproducts.eu\/ro\/producten\/eccoborder-betotop-50-60\/#breadcrumb\",\"itemListElement\":[{\"@type\":\"ListItem\",\"position\":1,\"name\":\"Home\",\"item\":\"https:\/\/eccoproducts.eu\/ro\/\"},{\"@type\":\"ListItem\",\"position\":2,\"name\":\"Produse\",\"item\":\"https:\/\/eccoproducts.eu\/ro\/produse\/\"},{\"@type\":\"ListItem\",\"position\":3,\"name\":\"ECCOborder Betotop 50 &amp; 60\"}]},{\"@type\":\"WebSite\",\"@id\":\"https:\/\/eccoproducts.eu\/ro\/#website\",\"url\":\"https:\/\/eccoproducts.eu\/ro\/\",\"name\":\"ECCO Products\",\"description\":\"\",\"potentialAction\":[{\"@type\":\"SearchAction\",\"target\":{\"@type\":\"EntryPoint\",\"urlTemplate\":\"https:\/\/eccoproducts.eu\/ro\/?s={search_term_string}\"},\"query-input\":{\"@type\":\"PropertyValueSpecification\",\"valueRequired\":true,\"valueName\":\"search_term_string\"}}],\"inLanguage\":\"ro-RO\"}]}<\/script>\n<!-- \/ Yoast SEO plugin. -->","yoast_head_json":{"title":"ECCOborder Betotop 50 &amp; 60 - ECCO Products","description":"Aceste profile se fixeaz\u0103 singure, \u00eempiedic\u00e2nd deplasarea lor odat\u0103 instalate. Disponibile \u00een o\u021bel Inox sau Corten.","robots":{"index":"index","follow":"follow","max-snippet":"max-snippet:-1","max-image-preview":"max-image-preview:large","max-video-preview":"max-video-preview:-1"},"canonical":"https:\/\/eccoproducts.eu\/ro\/producten\/eccoborder-betotop-50-60\/","og_locale":"ro_RO","og_type":"article","og_title":"ECCOborder Betotop 50 &amp; 60 - ECCO Products","og_description":"Aceste profile se fixeaz\u0103 singure, \u00eempiedic\u00e2nd deplasarea lor odat\u0103 instalate. Disponibile \u00een o\u021bel Inox sau Corten.","og_url":"https:\/\/eccoproducts.eu\/ro\/producten\/eccoborder-betotop-50-60\/","og_site_name":"ECCO Products","og_image":[{"width":1200,"height":900,"url":"https:\/\/eccoproducts.eu\/wp-content\/uploads\/2023\/03\/ECCOborders_betotop_uprofiel__1200x900.jpg","type":"image\/jpeg"}],"twitter_card":"summary_large_image","schema":{"@context":"https:\/\/schema.org","@graph":[{"@type":"WebPage","@id":"https:\/\/eccoproducts.eu\/ro\/producten\/eccoborder-betotop-50-60\/","url":"https:\/\/eccoproducts.eu\/ro\/producten\/eccoborder-betotop-50-60\/","name":"ECCOborder Betotop 50 &amp; 60 - ECCO Products","isPartOf":{"@id":"https:\/\/eccoproducts.eu\/ro\/#website"},"primaryImageOfPage":{"@id":"https:\/\/eccoproducts.eu\/ro\/producten\/eccoborder-betotop-50-60\/#primaryimage"},"image":{"@id":"https:\/\/eccoproducts.eu\/ro\/producten\/eccoborder-betotop-50-60\/#primaryimage"},"thumbnailUrl":"https:\/\/eccoproducts.eu\/wp-content\/uploads\/2023\/03\/ECCOborders_betotop_uprofiel__1200x900.jpg","datePublished":"2023-03-13T15:38:44+00:00","description":"Aceste profile se fixeaz\u0103 singure, \u00eempiedic\u00e2nd deplasarea lor odat\u0103 instalate. Disponibile \u00een o\u021bel Inox sau Corten.","breadcrumb":{"@id":"https:\/\/eccoproducts.eu\/ro\/producten\/eccoborder-betotop-50-60\/#breadcrumb"},"inLanguage":"ro-RO","potentialAction":[{"@type":"ReadAction","target":["https:\/\/eccoproducts.eu\/ro\/producten\/eccoborder-betotop-50-60\/"]}]},{"@type":"ImageObject","inLanguage":"ro-RO","@id":"https:\/\/eccoproducts.eu\/ro\/producten\/eccoborder-betotop-50-60\/#primaryimage","url":"https:\/\/eccoproducts.eu\/wp-content\/uploads\/2023\/03\/ECCOborders_betotop_uprofiel__1200x900.jpg","contentUrl":"https:\/\/eccoproducts.eu\/wp-content\/uploads\/2023\/03\/ECCOborders_betotop_uprofiel__1200x900.jpg","width":1200,"height":900},{"@type":"BreadcrumbList","@id":"https:\/\/eccoproducts.eu\/ro\/producten\/eccoborder-betotop-50-60\/#breadcrumb","itemListElement":[{"@type":"ListItem","position":1,"name":"Home","item":"https:\/\/eccoproducts.eu\/ro\/"},{"@type":"ListItem","position":2,"name":"Produse","item":"https:\/\/eccoproducts.eu\/ro\/produse\/"},{"@type":"ListItem","position":3,"name":"ECCOborder Betotop 50 &amp; 60"}]},{"@type":"WebSite","@id":"https:\/\/eccoproducts.eu\/ro\/#website","url":"https:\/\/eccoproducts.eu\/ro\/","name":"ECCO Products","description":"","potentialAction":[{"@type":"SearchAction","target":{"@type":"EntryPoint","urlTemplate":"https:\/\/eccoproducts.eu\/ro\/?s={search_term_string}"},"query-input":{"@type":"PropertyValueSpecification","valueRequired":true,"valueName":"search_term_string"}}],"inLanguage":"ro-RO"}]}},"_links":{"self":[{"href":"https:\/\/eccoproducts.eu\/ro\/wp-json\/wp\/v2\/product\/12511","targetHints":{"allow":["GET"]}}],"collection":[{"href":"https:\/\/eccoproducts.eu\/ro\/wp-json\/wp\/v2\/product"}],"about":[{"href":"https:\/\/eccoproducts.eu\/ro\/wp-json\/wp\/v2\/types\/product"}],"replies":[{"embeddable":true,"href":"https:\/\/eccoproducts.eu\/ro\/wp-json\/wp\/v2\/comments?post=12511"}],"wp:featuredmedia":[{"embeddable":true,"href":"https:\/\/eccoproducts.eu\/ro\/wp-json\/wp\/v2\/media\/12512"}],"wp:attachment":[{"href":"https:\/\/eccoproducts.eu\/ro\/wp-json\/wp\/v2\/media?parent=12511"}],"wp:term":[{"taxonomy":"product_brand","embeddable":true,"href":"https:\/\/eccoproducts.eu\/ro\/wp-json\/wp\/v2\/product_brand?post=12511"},{"taxonomy":"product_cat","embeddable":true,"href":"https:\/\/eccoproducts.eu\/ro\/wp-json\/wp\/v2\/product_cat?post=12511"},{"taxonomy":"product_tag","embeddable":true,"href":"https:\/\/eccoproducts.eu\/ro\/wp-json\/wp\/v2\/product_tag?post=12511"}],"curies":[{"name":"wp","href":"https:\/\/api.w.org\/{rel}","templated":true}]}}