{"id":12483,"date":"2023-03-13T16:37:45","date_gmt":"2023-03-13T15:37:45","guid":{"rendered":"https:\/\/eccoproducts.eu\/producten\/ancorare-multi-profil\/"},"modified":"2023-03-13T16:37:45","modified_gmt":"2023-03-13T15:37:45","slug":"ancorare-multi-profil","status":"publish","type":"product","link":"https:\/\/eccoproducts.eu\/ro\/producten\/ancorare-multi-profil\/","title":{"rendered":"Ancorare multi-profil"},"content":{"rendered":"","protected":false},"excerpt":{"rendered":"<p>Ancorele Multi Profile au o lungime de 38 cm sau 58 cm \u0219i sunt fabricate dintr-un amestec de plastic reciclat.<br \/>\nSt\u00e2lpii Multi Profile au o ancorare \u0219i o stabilitate optime datorit\u0103 deplas\u0103rii alternative a solului.<\/p>\n<p>Multi Profile asigur\u0103 o ancorare ferm\u0103 \u0219i este potrivit pentru demarc\u0103ri \u00een toate tipurile de materiale.<\/p>\n","protected":false},"featured_media":12484,"comment_status":"open","ping_status":"closed","template":"","meta":{"_acf_changed":false,"inline_featured_image":false},"product_brand":[],"product_cat":[197],"product_tag":[],"class_list":{"0":"post-12483","1":"product","2":"type-product","3":"status-publish","4":"has-post-thumbnail","6":"product_cat-accesorii","8":"first","9":"instock","10":"shipping-taxable","11":"product-type-simple"},"acf":[],"yoast_head":"<!-- This site is optimized with the Yoast SEO plugin v25.9 - https:\/\/yoast.com\/wordpress\/plugins\/seo\/ -->\n<title>Ancorare multi-profil - ECCO Products<\/title>\n<meta name=\"description\" content=\"Ancorare solid\u0103 potrivit\u0103 pentru borduri din toate tipurile de materiale. Accent unic pentru gr\u0103dina dvs. \u0219i mediul exterior!\" \/>\n<meta name=\"robots\" content=\"index, follow, max-snippet:-1, max-image-preview:large, max-video-preview:-1\" \/>\n<link rel=\"canonical\" href=\"https:\/\/eccoproducts.eu\/ro\/producten\/ancorare-multi-profil\/\" \/>\n<meta property=\"og:locale\" content=\"ro_RO\" \/>\n<meta property=\"og:type\" content=\"article\" \/>\n<meta property=\"og:title\" content=\"Ancorare multi-profil - ECCO Products\" \/>\n<meta property=\"og:description\" content=\"Ancorare solid\u0103 potrivit\u0103 pentru borduri din toate tipurile de materiale. Accent unic pentru gr\u0103dina dvs. \u0219i mediul exterior!\" \/>\n<meta property=\"og:url\" content=\"https:\/\/eccoproducts.eu\/ro\/producten\/ancorare-multi-profil\/\" \/>\n<meta property=\"og:site_name\" content=\"ECCO Products\" \/>\n<meta property=\"og:image\" content=\"https:\/\/eccoproducts.eu\/wp-content\/uploads\/2023\/03\/Multi-Profile_5_1200x900.jpg\" \/>\n\t<meta property=\"og:image:width\" content=\"1200\" \/>\n\t<meta property=\"og:image:height\" content=\"900\" \/>\n\t<meta property=\"og:image:type\" content=\"image\/jpeg\" \/>\n<meta name=\"twitter:card\" content=\"summary_large_image\" \/>\n<script type=\"application\/ld+json\" class=\"yoast-schema-graph\">{\"@context\":\"https:\/\/schema.org\",\"@graph\":[{\"@type\":\"WebPage\",\"@id\":\"https:\/\/eccoproducts.eu\/ro\/producten\/ancorare-multi-profil\/\",\"url\":\"https:\/\/eccoproducts.eu\/ro\/producten\/ancorare-multi-profil\/\",\"name\":\"Ancorare multi-profil - ECCO Products\",\"isPartOf\":{\"@id\":\"https:\/\/eccoproducts.eu\/ro\/#website\"},\"primaryImageOfPage\":{\"@id\":\"https:\/\/eccoproducts.eu\/ro\/producten\/ancorare-multi-profil\/#primaryimage\"},\"image\":{\"@id\":\"https:\/\/eccoproducts.eu\/ro\/producten\/ancorare-multi-profil\/#primaryimage\"},\"thumbnailUrl\":\"https:\/\/eccoproducts.eu\/wp-content\/uploads\/2023\/03\/Multi-Profile_5_1200x900.jpg\",\"datePublished\":\"2023-03-13T15:37:45+00:00\",\"description\":\"Ancorare solid\u0103 potrivit\u0103 pentru borduri din toate tipurile de materiale. Accent unic pentru gr\u0103dina dvs. \u0219i mediul exterior!\",\"breadcrumb\":{\"@id\":\"https:\/\/eccoproducts.eu\/ro\/producten\/ancorare-multi-profil\/#breadcrumb\"},\"inLanguage\":\"ro-RO\",\"potentialAction\":[{\"@type\":\"ReadAction\",\"target\":[\"https:\/\/eccoproducts.eu\/ro\/producten\/ancorare-multi-profil\/\"]}]},{\"@type\":\"ImageObject\",\"inLanguage\":\"ro-RO\",\"@id\":\"https:\/\/eccoproducts.eu\/ro\/producten\/ancorare-multi-profil\/#primaryimage\",\"url\":\"https:\/\/eccoproducts.eu\/wp-content\/uploads\/2023\/03\/Multi-Profile_5_1200x900.jpg\",\"contentUrl\":\"https:\/\/eccoproducts.eu\/wp-content\/uploads\/2023\/03\/Multi-Profile_5_1200x900.jpg\",\"width\":1200,\"height\":900},{\"@type\":\"BreadcrumbList\",\"@id\":\"https:\/\/eccoproducts.eu\/ro\/producten\/ancorare-multi-profil\/#breadcrumb\",\"itemListElement\":[{\"@type\":\"ListItem\",\"position\":1,\"name\":\"Home\",\"item\":\"https:\/\/eccoproducts.eu\/ro\/\"},{\"@type\":\"ListItem\",\"position\":2,\"name\":\"Produse\",\"item\":\"https:\/\/eccoproducts.eu\/ro\/produse\/\"},{\"@type\":\"ListItem\",\"position\":3,\"name\":\"Ancorare multi-profil\"}]},{\"@type\":\"WebSite\",\"@id\":\"https:\/\/eccoproducts.eu\/ro\/#website\",\"url\":\"https:\/\/eccoproducts.eu\/ro\/\",\"name\":\"ECCO Products\",\"description\":\"\",\"potentialAction\":[{\"@type\":\"SearchAction\",\"target\":{\"@type\":\"EntryPoint\",\"urlTemplate\":\"https:\/\/eccoproducts.eu\/ro\/?s={search_term_string}\"},\"query-input\":{\"@type\":\"PropertyValueSpecification\",\"valueRequired\":true,\"valueName\":\"search_term_string\"}}],\"inLanguage\":\"ro-RO\"}]}<\/script>\n<!-- \/ Yoast SEO plugin. -->","yoast_head_json":{"title":"Ancorare multi-profil - ECCO Products","description":"Ancorare solid\u0103 potrivit\u0103 pentru borduri din toate tipurile de materiale. Accent unic pentru gr\u0103dina dvs. \u0219i mediul exterior!","robots":{"index":"index","follow":"follow","max-snippet":"max-snippet:-1","max-image-preview":"max-image-preview:large","max-video-preview":"max-video-preview:-1"},"canonical":"https:\/\/eccoproducts.eu\/ro\/producten\/ancorare-multi-profil\/","og_locale":"ro_RO","og_type":"article","og_title":"Ancorare multi-profil - ECCO Products","og_description":"Ancorare solid\u0103 potrivit\u0103 pentru borduri din toate tipurile de materiale. Accent unic pentru gr\u0103dina dvs. \u0219i mediul exterior!","og_url":"https:\/\/eccoproducts.eu\/ro\/producten\/ancorare-multi-profil\/","og_site_name":"ECCO Products","og_image":[{"width":1200,"height":900,"url":"https:\/\/eccoproducts.eu\/wp-content\/uploads\/2023\/03\/Multi-Profile_5_1200x900.jpg","type":"image\/jpeg"}],"twitter_card":"summary_large_image","schema":{"@context":"https:\/\/schema.org","@graph":[{"@type":"WebPage","@id":"https:\/\/eccoproducts.eu\/ro\/producten\/ancorare-multi-profil\/","url":"https:\/\/eccoproducts.eu\/ro\/producten\/ancorare-multi-profil\/","name":"Ancorare multi-profil - ECCO Products","isPartOf":{"@id":"https:\/\/eccoproducts.eu\/ro\/#website"},"primaryImageOfPage":{"@id":"https:\/\/eccoproducts.eu\/ro\/producten\/ancorare-multi-profil\/#primaryimage"},"image":{"@id":"https:\/\/eccoproducts.eu\/ro\/producten\/ancorare-multi-profil\/#primaryimage"},"thumbnailUrl":"https:\/\/eccoproducts.eu\/wp-content\/uploads\/2023\/03\/Multi-Profile_5_1200x900.jpg","datePublished":"2023-03-13T15:37:45+00:00","description":"Ancorare solid\u0103 potrivit\u0103 pentru borduri din toate tipurile de materiale. Accent unic pentru gr\u0103dina dvs. \u0219i mediul exterior!","breadcrumb":{"@id":"https:\/\/eccoproducts.eu\/ro\/producten\/ancorare-multi-profil\/#breadcrumb"},"inLanguage":"ro-RO","potentialAction":[{"@type":"ReadAction","target":["https:\/\/eccoproducts.eu\/ro\/producten\/ancorare-multi-profil\/"]}]},{"@type":"ImageObject","inLanguage":"ro-RO","@id":"https:\/\/eccoproducts.eu\/ro\/producten\/ancorare-multi-profil\/#primaryimage","url":"https:\/\/eccoproducts.eu\/wp-content\/uploads\/2023\/03\/Multi-Profile_5_1200x900.jpg","contentUrl":"https:\/\/eccoproducts.eu\/wp-content\/uploads\/2023\/03\/Multi-Profile_5_1200x900.jpg","width":1200,"height":900},{"@type":"BreadcrumbList","@id":"https:\/\/eccoproducts.eu\/ro\/producten\/ancorare-multi-profil\/#breadcrumb","itemListElement":[{"@type":"ListItem","position":1,"name":"Home","item":"https:\/\/eccoproducts.eu\/ro\/"},{"@type":"ListItem","position":2,"name":"Produse","item":"https:\/\/eccoproducts.eu\/ro\/produse\/"},{"@type":"ListItem","position":3,"name":"Ancorare multi-profil"}]},{"@type":"WebSite","@id":"https:\/\/eccoproducts.eu\/ro\/#website","url":"https:\/\/eccoproducts.eu\/ro\/","name":"ECCO Products","description":"","potentialAction":[{"@type":"SearchAction","target":{"@type":"EntryPoint","urlTemplate":"https:\/\/eccoproducts.eu\/ro\/?s={search_term_string}"},"query-input":{"@type":"PropertyValueSpecification","valueRequired":true,"valueName":"search_term_string"}}],"inLanguage":"ro-RO"}]}},"_links":{"self":[{"href":"https:\/\/eccoproducts.eu\/ro\/wp-json\/wp\/v2\/product\/12483","targetHints":{"allow":["GET"]}}],"collection":[{"href":"https:\/\/eccoproducts.eu\/ro\/wp-json\/wp\/v2\/product"}],"about":[{"href":"https:\/\/eccoproducts.eu\/ro\/wp-json\/wp\/v2\/types\/product"}],"replies":[{"embeddable":true,"href":"https:\/\/eccoproducts.eu\/ro\/wp-json\/wp\/v2\/comments?post=12483"}],"wp:featuredmedia":[{"embeddable":true,"href":"https:\/\/eccoproducts.eu\/ro\/wp-json\/wp\/v2\/media\/12484"}],"wp:attachment":[{"href":"https:\/\/eccoproducts.eu\/ro\/wp-json\/wp\/v2\/media?parent=12483"}],"wp:term":[{"taxonomy":"product_brand","embeddable":true,"href":"https:\/\/eccoproducts.eu\/ro\/wp-json\/wp\/v2\/product_brand?post=12483"},{"taxonomy":"product_cat","embeddable":true,"href":"https:\/\/eccoproducts.eu\/ro\/wp-json\/wp\/v2\/product_cat?post=12483"},{"taxonomy":"product_tag","embeddable":true,"href":"https:\/\/eccoproducts.eu\/ro\/wp-json\/wp\/v2\/product_tag?post=12483"}],"curies":[{"name":"wp","href":"https:\/\/api.w.org\/{rel}","templated":true}]}}