{"id":12460,"date":"2023-03-13T16:48:37","date_gmt":"2023-03-13T15:48:37","guid":{"rendered":"https:\/\/eccoproducts.eu\/producten\/eccofence-alubox\/"},"modified":"2023-03-13T16:48:37","modified_gmt":"2023-03-13T15:48:37","slug":"eccofence-alubox","status":"publish","type":"product","link":"https:\/\/eccoproducts.eu\/ro\/producten\/eccofence-alubox\/","title":{"rendered":"ECCOfence Alubox"},"content":{"rendered":"","protected":false},"excerpt":{"rendered":"<p><strong>Gabioanele din piatr\u0103<\/strong> &#8211; cunoscute \u0219i ca gabioane sau gabioane &#8211; sunt o alternativ\u0103 pl\u0103cut\u0103 la un gard tradi\u021bional sau la un gard plictisitor. Ad\u0103uga\u021bi grandoare gr\u0103dinii sau proiectului dvs. \u00een aer liber cu gabioanele de piatr\u0103 ECCOfence\u00ae! Gabioanele noastre moderne \u0219i decorative din piatr\u0103 combin\u0103 perfect materialele naturale cu designul curat. A\u0219a cum orice oper\u0103 de art\u0103 merit\u0103 o ram\u0103 frumoas\u0103, \u0219i gr\u0103dina dvs. are dreptul la un gabion de piatr\u0103 ECCOfence\u00ae.   <\/p>\n","protected":false},"featured_media":12467,"comment_status":"open","ping_status":"closed","template":"","meta":{"_acf_changed":false,"inline_featured_image":false},"product_brand":[],"product_cat":[15],"product_tag":[],"class_list":{"0":"post-12460","1":"product","2":"type-product","3":"status-publish","4":"has-post-thumbnail","6":"product_cat-geen-categorie","8":"first","9":"instock","10":"shipping-taxable","11":"product-type-simple"},"acf":[],"yoast_head":"<!-- This site is optimized with the Yoast SEO plugin v25.9 - https:\/\/yoast.com\/wordpress\/plugins\/seo\/ -->\n<title>ECCOfence Alubox - ECCO Products<\/title>\n<meta name=\"description\" content=\"Gabioanele de piatr\u0103 - numite \u0219i gabioane sau gabioane - sunt o alternativ\u0103 pl\u0103cut\u0103 la un gard viu tradi\u021bional sau la un gard plictisitor.\" \/>\n<meta name=\"robots\" content=\"index, follow, max-snippet:-1, max-image-preview:large, max-video-preview:-1\" \/>\n<link rel=\"canonical\" href=\"https:\/\/eccoproducts.eu\/ro\/producten\/eccofence-alubox\/\" \/>\n<meta property=\"og:locale\" content=\"ro_RO\" \/>\n<meta property=\"og:type\" content=\"article\" \/>\n<meta property=\"og:title\" content=\"ECCOfence Alubox - ECCO Products\" \/>\n<meta property=\"og:description\" content=\"Gabioanele de piatr\u0103 - numite \u0219i gabioane sau gabioane - sunt o alternativ\u0103 pl\u0103cut\u0103 la un gard viu tradi\u021bional sau la un gard plictisitor.\" \/>\n<meta property=\"og:url\" content=\"https:\/\/eccoproducts.eu\/ro\/producten\/eccofence-alubox\/\" \/>\n<meta property=\"og:site_name\" content=\"ECCO Products\" \/>\n<meta property=\"og:image\" content=\"https:\/\/eccoproducts.eu\/wp-content\/uploads\/2023\/03\/ECCOfence-Alubox_4_1200x900-1.jpg\" \/>\n\t<meta property=\"og:image:width\" content=\"1200\" \/>\n\t<meta property=\"og:image:height\" content=\"900\" \/>\n\t<meta property=\"og:image:type\" content=\"image\/jpeg\" \/>\n<meta name=\"twitter:card\" content=\"summary_large_image\" \/>\n<script type=\"application\/ld+json\" class=\"yoast-schema-graph\">{\"@context\":\"https:\/\/schema.org\",\"@graph\":[{\"@type\":\"WebPage\",\"@id\":\"https:\/\/eccoproducts.eu\/ro\/producten\/eccofence-alubox\/\",\"url\":\"https:\/\/eccoproducts.eu\/ro\/producten\/eccofence-alubox\/\",\"name\":\"ECCOfence Alubox - ECCO Products\",\"isPartOf\":{\"@id\":\"https:\/\/eccoproducts.eu\/ro\/#website\"},\"primaryImageOfPage\":{\"@id\":\"https:\/\/eccoproducts.eu\/ro\/producten\/eccofence-alubox\/#primaryimage\"},\"image\":{\"@id\":\"https:\/\/eccoproducts.eu\/ro\/producten\/eccofence-alubox\/#primaryimage\"},\"thumbnailUrl\":\"https:\/\/eccoproducts.eu\/wp-content\/uploads\/2023\/03\/ECCOfence-Alubox_4_1200x900-1.jpg\",\"datePublished\":\"2023-03-13T15:48:37+00:00\",\"description\":\"Gabioanele de piatr\u0103 - numite \u0219i gabioane sau gabioane - sunt o alternativ\u0103 pl\u0103cut\u0103 la un gard viu tradi\u021bional sau la un gard plictisitor.\",\"breadcrumb\":{\"@id\":\"https:\/\/eccoproducts.eu\/ro\/producten\/eccofence-alubox\/#breadcrumb\"},\"inLanguage\":\"ro-RO\",\"potentialAction\":[{\"@type\":\"ReadAction\",\"target\":[\"https:\/\/eccoproducts.eu\/ro\/producten\/eccofence-alubox\/\"]}]},{\"@type\":\"ImageObject\",\"inLanguage\":\"ro-RO\",\"@id\":\"https:\/\/eccoproducts.eu\/ro\/producten\/eccofence-alubox\/#primaryimage\",\"url\":\"https:\/\/eccoproducts.eu\/wp-content\/uploads\/2023\/03\/ECCOfence-Alubox_4_1200x900-1.jpg\",\"contentUrl\":\"https:\/\/eccoproducts.eu\/wp-content\/uploads\/2023\/03\/ECCOfence-Alubox_4_1200x900-1.jpg\",\"width\":1200,\"height\":900},{\"@type\":\"BreadcrumbList\",\"@id\":\"https:\/\/eccoproducts.eu\/ro\/producten\/eccofence-alubox\/#breadcrumb\",\"itemListElement\":[{\"@type\":\"ListItem\",\"position\":1,\"name\":\"Home\",\"item\":\"https:\/\/eccoproducts.eu\/ro\/\"},{\"@type\":\"ListItem\",\"position\":2,\"name\":\"Produse\",\"item\":\"https:\/\/eccoproducts.eu\/ro\/produse\/\"},{\"@type\":\"ListItem\",\"position\":3,\"name\":\"ECCOfence Alubox\"}]},{\"@type\":\"WebSite\",\"@id\":\"https:\/\/eccoproducts.eu\/ro\/#website\",\"url\":\"https:\/\/eccoproducts.eu\/ro\/\",\"name\":\"ECCO Products\",\"description\":\"\",\"potentialAction\":[{\"@type\":\"SearchAction\",\"target\":{\"@type\":\"EntryPoint\",\"urlTemplate\":\"https:\/\/eccoproducts.eu\/ro\/?s={search_term_string}\"},\"query-input\":{\"@type\":\"PropertyValueSpecification\",\"valueRequired\":true,\"valueName\":\"search_term_string\"}}],\"inLanguage\":\"ro-RO\"}]}<\/script>\n<!-- \/ Yoast SEO plugin. -->","yoast_head_json":{"title":"ECCOfence Alubox - ECCO Products","description":"Gabioanele de piatr\u0103 - numite \u0219i gabioane sau gabioane - sunt o alternativ\u0103 pl\u0103cut\u0103 la un gard viu tradi\u021bional sau la un gard plictisitor.","robots":{"index":"index","follow":"follow","max-snippet":"max-snippet:-1","max-image-preview":"max-image-preview:large","max-video-preview":"max-video-preview:-1"},"canonical":"https:\/\/eccoproducts.eu\/ro\/producten\/eccofence-alubox\/","og_locale":"ro_RO","og_type":"article","og_title":"ECCOfence Alubox - ECCO Products","og_description":"Gabioanele de piatr\u0103 - numite \u0219i gabioane sau gabioane - sunt o alternativ\u0103 pl\u0103cut\u0103 la un gard viu tradi\u021bional sau la un gard plictisitor.","og_url":"https:\/\/eccoproducts.eu\/ro\/producten\/eccofence-alubox\/","og_site_name":"ECCO Products","og_image":[{"width":1200,"height":900,"url":"https:\/\/eccoproducts.eu\/wp-content\/uploads\/2023\/03\/ECCOfence-Alubox_4_1200x900-1.jpg","type":"image\/jpeg"}],"twitter_card":"summary_large_image","schema":{"@context":"https:\/\/schema.org","@graph":[{"@type":"WebPage","@id":"https:\/\/eccoproducts.eu\/ro\/producten\/eccofence-alubox\/","url":"https:\/\/eccoproducts.eu\/ro\/producten\/eccofence-alubox\/","name":"ECCOfence Alubox - ECCO Products","isPartOf":{"@id":"https:\/\/eccoproducts.eu\/ro\/#website"},"primaryImageOfPage":{"@id":"https:\/\/eccoproducts.eu\/ro\/producten\/eccofence-alubox\/#primaryimage"},"image":{"@id":"https:\/\/eccoproducts.eu\/ro\/producten\/eccofence-alubox\/#primaryimage"},"thumbnailUrl":"https:\/\/eccoproducts.eu\/wp-content\/uploads\/2023\/03\/ECCOfence-Alubox_4_1200x900-1.jpg","datePublished":"2023-03-13T15:48:37+00:00","description":"Gabioanele de piatr\u0103 - numite \u0219i gabioane sau gabioane - sunt o alternativ\u0103 pl\u0103cut\u0103 la un gard viu tradi\u021bional sau la un gard plictisitor.","breadcrumb":{"@id":"https:\/\/eccoproducts.eu\/ro\/producten\/eccofence-alubox\/#breadcrumb"},"inLanguage":"ro-RO","potentialAction":[{"@type":"ReadAction","target":["https:\/\/eccoproducts.eu\/ro\/producten\/eccofence-alubox\/"]}]},{"@type":"ImageObject","inLanguage":"ro-RO","@id":"https:\/\/eccoproducts.eu\/ro\/producten\/eccofence-alubox\/#primaryimage","url":"https:\/\/eccoproducts.eu\/wp-content\/uploads\/2023\/03\/ECCOfence-Alubox_4_1200x900-1.jpg","contentUrl":"https:\/\/eccoproducts.eu\/wp-content\/uploads\/2023\/03\/ECCOfence-Alubox_4_1200x900-1.jpg","width":1200,"height":900},{"@type":"BreadcrumbList","@id":"https:\/\/eccoproducts.eu\/ro\/producten\/eccofence-alubox\/#breadcrumb","itemListElement":[{"@type":"ListItem","position":1,"name":"Home","item":"https:\/\/eccoproducts.eu\/ro\/"},{"@type":"ListItem","position":2,"name":"Produse","item":"https:\/\/eccoproducts.eu\/ro\/produse\/"},{"@type":"ListItem","position":3,"name":"ECCOfence Alubox"}]},{"@type":"WebSite","@id":"https:\/\/eccoproducts.eu\/ro\/#website","url":"https:\/\/eccoproducts.eu\/ro\/","name":"ECCO Products","description":"","potentialAction":[{"@type":"SearchAction","target":{"@type":"EntryPoint","urlTemplate":"https:\/\/eccoproducts.eu\/ro\/?s={search_term_string}"},"query-input":{"@type":"PropertyValueSpecification","valueRequired":true,"valueName":"search_term_string"}}],"inLanguage":"ro-RO"}]}},"_links":{"self":[{"href":"https:\/\/eccoproducts.eu\/ro\/wp-json\/wp\/v2\/product\/12460","targetHints":{"allow":["GET"]}}],"collection":[{"href":"https:\/\/eccoproducts.eu\/ro\/wp-json\/wp\/v2\/product"}],"about":[{"href":"https:\/\/eccoproducts.eu\/ro\/wp-json\/wp\/v2\/types\/product"}],"replies":[{"embeddable":true,"href":"https:\/\/eccoproducts.eu\/ro\/wp-json\/wp\/v2\/comments?post=12460"}],"wp:featuredmedia":[{"embeddable":true,"href":"https:\/\/eccoproducts.eu\/ro\/wp-json\/wp\/v2\/media\/12467"}],"wp:attachment":[{"href":"https:\/\/eccoproducts.eu\/ro\/wp-json\/wp\/v2\/media?parent=12460"}],"wp:term":[{"taxonomy":"product_brand","embeddable":true,"href":"https:\/\/eccoproducts.eu\/ro\/wp-json\/wp\/v2\/product_brand?post=12460"},{"taxonomy":"product_cat","embeddable":true,"href":"https:\/\/eccoproducts.eu\/ro\/wp-json\/wp\/v2\/product_cat?post=12460"},{"taxonomy":"product_tag","embeddable":true,"href":"https:\/\/eccoproducts.eu\/ro\/wp-json\/wp\/v2\/product_tag?post=12460"}],"curies":[{"name":"wp","href":"https:\/\/api.w.org\/{rel}","templated":true}]}}