{"id":12459,"date":"2023-03-13T16:30:00","date_gmt":"2023-03-13T15:30:00","guid":{"rendered":"https:\/\/eccoproducts.eu\/producten\/eccoborder-metalflex\/"},"modified":"2023-03-13T16:30:00","modified_gmt":"2023-03-13T15:30:00","slug":"eccoborder-metalflex","status":"publish","type":"product","link":"https:\/\/eccoproducts.eu\/ro\/producten\/eccoborder-metalflex\/","title":{"rendered":"ECCOborder Metalflex"},"content":{"rendered":"","protected":false},"excerpt":{"rendered":"<p>Cu Metalflex, v\u0103 asigura\u021bi un finisaj perfect \u0219i subtil al proiectului dumneavoastr\u0103. Flexibilitatea sa permite ca Metalflex s\u0103 fie utilizat \u00een unghiuri drepte \u0219i forme \u00eenclinate. Partea superioar\u0103 curbat\u0103 garanteaz\u0103 o siguran\u021b\u0103 optim\u0103. Metalflex este bordul ideal pentru proiectele cu pietri\u0219 ECCO, printre altele. Metalflex este fabricat din materiale de cea mai bun\u0103 calitate, asigur\u00e2nd o durabilitate excelent\u0103. \u00cen plus, aceast\u0103 bordur\u0103 este rapid \u0219i u\u0219or de instalat.     <\/p>\n","protected":false},"featured_media":12461,"comment_status":"open","ping_status":"closed","template":"","meta":{"_acf_changed":false,"inline_featured_image":false},"product_brand":[],"product_cat":[200],"product_tag":[],"class_list":{"0":"post-12459","1":"product","2":"type-product","3":"status-publish","4":"has-post-thumbnail","6":"product_cat-borduri-de-gradina","8":"first","9":"instock","10":"shipping-taxable","11":"product-type-simple"},"acf":[],"yoast_head":"<!-- This site is optimized with the Yoast SEO plugin v25.9 - https:\/\/yoast.com\/wordpress\/plugins\/seo\/ -->\n<title>ECCOborder Metalflex - ECCO Products<\/title>\n<meta name=\"description\" content=\"Metalflex asigur\u0103 o finisare perfect\u0103 \u0219i subtil\u0103 a proiectului dumneavoastr\u0103. Flexibilitatea sa este util\u0103 at\u00e2t \u00een unghiuri drepte, c\u00e2t \u0219i \u00een forme \u00eenclinate!\" \/>\n<meta name=\"robots\" content=\"index, follow, max-snippet:-1, max-image-preview:large, max-video-preview:-1\" \/>\n<link rel=\"canonical\" href=\"https:\/\/eccoproducts.eu\/ro\/producten\/eccoborder-metalflex\/\" \/>\n<meta property=\"og:locale\" content=\"ro_RO\" \/>\n<meta property=\"og:type\" content=\"article\" \/>\n<meta property=\"og:title\" content=\"ECCOborder Metalflex - ECCO Products\" \/>\n<meta property=\"og:description\" content=\"Metalflex asigur\u0103 o finisare perfect\u0103 \u0219i subtil\u0103 a proiectului dumneavoastr\u0103. Flexibilitatea sa este util\u0103 at\u00e2t \u00een unghiuri drepte, c\u00e2t \u0219i \u00een forme \u00eenclinate!\" \/>\n<meta property=\"og:url\" content=\"https:\/\/eccoproducts.eu\/ro\/producten\/eccoborder-metalflex\/\" \/>\n<meta property=\"og:site_name\" content=\"ECCO Products\" \/>\n<meta property=\"og:image\" content=\"https:\/\/eccoproducts.eu\/wp-content\/uploads\/2023\/03\/ECCOBorders_Metalflex_1080x1080-e1752764122830.jpg\" \/>\n\t<meta property=\"og:image:width\" content=\"1080\" \/>\n\t<meta property=\"og:image:height\" content=\"805\" \/>\n\t<meta property=\"og:image:type\" content=\"image\/jpeg\" \/>\n<meta name=\"twitter:card\" content=\"summary_large_image\" \/>\n<script type=\"application\/ld+json\" class=\"yoast-schema-graph\">{\"@context\":\"https:\/\/schema.org\",\"@graph\":[{\"@type\":\"WebPage\",\"@id\":\"https:\/\/eccoproducts.eu\/ro\/producten\/eccoborder-metalflex\/\",\"url\":\"https:\/\/eccoproducts.eu\/ro\/producten\/eccoborder-metalflex\/\",\"name\":\"ECCOborder Metalflex - ECCO Products\",\"isPartOf\":{\"@id\":\"https:\/\/eccoproducts.eu\/ro\/#website\"},\"primaryImageOfPage\":{\"@id\":\"https:\/\/eccoproducts.eu\/ro\/producten\/eccoborder-metalflex\/#primaryimage\"},\"image\":{\"@id\":\"https:\/\/eccoproducts.eu\/ro\/producten\/eccoborder-metalflex\/#primaryimage\"},\"thumbnailUrl\":\"https:\/\/eccoproducts.eu\/wp-content\/uploads\/2023\/03\/ECCOBorders_Metalflex_1080x1080-e1752764122830.jpg\",\"datePublished\":\"2023-03-13T15:30:00+00:00\",\"description\":\"Metalflex asigur\u0103 o finisare perfect\u0103 \u0219i subtil\u0103 a proiectului dumneavoastr\u0103. Flexibilitatea sa este util\u0103 at\u00e2t \u00een unghiuri drepte, c\u00e2t \u0219i \u00een forme \u00eenclinate!\",\"breadcrumb\":{\"@id\":\"https:\/\/eccoproducts.eu\/ro\/producten\/eccoborder-metalflex\/#breadcrumb\"},\"inLanguage\":\"ro-RO\",\"potentialAction\":[{\"@type\":\"ReadAction\",\"target\":[\"https:\/\/eccoproducts.eu\/ro\/producten\/eccoborder-metalflex\/\"]}]},{\"@type\":\"ImageObject\",\"inLanguage\":\"ro-RO\",\"@id\":\"https:\/\/eccoproducts.eu\/ro\/producten\/eccoborder-metalflex\/#primaryimage\",\"url\":\"https:\/\/eccoproducts.eu\/wp-content\/uploads\/2023\/03\/ECCOBorders_Metalflex_1080x1080-e1752764122830.jpg\",\"contentUrl\":\"https:\/\/eccoproducts.eu\/wp-content\/uploads\/2023\/03\/ECCOBorders_Metalflex_1080x1080-e1752764122830.jpg\",\"width\":1080,\"height\":805},{\"@type\":\"BreadcrumbList\",\"@id\":\"https:\/\/eccoproducts.eu\/ro\/producten\/eccoborder-metalflex\/#breadcrumb\",\"itemListElement\":[{\"@type\":\"ListItem\",\"position\":1,\"name\":\"Home\",\"item\":\"https:\/\/eccoproducts.eu\/ro\/\"},{\"@type\":\"ListItem\",\"position\":2,\"name\":\"Produse\",\"item\":\"https:\/\/eccoproducts.eu\/ro\/produse\/\"},{\"@type\":\"ListItem\",\"position\":3,\"name\":\"ECCOborder Metalflex\"}]},{\"@type\":\"WebSite\",\"@id\":\"https:\/\/eccoproducts.eu\/ro\/#website\",\"url\":\"https:\/\/eccoproducts.eu\/ro\/\",\"name\":\"ECCO Products\",\"description\":\"\",\"potentialAction\":[{\"@type\":\"SearchAction\",\"target\":{\"@type\":\"EntryPoint\",\"urlTemplate\":\"https:\/\/eccoproducts.eu\/ro\/?s={search_term_string}\"},\"query-input\":{\"@type\":\"PropertyValueSpecification\",\"valueRequired\":true,\"valueName\":\"search_term_string\"}}],\"inLanguage\":\"ro-RO\"}]}<\/script>\n<!-- \/ Yoast SEO plugin. -->","yoast_head_json":{"title":"ECCOborder Metalflex - ECCO Products","description":"Metalflex asigur\u0103 o finisare perfect\u0103 \u0219i subtil\u0103 a proiectului dumneavoastr\u0103. Flexibilitatea sa este util\u0103 at\u00e2t \u00een unghiuri drepte, c\u00e2t \u0219i \u00een forme \u00eenclinate!","robots":{"index":"index","follow":"follow","max-snippet":"max-snippet:-1","max-image-preview":"max-image-preview:large","max-video-preview":"max-video-preview:-1"},"canonical":"https:\/\/eccoproducts.eu\/ro\/producten\/eccoborder-metalflex\/","og_locale":"ro_RO","og_type":"article","og_title":"ECCOborder Metalflex - ECCO Products","og_description":"Metalflex asigur\u0103 o finisare perfect\u0103 \u0219i subtil\u0103 a proiectului dumneavoastr\u0103. Flexibilitatea sa este util\u0103 at\u00e2t \u00een unghiuri drepte, c\u00e2t \u0219i \u00een forme \u00eenclinate!","og_url":"https:\/\/eccoproducts.eu\/ro\/producten\/eccoborder-metalflex\/","og_site_name":"ECCO Products","og_image":[{"width":1080,"height":805,"url":"https:\/\/eccoproducts.eu\/wp-content\/uploads\/2023\/03\/ECCOBorders_Metalflex_1080x1080-e1752764122830.jpg","type":"image\/jpeg"}],"twitter_card":"summary_large_image","schema":{"@context":"https:\/\/schema.org","@graph":[{"@type":"WebPage","@id":"https:\/\/eccoproducts.eu\/ro\/producten\/eccoborder-metalflex\/","url":"https:\/\/eccoproducts.eu\/ro\/producten\/eccoborder-metalflex\/","name":"ECCOborder Metalflex - ECCO Products","isPartOf":{"@id":"https:\/\/eccoproducts.eu\/ro\/#website"},"primaryImageOfPage":{"@id":"https:\/\/eccoproducts.eu\/ro\/producten\/eccoborder-metalflex\/#primaryimage"},"image":{"@id":"https:\/\/eccoproducts.eu\/ro\/producten\/eccoborder-metalflex\/#primaryimage"},"thumbnailUrl":"https:\/\/eccoproducts.eu\/wp-content\/uploads\/2023\/03\/ECCOBorders_Metalflex_1080x1080-e1752764122830.jpg","datePublished":"2023-03-13T15:30:00+00:00","description":"Metalflex asigur\u0103 o finisare perfect\u0103 \u0219i subtil\u0103 a proiectului dumneavoastr\u0103. Flexibilitatea sa este util\u0103 at\u00e2t \u00een unghiuri drepte, c\u00e2t \u0219i \u00een forme \u00eenclinate!","breadcrumb":{"@id":"https:\/\/eccoproducts.eu\/ro\/producten\/eccoborder-metalflex\/#breadcrumb"},"inLanguage":"ro-RO","potentialAction":[{"@type":"ReadAction","target":["https:\/\/eccoproducts.eu\/ro\/producten\/eccoborder-metalflex\/"]}]},{"@type":"ImageObject","inLanguage":"ro-RO","@id":"https:\/\/eccoproducts.eu\/ro\/producten\/eccoborder-metalflex\/#primaryimage","url":"https:\/\/eccoproducts.eu\/wp-content\/uploads\/2023\/03\/ECCOBorders_Metalflex_1080x1080-e1752764122830.jpg","contentUrl":"https:\/\/eccoproducts.eu\/wp-content\/uploads\/2023\/03\/ECCOBorders_Metalflex_1080x1080-e1752764122830.jpg","width":1080,"height":805},{"@type":"BreadcrumbList","@id":"https:\/\/eccoproducts.eu\/ro\/producten\/eccoborder-metalflex\/#breadcrumb","itemListElement":[{"@type":"ListItem","position":1,"name":"Home","item":"https:\/\/eccoproducts.eu\/ro\/"},{"@type":"ListItem","position":2,"name":"Produse","item":"https:\/\/eccoproducts.eu\/ro\/produse\/"},{"@type":"ListItem","position":3,"name":"ECCOborder Metalflex"}]},{"@type":"WebSite","@id":"https:\/\/eccoproducts.eu\/ro\/#website","url":"https:\/\/eccoproducts.eu\/ro\/","name":"ECCO Products","description":"","potentialAction":[{"@type":"SearchAction","target":{"@type":"EntryPoint","urlTemplate":"https:\/\/eccoproducts.eu\/ro\/?s={search_term_string}"},"query-input":{"@type":"PropertyValueSpecification","valueRequired":true,"valueName":"search_term_string"}}],"inLanguage":"ro-RO"}]}},"_links":{"self":[{"href":"https:\/\/eccoproducts.eu\/ro\/wp-json\/wp\/v2\/product\/12459","targetHints":{"allow":["GET"]}}],"collection":[{"href":"https:\/\/eccoproducts.eu\/ro\/wp-json\/wp\/v2\/product"}],"about":[{"href":"https:\/\/eccoproducts.eu\/ro\/wp-json\/wp\/v2\/types\/product"}],"replies":[{"embeddable":true,"href":"https:\/\/eccoproducts.eu\/ro\/wp-json\/wp\/v2\/comments?post=12459"}],"wp:featuredmedia":[{"embeddable":true,"href":"https:\/\/eccoproducts.eu\/ro\/wp-json\/wp\/v2\/media\/12461"}],"wp:attachment":[{"href":"https:\/\/eccoproducts.eu\/ro\/wp-json\/wp\/v2\/media?parent=12459"}],"wp:term":[{"taxonomy":"product_brand","embeddable":true,"href":"https:\/\/eccoproducts.eu\/ro\/wp-json\/wp\/v2\/product_brand?post=12459"},{"taxonomy":"product_cat","embeddable":true,"href":"https:\/\/eccoproducts.eu\/ro\/wp-json\/wp\/v2\/product_cat?post=12459"},{"taxonomy":"product_tag","embeddable":true,"href":"https:\/\/eccoproducts.eu\/ro\/wp-json\/wp\/v2\/product_tag?post=12459"}],"curies":[{"name":"wp","href":"https:\/\/api.w.org\/{rel}","templated":true}]}}