{"id":12416,"date":"2023-03-13T16:39:46","date_gmt":"2023-03-13T15:39:46","guid":{"rendered":"https:\/\/eccoproducts.eu\/producten\/copac-de-frontiera-cercuri-de-copac\/"},"modified":"2023-03-13T16:39:46","modified_gmt":"2023-03-13T15:39:46","slug":"copac-de-frontiera-cercuri-de-copac","status":"publish","type":"product","link":"https:\/\/eccoproducts.eu\/ro\/producten\/copac-de-frontiera-cercuri-de-copac\/","title":{"rendered":"Copac de frontier\u0103 Cercuri de copac"},"content":{"rendered":"","protected":false},"excerpt":{"rendered":"<p><strong>ECCO Tree Borders<\/strong> sunt margini\/cercuri de copaci de \u00eenalt\u0103 calitate din o\u021bel Corten care ofer\u0103 copacului dvs. accentul pe care \u00eel merit\u0103.<\/p>\n<p>Nu numai c\u0103 bordurile pentru copaci ofer\u0103 un <strong>accent estetic pl\u0103cut, dar<\/strong> sunt \u0219i u\u0219or de instalat \u00een trei pa\u0219i convenabili.<\/p>\n<p>De asemenea, \u00eentre\u021binerea copacilor dvs. devine mult mai convenabil\u0103 datorit\u0103 utiliz\u0103rii bordurilor ECCO Tree Borders. Acestea previn deteriorarea scoar\u021bei \u0219i formarea buruienilor \u00een jurul trunchiului. <\/p>\n<p>Bordurile ECCO Tree sunt disponibile \u00een <strong>trei dimensiuni.<\/strong><\/p>\n","protected":false},"featured_media":12420,"comment_status":"open","ping_status":"closed","template":"","meta":{"_acf_changed":false,"inline_featured_image":false},"product_brand":[],"product_cat":[15],"product_tag":[],"class_list":{"0":"post-12416","1":"product","2":"type-product","3":"status-publish","4":"has-post-thumbnail","6":"product_cat-geen-categorie","8":"first","9":"instock","10":"shipping-taxable","11":"product-type-simple"},"acf":[],"yoast_head":"<!-- This site is optimized with the Yoast SEO plugin v25.9 - https:\/\/yoast.com\/wordpress\/plugins\/seo\/ -->\n<title>Copac de frontier\u0103 Cercuri de copac - ECCO Products<\/title>\n<meta name=\"description\" content=\"Margini\/cercuri de calitate pentru copaci din o\u021bel Cor-ten care ofer\u0103 copacului dvs. accentul pe care \u00eel merit\u0103. Protejeaz\u0103 \u0219i r\u0103d\u0103cinile copacului \u00een acest fel!\" \/>\n<meta name=\"robots\" content=\"index, follow, max-snippet:-1, max-image-preview:large, max-video-preview:-1\" \/>\n<link rel=\"canonical\" href=\"https:\/\/eccoproducts.eu\/ro\/producten\/copac-de-frontiera-cercuri-de-copac\/\" \/>\n<meta property=\"og:locale\" content=\"ro_RO\" \/>\n<meta property=\"og:type\" content=\"article\" \/>\n<meta property=\"og:title\" content=\"Copac de frontier\u0103 Cercuri de copac - ECCO Products\" \/>\n<meta property=\"og:description\" content=\"Margini\/cercuri de calitate pentru copaci din o\u021bel Cor-ten care ofer\u0103 copacului dvs. accentul pe care \u00eel merit\u0103. Protejeaz\u0103 \u0219i r\u0103d\u0103cinile copacului \u00een acest fel!\" \/>\n<meta property=\"og:url\" content=\"https:\/\/eccoproducts.eu\/ro\/producten\/copac-de-frontiera-cercuri-de-copac\/\" \/>\n<meta property=\"og:site_name\" content=\"ECCO Products\" \/>\n<meta property=\"og:image\" content=\"https:\/\/eccoproducts.eu\/wp-content\/uploads\/2023\/03\/Tree-Border-Boomcirkel_4_1200x900.jpg\" \/>\n\t<meta property=\"og:image:width\" content=\"1200\" \/>\n\t<meta property=\"og:image:height\" content=\"900\" \/>\n\t<meta property=\"og:image:type\" content=\"image\/jpeg\" \/>\n<meta name=\"twitter:card\" content=\"summary_large_image\" \/>\n<script type=\"application\/ld+json\" class=\"yoast-schema-graph\">{\"@context\":\"https:\/\/schema.org\",\"@graph\":[{\"@type\":\"WebPage\",\"@id\":\"https:\/\/eccoproducts.eu\/ro\/producten\/copac-de-frontiera-cercuri-de-copac\/\",\"url\":\"https:\/\/eccoproducts.eu\/ro\/producten\/copac-de-frontiera-cercuri-de-copac\/\",\"name\":\"Copac de frontier\u0103 Cercuri de copac - ECCO Products\",\"isPartOf\":{\"@id\":\"https:\/\/eccoproducts.eu\/ro\/#website\"},\"primaryImageOfPage\":{\"@id\":\"https:\/\/eccoproducts.eu\/ro\/producten\/copac-de-frontiera-cercuri-de-copac\/#primaryimage\"},\"image\":{\"@id\":\"https:\/\/eccoproducts.eu\/ro\/producten\/copac-de-frontiera-cercuri-de-copac\/#primaryimage\"},\"thumbnailUrl\":\"https:\/\/eccoproducts.eu\/wp-content\/uploads\/2023\/03\/Tree-Border-Boomcirkel_4_1200x900.jpg\",\"datePublished\":\"2023-03-13T15:39:46+00:00\",\"description\":\"Margini\/cercuri de calitate pentru copaci din o\u021bel Cor-ten care ofer\u0103 copacului dvs. accentul pe care \u00eel merit\u0103. Protejeaz\u0103 \u0219i r\u0103d\u0103cinile copacului \u00een acest fel!\",\"breadcrumb\":{\"@id\":\"https:\/\/eccoproducts.eu\/ro\/producten\/copac-de-frontiera-cercuri-de-copac\/#breadcrumb\"},\"inLanguage\":\"ro-RO\",\"potentialAction\":[{\"@type\":\"ReadAction\",\"target\":[\"https:\/\/eccoproducts.eu\/ro\/producten\/copac-de-frontiera-cercuri-de-copac\/\"]}]},{\"@type\":\"ImageObject\",\"inLanguage\":\"ro-RO\",\"@id\":\"https:\/\/eccoproducts.eu\/ro\/producten\/copac-de-frontiera-cercuri-de-copac\/#primaryimage\",\"url\":\"https:\/\/eccoproducts.eu\/wp-content\/uploads\/2023\/03\/Tree-Border-Boomcirkel_4_1200x900.jpg\",\"contentUrl\":\"https:\/\/eccoproducts.eu\/wp-content\/uploads\/2023\/03\/Tree-Border-Boomcirkel_4_1200x900.jpg\",\"width\":1200,\"height\":900,\"caption\":\"Bordur\u0103 de copac Bordur\u0103 de copac\/cerc de copac din o\u021bel Corten\"},{\"@type\":\"BreadcrumbList\",\"@id\":\"https:\/\/eccoproducts.eu\/ro\/producten\/copac-de-frontiera-cercuri-de-copac\/#breadcrumb\",\"itemListElement\":[{\"@type\":\"ListItem\",\"position\":1,\"name\":\"Home\",\"item\":\"https:\/\/eccoproducts.eu\/ro\/\"},{\"@type\":\"ListItem\",\"position\":2,\"name\":\"Produse\",\"item\":\"https:\/\/eccoproducts.eu\/ro\/produse\/\"},{\"@type\":\"ListItem\",\"position\":3,\"name\":\"Copac de frontier\u0103 Cercuri de copac\"}]},{\"@type\":\"WebSite\",\"@id\":\"https:\/\/eccoproducts.eu\/ro\/#website\",\"url\":\"https:\/\/eccoproducts.eu\/ro\/\",\"name\":\"ECCO Products\",\"description\":\"\",\"potentialAction\":[{\"@type\":\"SearchAction\",\"target\":{\"@type\":\"EntryPoint\",\"urlTemplate\":\"https:\/\/eccoproducts.eu\/ro\/?s={search_term_string}\"},\"query-input\":{\"@type\":\"PropertyValueSpecification\",\"valueRequired\":true,\"valueName\":\"search_term_string\"}}],\"inLanguage\":\"ro-RO\"}]}<\/script>\n<!-- \/ Yoast SEO plugin. -->","yoast_head_json":{"title":"Copac de frontier\u0103 Cercuri de copac - ECCO Products","description":"Margini\/cercuri de calitate pentru copaci din o\u021bel Cor-ten care ofer\u0103 copacului dvs. accentul pe care \u00eel merit\u0103. Protejeaz\u0103 \u0219i r\u0103d\u0103cinile copacului \u00een acest fel!","robots":{"index":"index","follow":"follow","max-snippet":"max-snippet:-1","max-image-preview":"max-image-preview:large","max-video-preview":"max-video-preview:-1"},"canonical":"https:\/\/eccoproducts.eu\/ro\/producten\/copac-de-frontiera-cercuri-de-copac\/","og_locale":"ro_RO","og_type":"article","og_title":"Copac de frontier\u0103 Cercuri de copac - ECCO Products","og_description":"Margini\/cercuri de calitate pentru copaci din o\u021bel Cor-ten care ofer\u0103 copacului dvs. accentul pe care \u00eel merit\u0103. Protejeaz\u0103 \u0219i r\u0103d\u0103cinile copacului \u00een acest fel!","og_url":"https:\/\/eccoproducts.eu\/ro\/producten\/copac-de-frontiera-cercuri-de-copac\/","og_site_name":"ECCO Products","og_image":[{"width":1200,"height":900,"url":"https:\/\/eccoproducts.eu\/wp-content\/uploads\/2023\/03\/Tree-Border-Boomcirkel_4_1200x900.jpg","type":"image\/jpeg"}],"twitter_card":"summary_large_image","schema":{"@context":"https:\/\/schema.org","@graph":[{"@type":"WebPage","@id":"https:\/\/eccoproducts.eu\/ro\/producten\/copac-de-frontiera-cercuri-de-copac\/","url":"https:\/\/eccoproducts.eu\/ro\/producten\/copac-de-frontiera-cercuri-de-copac\/","name":"Copac de frontier\u0103 Cercuri de copac - ECCO Products","isPartOf":{"@id":"https:\/\/eccoproducts.eu\/ro\/#website"},"primaryImageOfPage":{"@id":"https:\/\/eccoproducts.eu\/ro\/producten\/copac-de-frontiera-cercuri-de-copac\/#primaryimage"},"image":{"@id":"https:\/\/eccoproducts.eu\/ro\/producten\/copac-de-frontiera-cercuri-de-copac\/#primaryimage"},"thumbnailUrl":"https:\/\/eccoproducts.eu\/wp-content\/uploads\/2023\/03\/Tree-Border-Boomcirkel_4_1200x900.jpg","datePublished":"2023-03-13T15:39:46+00:00","description":"Margini\/cercuri de calitate pentru copaci din o\u021bel Cor-ten care ofer\u0103 copacului dvs. accentul pe care \u00eel merit\u0103. Protejeaz\u0103 \u0219i r\u0103d\u0103cinile copacului \u00een acest fel!","breadcrumb":{"@id":"https:\/\/eccoproducts.eu\/ro\/producten\/copac-de-frontiera-cercuri-de-copac\/#breadcrumb"},"inLanguage":"ro-RO","potentialAction":[{"@type":"ReadAction","target":["https:\/\/eccoproducts.eu\/ro\/producten\/copac-de-frontiera-cercuri-de-copac\/"]}]},{"@type":"ImageObject","inLanguage":"ro-RO","@id":"https:\/\/eccoproducts.eu\/ro\/producten\/copac-de-frontiera-cercuri-de-copac\/#primaryimage","url":"https:\/\/eccoproducts.eu\/wp-content\/uploads\/2023\/03\/Tree-Border-Boomcirkel_4_1200x900.jpg","contentUrl":"https:\/\/eccoproducts.eu\/wp-content\/uploads\/2023\/03\/Tree-Border-Boomcirkel_4_1200x900.jpg","width":1200,"height":900,"caption":"Bordur\u0103 de copac Bordur\u0103 de copac\/cerc de copac din o\u021bel Corten"},{"@type":"BreadcrumbList","@id":"https:\/\/eccoproducts.eu\/ro\/producten\/copac-de-frontiera-cercuri-de-copac\/#breadcrumb","itemListElement":[{"@type":"ListItem","position":1,"name":"Home","item":"https:\/\/eccoproducts.eu\/ro\/"},{"@type":"ListItem","position":2,"name":"Produse","item":"https:\/\/eccoproducts.eu\/ro\/produse\/"},{"@type":"ListItem","position":3,"name":"Copac de frontier\u0103 Cercuri de copac"}]},{"@type":"WebSite","@id":"https:\/\/eccoproducts.eu\/ro\/#website","url":"https:\/\/eccoproducts.eu\/ro\/","name":"ECCO Products","description":"","potentialAction":[{"@type":"SearchAction","target":{"@type":"EntryPoint","urlTemplate":"https:\/\/eccoproducts.eu\/ro\/?s={search_term_string}"},"query-input":{"@type":"PropertyValueSpecification","valueRequired":true,"valueName":"search_term_string"}}],"inLanguage":"ro-RO"}]}},"_links":{"self":[{"href":"https:\/\/eccoproducts.eu\/ro\/wp-json\/wp\/v2\/product\/12416","targetHints":{"allow":["GET"]}}],"collection":[{"href":"https:\/\/eccoproducts.eu\/ro\/wp-json\/wp\/v2\/product"}],"about":[{"href":"https:\/\/eccoproducts.eu\/ro\/wp-json\/wp\/v2\/types\/product"}],"replies":[{"embeddable":true,"href":"https:\/\/eccoproducts.eu\/ro\/wp-json\/wp\/v2\/comments?post=12416"}],"wp:featuredmedia":[{"embeddable":true,"href":"https:\/\/eccoproducts.eu\/ro\/wp-json\/wp\/v2\/media\/12420"}],"wp:attachment":[{"href":"https:\/\/eccoproducts.eu\/ro\/wp-json\/wp\/v2\/media?parent=12416"}],"wp:term":[{"taxonomy":"product_brand","embeddable":true,"href":"https:\/\/eccoproducts.eu\/ro\/wp-json\/wp\/v2\/product_brand?post=12416"},{"taxonomy":"product_cat","embeddable":true,"href":"https:\/\/eccoproducts.eu\/ro\/wp-json\/wp\/v2\/product_cat?post=12416"},{"taxonomy":"product_tag","embeddable":true,"href":"https:\/\/eccoproducts.eu\/ro\/wp-json\/wp\/v2\/product_tag?post=12416"}],"curies":[{"name":"wp","href":"https:\/\/api.w.org\/{rel}","templated":true}]}}