{"id":13568,"date":"2023-02-23T10:55:42","date_gmt":"2023-02-23T09:55:42","guid":{"rendered":"https:\/\/eccoproducts.eu\/intrebari-frecvente\/"},"modified":"2025-08-19T14:40:09","modified_gmt":"2025-08-19T12:40:09","slug":"intrebari-frecvente","status":"publish","type":"page","link":"https:\/\/eccoproducts.eu\/ro\/intrebari-frecvente\/","title":{"rendered":"\u00ceNTREB\u0102RI FRECVENTE"},"content":{"rendered":"","protected":false},"excerpt":{"rendered":"","protected":false},"author":1,"featured_media":0,"parent":0,"menu_order":0,"comment_status":"closed","ping_status":"closed","template":"","meta":{"_acf_changed":false,"inline_featured_image":false,"footnotes":""},"class_list":["post-13568","page","type-page","status-publish","hentry"],"acf":[],"yoast_head":"<!-- This site is optimized with the Yoast SEO plugin v25.9 - https:\/\/yoast.com\/wordpress\/plugins\/seo\/ -->\n<title>\u00ceNTREB\u0102RI FRECVENTE - ECCO Products<\/title>\n<meta name=\"description\" content=\"Descoperi\u021bi r\u0103spunsurile la \u00eentreb\u0103rile frecvente despre produsele noastre \u0219i ob\u021bine\u021bi explica\u021bii detaliate la ECCO Products. Cite\u0219te mai mult!\" \/>\n<meta name=\"robots\" content=\"index, follow, max-snippet:-1, max-image-preview:large, max-video-preview:-1\" \/>\n<link rel=\"canonical\" href=\"https:\/\/eccoproducts.eu\/ro\/intrebari-frecvente\/\" \/>\n<meta property=\"og:locale\" content=\"ro_RO\" \/>\n<meta property=\"og:type\" content=\"article\" \/>\n<meta property=\"og:title\" content=\"\u00ceNTREB\u0102RI FRECVENTE - ECCO Products\" \/>\n<meta property=\"og:description\" content=\"Descoperi\u021bi r\u0103spunsurile la \u00eentreb\u0103rile frecvente despre produsele noastre \u0219i ob\u021bine\u021bi explica\u021bii detaliate la ECCO Products. Cite\u0219te mai mult!\" \/>\n<meta property=\"og:url\" content=\"https:\/\/eccoproducts.eu\/ro\/intrebari-frecvente\/\" \/>\n<meta property=\"og:site_name\" content=\"ECCO Products\" \/>\n<meta property=\"article:modified_time\" content=\"2025-08-19T12:40:09+00:00\" \/>\n<meta name=\"twitter:card\" content=\"summary_large_image\" \/>\n<script type=\"application\/ld+json\" class=\"yoast-schema-graph\">{\"@context\":\"https:\/\/schema.org\",\"@graph\":[{\"@type\":\"WebPage\",\"@id\":\"https:\/\/eccoproducts.eu\/ro\/intrebari-frecvente\/\",\"url\":\"https:\/\/eccoproducts.eu\/ro\/intrebari-frecvente\/\",\"name\":\"\u00ceNTREB\u0102RI FRECVENTE - ECCO Products\",\"isPartOf\":{\"@id\":\"https:\/\/eccoproducts.eu\/ro\/#website\"},\"datePublished\":\"2023-02-23T09:55:42+00:00\",\"dateModified\":\"2025-08-19T12:40:09+00:00\",\"description\":\"Descoperi\u021bi r\u0103spunsurile la \u00eentreb\u0103rile frecvente despre produsele noastre \u0219i ob\u021bine\u021bi explica\u021bii detaliate la ECCO Products. Cite\u0219te mai mult!\",\"breadcrumb\":{\"@id\":\"https:\/\/eccoproducts.eu\/ro\/intrebari-frecvente\/#breadcrumb\"},\"inLanguage\":\"ro-RO\",\"potentialAction\":[{\"@type\":\"ReadAction\",\"target\":[\"https:\/\/eccoproducts.eu\/ro\/intrebari-frecvente\/\"]}]},{\"@type\":\"BreadcrumbList\",\"@id\":\"https:\/\/eccoproducts.eu\/ro\/intrebari-frecvente\/#breadcrumb\",\"itemListElement\":[{\"@type\":\"ListItem\",\"position\":1,\"name\":\"Home\",\"item\":\"https:\/\/eccoproducts.eu\/ro\/\"},{\"@type\":\"ListItem\",\"position\":2,\"name\":\"\u00ceNTREB\u0102RI FRECVENTE\"}]},{\"@type\":\"WebSite\",\"@id\":\"https:\/\/eccoproducts.eu\/ro\/#website\",\"url\":\"https:\/\/eccoproducts.eu\/ro\/\",\"name\":\"ECCO Products\",\"description\":\"\",\"potentialAction\":[{\"@type\":\"SearchAction\",\"target\":{\"@type\":\"EntryPoint\",\"urlTemplate\":\"https:\/\/eccoproducts.eu\/ro\/?s={search_term_string}\"},\"query-input\":{\"@type\":\"PropertyValueSpecification\",\"valueRequired\":true,\"valueName\":\"search_term_string\"}}],\"inLanguage\":\"ro-RO\"}]}<\/script>\n<!-- \/ Yoast SEO plugin. -->","yoast_head_json":{"title":"\u00ceNTREB\u0102RI FRECVENTE - ECCO Products","description":"Descoperi\u021bi r\u0103spunsurile la \u00eentreb\u0103rile frecvente despre produsele noastre \u0219i ob\u021bine\u021bi explica\u021bii detaliate la ECCO Products. Cite\u0219te mai mult!","robots":{"index":"index","follow":"follow","max-snippet":"max-snippet:-1","max-image-preview":"max-image-preview:large","max-video-preview":"max-video-preview:-1"},"canonical":"https:\/\/eccoproducts.eu\/ro\/intrebari-frecvente\/","og_locale":"ro_RO","og_type":"article","og_title":"\u00ceNTREB\u0102RI FRECVENTE - ECCO Products","og_description":"Descoperi\u021bi r\u0103spunsurile la \u00eentreb\u0103rile frecvente despre produsele noastre \u0219i ob\u021bine\u021bi explica\u021bii detaliate la ECCO Products. Cite\u0219te mai mult!","og_url":"https:\/\/eccoproducts.eu\/ro\/intrebari-frecvente\/","og_site_name":"ECCO Products","article_modified_time":"2025-08-19T12:40:09+00:00","twitter_card":"summary_large_image","schema":{"@context":"https:\/\/schema.org","@graph":[{"@type":"WebPage","@id":"https:\/\/eccoproducts.eu\/ro\/intrebari-frecvente\/","url":"https:\/\/eccoproducts.eu\/ro\/intrebari-frecvente\/","name":"\u00ceNTREB\u0102RI FRECVENTE - ECCO Products","isPartOf":{"@id":"https:\/\/eccoproducts.eu\/ro\/#website"},"datePublished":"2023-02-23T09:55:42+00:00","dateModified":"2025-08-19T12:40:09+00:00","description":"Descoperi\u021bi r\u0103spunsurile la \u00eentreb\u0103rile frecvente despre produsele noastre \u0219i ob\u021bine\u021bi explica\u021bii detaliate la ECCO Products. Cite\u0219te mai mult!","breadcrumb":{"@id":"https:\/\/eccoproducts.eu\/ro\/intrebari-frecvente\/#breadcrumb"},"inLanguage":"ro-RO","potentialAction":[{"@type":"ReadAction","target":["https:\/\/eccoproducts.eu\/ro\/intrebari-frecvente\/"]}]},{"@type":"BreadcrumbList","@id":"https:\/\/eccoproducts.eu\/ro\/intrebari-frecvente\/#breadcrumb","itemListElement":[{"@type":"ListItem","position":1,"name":"Home","item":"https:\/\/eccoproducts.eu\/ro\/"},{"@type":"ListItem","position":2,"name":"\u00ceNTREB\u0102RI FRECVENTE"}]},{"@type":"WebSite","@id":"https:\/\/eccoproducts.eu\/ro\/#website","url":"https:\/\/eccoproducts.eu\/ro\/","name":"ECCO Products","description":"","potentialAction":[{"@type":"SearchAction","target":{"@type":"EntryPoint","urlTemplate":"https:\/\/eccoproducts.eu\/ro\/?s={search_term_string}"},"query-input":{"@type":"PropertyValueSpecification","valueRequired":true,"valueName":"search_term_string"}}],"inLanguage":"ro-RO"}]}},"_links":{"self":[{"href":"https:\/\/eccoproducts.eu\/ro\/wp-json\/wp\/v2\/pages\/13568","targetHints":{"allow":["GET"]}}],"collection":[{"href":"https:\/\/eccoproducts.eu\/ro\/wp-json\/wp\/v2\/pages"}],"about":[{"href":"https:\/\/eccoproducts.eu\/ro\/wp-json\/wp\/v2\/types\/page"}],"author":[{"embeddable":true,"href":"https:\/\/eccoproducts.eu\/ro\/wp-json\/wp\/v2\/users\/1"}],"replies":[{"embeddable":true,"href":"https:\/\/eccoproducts.eu\/ro\/wp-json\/wp\/v2\/comments?post=13568"}],"version-history":[{"count":0,"href":"https:\/\/eccoproducts.eu\/ro\/wp-json\/wp\/v2\/pages\/13568\/revisions"}],"wp:attachment":[{"href":"https:\/\/eccoproducts.eu\/ro\/wp-json\/wp\/v2\/media?parent=13568"}],"curies":[{"name":"wp","href":"https:\/\/api.w.org\/{rel}","templated":true}]}}