{"id":12213,"date":"2023-12-06T14:30:06","date_gmt":"2023-12-06T13:30:06","guid":{"rendered":"https:\/\/eccoproducts.eu\/deveniti-distribuitor\/"},"modified":"2025-09-08T21:04:58","modified_gmt":"2025-09-08T19:04:58","slug":"deveniti-distribuitor","status":"publish","type":"page","link":"https:\/\/eccoproducts.eu\/ro\/deveniti-distribuitor\/","title":{"rendered":"Deveni\u021bi distribuitor"},"content":{"rendered":"","protected":false},"excerpt":{"rendered":"","protected":false},"author":44,"featured_media":0,"parent":0,"menu_order":0,"comment_status":"closed","ping_status":"closed","template":"","meta":{"_acf_changed":false,"inline_featured_image":false,"footnotes":""},"class_list":["post-12213","page","type-page","status-publish","hentry"],"acf":[],"yoast_head":"<!-- This site is optimized with the Yoast SEO plugin v25.9 - https:\/\/yoast.com\/wordpress\/plugins\/seo\/ -->\n<title>Deveni\u021bi distribuitor - ECCO Products<\/title>\n<meta name=\"description\" content=\"Deveni\u021bi distribuitor al produselor ECCO \u0219i extinde\u021bi-v\u0103 gama cu solu\u021biile noastre de \u00eenalt\u0103 calitate. \u00cenregistra\u021bi-v\u0103 acum \u0219i bucura\u021bi-v\u0103 de beneficii!\" \/>\n<meta name=\"robots\" content=\"index, follow, max-snippet:-1, max-image-preview:large, max-video-preview:-1\" \/>\n<link rel=\"canonical\" href=\"https:\/\/eccoproducts.eu\/ro\/deveniti-distribuitor\/\" \/>\n<meta property=\"og:locale\" content=\"ro_RO\" \/>\n<meta property=\"og:type\" content=\"article\" \/>\n<meta property=\"og:title\" content=\"Deveni\u021bi distribuitor - ECCO Products\" \/>\n<meta property=\"og:description\" content=\"Deveni\u021bi distribuitor al produselor ECCO \u0219i extinde\u021bi-v\u0103 gama cu solu\u021biile noastre de \u00eenalt\u0103 calitate. \u00cenregistra\u021bi-v\u0103 acum \u0219i bucura\u021bi-v\u0103 de beneficii!\" \/>\n<meta property=\"og:url\" content=\"https:\/\/eccoproducts.eu\/ro\/deveniti-distribuitor\/\" \/>\n<meta property=\"og:site_name\" content=\"ECCO Products\" \/>\n<meta property=\"article:modified_time\" content=\"2025-09-08T19:04:58+00:00\" \/>\n<meta name=\"twitter:card\" content=\"summary_large_image\" \/>\n<script type=\"application\/ld+json\" class=\"yoast-schema-graph\">{\"@context\":\"https:\/\/schema.org\",\"@graph\":[{\"@type\":\"WebPage\",\"@id\":\"https:\/\/eccoproducts.eu\/ro\/deveniti-distribuitor\/\",\"url\":\"https:\/\/eccoproducts.eu\/ro\/deveniti-distribuitor\/\",\"name\":\"Deveni\u021bi distribuitor - ECCO Products\",\"isPartOf\":{\"@id\":\"https:\/\/eccoproducts.eu\/ro\/#website\"},\"datePublished\":\"2023-12-06T13:30:06+00:00\",\"dateModified\":\"2025-09-08T19:04:58+00:00\",\"description\":\"Deveni\u021bi distribuitor al produselor ECCO \u0219i extinde\u021bi-v\u0103 gama cu solu\u021biile noastre de \u00eenalt\u0103 calitate. \u00cenregistra\u021bi-v\u0103 acum \u0219i bucura\u021bi-v\u0103 de beneficii!\",\"breadcrumb\":{\"@id\":\"https:\/\/eccoproducts.eu\/ro\/deveniti-distribuitor\/#breadcrumb\"},\"inLanguage\":\"ro-RO\",\"potentialAction\":[{\"@type\":\"ReadAction\",\"target\":[\"https:\/\/eccoproducts.eu\/ro\/deveniti-distribuitor\/\"]}]},{\"@type\":\"BreadcrumbList\",\"@id\":\"https:\/\/eccoproducts.eu\/ro\/deveniti-distribuitor\/#breadcrumb\",\"itemListElement\":[{\"@type\":\"ListItem\",\"position\":1,\"name\":\"Home\",\"item\":\"https:\/\/eccoproducts.eu\/ro\/\"},{\"@type\":\"ListItem\",\"position\":2,\"name\":\"Deveni\u021bi distribuitor\"}]},{\"@type\":\"WebSite\",\"@id\":\"https:\/\/eccoproducts.eu\/ro\/#website\",\"url\":\"https:\/\/eccoproducts.eu\/ro\/\",\"name\":\"ECCO Products\",\"description\":\"\",\"potentialAction\":[{\"@type\":\"SearchAction\",\"target\":{\"@type\":\"EntryPoint\",\"urlTemplate\":\"https:\/\/eccoproducts.eu\/ro\/?s={search_term_string}\"},\"query-input\":{\"@type\":\"PropertyValueSpecification\",\"valueRequired\":true,\"valueName\":\"search_term_string\"}}],\"inLanguage\":\"ro-RO\"}]}<\/script>\n<!-- \/ Yoast SEO plugin. -->","yoast_head_json":{"title":"Deveni\u021bi distribuitor - ECCO Products","description":"Deveni\u021bi distribuitor al produselor ECCO \u0219i extinde\u021bi-v\u0103 gama cu solu\u021biile noastre de \u00eenalt\u0103 calitate. \u00cenregistra\u021bi-v\u0103 acum \u0219i bucura\u021bi-v\u0103 de beneficii!","robots":{"index":"index","follow":"follow","max-snippet":"max-snippet:-1","max-image-preview":"max-image-preview:large","max-video-preview":"max-video-preview:-1"},"canonical":"https:\/\/eccoproducts.eu\/ro\/deveniti-distribuitor\/","og_locale":"ro_RO","og_type":"article","og_title":"Deveni\u021bi distribuitor - ECCO Products","og_description":"Deveni\u021bi distribuitor al produselor ECCO \u0219i extinde\u021bi-v\u0103 gama cu solu\u021biile noastre de \u00eenalt\u0103 calitate. \u00cenregistra\u021bi-v\u0103 acum \u0219i bucura\u021bi-v\u0103 de beneficii!","og_url":"https:\/\/eccoproducts.eu\/ro\/deveniti-distribuitor\/","og_site_name":"ECCO Products","article_modified_time":"2025-09-08T19:04:58+00:00","twitter_card":"summary_large_image","schema":{"@context":"https:\/\/schema.org","@graph":[{"@type":"WebPage","@id":"https:\/\/eccoproducts.eu\/ro\/deveniti-distribuitor\/","url":"https:\/\/eccoproducts.eu\/ro\/deveniti-distribuitor\/","name":"Deveni\u021bi distribuitor - ECCO Products","isPartOf":{"@id":"https:\/\/eccoproducts.eu\/ro\/#website"},"datePublished":"2023-12-06T13:30:06+00:00","dateModified":"2025-09-08T19:04:58+00:00","description":"Deveni\u021bi distribuitor al produselor ECCO \u0219i extinde\u021bi-v\u0103 gama cu solu\u021biile noastre de \u00eenalt\u0103 calitate. \u00cenregistra\u021bi-v\u0103 acum \u0219i bucura\u021bi-v\u0103 de beneficii!","breadcrumb":{"@id":"https:\/\/eccoproducts.eu\/ro\/deveniti-distribuitor\/#breadcrumb"},"inLanguage":"ro-RO","potentialAction":[{"@type":"ReadAction","target":["https:\/\/eccoproducts.eu\/ro\/deveniti-distribuitor\/"]}]},{"@type":"BreadcrumbList","@id":"https:\/\/eccoproducts.eu\/ro\/deveniti-distribuitor\/#breadcrumb","itemListElement":[{"@type":"ListItem","position":1,"name":"Home","item":"https:\/\/eccoproducts.eu\/ro\/"},{"@type":"ListItem","position":2,"name":"Deveni\u021bi distribuitor"}]},{"@type":"WebSite","@id":"https:\/\/eccoproducts.eu\/ro\/#website","url":"https:\/\/eccoproducts.eu\/ro\/","name":"ECCO Products","description":"","potentialAction":[{"@type":"SearchAction","target":{"@type":"EntryPoint","urlTemplate":"https:\/\/eccoproducts.eu\/ro\/?s={search_term_string}"},"query-input":{"@type":"PropertyValueSpecification","valueRequired":true,"valueName":"search_term_string"}}],"inLanguage":"ro-RO"}]}},"_links":{"self":[{"href":"https:\/\/eccoproducts.eu\/ro\/wp-json\/wp\/v2\/pages\/12213","targetHints":{"allow":["GET"]}}],"collection":[{"href":"https:\/\/eccoproducts.eu\/ro\/wp-json\/wp\/v2\/pages"}],"about":[{"href":"https:\/\/eccoproducts.eu\/ro\/wp-json\/wp\/v2\/types\/page"}],"author":[{"embeddable":true,"href":"https:\/\/eccoproducts.eu\/ro\/wp-json\/wp\/v2\/users\/44"}],"replies":[{"embeddable":true,"href":"https:\/\/eccoproducts.eu\/ro\/wp-json\/wp\/v2\/comments?post=12213"}],"version-history":[{"count":1,"href":"https:\/\/eccoproducts.eu\/ro\/wp-json\/wp\/v2\/pages\/12213\/revisions"}],"predecessor-version":[{"id":14344,"href":"https:\/\/eccoproducts.eu\/ro\/wp-json\/wp\/v2\/pages\/12213\/revisions\/14344"}],"wp:attachment":[{"href":"https:\/\/eccoproducts.eu\/ro\/wp-json\/wp\/v2\/media?parent=12213"}],"curies":[{"name":"wp","href":"https:\/\/api.w.org\/{rel}","templated":true}]}}