{"id":9960,"date":"2025-02-24T16:37:38","date_gmt":"2025-02-24T15:37:38","guid":{"rendered":"https:\/\/eccoproducts.eu\/?post_type=product&#038;p=9960"},"modified":"2026-04-10T14:24:09","modified_gmt":"2026-04-10T12:24:09","slug":"vuba-powered-by-ecco","status":"publish","type":"product","link":"https:\/\/eccoproducts.eu\/fr\/produit\/vuba-powered-by-ecco\/","title":{"rendered":"Vuba powered by ECCO"},"content":{"rendered":"","protected":false},"excerpt":{"rendered":"<p>Vuba powered by ECCO est un rev\u00eatement en r\u00e9sine perm\u00e9able, compos\u00e9 de <strong>gravier authentique li\u00e9 avec une r\u00e9sine polyur\u00e9thane.<\/strong><\/p>\n<p>Ce rev\u00eatement li\u00e9 \u00e0 la r\u00e9sine est con\u00e7u en plusieurs couches, cr\u00e9ant ainsi une structure <strong data-start=\"237\" data-end=\"278\">solide, flexible et perm\u00e9able \u00e0 l\u2019eau<\/strong>.<\/p>\n<p>Vuba powered by ECCO est le choix id\u00e9al pour am\u00e9nager des surfaces perm\u00e9ables telles qu\u2019une all\u00e9e carrossable, un parking, une terrasse, une all\u00e9e de jardin et bien plus encore\u202f!<\/p>\n","protected":false},"featured_media":10254,"comment_status":"open","ping_status":"closed","template":"","meta":{"_acf_changed":false,"inline_featured_image":false},"product_brand":[],"product_cat":[81],"product_tag":[],"class_list":{"0":"post-9960","1":"product","2":"type-product","3":"status-publish","4":"has-post-thumbnail","6":"product_cat-produits-permeables-a-leau","8":"first","9":"instock","10":"shipping-taxable","11":"product-type-simple"},"acf":[],"yoast_head":"<!-- This site is optimized with the Yoast SEO plugin v25.9 - https:\/\/yoast.com\/wordpress\/plugins\/seo\/ -->\n<title>Vuba powered by ECCO - ECCO Products<\/title>\n<meta name=\"description\" content=\"Vuba powered by ECCO est un rev\u00eatement perm\u00e9able \u00e0 l\u2019eau, \u00e9cologique et durable, compos\u00e9 de gravier li\u00e9 avec une r\u00e9sine polyur\u00e9thane.\" \/>\n<meta name=\"robots\" content=\"index, follow, max-snippet:-1, max-image-preview:large, max-video-preview:-1\" \/>\n<link rel=\"canonical\" href=\"https:\/\/eccoproducts.eu\/fr\/produit\/vuba-powered-by-ecco\/\" \/>\n<meta property=\"og:locale\" content=\"fr_FR\" \/>\n<meta property=\"og:type\" content=\"article\" \/>\n<meta property=\"og:title\" content=\"Vuba powered by ECCO - ECCO Products\" \/>\n<meta property=\"og:description\" content=\"Vuba powered by ECCO est un rev\u00eatement perm\u00e9able \u00e0 l\u2019eau, \u00e9cologique et durable, compos\u00e9 de gravier li\u00e9 avec une r\u00e9sine polyur\u00e9thane.\" \/>\n<meta property=\"og:url\" content=\"https:\/\/eccoproducts.eu\/fr\/produit\/vuba-powered-by-ecco\/\" \/>\n<meta property=\"og:site_name\" content=\"ECCO Products\" \/>\n<meta property=\"article:modified_time\" content=\"2026-04-10T12:24:09+00:00\" \/>\n<meta property=\"og:image\" content=\"https:\/\/eccoproducts.eu\/wp-content\/uploads\/2025\/02\/123-Gemiddeld.png\" \/>\n\t<meta property=\"og:image:width\" content=\"1024\" \/>\n\t<meta property=\"og:image:height\" content=\"768\" \/>\n\t<meta property=\"og:image:type\" content=\"image\/png\" \/>\n<meta name=\"twitter:card\" content=\"summary_large_image\" \/>\n<meta name=\"twitter:label1\" content=\"Dur\u00e9e de lecture estim\u00e9e\" \/>\n\t<meta name=\"twitter:data1\" content=\"1 minute\" \/>\n<script type=\"application\/ld+json\" class=\"yoast-schema-graph\">{\"@context\":\"https:\/\/schema.org\",\"@graph\":[{\"@type\":\"WebPage\",\"@id\":\"https:\/\/eccoproducts.eu\/fr\/produit\/vuba-powered-by-ecco\/\",\"url\":\"https:\/\/eccoproducts.eu\/fr\/produit\/vuba-powered-by-ecco\/\",\"name\":\"Vuba powered by ECCO - ECCO Products\",\"isPartOf\":{\"@id\":\"https:\/\/eccoproducts.eu\/fr\/#website\"},\"primaryImageOfPage\":{\"@id\":\"https:\/\/eccoproducts.eu\/fr\/produit\/vuba-powered-by-ecco\/#primaryimage\"},\"image\":{\"@id\":\"https:\/\/eccoproducts.eu\/fr\/produit\/vuba-powered-by-ecco\/#primaryimage\"},\"thumbnailUrl\":\"https:\/\/eccoproducts.eu\/wp-content\/uploads\/2025\/02\/123-Gemiddeld.png\",\"datePublished\":\"2025-02-24T15:37:38+00:00\",\"dateModified\":\"2026-04-10T12:24:09+00:00\",\"description\":\"Vuba powered by ECCO est un rev\u00eatement perm\u00e9able \u00e0 l\u2019eau, \u00e9cologique et durable, compos\u00e9 de gravier li\u00e9 avec une r\u00e9sine polyur\u00e9thane.\",\"breadcrumb\":{\"@id\":\"https:\/\/eccoproducts.eu\/fr\/produit\/vuba-powered-by-ecco\/#breadcrumb\"},\"inLanguage\":\"fr-FR\",\"potentialAction\":[{\"@type\":\"ReadAction\",\"target\":[\"https:\/\/eccoproducts.eu\/fr\/produit\/vuba-powered-by-ecco\/\"]}]},{\"@type\":\"ImageObject\",\"inLanguage\":\"fr-FR\",\"@id\":\"https:\/\/eccoproducts.eu\/fr\/produit\/vuba-powered-by-ecco\/#primaryimage\",\"url\":\"https:\/\/eccoproducts.eu\/wp-content\/uploads\/2025\/02\/123-Gemiddeld.png\",\"contentUrl\":\"https:\/\/eccoproducts.eu\/wp-content\/uploads\/2025\/02\/123-Gemiddeld.png\",\"width\":1024,\"height\":768},{\"@type\":\"BreadcrumbList\",\"@id\":\"https:\/\/eccoproducts.eu\/fr\/produit\/vuba-powered-by-ecco\/#breadcrumb\",\"itemListElement\":[{\"@type\":\"ListItem\",\"position\":1,\"name\":\"Home\",\"item\":\"https:\/\/eccoproducts.eu\/fr\/\"},{\"@type\":\"ListItem\",\"position\":2,\"name\":\"Produits\",\"item\":\"https:\/\/eccoproducts.eu\/fr\/produit\/\"},{\"@type\":\"ListItem\",\"position\":3,\"name\":\"Vuba powered by ECCO\"}]},{\"@type\":\"WebSite\",\"@id\":\"https:\/\/eccoproducts.eu\/fr\/#website\",\"url\":\"https:\/\/eccoproducts.eu\/fr\/\",\"name\":\"ECCO Products\",\"description\":\"\",\"publisher\":{\"@id\":\"https:\/\/eccoproducts.eu\/fr\/#organization\"},\"potentialAction\":[{\"@type\":\"SearchAction\",\"target\":{\"@type\":\"EntryPoint\",\"urlTemplate\":\"https:\/\/eccoproducts.eu\/fr\/?s={search_term_string}\"},\"query-input\":{\"@type\":\"PropertyValueSpecification\",\"valueRequired\":true,\"valueName\":\"search_term_string\"}}],\"inLanguage\":\"fr-FR\"},{\"@type\":\"Organization\",\"@id\":\"https:\/\/eccoproducts.eu\/fr\/#organization\",\"name\":\"ECCO Products\",\"url\":\"https:\/\/eccoproducts.eu\/fr\/\",\"logo\":{\"@type\":\"ImageObject\",\"inLanguage\":\"fr-FR\",\"@id\":\"https:\/\/eccoproducts.eu\/fr\/#\/schema\/logo\/image\/\",\"url\":\"https:\/\/eccoproducts.eu\/wp-content\/uploads\/2023\/06\/cropped-MicrosoftTeams-image-1.png\",\"contentUrl\":\"https:\/\/eccoproducts.eu\/wp-content\/uploads\/2023\/06\/cropped-MicrosoftTeams-image-1.png\",\"width\":417,\"height\":71,\"caption\":\"ECCO Products\"},\"image\":{\"@id\":\"https:\/\/eccoproducts.eu\/fr\/#\/schema\/logo\/image\/\"}}]}<\/script>\n<!-- \/ Yoast SEO plugin. -->","yoast_head_json":{"title":"Vuba powered by ECCO - ECCO Products","description":"Vuba powered by ECCO est un rev\u00eatement perm\u00e9able \u00e0 l\u2019eau, \u00e9cologique et durable, compos\u00e9 de gravier li\u00e9 avec une r\u00e9sine polyur\u00e9thane.","robots":{"index":"index","follow":"follow","max-snippet":"max-snippet:-1","max-image-preview":"max-image-preview:large","max-video-preview":"max-video-preview:-1"},"canonical":"https:\/\/eccoproducts.eu\/fr\/produit\/vuba-powered-by-ecco\/","og_locale":"fr_FR","og_type":"article","og_title":"Vuba powered by ECCO - ECCO Products","og_description":"Vuba powered by ECCO est un rev\u00eatement perm\u00e9able \u00e0 l\u2019eau, \u00e9cologique et durable, compos\u00e9 de gravier li\u00e9 avec une r\u00e9sine polyur\u00e9thane.","og_url":"https:\/\/eccoproducts.eu\/fr\/produit\/vuba-powered-by-ecco\/","og_site_name":"ECCO Products","article_modified_time":"2026-04-10T12:24:09+00:00","og_image":[{"width":1024,"height":768,"url":"https:\/\/eccoproducts.eu\/wp-content\/uploads\/2025\/02\/123-Gemiddeld.png","type":"image\/png"}],"twitter_card":"summary_large_image","twitter_misc":{"Dur\u00e9e de lecture estim\u00e9e":"1 minute"},"schema":{"@context":"https:\/\/schema.org","@graph":[{"@type":"WebPage","@id":"https:\/\/eccoproducts.eu\/fr\/produit\/vuba-powered-by-ecco\/","url":"https:\/\/eccoproducts.eu\/fr\/produit\/vuba-powered-by-ecco\/","name":"Vuba powered by ECCO - ECCO Products","isPartOf":{"@id":"https:\/\/eccoproducts.eu\/fr\/#website"},"primaryImageOfPage":{"@id":"https:\/\/eccoproducts.eu\/fr\/produit\/vuba-powered-by-ecco\/#primaryimage"},"image":{"@id":"https:\/\/eccoproducts.eu\/fr\/produit\/vuba-powered-by-ecco\/#primaryimage"},"thumbnailUrl":"https:\/\/eccoproducts.eu\/wp-content\/uploads\/2025\/02\/123-Gemiddeld.png","datePublished":"2025-02-24T15:37:38+00:00","dateModified":"2026-04-10T12:24:09+00:00","description":"Vuba powered by ECCO est un rev\u00eatement perm\u00e9able \u00e0 l\u2019eau, \u00e9cologique et durable, compos\u00e9 de gravier li\u00e9 avec une r\u00e9sine polyur\u00e9thane.","breadcrumb":{"@id":"https:\/\/eccoproducts.eu\/fr\/produit\/vuba-powered-by-ecco\/#breadcrumb"},"inLanguage":"fr-FR","potentialAction":[{"@type":"ReadAction","target":["https:\/\/eccoproducts.eu\/fr\/produit\/vuba-powered-by-ecco\/"]}]},{"@type":"ImageObject","inLanguage":"fr-FR","@id":"https:\/\/eccoproducts.eu\/fr\/produit\/vuba-powered-by-ecco\/#primaryimage","url":"https:\/\/eccoproducts.eu\/wp-content\/uploads\/2025\/02\/123-Gemiddeld.png","contentUrl":"https:\/\/eccoproducts.eu\/wp-content\/uploads\/2025\/02\/123-Gemiddeld.png","width":1024,"height":768},{"@type":"BreadcrumbList","@id":"https:\/\/eccoproducts.eu\/fr\/produit\/vuba-powered-by-ecco\/#breadcrumb","itemListElement":[{"@type":"ListItem","position":1,"name":"Home","item":"https:\/\/eccoproducts.eu\/fr\/"},{"@type":"ListItem","position":2,"name":"Produits","item":"https:\/\/eccoproducts.eu\/fr\/produit\/"},{"@type":"ListItem","position":3,"name":"Vuba powered by ECCO"}]},{"@type":"WebSite","@id":"https:\/\/eccoproducts.eu\/fr\/#website","url":"https:\/\/eccoproducts.eu\/fr\/","name":"ECCO Products","description":"","publisher":{"@id":"https:\/\/eccoproducts.eu\/fr\/#organization"},"potentialAction":[{"@type":"SearchAction","target":{"@type":"EntryPoint","urlTemplate":"https:\/\/eccoproducts.eu\/fr\/?s={search_term_string}"},"query-input":{"@type":"PropertyValueSpecification","valueRequired":true,"valueName":"search_term_string"}}],"inLanguage":"fr-FR"},{"@type":"Organization","@id":"https:\/\/eccoproducts.eu\/fr\/#organization","name":"ECCO Products","url":"https:\/\/eccoproducts.eu\/fr\/","logo":{"@type":"ImageObject","inLanguage":"fr-FR","@id":"https:\/\/eccoproducts.eu\/fr\/#\/schema\/logo\/image\/","url":"https:\/\/eccoproducts.eu\/wp-content\/uploads\/2023\/06\/cropped-MicrosoftTeams-image-1.png","contentUrl":"https:\/\/eccoproducts.eu\/wp-content\/uploads\/2023\/06\/cropped-MicrosoftTeams-image-1.png","width":417,"height":71,"caption":"ECCO Products"},"image":{"@id":"https:\/\/eccoproducts.eu\/fr\/#\/schema\/logo\/image\/"}}]}},"_links":{"self":[{"href":"https:\/\/eccoproducts.eu\/fr\/wp-json\/wp\/v2\/product\/9960","targetHints":{"allow":["GET"]}}],"collection":[{"href":"https:\/\/eccoproducts.eu\/fr\/wp-json\/wp\/v2\/product"}],"about":[{"href":"https:\/\/eccoproducts.eu\/fr\/wp-json\/wp\/v2\/types\/product"}],"replies":[{"embeddable":true,"href":"https:\/\/eccoproducts.eu\/fr\/wp-json\/wp\/v2\/comments?post=9960"}],"wp:featuredmedia":[{"embeddable":true,"href":"https:\/\/eccoproducts.eu\/fr\/wp-json\/wp\/v2\/media\/10254"}],"wp:attachment":[{"href":"https:\/\/eccoproducts.eu\/fr\/wp-json\/wp\/v2\/media?parent=9960"}],"wp:term":[{"taxonomy":"product_brand","embeddable":true,"href":"https:\/\/eccoproducts.eu\/fr\/wp-json\/wp\/v2\/product_brand?post=9960"},{"taxonomy":"product_cat","embeddable":true,"href":"https:\/\/eccoproducts.eu\/fr\/wp-json\/wp\/v2\/product_cat?post=9960"},{"taxonomy":"product_tag","embeddable":true,"href":"https:\/\/eccoproducts.eu\/fr\/wp-json\/wp\/v2\/product_tag?post=9960"}],"curies":[{"name":"wp","href":"https:\/\/api.w.org\/{rel}","templated":true}]}}