{"id":8227,"date":"2024-07-23T10:38:30","date_gmt":"2024-07-23T08:38:30","guid":{"rendered":"https:\/\/eccoproducts.eu\/?post_type=product&#038;p=8227"},"modified":"2025-07-15T16:25:14","modified_gmt":"2025-07-15T14:25:14","slug":"eccoborder-flex-soft","status":"publish","type":"product","link":"https:\/\/eccoproducts.eu\/fr\/produit\/eccoborder-flex-soft\/","title":{"rendered":"ECCOborder Flex Soft"},"content":{"rendered":"","protected":false},"excerpt":{"rendered":"<h2>Une bordure durable et \u00e9conomique<\/h2>\n<h3>en PVC recycl\u00e9<\/h3>\n<p>Cette bordure flexible est une alternative \u00e9conomique aux bordures en bois ou en m\u00e9tal. Avec ECCOborder Flex Soft, vous pouvez facilement cr\u00e9er une bordure moderne et ultra-flexible.<\/p>\n<p>La nouvelle bordure en rouleau s&rsquo;adapte parfaitement aux courbes et aux d\u00e9viations dans les deux sens, par exemple pour un chemin de gravier ou une bordure de pelouse.<\/p>\n<p>La bordure peut \u00eatre install\u00e9e avec un bord de finition arrondi ou plat en haut, ce qui en fait la solution la plus polyvalente du march\u00e9.<\/p>\n","protected":false},"featured_media":6004,"comment_status":"open","ping_status":"closed","template":"","meta":{"_acf_changed":false,"inline_featured_image":false},"product_brand":[],"product_cat":[80],"product_tag":[],"class_list":{"0":"post-8227","1":"product","2":"type-product","3":"status-publish","4":"has-post-thumbnail","6":"product_cat-bordures","8":"first","9":"instock","10":"shipping-taxable","11":"product-type-simple"},"acf":[],"yoast_head":"<!-- This site is optimized with the Yoast SEO plugin v25.9 - https:\/\/yoast.com\/wordpress\/plugins\/seo\/ -->\n<title>ECCOborder Flex Soft - ECCO Products<\/title>\n<meta name=\"description\" content=\"Cette bordure flexible est une alternative \u00e9conomique aux bordures en bois ou en m\u00e9tal et permet de cr\u00e9er facilement une bordure moderne.\" \/>\n<meta name=\"robots\" content=\"index, follow, max-snippet:-1, max-image-preview:large, max-video-preview:-1\" \/>\n<link rel=\"canonical\" href=\"https:\/\/eccoproducts.eu\/fr\/produit\/eccoborder-flex-soft\/\" \/>\n<meta property=\"og:locale\" content=\"fr_FR\" \/>\n<meta property=\"og:type\" content=\"article\" \/>\n<meta property=\"og:title\" content=\"ECCOborder Flex Soft - ECCO Products\" \/>\n<meta property=\"og:description\" content=\"Cette bordure flexible est une alternative \u00e9conomique aux bordures en bois ou en m\u00e9tal et permet de cr\u00e9er facilement une bordure moderne.\" \/>\n<meta property=\"og:url\" content=\"https:\/\/eccoproducts.eu\/fr\/produit\/eccoborder-flex-soft\/\" \/>\n<meta property=\"og:site_name\" content=\"ECCO Products\" \/>\n<meta property=\"article:modified_time\" content=\"2025-07-15T14:25:14+00:00\" \/>\n<meta property=\"og:image\" content=\"https:\/\/eccoproducts.eu\/wp-content\/uploads\/2023\/09\/ECCO-Border-Flex_BLACK-GREY_P01-1024x656.jpg\" \/>\n\t<meta property=\"og:image:width\" content=\"1024\" \/>\n\t<meta property=\"og:image:height\" content=\"656\" \/>\n\t<meta property=\"og:image:type\" content=\"image\/jpeg\" \/>\n<meta name=\"twitter:card\" content=\"summary_large_image\" \/>\n<meta name=\"twitter:label1\" content=\"Dur\u00e9e de lecture estim\u00e9e\" \/>\n\t<meta name=\"twitter:data1\" content=\"1 minute\" \/>\n<script type=\"application\/ld+json\" class=\"yoast-schema-graph\">{\"@context\":\"https:\/\/schema.org\",\"@graph\":[{\"@type\":\"WebPage\",\"@id\":\"https:\/\/eccoproducts.eu\/fr\/produit\/eccoborder-flex-soft\/\",\"url\":\"https:\/\/eccoproducts.eu\/fr\/produit\/eccoborder-flex-soft\/\",\"name\":\"ECCOborder Flex Soft - ECCO Products\",\"isPartOf\":{\"@id\":\"https:\/\/eccoproducts.eu\/fr\/#website\"},\"primaryImageOfPage\":{\"@id\":\"https:\/\/eccoproducts.eu\/fr\/produit\/eccoborder-flex-soft\/#primaryimage\"},\"image\":{\"@id\":\"https:\/\/eccoproducts.eu\/fr\/produit\/eccoborder-flex-soft\/#primaryimage\"},\"thumbnailUrl\":\"https:\/\/eccoproducts.eu\/wp-content\/uploads\/2023\/09\/ECCO-Border-Flex_BLACK-GREY_P01.jpg\",\"datePublished\":\"2024-07-23T08:38:30+00:00\",\"dateModified\":\"2025-07-15T14:25:14+00:00\",\"description\":\"Cette bordure flexible est une alternative \u00e9conomique aux bordures en bois ou en m\u00e9tal et permet de cr\u00e9er facilement une bordure moderne.\",\"breadcrumb\":{\"@id\":\"https:\/\/eccoproducts.eu\/fr\/produit\/eccoborder-flex-soft\/#breadcrumb\"},\"inLanguage\":\"fr-FR\",\"potentialAction\":[{\"@type\":\"ReadAction\",\"target\":[\"https:\/\/eccoproducts.eu\/fr\/produit\/eccoborder-flex-soft\/\"]}]},{\"@type\":\"ImageObject\",\"inLanguage\":\"fr-FR\",\"@id\":\"https:\/\/eccoproducts.eu\/fr\/produit\/eccoborder-flex-soft\/#primaryimage\",\"url\":\"https:\/\/eccoproducts.eu\/wp-content\/uploads\/2023\/09\/ECCO-Border-Flex_BLACK-GREY_P01.jpg\",\"contentUrl\":\"https:\/\/eccoproducts.eu\/wp-content\/uploads\/2023\/09\/ECCO-Border-Flex_BLACK-GREY_P01.jpg\",\"width\":6407,\"height\":4106},{\"@type\":\"BreadcrumbList\",\"@id\":\"https:\/\/eccoproducts.eu\/fr\/produit\/eccoborder-flex-soft\/#breadcrumb\",\"itemListElement\":[{\"@type\":\"ListItem\",\"position\":1,\"name\":\"Home\",\"item\":\"https:\/\/eccoproducts.eu\/fr\/\"},{\"@type\":\"ListItem\",\"position\":2,\"name\":\"Produits\",\"item\":\"https:\/\/eccoproducts.eu\/fr\/produit\/\"},{\"@type\":\"ListItem\",\"position\":3,\"name\":\"ECCOborder Flex Soft\"}]},{\"@type\":\"WebSite\",\"@id\":\"https:\/\/eccoproducts.eu\/fr\/#website\",\"url\":\"https:\/\/eccoproducts.eu\/fr\/\",\"name\":\"ECCO Products\",\"description\":\"\",\"publisher\":{\"@id\":\"https:\/\/eccoproducts.eu\/fr\/#organization\"},\"potentialAction\":[{\"@type\":\"SearchAction\",\"target\":{\"@type\":\"EntryPoint\",\"urlTemplate\":\"https:\/\/eccoproducts.eu\/fr\/?s={search_term_string}\"},\"query-input\":{\"@type\":\"PropertyValueSpecification\",\"valueRequired\":true,\"valueName\":\"search_term_string\"}}],\"inLanguage\":\"fr-FR\"},{\"@type\":\"Organization\",\"@id\":\"https:\/\/eccoproducts.eu\/fr\/#organization\",\"name\":\"ECCO Products\",\"url\":\"https:\/\/eccoproducts.eu\/fr\/\",\"logo\":{\"@type\":\"ImageObject\",\"inLanguage\":\"fr-FR\",\"@id\":\"https:\/\/eccoproducts.eu\/fr\/#\/schema\/logo\/image\/\",\"url\":\"https:\/\/eccoproducts.eu\/wp-content\/uploads\/2023\/06\/cropped-MicrosoftTeams-image-1.png\",\"contentUrl\":\"https:\/\/eccoproducts.eu\/wp-content\/uploads\/2023\/06\/cropped-MicrosoftTeams-image-1.png\",\"width\":417,\"height\":71,\"caption\":\"ECCO Products\"},\"image\":{\"@id\":\"https:\/\/eccoproducts.eu\/fr\/#\/schema\/logo\/image\/\"}}]}<\/script>\n<!-- \/ Yoast SEO plugin. -->","yoast_head_json":{"title":"ECCOborder Flex Soft - ECCO Products","description":"Cette bordure flexible est une alternative \u00e9conomique aux bordures en bois ou en m\u00e9tal et permet de cr\u00e9er facilement une bordure moderne.","robots":{"index":"index","follow":"follow","max-snippet":"max-snippet:-1","max-image-preview":"max-image-preview:large","max-video-preview":"max-video-preview:-1"},"canonical":"https:\/\/eccoproducts.eu\/fr\/produit\/eccoborder-flex-soft\/","og_locale":"fr_FR","og_type":"article","og_title":"ECCOborder Flex Soft - ECCO Products","og_description":"Cette bordure flexible est une alternative \u00e9conomique aux bordures en bois ou en m\u00e9tal et permet de cr\u00e9er facilement une bordure moderne.","og_url":"https:\/\/eccoproducts.eu\/fr\/produit\/eccoborder-flex-soft\/","og_site_name":"ECCO Products","article_modified_time":"2025-07-15T14:25:14+00:00","og_image":[{"width":1024,"height":656,"url":"https:\/\/eccoproducts.eu\/wp-content\/uploads\/2023\/09\/ECCO-Border-Flex_BLACK-GREY_P01-1024x656.jpg","type":"image\/jpeg"}],"twitter_card":"summary_large_image","twitter_misc":{"Dur\u00e9e de lecture estim\u00e9e":"1 minute"},"schema":{"@context":"https:\/\/schema.org","@graph":[{"@type":"WebPage","@id":"https:\/\/eccoproducts.eu\/fr\/produit\/eccoborder-flex-soft\/","url":"https:\/\/eccoproducts.eu\/fr\/produit\/eccoborder-flex-soft\/","name":"ECCOborder Flex Soft - ECCO Products","isPartOf":{"@id":"https:\/\/eccoproducts.eu\/fr\/#website"},"primaryImageOfPage":{"@id":"https:\/\/eccoproducts.eu\/fr\/produit\/eccoborder-flex-soft\/#primaryimage"},"image":{"@id":"https:\/\/eccoproducts.eu\/fr\/produit\/eccoborder-flex-soft\/#primaryimage"},"thumbnailUrl":"https:\/\/eccoproducts.eu\/wp-content\/uploads\/2023\/09\/ECCO-Border-Flex_BLACK-GREY_P01.jpg","datePublished":"2024-07-23T08:38:30+00:00","dateModified":"2025-07-15T14:25:14+00:00","description":"Cette bordure flexible est une alternative \u00e9conomique aux bordures en bois ou en m\u00e9tal et permet de cr\u00e9er facilement une bordure moderne.","breadcrumb":{"@id":"https:\/\/eccoproducts.eu\/fr\/produit\/eccoborder-flex-soft\/#breadcrumb"},"inLanguage":"fr-FR","potentialAction":[{"@type":"ReadAction","target":["https:\/\/eccoproducts.eu\/fr\/produit\/eccoborder-flex-soft\/"]}]},{"@type":"ImageObject","inLanguage":"fr-FR","@id":"https:\/\/eccoproducts.eu\/fr\/produit\/eccoborder-flex-soft\/#primaryimage","url":"https:\/\/eccoproducts.eu\/wp-content\/uploads\/2023\/09\/ECCO-Border-Flex_BLACK-GREY_P01.jpg","contentUrl":"https:\/\/eccoproducts.eu\/wp-content\/uploads\/2023\/09\/ECCO-Border-Flex_BLACK-GREY_P01.jpg","width":6407,"height":4106},{"@type":"BreadcrumbList","@id":"https:\/\/eccoproducts.eu\/fr\/produit\/eccoborder-flex-soft\/#breadcrumb","itemListElement":[{"@type":"ListItem","position":1,"name":"Home","item":"https:\/\/eccoproducts.eu\/fr\/"},{"@type":"ListItem","position":2,"name":"Produits","item":"https:\/\/eccoproducts.eu\/fr\/produit\/"},{"@type":"ListItem","position":3,"name":"ECCOborder Flex Soft"}]},{"@type":"WebSite","@id":"https:\/\/eccoproducts.eu\/fr\/#website","url":"https:\/\/eccoproducts.eu\/fr\/","name":"ECCO Products","description":"","publisher":{"@id":"https:\/\/eccoproducts.eu\/fr\/#organization"},"potentialAction":[{"@type":"SearchAction","target":{"@type":"EntryPoint","urlTemplate":"https:\/\/eccoproducts.eu\/fr\/?s={search_term_string}"},"query-input":{"@type":"PropertyValueSpecification","valueRequired":true,"valueName":"search_term_string"}}],"inLanguage":"fr-FR"},{"@type":"Organization","@id":"https:\/\/eccoproducts.eu\/fr\/#organization","name":"ECCO Products","url":"https:\/\/eccoproducts.eu\/fr\/","logo":{"@type":"ImageObject","inLanguage":"fr-FR","@id":"https:\/\/eccoproducts.eu\/fr\/#\/schema\/logo\/image\/","url":"https:\/\/eccoproducts.eu\/wp-content\/uploads\/2023\/06\/cropped-MicrosoftTeams-image-1.png","contentUrl":"https:\/\/eccoproducts.eu\/wp-content\/uploads\/2023\/06\/cropped-MicrosoftTeams-image-1.png","width":417,"height":71,"caption":"ECCO Products"},"image":{"@id":"https:\/\/eccoproducts.eu\/fr\/#\/schema\/logo\/image\/"}}]}},"_links":{"self":[{"href":"https:\/\/eccoproducts.eu\/fr\/wp-json\/wp\/v2\/product\/8227","targetHints":{"allow":["GET"]}}],"collection":[{"href":"https:\/\/eccoproducts.eu\/fr\/wp-json\/wp\/v2\/product"}],"about":[{"href":"https:\/\/eccoproducts.eu\/fr\/wp-json\/wp\/v2\/types\/product"}],"replies":[{"embeddable":true,"href":"https:\/\/eccoproducts.eu\/fr\/wp-json\/wp\/v2\/comments?post=8227"}],"wp:featuredmedia":[{"embeddable":true,"href":"https:\/\/eccoproducts.eu\/fr\/wp-json\/wp\/v2\/media\/6004"}],"wp:attachment":[{"href":"https:\/\/eccoproducts.eu\/fr\/wp-json\/wp\/v2\/media?parent=8227"}],"wp:term":[{"taxonomy":"product_brand","embeddable":true,"href":"https:\/\/eccoproducts.eu\/fr\/wp-json\/wp\/v2\/product_brand?post=8227"},{"taxonomy":"product_cat","embeddable":true,"href":"https:\/\/eccoproducts.eu\/fr\/wp-json\/wp\/v2\/product_cat?post=8227"},{"taxonomy":"product_tag","embeddable":true,"href":"https:\/\/eccoproducts.eu\/fr\/wp-json\/wp\/v2\/product_tag?post=8227"}],"curies":[{"name":"wp","href":"https:\/\/api.w.org\/{rel}","templated":true}]}}