{"id":2733,"date":"2023-03-06T12:17:16","date_gmt":"2023-03-06T11:17:16","guid":{"rendered":"https:\/\/eccoproducts.eu\/producten\/eccogravel-stabilisateur-gravier\/"},"modified":"2026-02-24T11:05:09","modified_gmt":"2026-02-24T10:05:09","slug":"eccogravel-stabilisateur-de-gravier","status":"publish","type":"product","link":"https:\/\/eccoproducts.eu\/fr\/produit\/eccogravel-stabilisateur-de-gravier\/","title":{"rendered":"ECCOgravel | Stabilisateur de gravier"},"content":{"rendered":"","protected":false},"excerpt":{"rendered":"<p>Les dalles ECCOgravel sont des <strong>plaques robustes et r\u00e9sistantes au gel en PEHD<\/strong>, con\u00e7ues pour cr\u00e9er une <strong>surface fonctionnelle, stable<\/strong> et parfaitement <strong>perm\u00e9able \u00e0 l\u2019eau<\/strong>.<\/p>\n<p>R\u00e9sistantes aux UV et faciles \u00e0 poser, elles sont \u00e9quip\u00e9es d\u2019un g\u00e9otextile anti-racines int\u00e9gr\u00e9.<\/p>\n<p>Chaque dalle mesure 160 x 120 cm et est disponible en 3 couleurs (blanc, noir et gris) et 2 hauteurs (3 cm et 4 cm).<\/p>\n","protected":false},"featured_media":1002,"comment_status":"open","ping_status":"closed","template":"","meta":{"_acf_changed":false,"inline_featured_image":false},"product_brand":[],"product_cat":[81],"product_tag":[],"class_list":{"0":"post-2733","1":"product","2":"type-product","3":"status-publish","4":"has-post-thumbnail","6":"product_cat-produits-permeables-a-leau","8":"first","9":"instock","10":"shipping-taxable","11":"product-type-simple"},"acf":[],"yoast_head":"<!-- This site is optimized with the Yoast SEO plugin v25.9 - https:\/\/yoast.com\/wordpress\/plugins\/seo\/ -->\n<title>ECCOgravel | Stabilisateur de gravier - ECCO Products<\/title>\n<meta name=\"description\" content=\"ECCOgravel sont des dalles de gravier robustes, r\u00e9sistantes au gel et parfaitement perm\u00e9ables \u00e0 l\u2019eau, pour un rev\u00eatement stable et fonctionnel.\" \/>\n<meta name=\"robots\" content=\"index, follow, max-snippet:-1, max-image-preview:large, max-video-preview:-1\" \/>\n<link rel=\"canonical\" href=\"https:\/\/eccoproducts.eu\/fr\/produit\/eccogravel-stabilisateur-de-gravier\/\" \/>\n<meta property=\"og:locale\" content=\"fr_FR\" \/>\n<meta property=\"og:type\" content=\"article\" \/>\n<meta property=\"og:title\" content=\"ECCOgravel | Stabilisateur de gravier - ECCO Products\" \/>\n<meta property=\"og:description\" content=\"ECCOgravel sont des dalles de gravier robustes, r\u00e9sistantes au gel et parfaitement perm\u00e9ables \u00e0 l\u2019eau, pour un rev\u00eatement stable et fonctionnel.\" \/>\n<meta property=\"og:url\" content=\"https:\/\/eccoproducts.eu\/fr\/produit\/eccogravel-stabilisateur-de-gravier\/\" \/>\n<meta property=\"og:site_name\" content=\"ECCO Products\" \/>\n<meta property=\"article:modified_time\" content=\"2026-02-24T10:05:09+00:00\" \/>\n<meta property=\"og:image\" content=\"https:\/\/eccoproducts.eu\/wp-content\/uploads\/2023\/03\/ECCOgravel_1200x900.jpg\" \/>\n\t<meta property=\"og:image:width\" content=\"1200\" \/>\n\t<meta property=\"og:image:height\" content=\"900\" \/>\n\t<meta property=\"og:image:type\" content=\"image\/jpeg\" \/>\n<meta name=\"twitter:card\" content=\"summary_large_image\" \/>\n<meta name=\"twitter:label1\" content=\"Dur\u00e9e de lecture estim\u00e9e\" \/>\n\t<meta name=\"twitter:data1\" content=\"1 minute\" \/>\n<script type=\"application\/ld+json\" class=\"yoast-schema-graph\">{\"@context\":\"https:\/\/schema.org\",\"@graph\":[{\"@type\":\"WebPage\",\"@id\":\"https:\/\/eccoproducts.eu\/fr\/produit\/eccogravel-stabilisateur-de-gravier\/\",\"url\":\"https:\/\/eccoproducts.eu\/fr\/produit\/eccogravel-stabilisateur-de-gravier\/\",\"name\":\"ECCOgravel | Stabilisateur de gravier - ECCO Products\",\"isPartOf\":{\"@id\":\"https:\/\/eccoproducts.eu\/fr\/#website\"},\"primaryImageOfPage\":{\"@id\":\"https:\/\/eccoproducts.eu\/fr\/produit\/eccogravel-stabilisateur-de-gravier\/#primaryimage\"},\"image\":{\"@id\":\"https:\/\/eccoproducts.eu\/fr\/produit\/eccogravel-stabilisateur-de-gravier\/#primaryimage\"},\"thumbnailUrl\":\"https:\/\/eccoproducts.eu\/wp-content\/uploads\/2023\/03\/ECCOgravel_1200x900.jpg\",\"datePublished\":\"2023-03-06T11:17:16+00:00\",\"dateModified\":\"2026-02-24T10:05:09+00:00\",\"description\":\"ECCOgravel sont des dalles de gravier robustes, r\u00e9sistantes au gel et parfaitement perm\u00e9ables \u00e0 l\u2019eau, pour un rev\u00eatement stable et fonctionnel.\",\"breadcrumb\":{\"@id\":\"https:\/\/eccoproducts.eu\/fr\/produit\/eccogravel-stabilisateur-de-gravier\/#breadcrumb\"},\"inLanguage\":\"fr-FR\",\"potentialAction\":[{\"@type\":\"ReadAction\",\"target\":[\"https:\/\/eccoproducts.eu\/fr\/produit\/eccogravel-stabilisateur-de-gravier\/\"]}]},{\"@type\":\"ImageObject\",\"inLanguage\":\"fr-FR\",\"@id\":\"https:\/\/eccoproducts.eu\/fr\/produit\/eccogravel-stabilisateur-de-gravier\/#primaryimage\",\"url\":\"https:\/\/eccoproducts.eu\/wp-content\/uploads\/2023\/03\/ECCOgravel_1200x900.jpg\",\"contentUrl\":\"https:\/\/eccoproducts.eu\/wp-content\/uploads\/2023\/03\/ECCOgravel_1200x900.jpg\",\"width\":1200,\"height\":900,\"caption\":\"eccogravel\"},{\"@type\":\"BreadcrumbList\",\"@id\":\"https:\/\/eccoproducts.eu\/fr\/produit\/eccogravel-stabilisateur-de-gravier\/#breadcrumb\",\"itemListElement\":[{\"@type\":\"ListItem\",\"position\":1,\"name\":\"Home\",\"item\":\"https:\/\/eccoproducts.eu\/fr\/\"},{\"@type\":\"ListItem\",\"position\":2,\"name\":\"Produits\",\"item\":\"https:\/\/eccoproducts.eu\/fr\/produit\/\"},{\"@type\":\"ListItem\",\"position\":3,\"name\":\"ECCOgravel | Stabilisateur de gravier\"}]},{\"@type\":\"WebSite\",\"@id\":\"https:\/\/eccoproducts.eu\/fr\/#website\",\"url\":\"https:\/\/eccoproducts.eu\/fr\/\",\"name\":\"ECCO Products\",\"description\":\"\",\"publisher\":{\"@id\":\"https:\/\/eccoproducts.eu\/fr\/#organization\"},\"potentialAction\":[{\"@type\":\"SearchAction\",\"target\":{\"@type\":\"EntryPoint\",\"urlTemplate\":\"https:\/\/eccoproducts.eu\/fr\/?s={search_term_string}\"},\"query-input\":{\"@type\":\"PropertyValueSpecification\",\"valueRequired\":true,\"valueName\":\"search_term_string\"}}],\"inLanguage\":\"fr-FR\"},{\"@type\":\"Organization\",\"@id\":\"https:\/\/eccoproducts.eu\/fr\/#organization\",\"name\":\"ECCO Products\",\"url\":\"https:\/\/eccoproducts.eu\/fr\/\",\"logo\":{\"@type\":\"ImageObject\",\"inLanguage\":\"fr-FR\",\"@id\":\"https:\/\/eccoproducts.eu\/fr\/#\/schema\/logo\/image\/\",\"url\":\"https:\/\/eccoproducts.eu\/wp-content\/uploads\/2023\/06\/cropped-MicrosoftTeams-image-1.png\",\"contentUrl\":\"https:\/\/eccoproducts.eu\/wp-content\/uploads\/2023\/06\/cropped-MicrosoftTeams-image-1.png\",\"width\":417,\"height\":71,\"caption\":\"ECCO Products\"},\"image\":{\"@id\":\"https:\/\/eccoproducts.eu\/fr\/#\/schema\/logo\/image\/\"}}]}<\/script>\n<!-- \/ Yoast SEO plugin. -->","yoast_head_json":{"title":"ECCOgravel | Stabilisateur de gravier - ECCO Products","description":"ECCOgravel sont des dalles de gravier robustes, r\u00e9sistantes au gel et parfaitement perm\u00e9ables \u00e0 l\u2019eau, pour un rev\u00eatement stable et fonctionnel.","robots":{"index":"index","follow":"follow","max-snippet":"max-snippet:-1","max-image-preview":"max-image-preview:large","max-video-preview":"max-video-preview:-1"},"canonical":"https:\/\/eccoproducts.eu\/fr\/produit\/eccogravel-stabilisateur-de-gravier\/","og_locale":"fr_FR","og_type":"article","og_title":"ECCOgravel | Stabilisateur de gravier - ECCO Products","og_description":"ECCOgravel sont des dalles de gravier robustes, r\u00e9sistantes au gel et parfaitement perm\u00e9ables \u00e0 l\u2019eau, pour un rev\u00eatement stable et fonctionnel.","og_url":"https:\/\/eccoproducts.eu\/fr\/produit\/eccogravel-stabilisateur-de-gravier\/","og_site_name":"ECCO Products","article_modified_time":"2026-02-24T10:05:09+00:00","og_image":[{"width":1200,"height":900,"url":"https:\/\/eccoproducts.eu\/wp-content\/uploads\/2023\/03\/ECCOgravel_1200x900.jpg","type":"image\/jpeg"}],"twitter_card":"summary_large_image","twitter_misc":{"Dur\u00e9e de lecture estim\u00e9e":"1 minute"},"schema":{"@context":"https:\/\/schema.org","@graph":[{"@type":"WebPage","@id":"https:\/\/eccoproducts.eu\/fr\/produit\/eccogravel-stabilisateur-de-gravier\/","url":"https:\/\/eccoproducts.eu\/fr\/produit\/eccogravel-stabilisateur-de-gravier\/","name":"ECCOgravel | Stabilisateur de gravier - ECCO Products","isPartOf":{"@id":"https:\/\/eccoproducts.eu\/fr\/#website"},"primaryImageOfPage":{"@id":"https:\/\/eccoproducts.eu\/fr\/produit\/eccogravel-stabilisateur-de-gravier\/#primaryimage"},"image":{"@id":"https:\/\/eccoproducts.eu\/fr\/produit\/eccogravel-stabilisateur-de-gravier\/#primaryimage"},"thumbnailUrl":"https:\/\/eccoproducts.eu\/wp-content\/uploads\/2023\/03\/ECCOgravel_1200x900.jpg","datePublished":"2023-03-06T11:17:16+00:00","dateModified":"2026-02-24T10:05:09+00:00","description":"ECCOgravel sont des dalles de gravier robustes, r\u00e9sistantes au gel et parfaitement perm\u00e9ables \u00e0 l\u2019eau, pour un rev\u00eatement stable et fonctionnel.","breadcrumb":{"@id":"https:\/\/eccoproducts.eu\/fr\/produit\/eccogravel-stabilisateur-de-gravier\/#breadcrumb"},"inLanguage":"fr-FR","potentialAction":[{"@type":"ReadAction","target":["https:\/\/eccoproducts.eu\/fr\/produit\/eccogravel-stabilisateur-de-gravier\/"]}]},{"@type":"ImageObject","inLanguage":"fr-FR","@id":"https:\/\/eccoproducts.eu\/fr\/produit\/eccogravel-stabilisateur-de-gravier\/#primaryimage","url":"https:\/\/eccoproducts.eu\/wp-content\/uploads\/2023\/03\/ECCOgravel_1200x900.jpg","contentUrl":"https:\/\/eccoproducts.eu\/wp-content\/uploads\/2023\/03\/ECCOgravel_1200x900.jpg","width":1200,"height":900,"caption":"eccogravel"},{"@type":"BreadcrumbList","@id":"https:\/\/eccoproducts.eu\/fr\/produit\/eccogravel-stabilisateur-de-gravier\/#breadcrumb","itemListElement":[{"@type":"ListItem","position":1,"name":"Home","item":"https:\/\/eccoproducts.eu\/fr\/"},{"@type":"ListItem","position":2,"name":"Produits","item":"https:\/\/eccoproducts.eu\/fr\/produit\/"},{"@type":"ListItem","position":3,"name":"ECCOgravel | Stabilisateur de gravier"}]},{"@type":"WebSite","@id":"https:\/\/eccoproducts.eu\/fr\/#website","url":"https:\/\/eccoproducts.eu\/fr\/","name":"ECCO Products","description":"","publisher":{"@id":"https:\/\/eccoproducts.eu\/fr\/#organization"},"potentialAction":[{"@type":"SearchAction","target":{"@type":"EntryPoint","urlTemplate":"https:\/\/eccoproducts.eu\/fr\/?s={search_term_string}"},"query-input":{"@type":"PropertyValueSpecification","valueRequired":true,"valueName":"search_term_string"}}],"inLanguage":"fr-FR"},{"@type":"Organization","@id":"https:\/\/eccoproducts.eu\/fr\/#organization","name":"ECCO Products","url":"https:\/\/eccoproducts.eu\/fr\/","logo":{"@type":"ImageObject","inLanguage":"fr-FR","@id":"https:\/\/eccoproducts.eu\/fr\/#\/schema\/logo\/image\/","url":"https:\/\/eccoproducts.eu\/wp-content\/uploads\/2023\/06\/cropped-MicrosoftTeams-image-1.png","contentUrl":"https:\/\/eccoproducts.eu\/wp-content\/uploads\/2023\/06\/cropped-MicrosoftTeams-image-1.png","width":417,"height":71,"caption":"ECCO Products"},"image":{"@id":"https:\/\/eccoproducts.eu\/fr\/#\/schema\/logo\/image\/"}}]}},"_links":{"self":[{"href":"https:\/\/eccoproducts.eu\/fr\/wp-json\/wp\/v2\/product\/2733","targetHints":{"allow":["GET"]}}],"collection":[{"href":"https:\/\/eccoproducts.eu\/fr\/wp-json\/wp\/v2\/product"}],"about":[{"href":"https:\/\/eccoproducts.eu\/fr\/wp-json\/wp\/v2\/types\/product"}],"replies":[{"embeddable":true,"href":"https:\/\/eccoproducts.eu\/fr\/wp-json\/wp\/v2\/comments?post=2733"}],"wp:featuredmedia":[{"embeddable":true,"href":"https:\/\/eccoproducts.eu\/fr\/wp-json\/wp\/v2\/media\/1002"}],"wp:attachment":[{"href":"https:\/\/eccoproducts.eu\/fr\/wp-json\/wp\/v2\/media?parent=2733"}],"wp:term":[{"taxonomy":"product_brand","embeddable":true,"href":"https:\/\/eccoproducts.eu\/fr\/wp-json\/wp\/v2\/product_brand?post=2733"},{"taxonomy":"product_cat","embeddable":true,"href":"https:\/\/eccoproducts.eu\/fr\/wp-json\/wp\/v2\/product_cat?post=2733"},{"taxonomy":"product_tag","embeddable":true,"href":"https:\/\/eccoproducts.eu\/fr\/wp-json\/wp\/v2\/product_tag?post=2733"}],"curies":[{"name":"wp","href":"https:\/\/api.w.org\/{rel}","templated":true}]}}