{"id":2732,"date":"2023-03-13T15:29:38","date_gmt":"2023-03-13T14:29:38","guid":{"rendered":"https:\/\/eccoproducts.eu\/producten\/eccodal-dalles-gazon\/"},"modified":"2026-01-22T09:08:27","modified_gmt":"2026-01-22T08:08:27","slug":"eccodal-dalles-gazon","status":"publish","type":"product","link":"https:\/\/eccoproducts.eu\/fr\/produit\/eccodal-dalles-gazon\/","title":{"rendered":"ECCOdal Dalles gazon"},"content":{"rendered":"","protected":false},"excerpt":{"rendered":"<p>Les dalles gazon ECCOdal sont des <strong>dalles robustes,<\/strong> fabriqu\u00e9es \u00e0 partir de <strong>mat\u00e9riaux recycl\u00e9s<\/strong>, et \u00e9quip\u00e9es de <strong>joints de dilatation<\/strong> pour absorber les contraintes thermiques et m\u00e9caniques. Gr\u00e2ce aux dalles ECCOdal, vous b\u00e9n\u00e9ficiez d\u2019un rev\u00eatement <strong>perm\u00e9able \u00e0 l\u2019eau<\/strong>, <strong>praticable \u00e0 pied<\/strong> et (occasionnellement) <strong>carrossable<\/strong>, tout en apportant une touche <strong>\u00e9cologique<\/strong>.<\/p>\n<p>Ces dalles en plastique sont faciles \u00e0 installer et constituent une excellente alternative aux dalles en b\u00e9ton.<\/p>\n","protected":false},"featured_media":5992,"comment_status":"open","ping_status":"closed","template":"","meta":{"_acf_changed":false,"inline_featured_image":false},"product_brand":[],"product_cat":[81],"product_tag":[],"class_list":{"0":"post-2732","1":"product","2":"type-product","3":"status-publish","4":"has-post-thumbnail","6":"product_cat-produits-permeables-a-leau","8":"first","9":"instock","10":"shipping-taxable","11":"product-type-simple"},"acf":[],"yoast_head":"<!-- This site is optimized with the Yoast SEO plugin v25.9 - https:\/\/yoast.com\/wordpress\/plugins\/seo\/ -->\n<title>ECCOdal Dalles gazon - ECCO Products<\/title>\n<meta name=\"description\" content=\"Avec les dalles gazon ECCOdal, vous obtenez une surface perm\u00e9able \u00e0 l&#039;eau, praticable \u00e0 pied et (occasionnellement) carrossable, avec une touche \u00e9cologique.\" \/>\n<meta name=\"robots\" content=\"index, follow, max-snippet:-1, max-image-preview:large, max-video-preview:-1\" \/>\n<link rel=\"canonical\" href=\"https:\/\/eccoproducts.eu\/fr\/produit\/eccodal-dalles-gazon\/\" \/>\n<meta property=\"og:locale\" content=\"fr_FR\" \/>\n<meta property=\"og:type\" content=\"article\" \/>\n<meta property=\"og:title\" content=\"ECCOdal Dalles gazon - ECCO Products\" \/>\n<meta property=\"og:description\" content=\"Avec les dalles gazon ECCOdal, vous obtenez une surface perm\u00e9able \u00e0 l&#039;eau, praticable \u00e0 pied et (occasionnellement) carrossable, avec une touche \u00e9cologique.\" \/>\n<meta property=\"og:url\" content=\"https:\/\/eccoproducts.eu\/fr\/produit\/eccodal-dalles-gazon\/\" \/>\n<meta property=\"og:site_name\" content=\"ECCO Products\" \/>\n<meta property=\"article:modified_time\" content=\"2026-01-22T08:08:27+00:00\" \/>\n<meta property=\"og:image\" content=\"https:\/\/eccoproducts.eu\/wp-content\/uploads\/2023\/03\/ECCOdal_P02_groen_detail-1024x768.jpg\" \/>\n\t<meta property=\"og:image:width\" content=\"1024\" \/>\n\t<meta property=\"og:image:height\" content=\"768\" \/>\n\t<meta property=\"og:image:type\" content=\"image\/jpeg\" \/>\n<meta name=\"twitter:card\" content=\"summary_large_image\" \/>\n<meta name=\"twitter:label1\" content=\"Dur\u00e9e de lecture estim\u00e9e\" \/>\n\t<meta name=\"twitter:data1\" content=\"1 minute\" \/>\n<script type=\"application\/ld+json\" class=\"yoast-schema-graph\">{\"@context\":\"https:\/\/schema.org\",\"@graph\":[{\"@type\":\"WebPage\",\"@id\":\"https:\/\/eccoproducts.eu\/fr\/produit\/eccodal-dalles-gazon\/\",\"url\":\"https:\/\/eccoproducts.eu\/fr\/produit\/eccodal-dalles-gazon\/\",\"name\":\"ECCOdal Dalles gazon - ECCO Products\",\"isPartOf\":{\"@id\":\"https:\/\/eccoproducts.eu\/fr\/#website\"},\"primaryImageOfPage\":{\"@id\":\"https:\/\/eccoproducts.eu\/fr\/produit\/eccodal-dalles-gazon\/#primaryimage\"},\"image\":{\"@id\":\"https:\/\/eccoproducts.eu\/fr\/produit\/eccodal-dalles-gazon\/#primaryimage\"},\"thumbnailUrl\":\"https:\/\/eccoproducts.eu\/wp-content\/uploads\/2023\/03\/ECCOdal_P02_groen_detail.jpg\",\"datePublished\":\"2023-03-13T14:29:38+00:00\",\"dateModified\":\"2026-01-22T08:08:27+00:00\",\"description\":\"Avec les dalles gazon ECCOdal, vous obtenez une surface perm\u00e9able \u00e0 l'eau, praticable \u00e0 pied et (occasionnellement) carrossable, avec une touche \u00e9cologique.\",\"breadcrumb\":{\"@id\":\"https:\/\/eccoproducts.eu\/fr\/produit\/eccodal-dalles-gazon\/#breadcrumb\"},\"inLanguage\":\"fr-FR\",\"potentialAction\":[{\"@type\":\"ReadAction\",\"target\":[\"https:\/\/eccoproducts.eu\/fr\/produit\/eccodal-dalles-gazon\/\"]}]},{\"@type\":\"ImageObject\",\"inLanguage\":\"fr-FR\",\"@id\":\"https:\/\/eccoproducts.eu\/fr\/produit\/eccodal-dalles-gazon\/#primaryimage\",\"url\":\"https:\/\/eccoproducts.eu\/wp-content\/uploads\/2023\/03\/ECCOdal_P02_groen_detail.jpg\",\"contentUrl\":\"https:\/\/eccoproducts.eu\/wp-content\/uploads\/2023\/03\/ECCOdal_P02_groen_detail.jpg\",\"width\":5352,\"height\":4014},{\"@type\":\"BreadcrumbList\",\"@id\":\"https:\/\/eccoproducts.eu\/fr\/produit\/eccodal-dalles-gazon\/#breadcrumb\",\"itemListElement\":[{\"@type\":\"ListItem\",\"position\":1,\"name\":\"Home\",\"item\":\"https:\/\/eccoproducts.eu\/fr\/\"},{\"@type\":\"ListItem\",\"position\":2,\"name\":\"Produits\",\"item\":\"https:\/\/eccoproducts.eu\/fr\/produit\/\"},{\"@type\":\"ListItem\",\"position\":3,\"name\":\"ECCOdal Dalles gazon\"}]},{\"@type\":\"WebSite\",\"@id\":\"https:\/\/eccoproducts.eu\/fr\/#website\",\"url\":\"https:\/\/eccoproducts.eu\/fr\/\",\"name\":\"ECCO Products\",\"description\":\"\",\"publisher\":{\"@id\":\"https:\/\/eccoproducts.eu\/fr\/#organization\"},\"potentialAction\":[{\"@type\":\"SearchAction\",\"target\":{\"@type\":\"EntryPoint\",\"urlTemplate\":\"https:\/\/eccoproducts.eu\/fr\/?s={search_term_string}\"},\"query-input\":{\"@type\":\"PropertyValueSpecification\",\"valueRequired\":true,\"valueName\":\"search_term_string\"}}],\"inLanguage\":\"fr-FR\"},{\"@type\":\"Organization\",\"@id\":\"https:\/\/eccoproducts.eu\/fr\/#organization\",\"name\":\"ECCO Products\",\"url\":\"https:\/\/eccoproducts.eu\/fr\/\",\"logo\":{\"@type\":\"ImageObject\",\"inLanguage\":\"fr-FR\",\"@id\":\"https:\/\/eccoproducts.eu\/fr\/#\/schema\/logo\/image\/\",\"url\":\"https:\/\/eccoproducts.eu\/wp-content\/uploads\/2023\/06\/cropped-MicrosoftTeams-image-1.png\",\"contentUrl\":\"https:\/\/eccoproducts.eu\/wp-content\/uploads\/2023\/06\/cropped-MicrosoftTeams-image-1.png\",\"width\":417,\"height\":71,\"caption\":\"ECCO Products\"},\"image\":{\"@id\":\"https:\/\/eccoproducts.eu\/fr\/#\/schema\/logo\/image\/\"}}]}<\/script>\n<!-- \/ Yoast SEO plugin. -->","yoast_head_json":{"title":"ECCOdal Dalles gazon - ECCO Products","description":"Avec les dalles gazon ECCOdal, vous obtenez une surface perm\u00e9able \u00e0 l'eau, praticable \u00e0 pied et (occasionnellement) carrossable, avec une touche \u00e9cologique.","robots":{"index":"index","follow":"follow","max-snippet":"max-snippet:-1","max-image-preview":"max-image-preview:large","max-video-preview":"max-video-preview:-1"},"canonical":"https:\/\/eccoproducts.eu\/fr\/produit\/eccodal-dalles-gazon\/","og_locale":"fr_FR","og_type":"article","og_title":"ECCOdal Dalles gazon - ECCO Products","og_description":"Avec les dalles gazon ECCOdal, vous obtenez une surface perm\u00e9able \u00e0 l'eau, praticable \u00e0 pied et (occasionnellement) carrossable, avec une touche \u00e9cologique.","og_url":"https:\/\/eccoproducts.eu\/fr\/produit\/eccodal-dalles-gazon\/","og_site_name":"ECCO Products","article_modified_time":"2026-01-22T08:08:27+00:00","og_image":[{"width":1024,"height":768,"url":"https:\/\/eccoproducts.eu\/wp-content\/uploads\/2023\/03\/ECCOdal_P02_groen_detail-1024x768.jpg","type":"image\/jpeg"}],"twitter_card":"summary_large_image","twitter_misc":{"Dur\u00e9e de lecture estim\u00e9e":"1 minute"},"schema":{"@context":"https:\/\/schema.org","@graph":[{"@type":"WebPage","@id":"https:\/\/eccoproducts.eu\/fr\/produit\/eccodal-dalles-gazon\/","url":"https:\/\/eccoproducts.eu\/fr\/produit\/eccodal-dalles-gazon\/","name":"ECCOdal Dalles gazon - ECCO Products","isPartOf":{"@id":"https:\/\/eccoproducts.eu\/fr\/#website"},"primaryImageOfPage":{"@id":"https:\/\/eccoproducts.eu\/fr\/produit\/eccodal-dalles-gazon\/#primaryimage"},"image":{"@id":"https:\/\/eccoproducts.eu\/fr\/produit\/eccodal-dalles-gazon\/#primaryimage"},"thumbnailUrl":"https:\/\/eccoproducts.eu\/wp-content\/uploads\/2023\/03\/ECCOdal_P02_groen_detail.jpg","datePublished":"2023-03-13T14:29:38+00:00","dateModified":"2026-01-22T08:08:27+00:00","description":"Avec les dalles gazon ECCOdal, vous obtenez une surface perm\u00e9able \u00e0 l'eau, praticable \u00e0 pied et (occasionnellement) carrossable, avec une touche \u00e9cologique.","breadcrumb":{"@id":"https:\/\/eccoproducts.eu\/fr\/produit\/eccodal-dalles-gazon\/#breadcrumb"},"inLanguage":"fr-FR","potentialAction":[{"@type":"ReadAction","target":["https:\/\/eccoproducts.eu\/fr\/produit\/eccodal-dalles-gazon\/"]}]},{"@type":"ImageObject","inLanguage":"fr-FR","@id":"https:\/\/eccoproducts.eu\/fr\/produit\/eccodal-dalles-gazon\/#primaryimage","url":"https:\/\/eccoproducts.eu\/wp-content\/uploads\/2023\/03\/ECCOdal_P02_groen_detail.jpg","contentUrl":"https:\/\/eccoproducts.eu\/wp-content\/uploads\/2023\/03\/ECCOdal_P02_groen_detail.jpg","width":5352,"height":4014},{"@type":"BreadcrumbList","@id":"https:\/\/eccoproducts.eu\/fr\/produit\/eccodal-dalles-gazon\/#breadcrumb","itemListElement":[{"@type":"ListItem","position":1,"name":"Home","item":"https:\/\/eccoproducts.eu\/fr\/"},{"@type":"ListItem","position":2,"name":"Produits","item":"https:\/\/eccoproducts.eu\/fr\/produit\/"},{"@type":"ListItem","position":3,"name":"ECCOdal Dalles gazon"}]},{"@type":"WebSite","@id":"https:\/\/eccoproducts.eu\/fr\/#website","url":"https:\/\/eccoproducts.eu\/fr\/","name":"ECCO Products","description":"","publisher":{"@id":"https:\/\/eccoproducts.eu\/fr\/#organization"},"potentialAction":[{"@type":"SearchAction","target":{"@type":"EntryPoint","urlTemplate":"https:\/\/eccoproducts.eu\/fr\/?s={search_term_string}"},"query-input":{"@type":"PropertyValueSpecification","valueRequired":true,"valueName":"search_term_string"}}],"inLanguage":"fr-FR"},{"@type":"Organization","@id":"https:\/\/eccoproducts.eu\/fr\/#organization","name":"ECCO Products","url":"https:\/\/eccoproducts.eu\/fr\/","logo":{"@type":"ImageObject","inLanguage":"fr-FR","@id":"https:\/\/eccoproducts.eu\/fr\/#\/schema\/logo\/image\/","url":"https:\/\/eccoproducts.eu\/wp-content\/uploads\/2023\/06\/cropped-MicrosoftTeams-image-1.png","contentUrl":"https:\/\/eccoproducts.eu\/wp-content\/uploads\/2023\/06\/cropped-MicrosoftTeams-image-1.png","width":417,"height":71,"caption":"ECCO Products"},"image":{"@id":"https:\/\/eccoproducts.eu\/fr\/#\/schema\/logo\/image\/"}}]}},"_links":{"self":[{"href":"https:\/\/eccoproducts.eu\/fr\/wp-json\/wp\/v2\/product\/2732","targetHints":{"allow":["GET"]}}],"collection":[{"href":"https:\/\/eccoproducts.eu\/fr\/wp-json\/wp\/v2\/product"}],"about":[{"href":"https:\/\/eccoproducts.eu\/fr\/wp-json\/wp\/v2\/types\/product"}],"replies":[{"embeddable":true,"href":"https:\/\/eccoproducts.eu\/fr\/wp-json\/wp\/v2\/comments?post=2732"}],"wp:featuredmedia":[{"embeddable":true,"href":"https:\/\/eccoproducts.eu\/fr\/wp-json\/wp\/v2\/media\/5992"}],"wp:attachment":[{"href":"https:\/\/eccoproducts.eu\/fr\/wp-json\/wp\/v2\/media?parent=2732"}],"wp:term":[{"taxonomy":"product_brand","embeddable":true,"href":"https:\/\/eccoproducts.eu\/fr\/wp-json\/wp\/v2\/product_brand?post=2732"},{"taxonomy":"product_cat","embeddable":true,"href":"https:\/\/eccoproducts.eu\/fr\/wp-json\/wp\/v2\/product_cat?post=2732"},{"taxonomy":"product_tag","embeddable":true,"href":"https:\/\/eccoproducts.eu\/fr\/wp-json\/wp\/v2\/product_tag?post=2732"}],"curies":[{"name":"wp","href":"https:\/\/api.w.org\/{rel}","templated":true}]}}