{"id":2731,"date":"2023-03-13T15:39:56","date_gmt":"2023-03-13T14:39:56","guid":{"rendered":"https:\/\/eccoproducts.eu\/producten\/casquettes-de-marquage-eccodal\/"},"modified":"2023-08-03T12:20:09","modified_gmt":"2023-08-03T10:20:09","slug":"eccodal-markeerdoppen","status":"publish","type":"product","link":"https:\/\/eccoproducts.eu\/fr\/produit\/eccodal-markeerdoppen\/","title":{"rendered":"Casquettes de marquage ECCOdal"},"content":{"rendered":"","protected":false},"excerpt":{"rendered":"<p>La solution pour d\u00e9limiter les zones de stationnement ! Nos balises innovantes sont sp\u00e9cialement con\u00e7ues pour le marquage des surfaces engazonn\u00e9es. Elles constituent un moyen simple et efficace de d\u00e9limiter les zones de stationnement. Gr\u00e2ce \u00e0 leurs nervures de tension verticales, nos marqueurs offrent une prise ferme qui les maintient parfaitement en place.<\/p>\n","protected":false},"featured_media":1721,"comment_status":"open","ping_status":"closed","template":"","meta":{"_acf_changed":false,"inline_featured_image":false},"product_brand":[],"product_cat":[78],"product_tag":[],"class_list":{"0":"post-2731","1":"product","2":"type-product","3":"status-publish","4":"has-post-thumbnail","6":"product_cat-accessoires","8":"first","9":"instock","10":"shipping-taxable","11":"product-type-simple"},"acf":[],"yoast_head":"<!-- This site is optimized with the Yoast SEO plugin v25.9 - https:\/\/yoast.com\/wordpress\/plugins\/seo\/ -->\n<title>Casquettes de marquage ECCOdal - ECCO Products<\/title>\n<meta name=\"robots\" content=\"index, follow, max-snippet:-1, max-image-preview:large, max-video-preview:-1\" \/>\n<link rel=\"canonical\" href=\"https:\/\/eccoproducts.eu\/fr\/produit\/eccodal-markeerdoppen\/\" \/>\n<meta property=\"og:locale\" content=\"fr_FR\" \/>\n<meta property=\"og:type\" content=\"article\" \/>\n<meta property=\"og:title\" content=\"Casquettes de marquage ECCOdal - ECCO Products\" \/>\n<meta property=\"og:description\" content=\"La solution pour d\u00e9limiter les zones de stationnement ! Nos balises innovantes sont sp\u00e9cialement con\u00e7ues pour le marquage des surfaces engazonn\u00e9es. Elles constituent un moyen simple et efficace de d\u00e9limiter les zones de stationnement. Gr\u00e2ce \u00e0 leurs nervures de tension verticales, nos marqueurs offrent une prise ferme qui les maintient parfaitement en place.\" \/>\n<meta property=\"og:url\" content=\"https:\/\/eccoproducts.eu\/fr\/produit\/eccodal-markeerdoppen\/\" \/>\n<meta property=\"og:site_name\" content=\"ECCO Products\" \/>\n<meta property=\"article:modified_time\" content=\"2023-08-03T10:20:09+00:00\" \/>\n<meta property=\"og:image\" content=\"https:\/\/eccoproducts.eu\/wp-content\/uploads\/2023\/03\/ECCOmarkers_dal_2_1200x900.jpg\" \/>\n\t<meta property=\"og:image:width\" content=\"1200\" \/>\n\t<meta property=\"og:image:height\" content=\"900\" \/>\n\t<meta property=\"og:image:type\" content=\"image\/jpeg\" \/>\n<meta name=\"twitter:card\" content=\"summary_large_image\" \/>\n<script type=\"application\/ld+json\" class=\"yoast-schema-graph\">{\"@context\":\"https:\/\/schema.org\",\"@graph\":[{\"@type\":\"WebPage\",\"@id\":\"https:\/\/eccoproducts.eu\/fr\/produit\/eccodal-markeerdoppen\/\",\"url\":\"https:\/\/eccoproducts.eu\/fr\/produit\/eccodal-markeerdoppen\/\",\"name\":\"Casquettes de marquage ECCOdal - ECCO Products\",\"isPartOf\":{\"@id\":\"https:\/\/eccoproducts.eu\/fr\/#website\"},\"primaryImageOfPage\":{\"@id\":\"https:\/\/eccoproducts.eu\/fr\/produit\/eccodal-markeerdoppen\/#primaryimage\"},\"image\":{\"@id\":\"https:\/\/eccoproducts.eu\/fr\/produit\/eccodal-markeerdoppen\/#primaryimage\"},\"thumbnailUrl\":\"https:\/\/eccoproducts.eu\/wp-content\/uploads\/2023\/03\/ECCOmarkers_dal_2_1200x900.jpg\",\"datePublished\":\"2023-03-13T14:39:56+00:00\",\"dateModified\":\"2023-08-03T10:20:09+00:00\",\"breadcrumb\":{\"@id\":\"https:\/\/eccoproducts.eu\/fr\/produit\/eccodal-markeerdoppen\/#breadcrumb\"},\"inLanguage\":\"fr-FR\",\"potentialAction\":[{\"@type\":\"ReadAction\",\"target\":[\"https:\/\/eccoproducts.eu\/fr\/produit\/eccodal-markeerdoppen\/\"]}]},{\"@type\":\"ImageObject\",\"inLanguage\":\"fr-FR\",\"@id\":\"https:\/\/eccoproducts.eu\/fr\/produit\/eccodal-markeerdoppen\/#primaryimage\",\"url\":\"https:\/\/eccoproducts.eu\/wp-content\/uploads\/2023\/03\/ECCOmarkers_dal_2_1200x900.jpg\",\"contentUrl\":\"https:\/\/eccoproducts.eu\/wp-content\/uploads\/2023\/03\/ECCOmarkers_dal_2_1200x900.jpg\",\"width\":1200,\"height\":900},{\"@type\":\"BreadcrumbList\",\"@id\":\"https:\/\/eccoproducts.eu\/fr\/produit\/eccodal-markeerdoppen\/#breadcrumb\",\"itemListElement\":[{\"@type\":\"ListItem\",\"position\":1,\"name\":\"Home\",\"item\":\"https:\/\/eccoproducts.eu\/fr\/\"},{\"@type\":\"ListItem\",\"position\":2,\"name\":\"Produits\",\"item\":\"https:\/\/eccoproducts.eu\/fr\/produit\/\"},{\"@type\":\"ListItem\",\"position\":3,\"name\":\"Casquettes de marquage ECCOdal\"}]},{\"@type\":\"WebSite\",\"@id\":\"https:\/\/eccoproducts.eu\/fr\/#website\",\"url\":\"https:\/\/eccoproducts.eu\/fr\/\",\"name\":\"ECCO Products\",\"description\":\"\",\"publisher\":{\"@id\":\"https:\/\/eccoproducts.eu\/fr\/#organization\"},\"potentialAction\":[{\"@type\":\"SearchAction\",\"target\":{\"@type\":\"EntryPoint\",\"urlTemplate\":\"https:\/\/eccoproducts.eu\/fr\/?s={search_term_string}\"},\"query-input\":{\"@type\":\"PropertyValueSpecification\",\"valueRequired\":true,\"valueName\":\"search_term_string\"}}],\"inLanguage\":\"fr-FR\"},{\"@type\":\"Organization\",\"@id\":\"https:\/\/eccoproducts.eu\/fr\/#organization\",\"name\":\"ECCO Products\",\"url\":\"https:\/\/eccoproducts.eu\/fr\/\",\"logo\":{\"@type\":\"ImageObject\",\"inLanguage\":\"fr-FR\",\"@id\":\"https:\/\/eccoproducts.eu\/fr\/#\/schema\/logo\/image\/\",\"url\":\"https:\/\/eccoproducts.eu\/wp-content\/uploads\/2023\/06\/cropped-MicrosoftTeams-image-1.png\",\"contentUrl\":\"https:\/\/eccoproducts.eu\/wp-content\/uploads\/2023\/06\/cropped-MicrosoftTeams-image-1.png\",\"width\":417,\"height\":71,\"caption\":\"ECCO Products\"},\"image\":{\"@id\":\"https:\/\/eccoproducts.eu\/fr\/#\/schema\/logo\/image\/\"}}]}<\/script>\n<!-- \/ Yoast SEO plugin. -->","yoast_head_json":{"title":"Casquettes de marquage ECCOdal - ECCO Products","robots":{"index":"index","follow":"follow","max-snippet":"max-snippet:-1","max-image-preview":"max-image-preview:large","max-video-preview":"max-video-preview:-1"},"canonical":"https:\/\/eccoproducts.eu\/fr\/produit\/eccodal-markeerdoppen\/","og_locale":"fr_FR","og_type":"article","og_title":"Casquettes de marquage ECCOdal - ECCO Products","og_description":"La solution pour d\u00e9limiter les zones de stationnement ! Nos balises innovantes sont sp\u00e9cialement con\u00e7ues pour le marquage des surfaces engazonn\u00e9es. Elles constituent un moyen simple et efficace de d\u00e9limiter les zones de stationnement. Gr\u00e2ce \u00e0 leurs nervures de tension verticales, nos marqueurs offrent une prise ferme qui les maintient parfaitement en place.","og_url":"https:\/\/eccoproducts.eu\/fr\/produit\/eccodal-markeerdoppen\/","og_site_name":"ECCO Products","article_modified_time":"2023-08-03T10:20:09+00:00","og_image":[{"width":1200,"height":900,"url":"https:\/\/eccoproducts.eu\/wp-content\/uploads\/2023\/03\/ECCOmarkers_dal_2_1200x900.jpg","type":"image\/jpeg"}],"twitter_card":"summary_large_image","schema":{"@context":"https:\/\/schema.org","@graph":[{"@type":"WebPage","@id":"https:\/\/eccoproducts.eu\/fr\/produit\/eccodal-markeerdoppen\/","url":"https:\/\/eccoproducts.eu\/fr\/produit\/eccodal-markeerdoppen\/","name":"Casquettes de marquage ECCOdal - ECCO Products","isPartOf":{"@id":"https:\/\/eccoproducts.eu\/fr\/#website"},"primaryImageOfPage":{"@id":"https:\/\/eccoproducts.eu\/fr\/produit\/eccodal-markeerdoppen\/#primaryimage"},"image":{"@id":"https:\/\/eccoproducts.eu\/fr\/produit\/eccodal-markeerdoppen\/#primaryimage"},"thumbnailUrl":"https:\/\/eccoproducts.eu\/wp-content\/uploads\/2023\/03\/ECCOmarkers_dal_2_1200x900.jpg","datePublished":"2023-03-13T14:39:56+00:00","dateModified":"2023-08-03T10:20:09+00:00","breadcrumb":{"@id":"https:\/\/eccoproducts.eu\/fr\/produit\/eccodal-markeerdoppen\/#breadcrumb"},"inLanguage":"fr-FR","potentialAction":[{"@type":"ReadAction","target":["https:\/\/eccoproducts.eu\/fr\/produit\/eccodal-markeerdoppen\/"]}]},{"@type":"ImageObject","inLanguage":"fr-FR","@id":"https:\/\/eccoproducts.eu\/fr\/produit\/eccodal-markeerdoppen\/#primaryimage","url":"https:\/\/eccoproducts.eu\/wp-content\/uploads\/2023\/03\/ECCOmarkers_dal_2_1200x900.jpg","contentUrl":"https:\/\/eccoproducts.eu\/wp-content\/uploads\/2023\/03\/ECCOmarkers_dal_2_1200x900.jpg","width":1200,"height":900},{"@type":"BreadcrumbList","@id":"https:\/\/eccoproducts.eu\/fr\/produit\/eccodal-markeerdoppen\/#breadcrumb","itemListElement":[{"@type":"ListItem","position":1,"name":"Home","item":"https:\/\/eccoproducts.eu\/fr\/"},{"@type":"ListItem","position":2,"name":"Produits","item":"https:\/\/eccoproducts.eu\/fr\/produit\/"},{"@type":"ListItem","position":3,"name":"Casquettes de marquage ECCOdal"}]},{"@type":"WebSite","@id":"https:\/\/eccoproducts.eu\/fr\/#website","url":"https:\/\/eccoproducts.eu\/fr\/","name":"ECCO Products","description":"","publisher":{"@id":"https:\/\/eccoproducts.eu\/fr\/#organization"},"potentialAction":[{"@type":"SearchAction","target":{"@type":"EntryPoint","urlTemplate":"https:\/\/eccoproducts.eu\/fr\/?s={search_term_string}"},"query-input":{"@type":"PropertyValueSpecification","valueRequired":true,"valueName":"search_term_string"}}],"inLanguage":"fr-FR"},{"@type":"Organization","@id":"https:\/\/eccoproducts.eu\/fr\/#organization","name":"ECCO Products","url":"https:\/\/eccoproducts.eu\/fr\/","logo":{"@type":"ImageObject","inLanguage":"fr-FR","@id":"https:\/\/eccoproducts.eu\/fr\/#\/schema\/logo\/image\/","url":"https:\/\/eccoproducts.eu\/wp-content\/uploads\/2023\/06\/cropped-MicrosoftTeams-image-1.png","contentUrl":"https:\/\/eccoproducts.eu\/wp-content\/uploads\/2023\/06\/cropped-MicrosoftTeams-image-1.png","width":417,"height":71,"caption":"ECCO Products"},"image":{"@id":"https:\/\/eccoproducts.eu\/fr\/#\/schema\/logo\/image\/"}}]}},"_links":{"self":[{"href":"https:\/\/eccoproducts.eu\/fr\/wp-json\/wp\/v2\/product\/2731","targetHints":{"allow":["GET"]}}],"collection":[{"href":"https:\/\/eccoproducts.eu\/fr\/wp-json\/wp\/v2\/product"}],"about":[{"href":"https:\/\/eccoproducts.eu\/fr\/wp-json\/wp\/v2\/types\/product"}],"replies":[{"embeddable":true,"href":"https:\/\/eccoproducts.eu\/fr\/wp-json\/wp\/v2\/comments?post=2731"}],"wp:featuredmedia":[{"embeddable":true,"href":"https:\/\/eccoproducts.eu\/fr\/wp-json\/wp\/v2\/media\/1721"}],"wp:attachment":[{"href":"https:\/\/eccoproducts.eu\/fr\/wp-json\/wp\/v2\/media?parent=2731"}],"wp:term":[{"taxonomy":"product_brand","embeddable":true,"href":"https:\/\/eccoproducts.eu\/fr\/wp-json\/wp\/v2\/product_brand?post=2731"},{"taxonomy":"product_cat","embeddable":true,"href":"https:\/\/eccoproducts.eu\/fr\/wp-json\/wp\/v2\/product_cat?post=2731"},{"taxonomy":"product_tag","embeddable":true,"href":"https:\/\/eccoproducts.eu\/fr\/wp-json\/wp\/v2\/product_tag?post=2731"}],"curies":[{"name":"wp","href":"https:\/\/api.w.org\/{rel}","templated":true}]}}