{"id":2283,"date":"2023-03-13T16:39:46","date_gmt":"2023-03-13T15:39:46","guid":{"rendered":"https:\/\/eccoproducts.eu\/producten\/bordure-darbre-cercles-darbre\/"},"modified":"2024-06-04T16:47:04","modified_gmt":"2024-06-04T14:47:04","slug":"bordure-d-arbre","status":"publish","type":"product","link":"https:\/\/eccoproducts.eu\/fr\/produit\/bordure-d-arbre\/","title":{"rendered":"Bordure d&rsquo;arbre Cercles d&rsquo;arbre"},"content":{"rendered":"","protected":false},"excerpt":{"rendered":"<p><strong>Les bordures d&rsquo;arbre ECCO<\/strong> sont des bordures d&rsquo;arbre\/cercles d&rsquo;arbre en acier corten de haute qualit\u00e9 qui donnent \u00e0 votre arbre l&rsquo;accent qu&rsquo;il m\u00e9rite. Les bordures d&rsquo;arbres ne sont pas <strong>seulement esth\u00e9tiques<\/strong>, elles sont \u00e9galement faciles \u00e0 installer en trois \u00e9tapes pratiques. De plus, l&rsquo;utilisation des bordures ECCO rend l&rsquo;entretien de vos arbres beaucoup plus facile. Elles emp\u00eachent l&rsquo;\u00e9corce de s&rsquo;ab\u00eemer et les mauvaises herbes de pousser autour du tronc. Les bordures ECCO sont disponibles <strong>en trois tailles.<\/strong><\/p>\n","protected":false},"featured_media":1493,"comment_status":"open","ping_status":"closed","template":"","meta":{"_acf_changed":false,"inline_featured_image":false},"product_brand":[],"product_cat":[15],"product_tag":[],"class_list":{"0":"post-2283","1":"product","2":"type-product","3":"status-publish","4":"has-post-thumbnail","6":"product_cat-geen-categorie","8":"first","9":"instock","10":"shipping-taxable","11":"product-type-simple"},"acf":[],"yoast_head":"<!-- This site is optimized with the Yoast SEO plugin v25.9 - https:\/\/yoast.com\/wordpress\/plugins\/seo\/ -->\n<title>Bordure d&#039;arbre Cercles d&#039;arbre - ECCO Products<\/title>\n<meta name=\"robots\" content=\"index, follow, max-snippet:-1, max-image-preview:large, max-video-preview:-1\" \/>\n<link rel=\"canonical\" href=\"https:\/\/eccoproducts.eu\/fr\/produit\/bordure-d-arbre\/\" \/>\n<meta property=\"og:locale\" content=\"fr_FR\" \/>\n<meta property=\"og:type\" content=\"article\" \/>\n<meta property=\"og:title\" content=\"Bordure d&#039;arbre Cercles d&#039;arbre - ECCO Products\" \/>\n<meta property=\"og:description\" content=\"Les bordures d&#039;arbre ECCO sont des bordures d&#039;arbre\/cercles d&#039;arbre en acier corten de haute qualit\u00e9 qui donnent \u00e0 votre arbre l&#039;accent qu&#039;il m\u00e9rite. Les bordures d&#039;arbres ne sont pas seulement esth\u00e9tiques, elles sont \u00e9galement faciles \u00e0 installer en trois \u00e9tapes pratiques. De plus, l&#039;utilisation des bordures ECCO rend l&#039;entretien de vos arbres beaucoup plus facile. Elles emp\u00eachent l&#039;\u00e9corce de s&#039;ab\u00eemer et les mauvaises herbes de pousser autour du tronc. Les bordures ECCO sont disponibles en trois tailles.\" \/>\n<meta property=\"og:url\" content=\"https:\/\/eccoproducts.eu\/fr\/produit\/bordure-d-arbre\/\" \/>\n<meta property=\"og:site_name\" content=\"ECCO Products\" \/>\n<meta property=\"article:modified_time\" content=\"2024-06-04T14:47:04+00:00\" \/>\n<meta property=\"og:image\" content=\"https:\/\/eccoproducts.eu\/wp-content\/uploads\/2023\/03\/Tree-Border-Boomcirkel_4_1200x900.jpg\" \/>\n\t<meta property=\"og:image:width\" content=\"1200\" \/>\n\t<meta property=\"og:image:height\" content=\"900\" \/>\n\t<meta property=\"og:image:type\" content=\"image\/jpeg\" \/>\n<meta name=\"twitter:card\" content=\"summary_large_image\" \/>\n<script type=\"application\/ld+json\" class=\"yoast-schema-graph\">{\"@context\":\"https:\/\/schema.org\",\"@graph\":[{\"@type\":\"WebPage\",\"@id\":\"https:\/\/eccoproducts.eu\/fr\/produit\/bordure-d-arbre\/\",\"url\":\"https:\/\/eccoproducts.eu\/fr\/produit\/bordure-d-arbre\/\",\"name\":\"Bordure d'arbre Cercles d'arbre - ECCO Products\",\"isPartOf\":{\"@id\":\"https:\/\/eccoproducts.eu\/fr\/#website\"},\"primaryImageOfPage\":{\"@id\":\"https:\/\/eccoproducts.eu\/fr\/produit\/bordure-d-arbre\/#primaryimage\"},\"image\":{\"@id\":\"https:\/\/eccoproducts.eu\/fr\/produit\/bordure-d-arbre\/#primaryimage\"},\"thumbnailUrl\":\"https:\/\/eccoproducts.eu\/wp-content\/uploads\/2023\/03\/Tree-Border-Boomcirkel_4_1200x900.jpg\",\"datePublished\":\"2023-03-13T15:39:46+00:00\",\"dateModified\":\"2024-06-04T14:47:04+00:00\",\"breadcrumb\":{\"@id\":\"https:\/\/eccoproducts.eu\/fr\/produit\/bordure-d-arbre\/#breadcrumb\"},\"inLanguage\":\"fr-FR\",\"potentialAction\":[{\"@type\":\"ReadAction\",\"target\":[\"https:\/\/eccoproducts.eu\/fr\/produit\/bordure-d-arbre\/\"]}]},{\"@type\":\"ImageObject\",\"inLanguage\":\"fr-FR\",\"@id\":\"https:\/\/eccoproducts.eu\/fr\/produit\/bordure-d-arbre\/#primaryimage\",\"url\":\"https:\/\/eccoproducts.eu\/wp-content\/uploads\/2023\/03\/Tree-Border-Boomcirkel_4_1200x900.jpg\",\"contentUrl\":\"https:\/\/eccoproducts.eu\/wp-content\/uploads\/2023\/03\/Tree-Border-Boomcirkel_4_1200x900.jpg\",\"width\":1200,\"height\":900,\"caption\":\"Tree Border boomrand\/boomcirkel in cortenstaal\"},{\"@type\":\"BreadcrumbList\",\"@id\":\"https:\/\/eccoproducts.eu\/fr\/produit\/bordure-d-arbre\/#breadcrumb\",\"itemListElement\":[{\"@type\":\"ListItem\",\"position\":1,\"name\":\"Home\",\"item\":\"https:\/\/eccoproducts.eu\/fr\/\"},{\"@type\":\"ListItem\",\"position\":2,\"name\":\"Produits\",\"item\":\"https:\/\/eccoproducts.eu\/fr\/produit\/\"},{\"@type\":\"ListItem\",\"position\":3,\"name\":\"Bordure d&#8217;arbre Cercles d&#8217;arbre\"}]},{\"@type\":\"WebSite\",\"@id\":\"https:\/\/eccoproducts.eu\/fr\/#website\",\"url\":\"https:\/\/eccoproducts.eu\/fr\/\",\"name\":\"ECCO Products\",\"description\":\"\",\"publisher\":{\"@id\":\"https:\/\/eccoproducts.eu\/fr\/#organization\"},\"potentialAction\":[{\"@type\":\"SearchAction\",\"target\":{\"@type\":\"EntryPoint\",\"urlTemplate\":\"https:\/\/eccoproducts.eu\/fr\/?s={search_term_string}\"},\"query-input\":{\"@type\":\"PropertyValueSpecification\",\"valueRequired\":true,\"valueName\":\"search_term_string\"}}],\"inLanguage\":\"fr-FR\"},{\"@type\":\"Organization\",\"@id\":\"https:\/\/eccoproducts.eu\/fr\/#organization\",\"name\":\"ECCO Products\",\"url\":\"https:\/\/eccoproducts.eu\/fr\/\",\"logo\":{\"@type\":\"ImageObject\",\"inLanguage\":\"fr-FR\",\"@id\":\"https:\/\/eccoproducts.eu\/fr\/#\/schema\/logo\/image\/\",\"url\":\"https:\/\/eccoproducts.eu\/wp-content\/uploads\/2023\/06\/cropped-MicrosoftTeams-image-1.png\",\"contentUrl\":\"https:\/\/eccoproducts.eu\/wp-content\/uploads\/2023\/06\/cropped-MicrosoftTeams-image-1.png\",\"width\":417,\"height\":71,\"caption\":\"ECCO Products\"},\"image\":{\"@id\":\"https:\/\/eccoproducts.eu\/fr\/#\/schema\/logo\/image\/\"}}]}<\/script>\n<!-- \/ Yoast SEO plugin. -->","yoast_head_json":{"title":"Bordure d'arbre Cercles d'arbre - ECCO Products","robots":{"index":"index","follow":"follow","max-snippet":"max-snippet:-1","max-image-preview":"max-image-preview:large","max-video-preview":"max-video-preview:-1"},"canonical":"https:\/\/eccoproducts.eu\/fr\/produit\/bordure-d-arbre\/","og_locale":"fr_FR","og_type":"article","og_title":"Bordure d'arbre Cercles d'arbre - ECCO Products","og_description":"Les bordures d'arbre ECCO sont des bordures d'arbre\/cercles d'arbre en acier corten de haute qualit\u00e9 qui donnent \u00e0 votre arbre l'accent qu'il m\u00e9rite. Les bordures d'arbres ne sont pas seulement esth\u00e9tiques, elles sont \u00e9galement faciles \u00e0 installer en trois \u00e9tapes pratiques. De plus, l'utilisation des bordures ECCO rend l'entretien de vos arbres beaucoup plus facile. Elles emp\u00eachent l'\u00e9corce de s'ab\u00eemer et les mauvaises herbes de pousser autour du tronc. Les bordures ECCO sont disponibles en trois tailles.","og_url":"https:\/\/eccoproducts.eu\/fr\/produit\/bordure-d-arbre\/","og_site_name":"ECCO Products","article_modified_time":"2024-06-04T14:47:04+00:00","og_image":[{"width":1200,"height":900,"url":"https:\/\/eccoproducts.eu\/wp-content\/uploads\/2023\/03\/Tree-Border-Boomcirkel_4_1200x900.jpg","type":"image\/jpeg"}],"twitter_card":"summary_large_image","schema":{"@context":"https:\/\/schema.org","@graph":[{"@type":"WebPage","@id":"https:\/\/eccoproducts.eu\/fr\/produit\/bordure-d-arbre\/","url":"https:\/\/eccoproducts.eu\/fr\/produit\/bordure-d-arbre\/","name":"Bordure d'arbre Cercles d'arbre - ECCO Products","isPartOf":{"@id":"https:\/\/eccoproducts.eu\/fr\/#website"},"primaryImageOfPage":{"@id":"https:\/\/eccoproducts.eu\/fr\/produit\/bordure-d-arbre\/#primaryimage"},"image":{"@id":"https:\/\/eccoproducts.eu\/fr\/produit\/bordure-d-arbre\/#primaryimage"},"thumbnailUrl":"https:\/\/eccoproducts.eu\/wp-content\/uploads\/2023\/03\/Tree-Border-Boomcirkel_4_1200x900.jpg","datePublished":"2023-03-13T15:39:46+00:00","dateModified":"2024-06-04T14:47:04+00:00","breadcrumb":{"@id":"https:\/\/eccoproducts.eu\/fr\/produit\/bordure-d-arbre\/#breadcrumb"},"inLanguage":"fr-FR","potentialAction":[{"@type":"ReadAction","target":["https:\/\/eccoproducts.eu\/fr\/produit\/bordure-d-arbre\/"]}]},{"@type":"ImageObject","inLanguage":"fr-FR","@id":"https:\/\/eccoproducts.eu\/fr\/produit\/bordure-d-arbre\/#primaryimage","url":"https:\/\/eccoproducts.eu\/wp-content\/uploads\/2023\/03\/Tree-Border-Boomcirkel_4_1200x900.jpg","contentUrl":"https:\/\/eccoproducts.eu\/wp-content\/uploads\/2023\/03\/Tree-Border-Boomcirkel_4_1200x900.jpg","width":1200,"height":900,"caption":"Tree Border boomrand\/boomcirkel in cortenstaal"},{"@type":"BreadcrumbList","@id":"https:\/\/eccoproducts.eu\/fr\/produit\/bordure-d-arbre\/#breadcrumb","itemListElement":[{"@type":"ListItem","position":1,"name":"Home","item":"https:\/\/eccoproducts.eu\/fr\/"},{"@type":"ListItem","position":2,"name":"Produits","item":"https:\/\/eccoproducts.eu\/fr\/produit\/"},{"@type":"ListItem","position":3,"name":"Bordure d&#8217;arbre Cercles d&#8217;arbre"}]},{"@type":"WebSite","@id":"https:\/\/eccoproducts.eu\/fr\/#website","url":"https:\/\/eccoproducts.eu\/fr\/","name":"ECCO Products","description":"","publisher":{"@id":"https:\/\/eccoproducts.eu\/fr\/#organization"},"potentialAction":[{"@type":"SearchAction","target":{"@type":"EntryPoint","urlTemplate":"https:\/\/eccoproducts.eu\/fr\/?s={search_term_string}"},"query-input":{"@type":"PropertyValueSpecification","valueRequired":true,"valueName":"search_term_string"}}],"inLanguage":"fr-FR"},{"@type":"Organization","@id":"https:\/\/eccoproducts.eu\/fr\/#organization","name":"ECCO Products","url":"https:\/\/eccoproducts.eu\/fr\/","logo":{"@type":"ImageObject","inLanguage":"fr-FR","@id":"https:\/\/eccoproducts.eu\/fr\/#\/schema\/logo\/image\/","url":"https:\/\/eccoproducts.eu\/wp-content\/uploads\/2023\/06\/cropped-MicrosoftTeams-image-1.png","contentUrl":"https:\/\/eccoproducts.eu\/wp-content\/uploads\/2023\/06\/cropped-MicrosoftTeams-image-1.png","width":417,"height":71,"caption":"ECCO Products"},"image":{"@id":"https:\/\/eccoproducts.eu\/fr\/#\/schema\/logo\/image\/"}}]}},"_links":{"self":[{"href":"https:\/\/eccoproducts.eu\/fr\/wp-json\/wp\/v2\/product\/2283","targetHints":{"allow":["GET"]}}],"collection":[{"href":"https:\/\/eccoproducts.eu\/fr\/wp-json\/wp\/v2\/product"}],"about":[{"href":"https:\/\/eccoproducts.eu\/fr\/wp-json\/wp\/v2\/types\/product"}],"replies":[{"embeddable":true,"href":"https:\/\/eccoproducts.eu\/fr\/wp-json\/wp\/v2\/comments?post=2283"}],"wp:featuredmedia":[{"embeddable":true,"href":"https:\/\/eccoproducts.eu\/fr\/wp-json\/wp\/v2\/media\/1493"}],"wp:attachment":[{"href":"https:\/\/eccoproducts.eu\/fr\/wp-json\/wp\/v2\/media?parent=2283"}],"wp:term":[{"taxonomy":"product_brand","embeddable":true,"href":"https:\/\/eccoproducts.eu\/fr\/wp-json\/wp\/v2\/product_brand?post=2283"},{"taxonomy":"product_cat","embeddable":true,"href":"https:\/\/eccoproducts.eu\/fr\/wp-json\/wp\/v2\/product_cat?post=2283"},{"taxonomy":"product_tag","embeddable":true,"href":"https:\/\/eccoproducts.eu\/fr\/wp-json\/wp\/v2\/product_tag?post=2283"}],"curies":[{"name":"wp","href":"https:\/\/api.w.org\/{rel}","templated":true}]}}