{"id":2280,"date":"2023-02-22T16:31:46","date_gmt":"2023-02-22T15:31:46","guid":{"rendered":"https:\/\/eccoproducts.eu\/producten\/drainbase-dalles-de-gazon-artificiel\/"},"modified":"2025-07-14T10:48:14","modified_gmt":"2025-07-14T08:48:14","slug":"drainbase-dalles-de-gazon-artificiel","status":"publish","type":"product","link":"https:\/\/eccoproducts.eu\/fr\/produit\/drainbase-dalles-de-gazon-artificiel\/","title":{"rendered":"Drainbase dalles de gazon artificiel"},"content":{"rendered":"","protected":false},"excerpt":{"rendered":"<p>Drainbase est un syst\u00e8me innovant de plaques de drainage con\u00e7u pour <strong>une surface parfaitement perm\u00e9able avec du gazon synth\u00e9tique<\/strong>.<\/p>\n<p>Drainbase recueille l\u2019eau de pluie infiltr\u00e9e, la stocke sous la dalle, puis l\u2019infiltre progressivement dans le sol.<\/p>\n<p>L&rsquo;installation de cette solution de drainage pour gazon synth\u00e9tique augmente consid\u00e9rablement sa <strong>durabilit\u00e9<\/strong>.<\/p>\n","protected":false},"featured_media":3695,"comment_status":"open","ping_status":"closed","template":"","meta":{"_acf_changed":false,"inline_featured_image":false},"product_brand":[],"product_cat":[81,77],"product_tag":[],"class_list":{"0":"post-2280","1":"product","2":"type-product","3":"status-publish","4":"has-post-thumbnail","6":"product_cat-produits-permeables-a-leau","7":"product_cat-toitures-vegetalisees","9":"first","10":"instock","11":"shipping-taxable","12":"product-type-simple"},"acf":[],"yoast_head":"<!-- This site is optimized with the Yoast SEO plugin v25.9 - https:\/\/yoast.com\/wordpress\/plugins\/seo\/ -->\n<title>Drainbase dalles de gazon artificiel - ECCO Products<\/title>\n<meta name=\"description\" content=\"La dalle drainante Drainbase recueille l\u2019eau, la filtre sous le gazon synth\u00e9tique et permet son infiltration dans le sol. Fabriqu\u00e9e en PEHD 100 % recycl\u00e9.\" \/>\n<meta name=\"robots\" content=\"index, follow, max-snippet:-1, max-image-preview:large, max-video-preview:-1\" \/>\n<link rel=\"canonical\" href=\"https:\/\/eccoproducts.eu\/fr\/produit\/drainbase-dalles-de-gazon-artificiel\/\" \/>\n<meta property=\"og:locale\" content=\"fr_FR\" \/>\n<meta property=\"og:type\" content=\"article\" \/>\n<meta property=\"og:title\" content=\"Drainbase dalles de gazon artificiel - ECCO Products\" \/>\n<meta property=\"og:description\" content=\"La dalle drainante Drainbase recueille l\u2019eau, la filtre sous le gazon synth\u00e9tique et permet son infiltration dans le sol. Fabriqu\u00e9e en PEHD 100 % recycl\u00e9.\" \/>\n<meta property=\"og:url\" content=\"https:\/\/eccoproducts.eu\/fr\/produit\/drainbase-dalles-de-gazon-artificiel\/\" \/>\n<meta property=\"og:site_name\" content=\"ECCO Products\" \/>\n<meta property=\"article:modified_time\" content=\"2025-07-14T08:48:14+00:00\" \/>\n<meta property=\"og:image\" content=\"https:\/\/eccoproducts.eu\/wp-content\/uploads\/2023\/02\/Drainbase_1200x900.jpg\" \/>\n\t<meta property=\"og:image:width\" content=\"1200\" \/>\n\t<meta property=\"og:image:height\" content=\"900\" \/>\n\t<meta property=\"og:image:type\" content=\"image\/jpeg\" \/>\n<meta name=\"twitter:card\" content=\"summary_large_image\" \/>\n<meta name=\"twitter:label1\" content=\"Dur\u00e9e de lecture estim\u00e9e\" \/>\n\t<meta name=\"twitter:data1\" content=\"1 minute\" \/>\n<script type=\"application\/ld+json\" class=\"yoast-schema-graph\">{\"@context\":\"https:\/\/schema.org\",\"@graph\":[{\"@type\":\"WebPage\",\"@id\":\"https:\/\/eccoproducts.eu\/fr\/produit\/drainbase-dalles-de-gazon-artificiel\/\",\"url\":\"https:\/\/eccoproducts.eu\/fr\/produit\/drainbase-dalles-de-gazon-artificiel\/\",\"name\":\"Drainbase dalles de gazon artificiel - ECCO Products\",\"isPartOf\":{\"@id\":\"https:\/\/eccoproducts.eu\/fr\/#website\"},\"primaryImageOfPage\":{\"@id\":\"https:\/\/eccoproducts.eu\/fr\/produit\/drainbase-dalles-de-gazon-artificiel\/#primaryimage\"},\"image\":{\"@id\":\"https:\/\/eccoproducts.eu\/fr\/produit\/drainbase-dalles-de-gazon-artificiel\/#primaryimage\"},\"thumbnailUrl\":\"https:\/\/eccoproducts.eu\/wp-content\/uploads\/2023\/02\/Drainbase_1200x900.jpg\",\"datePublished\":\"2023-02-22T15:31:46+00:00\",\"dateModified\":\"2025-07-14T08:48:14+00:00\",\"description\":\"La dalle drainante Drainbase recueille l\u2019eau, la filtre sous le gazon synth\u00e9tique et permet son infiltration dans le sol. Fabriqu\u00e9e en PEHD 100 % recycl\u00e9.\",\"breadcrumb\":{\"@id\":\"https:\/\/eccoproducts.eu\/fr\/produit\/drainbase-dalles-de-gazon-artificiel\/#breadcrumb\"},\"inLanguage\":\"fr-FR\",\"potentialAction\":[{\"@type\":\"ReadAction\",\"target\":[\"https:\/\/eccoproducts.eu\/fr\/produit\/drainbase-dalles-de-gazon-artificiel\/\"]}]},{\"@type\":\"ImageObject\",\"inLanguage\":\"fr-FR\",\"@id\":\"https:\/\/eccoproducts.eu\/fr\/produit\/drainbase-dalles-de-gazon-artificiel\/#primaryimage\",\"url\":\"https:\/\/eccoproducts.eu\/wp-content\/uploads\/2023\/02\/Drainbase_1200x900.jpg\",\"contentUrl\":\"https:\/\/eccoproducts.eu\/wp-content\/uploads\/2023\/02\/Drainbase_1200x900.jpg\",\"width\":1200,\"height\":900},{\"@type\":\"BreadcrumbList\",\"@id\":\"https:\/\/eccoproducts.eu\/fr\/produit\/drainbase-dalles-de-gazon-artificiel\/#breadcrumb\",\"itemListElement\":[{\"@type\":\"ListItem\",\"position\":1,\"name\":\"Home\",\"item\":\"https:\/\/eccoproducts.eu\/fr\/\"},{\"@type\":\"ListItem\",\"position\":2,\"name\":\"Produits\",\"item\":\"https:\/\/eccoproducts.eu\/fr\/produit\/\"},{\"@type\":\"ListItem\",\"position\":3,\"name\":\"Drainbase dalles de gazon artificiel\"}]},{\"@type\":\"WebSite\",\"@id\":\"https:\/\/eccoproducts.eu\/fr\/#website\",\"url\":\"https:\/\/eccoproducts.eu\/fr\/\",\"name\":\"ECCO Products\",\"description\":\"\",\"publisher\":{\"@id\":\"https:\/\/eccoproducts.eu\/fr\/#organization\"},\"potentialAction\":[{\"@type\":\"SearchAction\",\"target\":{\"@type\":\"EntryPoint\",\"urlTemplate\":\"https:\/\/eccoproducts.eu\/fr\/?s={search_term_string}\"},\"query-input\":{\"@type\":\"PropertyValueSpecification\",\"valueRequired\":true,\"valueName\":\"search_term_string\"}}],\"inLanguage\":\"fr-FR\"},{\"@type\":\"Organization\",\"@id\":\"https:\/\/eccoproducts.eu\/fr\/#organization\",\"name\":\"ECCO Products\",\"url\":\"https:\/\/eccoproducts.eu\/fr\/\",\"logo\":{\"@type\":\"ImageObject\",\"inLanguage\":\"fr-FR\",\"@id\":\"https:\/\/eccoproducts.eu\/fr\/#\/schema\/logo\/image\/\",\"url\":\"https:\/\/eccoproducts.eu\/wp-content\/uploads\/2023\/06\/cropped-MicrosoftTeams-image-1.png\",\"contentUrl\":\"https:\/\/eccoproducts.eu\/wp-content\/uploads\/2023\/06\/cropped-MicrosoftTeams-image-1.png\",\"width\":417,\"height\":71,\"caption\":\"ECCO Products\"},\"image\":{\"@id\":\"https:\/\/eccoproducts.eu\/fr\/#\/schema\/logo\/image\/\"}}]}<\/script>\n<!-- \/ Yoast SEO plugin. -->","yoast_head_json":{"title":"Drainbase dalles de gazon artificiel - ECCO Products","description":"La dalle drainante Drainbase recueille l\u2019eau, la filtre sous le gazon synth\u00e9tique et permet son infiltration dans le sol. Fabriqu\u00e9e en PEHD 100 % recycl\u00e9.","robots":{"index":"index","follow":"follow","max-snippet":"max-snippet:-1","max-image-preview":"max-image-preview:large","max-video-preview":"max-video-preview:-1"},"canonical":"https:\/\/eccoproducts.eu\/fr\/produit\/drainbase-dalles-de-gazon-artificiel\/","og_locale":"fr_FR","og_type":"article","og_title":"Drainbase dalles de gazon artificiel - ECCO Products","og_description":"La dalle drainante Drainbase recueille l\u2019eau, la filtre sous le gazon synth\u00e9tique et permet son infiltration dans le sol. Fabriqu\u00e9e en PEHD 100 % recycl\u00e9.","og_url":"https:\/\/eccoproducts.eu\/fr\/produit\/drainbase-dalles-de-gazon-artificiel\/","og_site_name":"ECCO Products","article_modified_time":"2025-07-14T08:48:14+00:00","og_image":[{"width":1200,"height":900,"url":"https:\/\/eccoproducts.eu\/wp-content\/uploads\/2023\/02\/Drainbase_1200x900.jpg","type":"image\/jpeg"}],"twitter_card":"summary_large_image","twitter_misc":{"Dur\u00e9e de lecture estim\u00e9e":"1 minute"},"schema":{"@context":"https:\/\/schema.org","@graph":[{"@type":"WebPage","@id":"https:\/\/eccoproducts.eu\/fr\/produit\/drainbase-dalles-de-gazon-artificiel\/","url":"https:\/\/eccoproducts.eu\/fr\/produit\/drainbase-dalles-de-gazon-artificiel\/","name":"Drainbase dalles de gazon artificiel - ECCO Products","isPartOf":{"@id":"https:\/\/eccoproducts.eu\/fr\/#website"},"primaryImageOfPage":{"@id":"https:\/\/eccoproducts.eu\/fr\/produit\/drainbase-dalles-de-gazon-artificiel\/#primaryimage"},"image":{"@id":"https:\/\/eccoproducts.eu\/fr\/produit\/drainbase-dalles-de-gazon-artificiel\/#primaryimage"},"thumbnailUrl":"https:\/\/eccoproducts.eu\/wp-content\/uploads\/2023\/02\/Drainbase_1200x900.jpg","datePublished":"2023-02-22T15:31:46+00:00","dateModified":"2025-07-14T08:48:14+00:00","description":"La dalle drainante Drainbase recueille l\u2019eau, la filtre sous le gazon synth\u00e9tique et permet son infiltration dans le sol. Fabriqu\u00e9e en PEHD 100 % recycl\u00e9.","breadcrumb":{"@id":"https:\/\/eccoproducts.eu\/fr\/produit\/drainbase-dalles-de-gazon-artificiel\/#breadcrumb"},"inLanguage":"fr-FR","potentialAction":[{"@type":"ReadAction","target":["https:\/\/eccoproducts.eu\/fr\/produit\/drainbase-dalles-de-gazon-artificiel\/"]}]},{"@type":"ImageObject","inLanguage":"fr-FR","@id":"https:\/\/eccoproducts.eu\/fr\/produit\/drainbase-dalles-de-gazon-artificiel\/#primaryimage","url":"https:\/\/eccoproducts.eu\/wp-content\/uploads\/2023\/02\/Drainbase_1200x900.jpg","contentUrl":"https:\/\/eccoproducts.eu\/wp-content\/uploads\/2023\/02\/Drainbase_1200x900.jpg","width":1200,"height":900},{"@type":"BreadcrumbList","@id":"https:\/\/eccoproducts.eu\/fr\/produit\/drainbase-dalles-de-gazon-artificiel\/#breadcrumb","itemListElement":[{"@type":"ListItem","position":1,"name":"Home","item":"https:\/\/eccoproducts.eu\/fr\/"},{"@type":"ListItem","position":2,"name":"Produits","item":"https:\/\/eccoproducts.eu\/fr\/produit\/"},{"@type":"ListItem","position":3,"name":"Drainbase dalles de gazon artificiel"}]},{"@type":"WebSite","@id":"https:\/\/eccoproducts.eu\/fr\/#website","url":"https:\/\/eccoproducts.eu\/fr\/","name":"ECCO Products","description":"","publisher":{"@id":"https:\/\/eccoproducts.eu\/fr\/#organization"},"potentialAction":[{"@type":"SearchAction","target":{"@type":"EntryPoint","urlTemplate":"https:\/\/eccoproducts.eu\/fr\/?s={search_term_string}"},"query-input":{"@type":"PropertyValueSpecification","valueRequired":true,"valueName":"search_term_string"}}],"inLanguage":"fr-FR"},{"@type":"Organization","@id":"https:\/\/eccoproducts.eu\/fr\/#organization","name":"ECCO Products","url":"https:\/\/eccoproducts.eu\/fr\/","logo":{"@type":"ImageObject","inLanguage":"fr-FR","@id":"https:\/\/eccoproducts.eu\/fr\/#\/schema\/logo\/image\/","url":"https:\/\/eccoproducts.eu\/wp-content\/uploads\/2023\/06\/cropped-MicrosoftTeams-image-1.png","contentUrl":"https:\/\/eccoproducts.eu\/wp-content\/uploads\/2023\/06\/cropped-MicrosoftTeams-image-1.png","width":417,"height":71,"caption":"ECCO Products"},"image":{"@id":"https:\/\/eccoproducts.eu\/fr\/#\/schema\/logo\/image\/"}}]}},"_links":{"self":[{"href":"https:\/\/eccoproducts.eu\/fr\/wp-json\/wp\/v2\/product\/2280","targetHints":{"allow":["GET"]}}],"collection":[{"href":"https:\/\/eccoproducts.eu\/fr\/wp-json\/wp\/v2\/product"}],"about":[{"href":"https:\/\/eccoproducts.eu\/fr\/wp-json\/wp\/v2\/types\/product"}],"replies":[{"embeddable":true,"href":"https:\/\/eccoproducts.eu\/fr\/wp-json\/wp\/v2\/comments?post=2280"}],"wp:featuredmedia":[{"embeddable":true,"href":"https:\/\/eccoproducts.eu\/fr\/wp-json\/wp\/v2\/media\/3695"}],"wp:attachment":[{"href":"https:\/\/eccoproducts.eu\/fr\/wp-json\/wp\/v2\/media?parent=2280"}],"wp:term":[{"taxonomy":"product_brand","embeddable":true,"href":"https:\/\/eccoproducts.eu\/fr\/wp-json\/wp\/v2\/product_brand?post=2280"},{"taxonomy":"product_cat","embeddable":true,"href":"https:\/\/eccoproducts.eu\/fr\/wp-json\/wp\/v2\/product_cat?post=2280"},{"taxonomy":"product_tag","embeddable":true,"href":"https:\/\/eccoproducts.eu\/fr\/wp-json\/wp\/v2\/product_tag?post=2280"}],"curies":[{"name":"wp","href":"https:\/\/api.w.org\/{rel}","templated":true}]}}