{"id":2265,"date":"2023-02-22T16:32:27","date_gmt":"2023-02-22T15:32:27","guid":{"rendered":"https:\/\/eccoproducts.eu\/producten\/core-edge-powered-by-ecco\/"},"modified":"2026-04-24T11:19:37","modified_gmt":"2026-04-24T09:19:37","slug":"core-edge-powered-by-ecco","status":"publish","type":"product","link":"https:\/\/eccoproducts.eu\/fr\/produit\/core-edge-powered-by-ecco\/","title":{"rendered":"CORE Edge powered by ECCO"},"content":{"rendered":"","protected":false},"excerpt":{"rendered":"<p data-start=\"886\" data-end=\"1097\">Les bordures CORE Edge powered by ECCO sont fabriqu\u00e9es en <strong>acier flexible<\/strong> de 1,6 mm. Cette bordure durable et r\u00e9sistante aux intemp\u00e9ries peut \u00eatre facilement install\u00e9e en <strong>lignes droites, formes courbes ou angles.<\/strong><\/p>\n<ul data-start=\"1099\" data-end=\"1318\">\n<li data-section-id=\"4yqsx8\" data-start=\"1099\" data-end=\"1159\">R\u00e9sistante aux tondeuses \u00e0 gazon et aux v\u00e9hicules l\u00e9gers<\/li>\n<li data-section-id=\"1125avp\" data-start=\"1160\" data-end=\"1232\">5 couleurs : acier corten, acier galvanis\u00e9, noir, anthracite et brun<\/li>\n<li data-section-id=\"1n4z4qr\" data-start=\"1233\" data-end=\"1273\">3 hauteurs : 65 mm, 100 mm et 150 mm<\/li>\n<li data-section-id=\"14eaxl0\" data-start=\"1274\" data-end=\"1318\">Format pratique (longueur utile : 1 m\u00e8tre)<\/li>\n<\/ul>\n","protected":false},"featured_media":3665,"comment_status":"open","ping_status":"closed","template":"","meta":{"_acf_changed":false,"inline_featured_image":false},"product_brand":[],"product_cat":[80],"product_tag":[],"class_list":{"0":"post-2265","1":"product","2":"type-product","3":"status-publish","4":"has-post-thumbnail","6":"product_cat-bordures","8":"first","9":"instock","10":"shipping-taxable","11":"product-type-simple"},"acf":[],"yoast_head":"<!-- This site is optimized with the Yoast SEO plugin v25.9 - https:\/\/yoast.com\/wordpress\/plugins\/seo\/ -->\n<title>CORE Edge powered by ECCO - ECCO Products<\/title>\n<meta name=\"description\" content=\"La bordure flexible en acier CORE Edge powered By ECCO s&#039;installe facilement en lignes droites et en courbes, ou peut \u00eatre pli\u00e9e pour former des angles.\" \/>\n<meta name=\"robots\" content=\"index, follow, max-snippet:-1, max-image-preview:large, max-video-preview:-1\" \/>\n<link rel=\"canonical\" href=\"https:\/\/eccoproducts.eu\/fr\/produit\/core-edge-powered-by-ecco\/\" \/>\n<meta property=\"og:locale\" content=\"fr_FR\" \/>\n<meta property=\"og:type\" content=\"article\" \/>\n<meta property=\"og:title\" content=\"CORE Edge powered by ECCO - ECCO Products\" \/>\n<meta property=\"og:description\" content=\"La bordure flexible en acier CORE Edge powered By ECCO s&#039;installe facilement en lignes droites et en courbes, ou peut \u00eatre pli\u00e9e pour former des angles.\" \/>\n<meta property=\"og:url\" content=\"https:\/\/eccoproducts.eu\/fr\/produit\/core-edge-powered-by-ecco\/\" \/>\n<meta property=\"og:site_name\" content=\"ECCO Products\" \/>\n<meta property=\"article:modified_time\" content=\"2026-04-24T09:19:37+00:00\" \/>\n<meta property=\"og:image\" content=\"https:\/\/eccoproducts.eu\/wp-content\/uploads\/2023\/02\/ECCOborders_coreEdge_CE-CorTen_1200x900-1.jpg\" \/>\n\t<meta property=\"og:image:width\" content=\"1200\" \/>\n\t<meta property=\"og:image:height\" content=\"900\" \/>\n\t<meta property=\"og:image:type\" content=\"image\/jpeg\" \/>\n<meta name=\"twitter:card\" content=\"summary_large_image\" \/>\n<meta name=\"twitter:label1\" content=\"Dur\u00e9e de lecture estim\u00e9e\" \/>\n\t<meta name=\"twitter:data1\" content=\"1 minute\" \/>\n<script type=\"application\/ld+json\" class=\"yoast-schema-graph\">{\"@context\":\"https:\/\/schema.org\",\"@graph\":[{\"@type\":\"WebPage\",\"@id\":\"https:\/\/eccoproducts.eu\/fr\/produit\/core-edge-powered-by-ecco\/\",\"url\":\"https:\/\/eccoproducts.eu\/fr\/produit\/core-edge-powered-by-ecco\/\",\"name\":\"CORE Edge powered by ECCO - ECCO Products\",\"isPartOf\":{\"@id\":\"https:\/\/eccoproducts.eu\/fr\/#website\"},\"primaryImageOfPage\":{\"@id\":\"https:\/\/eccoproducts.eu\/fr\/produit\/core-edge-powered-by-ecco\/#primaryimage\"},\"image\":{\"@id\":\"https:\/\/eccoproducts.eu\/fr\/produit\/core-edge-powered-by-ecco\/#primaryimage\"},\"thumbnailUrl\":\"https:\/\/eccoproducts.eu\/wp-content\/uploads\/2023\/02\/ECCOborders_coreEdge_CE-CorTen_1200x900-1.jpg\",\"datePublished\":\"2023-02-22T15:32:27+00:00\",\"dateModified\":\"2026-04-24T09:19:37+00:00\",\"description\":\"La bordure flexible en acier CORE Edge powered By ECCO s'installe facilement en lignes droites et en courbes, ou peut \u00eatre pli\u00e9e pour former des angles.\",\"breadcrumb\":{\"@id\":\"https:\/\/eccoproducts.eu\/fr\/produit\/core-edge-powered-by-ecco\/#breadcrumb\"},\"inLanguage\":\"fr-FR\",\"potentialAction\":[{\"@type\":\"ReadAction\",\"target\":[\"https:\/\/eccoproducts.eu\/fr\/produit\/core-edge-powered-by-ecco\/\"]}]},{\"@type\":\"ImageObject\",\"inLanguage\":\"fr-FR\",\"@id\":\"https:\/\/eccoproducts.eu\/fr\/produit\/core-edge-powered-by-ecco\/#primaryimage\",\"url\":\"https:\/\/eccoproducts.eu\/wp-content\/uploads\/2023\/02\/ECCOborders_coreEdge_CE-CorTen_1200x900-1.jpg\",\"contentUrl\":\"https:\/\/eccoproducts.eu\/wp-content\/uploads\/2023\/02\/ECCOborders_coreEdge_CE-CorTen_1200x900-1.jpg\",\"width\":1200,\"height\":900},{\"@type\":\"BreadcrumbList\",\"@id\":\"https:\/\/eccoproducts.eu\/fr\/produit\/core-edge-powered-by-ecco\/#breadcrumb\",\"itemListElement\":[{\"@type\":\"ListItem\",\"position\":1,\"name\":\"Home\",\"item\":\"https:\/\/eccoproducts.eu\/fr\/\"},{\"@type\":\"ListItem\",\"position\":2,\"name\":\"Produits\",\"item\":\"https:\/\/eccoproducts.eu\/fr\/produit\/\"},{\"@type\":\"ListItem\",\"position\":3,\"name\":\"CORE Edge powered by ECCO\"}]},{\"@type\":\"WebSite\",\"@id\":\"https:\/\/eccoproducts.eu\/fr\/#website\",\"url\":\"https:\/\/eccoproducts.eu\/fr\/\",\"name\":\"ECCO Products\",\"description\":\"\",\"publisher\":{\"@id\":\"https:\/\/eccoproducts.eu\/fr\/#organization\"},\"potentialAction\":[{\"@type\":\"SearchAction\",\"target\":{\"@type\":\"EntryPoint\",\"urlTemplate\":\"https:\/\/eccoproducts.eu\/fr\/?s={search_term_string}\"},\"query-input\":{\"@type\":\"PropertyValueSpecification\",\"valueRequired\":true,\"valueName\":\"search_term_string\"}}],\"inLanguage\":\"fr-FR\"},{\"@type\":\"Organization\",\"@id\":\"https:\/\/eccoproducts.eu\/fr\/#organization\",\"name\":\"ECCO Products\",\"url\":\"https:\/\/eccoproducts.eu\/fr\/\",\"logo\":{\"@type\":\"ImageObject\",\"inLanguage\":\"fr-FR\",\"@id\":\"https:\/\/eccoproducts.eu\/fr\/#\/schema\/logo\/image\/\",\"url\":\"https:\/\/eccoproducts.eu\/wp-content\/uploads\/2023\/06\/cropped-MicrosoftTeams-image-1.png\",\"contentUrl\":\"https:\/\/eccoproducts.eu\/wp-content\/uploads\/2023\/06\/cropped-MicrosoftTeams-image-1.png\",\"width\":417,\"height\":71,\"caption\":\"ECCO Products\"},\"image\":{\"@id\":\"https:\/\/eccoproducts.eu\/fr\/#\/schema\/logo\/image\/\"}}]}<\/script>\n<!-- \/ Yoast SEO plugin. -->","yoast_head_json":{"title":"CORE Edge powered by ECCO - ECCO Products","description":"La bordure flexible en acier CORE Edge powered By ECCO s'installe facilement en lignes droites et en courbes, ou peut \u00eatre pli\u00e9e pour former des angles.","robots":{"index":"index","follow":"follow","max-snippet":"max-snippet:-1","max-image-preview":"max-image-preview:large","max-video-preview":"max-video-preview:-1"},"canonical":"https:\/\/eccoproducts.eu\/fr\/produit\/core-edge-powered-by-ecco\/","og_locale":"fr_FR","og_type":"article","og_title":"CORE Edge powered by ECCO - ECCO Products","og_description":"La bordure flexible en acier CORE Edge powered By ECCO s'installe facilement en lignes droites et en courbes, ou peut \u00eatre pli\u00e9e pour former des angles.","og_url":"https:\/\/eccoproducts.eu\/fr\/produit\/core-edge-powered-by-ecco\/","og_site_name":"ECCO Products","article_modified_time":"2026-04-24T09:19:37+00:00","og_image":[{"width":1200,"height":900,"url":"https:\/\/eccoproducts.eu\/wp-content\/uploads\/2023\/02\/ECCOborders_coreEdge_CE-CorTen_1200x900-1.jpg","type":"image\/jpeg"}],"twitter_card":"summary_large_image","twitter_misc":{"Dur\u00e9e de lecture estim\u00e9e":"1 minute"},"schema":{"@context":"https:\/\/schema.org","@graph":[{"@type":"WebPage","@id":"https:\/\/eccoproducts.eu\/fr\/produit\/core-edge-powered-by-ecco\/","url":"https:\/\/eccoproducts.eu\/fr\/produit\/core-edge-powered-by-ecco\/","name":"CORE Edge powered by ECCO - ECCO Products","isPartOf":{"@id":"https:\/\/eccoproducts.eu\/fr\/#website"},"primaryImageOfPage":{"@id":"https:\/\/eccoproducts.eu\/fr\/produit\/core-edge-powered-by-ecco\/#primaryimage"},"image":{"@id":"https:\/\/eccoproducts.eu\/fr\/produit\/core-edge-powered-by-ecco\/#primaryimage"},"thumbnailUrl":"https:\/\/eccoproducts.eu\/wp-content\/uploads\/2023\/02\/ECCOborders_coreEdge_CE-CorTen_1200x900-1.jpg","datePublished":"2023-02-22T15:32:27+00:00","dateModified":"2026-04-24T09:19:37+00:00","description":"La bordure flexible en acier CORE Edge powered By ECCO s'installe facilement en lignes droites et en courbes, ou peut \u00eatre pli\u00e9e pour former des angles.","breadcrumb":{"@id":"https:\/\/eccoproducts.eu\/fr\/produit\/core-edge-powered-by-ecco\/#breadcrumb"},"inLanguage":"fr-FR","potentialAction":[{"@type":"ReadAction","target":["https:\/\/eccoproducts.eu\/fr\/produit\/core-edge-powered-by-ecco\/"]}]},{"@type":"ImageObject","inLanguage":"fr-FR","@id":"https:\/\/eccoproducts.eu\/fr\/produit\/core-edge-powered-by-ecco\/#primaryimage","url":"https:\/\/eccoproducts.eu\/wp-content\/uploads\/2023\/02\/ECCOborders_coreEdge_CE-CorTen_1200x900-1.jpg","contentUrl":"https:\/\/eccoproducts.eu\/wp-content\/uploads\/2023\/02\/ECCOborders_coreEdge_CE-CorTen_1200x900-1.jpg","width":1200,"height":900},{"@type":"BreadcrumbList","@id":"https:\/\/eccoproducts.eu\/fr\/produit\/core-edge-powered-by-ecco\/#breadcrumb","itemListElement":[{"@type":"ListItem","position":1,"name":"Home","item":"https:\/\/eccoproducts.eu\/fr\/"},{"@type":"ListItem","position":2,"name":"Produits","item":"https:\/\/eccoproducts.eu\/fr\/produit\/"},{"@type":"ListItem","position":3,"name":"CORE Edge powered by ECCO"}]},{"@type":"WebSite","@id":"https:\/\/eccoproducts.eu\/fr\/#website","url":"https:\/\/eccoproducts.eu\/fr\/","name":"ECCO Products","description":"","publisher":{"@id":"https:\/\/eccoproducts.eu\/fr\/#organization"},"potentialAction":[{"@type":"SearchAction","target":{"@type":"EntryPoint","urlTemplate":"https:\/\/eccoproducts.eu\/fr\/?s={search_term_string}"},"query-input":{"@type":"PropertyValueSpecification","valueRequired":true,"valueName":"search_term_string"}}],"inLanguage":"fr-FR"},{"@type":"Organization","@id":"https:\/\/eccoproducts.eu\/fr\/#organization","name":"ECCO Products","url":"https:\/\/eccoproducts.eu\/fr\/","logo":{"@type":"ImageObject","inLanguage":"fr-FR","@id":"https:\/\/eccoproducts.eu\/fr\/#\/schema\/logo\/image\/","url":"https:\/\/eccoproducts.eu\/wp-content\/uploads\/2023\/06\/cropped-MicrosoftTeams-image-1.png","contentUrl":"https:\/\/eccoproducts.eu\/wp-content\/uploads\/2023\/06\/cropped-MicrosoftTeams-image-1.png","width":417,"height":71,"caption":"ECCO Products"},"image":{"@id":"https:\/\/eccoproducts.eu\/fr\/#\/schema\/logo\/image\/"}}]}},"_links":{"self":[{"href":"https:\/\/eccoproducts.eu\/fr\/wp-json\/wp\/v2\/product\/2265","targetHints":{"allow":["GET"]}}],"collection":[{"href":"https:\/\/eccoproducts.eu\/fr\/wp-json\/wp\/v2\/product"}],"about":[{"href":"https:\/\/eccoproducts.eu\/fr\/wp-json\/wp\/v2\/types\/product"}],"replies":[{"embeddable":true,"href":"https:\/\/eccoproducts.eu\/fr\/wp-json\/wp\/v2\/comments?post=2265"}],"wp:featuredmedia":[{"embeddable":true,"href":"https:\/\/eccoproducts.eu\/fr\/wp-json\/wp\/v2\/media\/3665"}],"wp:attachment":[{"href":"https:\/\/eccoproducts.eu\/fr\/wp-json\/wp\/v2\/media?parent=2265"}],"wp:term":[{"taxonomy":"product_brand","embeddable":true,"href":"https:\/\/eccoproducts.eu\/fr\/wp-json\/wp\/v2\/product_brand?post=2265"},{"taxonomy":"product_cat","embeddable":true,"href":"https:\/\/eccoproducts.eu\/fr\/wp-json\/wp\/v2\/product_cat?post=2265"},{"taxonomy":"product_tag","embeddable":true,"href":"https:\/\/eccoproducts.eu\/fr\/wp-json\/wp\/v2\/product_tag?post=2265"}],"curies":[{"name":"wp","href":"https:\/\/api.w.org\/{rel}","templated":true}]}}