{"id":2264,"date":"2023-02-22T16:33:07","date_gmt":"2023-02-22T15:33:07","guid":{"rendered":"https:\/\/eccoproducts.eu\/producten\/eccofence-kit\/"},"modified":"2025-08-05T10:42:42","modified_gmt":"2025-08-05T08:42:42","slug":"eccofence-kit","status":"publish","type":"product","link":"https:\/\/eccoproducts.eu\/fr\/produit\/eccofence-kit\/","title":{"rendered":"ECCOfence KIT"},"content":{"rendered":"","protected":false},"excerpt":{"rendered":"<p>Si vous souhaitez installer des gabions dans votre jardin et que vous voulez vous retrousser les manches, vous <strong>pouvez le faire vous-m\u00eame<\/strong> avec les gabions ECCOfence KIT. Les gabions ECCOfence KIT constituent la solution id\u00e9ale, m\u00eame dans les endroits inaccessibles \u00e0 une grue. Ce <strong>kit de construction pratique et professionnel<\/strong> se compose de <strong>mat\u00e9riaux durables<\/strong>.<\/p>\n","protected":false},"featured_media":3650,"comment_status":"open","ping_status":"closed","template":"","meta":{"_acf_changed":false,"inline_featured_image":false},"product_brand":[],"product_cat":[15],"product_tag":[],"class_list":{"0":"post-2264","1":"product","2":"type-product","3":"status-publish","4":"has-post-thumbnail","6":"product_cat-geen-categorie","8":"first","9":"instock","10":"shipping-taxable","11":"product-type-simple"},"acf":[],"yoast_head":"<!-- This site is optimized with the Yoast SEO plugin v25.9 - https:\/\/yoast.com\/wordpress\/plugins\/seo\/ -->\n<title>ECCOfence KIT - ECCO Products<\/title>\n<meta name=\"robots\" content=\"index, follow, max-snippet:-1, max-image-preview:large, max-video-preview:-1\" \/>\n<link rel=\"canonical\" href=\"https:\/\/eccoproducts.eu\/fr\/produit\/eccofence-kit\/\" \/>\n<meta property=\"og:locale\" content=\"fr_FR\" \/>\n<meta property=\"og:type\" content=\"article\" \/>\n<meta property=\"og:title\" content=\"ECCOfence KIT - ECCO Products\" \/>\n<meta property=\"og:description\" content=\"Si vous souhaitez installer des gabions dans votre jardin et que vous voulez vous retrousser les manches, vous pouvez le faire vous-m\u00eame avec les gabions ECCOfence KIT. Les gabions ECCOfence KIT constituent la solution id\u00e9ale, m\u00eame dans les endroits inaccessibles \u00e0 une grue. Ce kit de construction pratique et professionnel se compose de mat\u00e9riaux durables.\" \/>\n<meta property=\"og:url\" content=\"https:\/\/eccoproducts.eu\/fr\/produit\/eccofence-kit\/\" \/>\n<meta property=\"og:site_name\" content=\"ECCO Products\" \/>\n<meta property=\"article:modified_time\" content=\"2025-08-05T08:42:42+00:00\" \/>\n<meta property=\"og:image\" content=\"https:\/\/eccoproducts.eu\/wp-content\/uploads\/2023\/02\/ECCOfence-KIT__1200x900.jpg\" \/>\n\t<meta property=\"og:image:width\" content=\"1200\" \/>\n\t<meta property=\"og:image:height\" content=\"900\" \/>\n\t<meta property=\"og:image:type\" content=\"image\/jpeg\" \/>\n<meta name=\"twitter:card\" content=\"summary_large_image\" \/>\n<meta name=\"twitter:label1\" content=\"Dur\u00e9e de lecture estim\u00e9e\" \/>\n\t<meta name=\"twitter:data1\" content=\"1 minute\" \/>\n<script type=\"application\/ld+json\" class=\"yoast-schema-graph\">{\"@context\":\"https:\/\/schema.org\",\"@graph\":[{\"@type\":\"WebPage\",\"@id\":\"https:\/\/eccoproducts.eu\/fr\/produit\/eccofence-kit\/\",\"url\":\"https:\/\/eccoproducts.eu\/fr\/produit\/eccofence-kit\/\",\"name\":\"ECCOfence KIT - ECCO Products\",\"isPartOf\":{\"@id\":\"https:\/\/eccoproducts.eu\/fr\/#website\"},\"primaryImageOfPage\":{\"@id\":\"https:\/\/eccoproducts.eu\/fr\/produit\/eccofence-kit\/#primaryimage\"},\"image\":{\"@id\":\"https:\/\/eccoproducts.eu\/fr\/produit\/eccofence-kit\/#primaryimage\"},\"thumbnailUrl\":\"https:\/\/eccoproducts.eu\/wp-content\/uploads\/2023\/02\/ECCOfence-KIT__1200x900.jpg\",\"datePublished\":\"2023-02-22T15:33:07+00:00\",\"dateModified\":\"2025-08-05T08:42:42+00:00\",\"breadcrumb\":{\"@id\":\"https:\/\/eccoproducts.eu\/fr\/produit\/eccofence-kit\/#breadcrumb\"},\"inLanguage\":\"fr-FR\",\"potentialAction\":[{\"@type\":\"ReadAction\",\"target\":[\"https:\/\/eccoproducts.eu\/fr\/produit\/eccofence-kit\/\"]}]},{\"@type\":\"ImageObject\",\"inLanguage\":\"fr-FR\",\"@id\":\"https:\/\/eccoproducts.eu\/fr\/produit\/eccofence-kit\/#primaryimage\",\"url\":\"https:\/\/eccoproducts.eu\/wp-content\/uploads\/2023\/02\/ECCOfence-KIT__1200x900.jpg\",\"contentUrl\":\"https:\/\/eccoproducts.eu\/wp-content\/uploads\/2023\/02\/ECCOfence-KIT__1200x900.jpg\",\"width\":1200,\"height\":900,\"caption\":\"Isolation phonique gr\u00e2ce aux gabions\"},{\"@type\":\"BreadcrumbList\",\"@id\":\"https:\/\/eccoproducts.eu\/fr\/produit\/eccofence-kit\/#breadcrumb\",\"itemListElement\":[{\"@type\":\"ListItem\",\"position\":1,\"name\":\"Home\",\"item\":\"https:\/\/eccoproducts.eu\/fr\/\"},{\"@type\":\"ListItem\",\"position\":2,\"name\":\"Produits\",\"item\":\"https:\/\/eccoproducts.eu\/fr\/produit\/\"},{\"@type\":\"ListItem\",\"position\":3,\"name\":\"ECCOfence KIT\"}]},{\"@type\":\"WebSite\",\"@id\":\"https:\/\/eccoproducts.eu\/fr\/#website\",\"url\":\"https:\/\/eccoproducts.eu\/fr\/\",\"name\":\"ECCO Products\",\"description\":\"\",\"publisher\":{\"@id\":\"https:\/\/eccoproducts.eu\/fr\/#organization\"},\"potentialAction\":[{\"@type\":\"SearchAction\",\"target\":{\"@type\":\"EntryPoint\",\"urlTemplate\":\"https:\/\/eccoproducts.eu\/fr\/?s={search_term_string}\"},\"query-input\":{\"@type\":\"PropertyValueSpecification\",\"valueRequired\":true,\"valueName\":\"search_term_string\"}}],\"inLanguage\":\"fr-FR\"},{\"@type\":\"Organization\",\"@id\":\"https:\/\/eccoproducts.eu\/fr\/#organization\",\"name\":\"ECCO Products\",\"url\":\"https:\/\/eccoproducts.eu\/fr\/\",\"logo\":{\"@type\":\"ImageObject\",\"inLanguage\":\"fr-FR\",\"@id\":\"https:\/\/eccoproducts.eu\/fr\/#\/schema\/logo\/image\/\",\"url\":\"https:\/\/eccoproducts.eu\/wp-content\/uploads\/2023\/06\/cropped-MicrosoftTeams-image-1.png\",\"contentUrl\":\"https:\/\/eccoproducts.eu\/wp-content\/uploads\/2023\/06\/cropped-MicrosoftTeams-image-1.png\",\"width\":417,\"height\":71,\"caption\":\"ECCO Products\"},\"image\":{\"@id\":\"https:\/\/eccoproducts.eu\/fr\/#\/schema\/logo\/image\/\"}}]}<\/script>\n<!-- \/ Yoast SEO plugin. -->","yoast_head_json":{"title":"ECCOfence KIT - ECCO Products","robots":{"index":"index","follow":"follow","max-snippet":"max-snippet:-1","max-image-preview":"max-image-preview:large","max-video-preview":"max-video-preview:-1"},"canonical":"https:\/\/eccoproducts.eu\/fr\/produit\/eccofence-kit\/","og_locale":"fr_FR","og_type":"article","og_title":"ECCOfence KIT - ECCO Products","og_description":"Si vous souhaitez installer des gabions dans votre jardin et que vous voulez vous retrousser les manches, vous pouvez le faire vous-m\u00eame avec les gabions ECCOfence KIT. Les gabions ECCOfence KIT constituent la solution id\u00e9ale, m\u00eame dans les endroits inaccessibles \u00e0 une grue. Ce kit de construction pratique et professionnel se compose de mat\u00e9riaux durables.","og_url":"https:\/\/eccoproducts.eu\/fr\/produit\/eccofence-kit\/","og_site_name":"ECCO Products","article_modified_time":"2025-08-05T08:42:42+00:00","og_image":[{"width":1200,"height":900,"url":"https:\/\/eccoproducts.eu\/wp-content\/uploads\/2023\/02\/ECCOfence-KIT__1200x900.jpg","type":"image\/jpeg"}],"twitter_card":"summary_large_image","twitter_misc":{"Dur\u00e9e de lecture estim\u00e9e":"1 minute"},"schema":{"@context":"https:\/\/schema.org","@graph":[{"@type":"WebPage","@id":"https:\/\/eccoproducts.eu\/fr\/produit\/eccofence-kit\/","url":"https:\/\/eccoproducts.eu\/fr\/produit\/eccofence-kit\/","name":"ECCOfence KIT - ECCO Products","isPartOf":{"@id":"https:\/\/eccoproducts.eu\/fr\/#website"},"primaryImageOfPage":{"@id":"https:\/\/eccoproducts.eu\/fr\/produit\/eccofence-kit\/#primaryimage"},"image":{"@id":"https:\/\/eccoproducts.eu\/fr\/produit\/eccofence-kit\/#primaryimage"},"thumbnailUrl":"https:\/\/eccoproducts.eu\/wp-content\/uploads\/2023\/02\/ECCOfence-KIT__1200x900.jpg","datePublished":"2023-02-22T15:33:07+00:00","dateModified":"2025-08-05T08:42:42+00:00","breadcrumb":{"@id":"https:\/\/eccoproducts.eu\/fr\/produit\/eccofence-kit\/#breadcrumb"},"inLanguage":"fr-FR","potentialAction":[{"@type":"ReadAction","target":["https:\/\/eccoproducts.eu\/fr\/produit\/eccofence-kit\/"]}]},{"@type":"ImageObject","inLanguage":"fr-FR","@id":"https:\/\/eccoproducts.eu\/fr\/produit\/eccofence-kit\/#primaryimage","url":"https:\/\/eccoproducts.eu\/wp-content\/uploads\/2023\/02\/ECCOfence-KIT__1200x900.jpg","contentUrl":"https:\/\/eccoproducts.eu\/wp-content\/uploads\/2023\/02\/ECCOfence-KIT__1200x900.jpg","width":1200,"height":900,"caption":"Isolation phonique gr\u00e2ce aux gabions"},{"@type":"BreadcrumbList","@id":"https:\/\/eccoproducts.eu\/fr\/produit\/eccofence-kit\/#breadcrumb","itemListElement":[{"@type":"ListItem","position":1,"name":"Home","item":"https:\/\/eccoproducts.eu\/fr\/"},{"@type":"ListItem","position":2,"name":"Produits","item":"https:\/\/eccoproducts.eu\/fr\/produit\/"},{"@type":"ListItem","position":3,"name":"ECCOfence KIT"}]},{"@type":"WebSite","@id":"https:\/\/eccoproducts.eu\/fr\/#website","url":"https:\/\/eccoproducts.eu\/fr\/","name":"ECCO Products","description":"","publisher":{"@id":"https:\/\/eccoproducts.eu\/fr\/#organization"},"potentialAction":[{"@type":"SearchAction","target":{"@type":"EntryPoint","urlTemplate":"https:\/\/eccoproducts.eu\/fr\/?s={search_term_string}"},"query-input":{"@type":"PropertyValueSpecification","valueRequired":true,"valueName":"search_term_string"}}],"inLanguage":"fr-FR"},{"@type":"Organization","@id":"https:\/\/eccoproducts.eu\/fr\/#organization","name":"ECCO Products","url":"https:\/\/eccoproducts.eu\/fr\/","logo":{"@type":"ImageObject","inLanguage":"fr-FR","@id":"https:\/\/eccoproducts.eu\/fr\/#\/schema\/logo\/image\/","url":"https:\/\/eccoproducts.eu\/wp-content\/uploads\/2023\/06\/cropped-MicrosoftTeams-image-1.png","contentUrl":"https:\/\/eccoproducts.eu\/wp-content\/uploads\/2023\/06\/cropped-MicrosoftTeams-image-1.png","width":417,"height":71,"caption":"ECCO Products"},"image":{"@id":"https:\/\/eccoproducts.eu\/fr\/#\/schema\/logo\/image\/"}}]}},"_links":{"self":[{"href":"https:\/\/eccoproducts.eu\/fr\/wp-json\/wp\/v2\/product\/2264","targetHints":{"allow":["GET"]}}],"collection":[{"href":"https:\/\/eccoproducts.eu\/fr\/wp-json\/wp\/v2\/product"}],"about":[{"href":"https:\/\/eccoproducts.eu\/fr\/wp-json\/wp\/v2\/types\/product"}],"replies":[{"embeddable":true,"href":"https:\/\/eccoproducts.eu\/fr\/wp-json\/wp\/v2\/comments?post=2264"}],"wp:featuredmedia":[{"embeddable":true,"href":"https:\/\/eccoproducts.eu\/fr\/wp-json\/wp\/v2\/media\/3650"}],"wp:attachment":[{"href":"https:\/\/eccoproducts.eu\/fr\/wp-json\/wp\/v2\/media?parent=2264"}],"wp:term":[{"taxonomy":"product_brand","embeddable":true,"href":"https:\/\/eccoproducts.eu\/fr\/wp-json\/wp\/v2\/product_brand?post=2264"},{"taxonomy":"product_cat","embeddable":true,"href":"https:\/\/eccoproducts.eu\/fr\/wp-json\/wp\/v2\/product_cat?post=2264"},{"taxonomy":"product_tag","embeddable":true,"href":"https:\/\/eccoproducts.eu\/fr\/wp-json\/wp\/v2\/product_tag?post=2264"}],"curies":[{"name":"wp","href":"https:\/\/api.w.org\/{rel}","templated":true}]}}