{"id":15123,"date":"2026-01-01T12:00:03","date_gmt":"2026-01-01T11:00:03","guid":{"rendered":"https:\/\/eccoproducts.eu\/?post_type=product&#038;p=15123"},"modified":"2026-04-10T14:20:18","modified_gmt":"2026-04-10T12:20:18","slug":"grassmac","status":"publish","type":"product","link":"https:\/\/eccoproducts.eu\/fr\/produit\/grassmac\/","title":{"rendered":"GrassMac"},"content":{"rendered":"","protected":false},"excerpt":{"rendered":"<p><strong>GrassMac est un syst\u00e8me de fondation innovant et perm\u00e9able, sp\u00e9cialement con\u00e7u pour les installations de gazon synth\u00e9tique, o\u00f9 stabilit\u00e9, flexibilit\u00e9 et durabilit\u00e9 sont essentielles.<\/strong><\/p>\n<p>Le syst\u00e8me forme une base semi-flexible offrant confort, absorption des chocs et stabilit\u00e9 \u00e0 long terme, adapt\u00e9e aussi bien aux applications r\u00e9sidentielles que professionnelles.<\/p>\n","protected":false},"featured_media":15152,"comment_status":"closed","ping_status":"closed","template":"","meta":{"_acf_changed":false,"inline_featured_image":false},"product_brand":[],"product_cat":[81],"product_tag":[],"class_list":{"0":"post-15123","1":"product","2":"type-product","3":"status-publish","4":"has-post-thumbnail","6":"product_cat-produits-permeables-a-leau","8":"first","9":"instock","10":"shipping-taxable","11":"product-type-simple"},"acf":[],"yoast_head":"<!-- This site is optimized with the Yoast SEO plugin v25.9 - https:\/\/yoast.com\/wordpress\/plugins\/seo\/ -->\n<title>GrassMac - ECCO Products<\/title>\n<meta name=\"description\" content=\"Couche de fondation perm\u00e9able \u00e0 l\u2019eau et semi-flexible pour gazon synth\u00e9tique, \u00e0 base d\u2019agr\u00e9gats recycl\u00e9s &amp; caoutchouc SBR, m\u00e9lang\u00e9e avec r\u00e9sine GrassMac.\" \/>\n<meta name=\"robots\" content=\"index, follow, max-snippet:-1, max-image-preview:large, max-video-preview:-1\" \/>\n<link rel=\"canonical\" href=\"https:\/\/eccoproducts.eu\/fr\/produit\/grassmac\/\" \/>\n<meta property=\"og:locale\" content=\"fr_FR\" \/>\n<meta property=\"og:type\" content=\"article\" \/>\n<meta property=\"og:title\" content=\"GrassMac - ECCO Products\" \/>\n<meta property=\"og:description\" content=\"Couche de fondation perm\u00e9able \u00e0 l\u2019eau et semi-flexible pour gazon synth\u00e9tique, \u00e0 base d\u2019agr\u00e9gats recycl\u00e9s &amp; caoutchouc SBR, m\u00e9lang\u00e9e avec r\u00e9sine GrassMac.\" \/>\n<meta property=\"og:url\" content=\"https:\/\/eccoproducts.eu\/fr\/produit\/grassmac\/\" \/>\n<meta property=\"og:site_name\" content=\"ECCO Products\" \/>\n<meta property=\"article:modified_time\" content=\"2026-04-10T12:20:18+00:00\" \/>\n<meta property=\"og:image\" content=\"https:\/\/eccoproducts.eu\/wp-content\/uploads\/2025\/12\/Foto-website-2-2-1024x768.png\" \/>\n\t<meta property=\"og:image:width\" content=\"1024\" \/>\n\t<meta property=\"og:image:height\" content=\"768\" \/>\n\t<meta property=\"og:image:type\" content=\"image\/png\" \/>\n<meta name=\"twitter:card\" content=\"summary_large_image\" \/>\n<meta name=\"twitter:label1\" content=\"Dur\u00e9e de lecture estim\u00e9e\" \/>\n\t<meta name=\"twitter:data1\" content=\"1 minute\" \/>\n<script type=\"application\/ld+json\" class=\"yoast-schema-graph\">{\"@context\":\"https:\/\/schema.org\",\"@graph\":[{\"@type\":\"WebPage\",\"@id\":\"https:\/\/eccoproducts.eu\/fr\/produit\/grassmac\/\",\"url\":\"https:\/\/eccoproducts.eu\/fr\/produit\/grassmac\/\",\"name\":\"GrassMac - ECCO Products\",\"isPartOf\":{\"@id\":\"https:\/\/eccoproducts.eu\/fr\/#website\"},\"primaryImageOfPage\":{\"@id\":\"https:\/\/eccoproducts.eu\/fr\/produit\/grassmac\/#primaryimage\"},\"image\":{\"@id\":\"https:\/\/eccoproducts.eu\/fr\/produit\/grassmac\/#primaryimage\"},\"thumbnailUrl\":\"https:\/\/eccoproducts.eu\/wp-content\/uploads\/2025\/12\/Foto-website-2-2.png\",\"datePublished\":\"2026-01-01T11:00:03+00:00\",\"dateModified\":\"2026-04-10T12:20:18+00:00\",\"description\":\"Couche de fondation perm\u00e9able \u00e0 l\u2019eau et semi-flexible pour gazon synth\u00e9tique, \u00e0 base d\u2019agr\u00e9gats recycl\u00e9s & caoutchouc SBR, m\u00e9lang\u00e9e avec r\u00e9sine GrassMac.\",\"breadcrumb\":{\"@id\":\"https:\/\/eccoproducts.eu\/fr\/produit\/grassmac\/#breadcrumb\"},\"inLanguage\":\"fr-FR\",\"potentialAction\":[{\"@type\":\"ReadAction\",\"target\":[\"https:\/\/eccoproducts.eu\/fr\/produit\/grassmac\/\"]}]},{\"@type\":\"ImageObject\",\"inLanguage\":\"fr-FR\",\"@id\":\"https:\/\/eccoproducts.eu\/fr\/produit\/grassmac\/#primaryimage\",\"url\":\"https:\/\/eccoproducts.eu\/wp-content\/uploads\/2025\/12\/Foto-website-2-2.png\",\"contentUrl\":\"https:\/\/eccoproducts.eu\/wp-content\/uploads\/2025\/12\/Foto-website-2-2.png\",\"width\":1650,\"height\":1238},{\"@type\":\"BreadcrumbList\",\"@id\":\"https:\/\/eccoproducts.eu\/fr\/produit\/grassmac\/#breadcrumb\",\"itemListElement\":[{\"@type\":\"ListItem\",\"position\":1,\"name\":\"Home\",\"item\":\"https:\/\/eccoproducts.eu\/fr\/\"},{\"@type\":\"ListItem\",\"position\":2,\"name\":\"Produits\",\"item\":\"https:\/\/eccoproducts.eu\/fr\/produit\/\"},{\"@type\":\"ListItem\",\"position\":3,\"name\":\"GrassMac\"}]},{\"@type\":\"WebSite\",\"@id\":\"https:\/\/eccoproducts.eu\/fr\/#website\",\"url\":\"https:\/\/eccoproducts.eu\/fr\/\",\"name\":\"ECCO Products\",\"description\":\"\",\"publisher\":{\"@id\":\"https:\/\/eccoproducts.eu\/fr\/#organization\"},\"potentialAction\":[{\"@type\":\"SearchAction\",\"target\":{\"@type\":\"EntryPoint\",\"urlTemplate\":\"https:\/\/eccoproducts.eu\/fr\/?s={search_term_string}\"},\"query-input\":{\"@type\":\"PropertyValueSpecification\",\"valueRequired\":true,\"valueName\":\"search_term_string\"}}],\"inLanguage\":\"fr-FR\"},{\"@type\":\"Organization\",\"@id\":\"https:\/\/eccoproducts.eu\/fr\/#organization\",\"name\":\"ECCO Products\",\"url\":\"https:\/\/eccoproducts.eu\/fr\/\",\"logo\":{\"@type\":\"ImageObject\",\"inLanguage\":\"fr-FR\",\"@id\":\"https:\/\/eccoproducts.eu\/fr\/#\/schema\/logo\/image\/\",\"url\":\"https:\/\/eccoproducts.eu\/wp-content\/uploads\/2023\/06\/cropped-MicrosoftTeams-image-1.png\",\"contentUrl\":\"https:\/\/eccoproducts.eu\/wp-content\/uploads\/2023\/06\/cropped-MicrosoftTeams-image-1.png\",\"width\":417,\"height\":71,\"caption\":\"ECCO Products\"},\"image\":{\"@id\":\"https:\/\/eccoproducts.eu\/fr\/#\/schema\/logo\/image\/\"}}]}<\/script>\n<!-- \/ Yoast SEO plugin. -->","yoast_head_json":{"title":"GrassMac - ECCO Products","description":"Couche de fondation perm\u00e9able \u00e0 l\u2019eau et semi-flexible pour gazon synth\u00e9tique, \u00e0 base d\u2019agr\u00e9gats recycl\u00e9s & caoutchouc SBR, m\u00e9lang\u00e9e avec r\u00e9sine GrassMac.","robots":{"index":"index","follow":"follow","max-snippet":"max-snippet:-1","max-image-preview":"max-image-preview:large","max-video-preview":"max-video-preview:-1"},"canonical":"https:\/\/eccoproducts.eu\/fr\/produit\/grassmac\/","og_locale":"fr_FR","og_type":"article","og_title":"GrassMac - ECCO Products","og_description":"Couche de fondation perm\u00e9able \u00e0 l\u2019eau et semi-flexible pour gazon synth\u00e9tique, \u00e0 base d\u2019agr\u00e9gats recycl\u00e9s & caoutchouc SBR, m\u00e9lang\u00e9e avec r\u00e9sine GrassMac.","og_url":"https:\/\/eccoproducts.eu\/fr\/produit\/grassmac\/","og_site_name":"ECCO Products","article_modified_time":"2026-04-10T12:20:18+00:00","og_image":[{"width":1024,"height":768,"url":"https:\/\/eccoproducts.eu\/wp-content\/uploads\/2025\/12\/Foto-website-2-2-1024x768.png","type":"image\/png"}],"twitter_card":"summary_large_image","twitter_misc":{"Dur\u00e9e de lecture estim\u00e9e":"1 minute"},"schema":{"@context":"https:\/\/schema.org","@graph":[{"@type":"WebPage","@id":"https:\/\/eccoproducts.eu\/fr\/produit\/grassmac\/","url":"https:\/\/eccoproducts.eu\/fr\/produit\/grassmac\/","name":"GrassMac - ECCO Products","isPartOf":{"@id":"https:\/\/eccoproducts.eu\/fr\/#website"},"primaryImageOfPage":{"@id":"https:\/\/eccoproducts.eu\/fr\/produit\/grassmac\/#primaryimage"},"image":{"@id":"https:\/\/eccoproducts.eu\/fr\/produit\/grassmac\/#primaryimage"},"thumbnailUrl":"https:\/\/eccoproducts.eu\/wp-content\/uploads\/2025\/12\/Foto-website-2-2.png","datePublished":"2026-01-01T11:00:03+00:00","dateModified":"2026-04-10T12:20:18+00:00","description":"Couche de fondation perm\u00e9able \u00e0 l\u2019eau et semi-flexible pour gazon synth\u00e9tique, \u00e0 base d\u2019agr\u00e9gats recycl\u00e9s & caoutchouc SBR, m\u00e9lang\u00e9e avec r\u00e9sine GrassMac.","breadcrumb":{"@id":"https:\/\/eccoproducts.eu\/fr\/produit\/grassmac\/#breadcrumb"},"inLanguage":"fr-FR","potentialAction":[{"@type":"ReadAction","target":["https:\/\/eccoproducts.eu\/fr\/produit\/grassmac\/"]}]},{"@type":"ImageObject","inLanguage":"fr-FR","@id":"https:\/\/eccoproducts.eu\/fr\/produit\/grassmac\/#primaryimage","url":"https:\/\/eccoproducts.eu\/wp-content\/uploads\/2025\/12\/Foto-website-2-2.png","contentUrl":"https:\/\/eccoproducts.eu\/wp-content\/uploads\/2025\/12\/Foto-website-2-2.png","width":1650,"height":1238},{"@type":"BreadcrumbList","@id":"https:\/\/eccoproducts.eu\/fr\/produit\/grassmac\/#breadcrumb","itemListElement":[{"@type":"ListItem","position":1,"name":"Home","item":"https:\/\/eccoproducts.eu\/fr\/"},{"@type":"ListItem","position":2,"name":"Produits","item":"https:\/\/eccoproducts.eu\/fr\/produit\/"},{"@type":"ListItem","position":3,"name":"GrassMac"}]},{"@type":"WebSite","@id":"https:\/\/eccoproducts.eu\/fr\/#website","url":"https:\/\/eccoproducts.eu\/fr\/","name":"ECCO Products","description":"","publisher":{"@id":"https:\/\/eccoproducts.eu\/fr\/#organization"},"potentialAction":[{"@type":"SearchAction","target":{"@type":"EntryPoint","urlTemplate":"https:\/\/eccoproducts.eu\/fr\/?s={search_term_string}"},"query-input":{"@type":"PropertyValueSpecification","valueRequired":true,"valueName":"search_term_string"}}],"inLanguage":"fr-FR"},{"@type":"Organization","@id":"https:\/\/eccoproducts.eu\/fr\/#organization","name":"ECCO Products","url":"https:\/\/eccoproducts.eu\/fr\/","logo":{"@type":"ImageObject","inLanguage":"fr-FR","@id":"https:\/\/eccoproducts.eu\/fr\/#\/schema\/logo\/image\/","url":"https:\/\/eccoproducts.eu\/wp-content\/uploads\/2023\/06\/cropped-MicrosoftTeams-image-1.png","contentUrl":"https:\/\/eccoproducts.eu\/wp-content\/uploads\/2023\/06\/cropped-MicrosoftTeams-image-1.png","width":417,"height":71,"caption":"ECCO Products"},"image":{"@id":"https:\/\/eccoproducts.eu\/fr\/#\/schema\/logo\/image\/"}}]}},"_links":{"self":[{"href":"https:\/\/eccoproducts.eu\/fr\/wp-json\/wp\/v2\/product\/15123","targetHints":{"allow":["GET"]}}],"collection":[{"href":"https:\/\/eccoproducts.eu\/fr\/wp-json\/wp\/v2\/product"}],"about":[{"href":"https:\/\/eccoproducts.eu\/fr\/wp-json\/wp\/v2\/types\/product"}],"replies":[{"embeddable":true,"href":"https:\/\/eccoproducts.eu\/fr\/wp-json\/wp\/v2\/comments?post=15123"}],"wp:featuredmedia":[{"embeddable":true,"href":"https:\/\/eccoproducts.eu\/fr\/wp-json\/wp\/v2\/media\/15152"}],"wp:attachment":[{"href":"https:\/\/eccoproducts.eu\/fr\/wp-json\/wp\/v2\/media?parent=15123"}],"wp:term":[{"taxonomy":"product_brand","embeddable":true,"href":"https:\/\/eccoproducts.eu\/fr\/wp-json\/wp\/v2\/product_brand?post=15123"},{"taxonomy":"product_cat","embeddable":true,"href":"https:\/\/eccoproducts.eu\/fr\/wp-json\/wp\/v2\/product_cat?post=15123"},{"taxonomy":"product_tag","embeddable":true,"href":"https:\/\/eccoproducts.eu\/fr\/wp-json\/wp\/v2\/product_tag?post=15123"}],"curies":[{"name":"wp","href":"https:\/\/api.w.org\/{rel}","templated":true}]}}