{"id":11674,"date":"2025-06-23T12:01:34","date_gmt":"2025-06-23T10:01:34","guid":{"rendered":"https:\/\/eccoproducts.eu\/?post_type=product&#038;p=11674"},"modified":"2026-02-24T14:09:46","modified_gmt":"2026-02-24T13:09:46","slug":"a-joint-ready-flex-powered-by-ecco","status":"publish","type":"product","link":"https:\/\/eccoproducts.eu\/fr\/produit\/a-joint-ready-flex-powered-by-ecco\/","title":{"rendered":"A-Joint\u00ae Ready Flex powered by ECCO"},"content":{"rendered":"","protected":false},"excerpt":{"rendered":"<p>A-Joint\u00ae Ready Flex est un <strong>mortier de jointoiement pour pavage, pr\u00eat \u00e0 l&#8217;emploi<\/strong> et emball\u00e9 sous vide.<\/p>\n<p>Gr\u00e2ce \u00e0 son <strong>grain de sable fin<\/strong> et ses excellentes propri\u00e9t\u00e9s de mise en place par ajout d\u2019eau, ce mortier est parfaitement adapt\u00e9 aux <strong>joints \u00e9troits \u00e0 partir de 3 mm.<\/strong><\/p>\n<ul>\n<li>Perm\u00e9able \u00e0 l\u2019eau<\/li>\n<li>Anti-mauvaises herbes<\/li>\n<li>R\u00e9sistant au gel et au sel de d\u00e9neigement<\/li>\n<li>Id\u00e9al pour les joints \u00e9troits gr\u00e2ce \u00e0 la finesse du grain de sable et aux propri\u00e9t\u00e9s de barbotine<\/li>\n<\/ul>\n","protected":false},"featured_media":11384,"comment_status":"open","ping_status":"closed","template":"","meta":{"_acf_changed":false,"inline_featured_image":false},"product_brand":[],"product_cat":[81],"product_tag":[],"class_list":{"0":"post-11674","1":"product","2":"type-product","3":"status-publish","4":"has-post-thumbnail","6":"product_cat-produits-permeables-a-leau","8":"first","9":"instock","10":"shipping-taxable","11":"product-type-simple"},"acf":[],"yoast_head":"<!-- This site is optimized with the Yoast SEO plugin v25.9 - https:\/\/yoast.com\/wordpress\/plugins\/seo\/ -->\n<title>A-Joint\u00ae Ready Flex powered by ECCO - ECCO Products<\/title>\n<meta name=\"description\" content=\"A-Joint\u00ae Ready Flex powered by ECCO : le mortier de jointoiement pr\u00eat \u00e0 l\u2019emploi, perm\u00e9able \u00e0 l\u2019eau et r\u00e9sistant au gel, adapt\u00e9 aux joints \u00e9troits.\" \/>\n<meta name=\"robots\" content=\"index, follow, max-snippet:-1, max-image-preview:large, max-video-preview:-1\" \/>\n<link rel=\"canonical\" href=\"https:\/\/eccoproducts.eu\/fr\/produit\/a-joint-ready-flex-powered-by-ecco\/\" \/>\n<meta property=\"og:locale\" content=\"fr_FR\" \/>\n<meta property=\"og:type\" content=\"article\" \/>\n<meta property=\"og:title\" content=\"A-Joint\u00ae Ready Flex powered by ECCO - ECCO Products\" \/>\n<meta property=\"og:description\" content=\"A-Joint\u00ae Ready Flex powered by ECCO : le mortier de jointoiement pr\u00eat \u00e0 l\u2019emploi, perm\u00e9able \u00e0 l\u2019eau et r\u00e9sistant au gel, adapt\u00e9 aux joints \u00e9troits.\" \/>\n<meta property=\"og:url\" content=\"https:\/\/eccoproducts.eu\/fr\/produit\/a-joint-ready-flex-powered-by-ecco\/\" \/>\n<meta property=\"og:site_name\" content=\"ECCO Products\" \/>\n<meta property=\"article:modified_time\" content=\"2026-02-24T13:09:46+00:00\" \/>\n<meta property=\"og:image\" content=\"https:\/\/eccoproducts.eu\/wp-content\/uploads\/2025\/06\/A-JOINT-Ready-Flex-Titelbild.jpg\" \/>\n\t<meta property=\"og:image:width\" content=\"2362\" \/>\n\t<meta property=\"og:image:height\" content=\"1945\" \/>\n\t<meta property=\"og:image:type\" content=\"image\/jpeg\" \/>\n<meta name=\"twitter:card\" content=\"summary_large_image\" \/>\n<meta name=\"twitter:label1\" content=\"Dur\u00e9e de lecture estim\u00e9e\" \/>\n\t<meta name=\"twitter:data1\" content=\"1 minute\" \/>\n<script type=\"application\/ld+json\" class=\"yoast-schema-graph\">{\"@context\":\"https:\/\/schema.org\",\"@graph\":[{\"@type\":\"WebPage\",\"@id\":\"https:\/\/eccoproducts.eu\/fr\/produit\/a-joint-ready-flex-powered-by-ecco\/\",\"url\":\"https:\/\/eccoproducts.eu\/fr\/produit\/a-joint-ready-flex-powered-by-ecco\/\",\"name\":\"A-Joint\u00ae Ready Flex powered by ECCO - ECCO Products\",\"isPartOf\":{\"@id\":\"https:\/\/eccoproducts.eu\/fr\/#website\"},\"primaryImageOfPage\":{\"@id\":\"https:\/\/eccoproducts.eu\/fr\/produit\/a-joint-ready-flex-powered-by-ecco\/#primaryimage\"},\"image\":{\"@id\":\"https:\/\/eccoproducts.eu\/fr\/produit\/a-joint-ready-flex-powered-by-ecco\/#primaryimage\"},\"thumbnailUrl\":\"https:\/\/eccoproducts.eu\/wp-content\/uploads\/2025\/06\/A-JOINT-Ready-Flex-Titelbild.jpg\",\"datePublished\":\"2025-06-23T10:01:34+00:00\",\"dateModified\":\"2026-02-24T13:09:46+00:00\",\"description\":\"A-Joint\u00ae Ready Flex powered by ECCO : le mortier de jointoiement pr\u00eat \u00e0 l\u2019emploi, perm\u00e9able \u00e0 l\u2019eau et r\u00e9sistant au gel, adapt\u00e9 aux joints \u00e9troits.\",\"breadcrumb\":{\"@id\":\"https:\/\/eccoproducts.eu\/fr\/produit\/a-joint-ready-flex-powered-by-ecco\/#breadcrumb\"},\"inLanguage\":\"fr-FR\",\"potentialAction\":[{\"@type\":\"ReadAction\",\"target\":[\"https:\/\/eccoproducts.eu\/fr\/produit\/a-joint-ready-flex-powered-by-ecco\/\"]}]},{\"@type\":\"ImageObject\",\"inLanguage\":\"fr-FR\",\"@id\":\"https:\/\/eccoproducts.eu\/fr\/produit\/a-joint-ready-flex-powered-by-ecco\/#primaryimage\",\"url\":\"https:\/\/eccoproducts.eu\/wp-content\/uploads\/2025\/06\/A-JOINT-Ready-Flex-Titelbild.jpg\",\"contentUrl\":\"https:\/\/eccoproducts.eu\/wp-content\/uploads\/2025\/06\/A-JOINT-Ready-Flex-Titelbild.jpg\",\"width\":2362,\"height\":1945},{\"@type\":\"BreadcrumbList\",\"@id\":\"https:\/\/eccoproducts.eu\/fr\/produit\/a-joint-ready-flex-powered-by-ecco\/#breadcrumb\",\"itemListElement\":[{\"@type\":\"ListItem\",\"position\":1,\"name\":\"Home\",\"item\":\"https:\/\/eccoproducts.eu\/fr\/\"},{\"@type\":\"ListItem\",\"position\":2,\"name\":\"Produits\",\"item\":\"https:\/\/eccoproducts.eu\/fr\/produit\/\"},{\"@type\":\"ListItem\",\"position\":3,\"name\":\"A-Joint\u00ae Ready Flex powered by ECCO\"}]},{\"@type\":\"WebSite\",\"@id\":\"https:\/\/eccoproducts.eu\/fr\/#website\",\"url\":\"https:\/\/eccoproducts.eu\/fr\/\",\"name\":\"ECCO Products\",\"description\":\"\",\"publisher\":{\"@id\":\"https:\/\/eccoproducts.eu\/fr\/#organization\"},\"potentialAction\":[{\"@type\":\"SearchAction\",\"target\":{\"@type\":\"EntryPoint\",\"urlTemplate\":\"https:\/\/eccoproducts.eu\/fr\/?s={search_term_string}\"},\"query-input\":{\"@type\":\"PropertyValueSpecification\",\"valueRequired\":true,\"valueName\":\"search_term_string\"}}],\"inLanguage\":\"fr-FR\"},{\"@type\":\"Organization\",\"@id\":\"https:\/\/eccoproducts.eu\/fr\/#organization\",\"name\":\"ECCO Products\",\"url\":\"https:\/\/eccoproducts.eu\/fr\/\",\"logo\":{\"@type\":\"ImageObject\",\"inLanguage\":\"fr-FR\",\"@id\":\"https:\/\/eccoproducts.eu\/fr\/#\/schema\/logo\/image\/\",\"url\":\"https:\/\/eccoproducts.eu\/wp-content\/uploads\/2023\/06\/cropped-MicrosoftTeams-image-1.png\",\"contentUrl\":\"https:\/\/eccoproducts.eu\/wp-content\/uploads\/2023\/06\/cropped-MicrosoftTeams-image-1.png\",\"width\":417,\"height\":71,\"caption\":\"ECCO Products\"},\"image\":{\"@id\":\"https:\/\/eccoproducts.eu\/fr\/#\/schema\/logo\/image\/\"}}]}<\/script>\n<!-- \/ Yoast SEO plugin. -->","yoast_head_json":{"title":"A-Joint\u00ae Ready Flex powered by ECCO - ECCO Products","description":"A-Joint\u00ae Ready Flex powered by ECCO : le mortier de jointoiement pr\u00eat \u00e0 l\u2019emploi, perm\u00e9able \u00e0 l\u2019eau et r\u00e9sistant au gel, adapt\u00e9 aux joints \u00e9troits.","robots":{"index":"index","follow":"follow","max-snippet":"max-snippet:-1","max-image-preview":"max-image-preview:large","max-video-preview":"max-video-preview:-1"},"canonical":"https:\/\/eccoproducts.eu\/fr\/produit\/a-joint-ready-flex-powered-by-ecco\/","og_locale":"fr_FR","og_type":"article","og_title":"A-Joint\u00ae Ready Flex powered by ECCO - ECCO Products","og_description":"A-Joint\u00ae Ready Flex powered by ECCO : le mortier de jointoiement pr\u00eat \u00e0 l\u2019emploi, perm\u00e9able \u00e0 l\u2019eau et r\u00e9sistant au gel, adapt\u00e9 aux joints \u00e9troits.","og_url":"https:\/\/eccoproducts.eu\/fr\/produit\/a-joint-ready-flex-powered-by-ecco\/","og_site_name":"ECCO Products","article_modified_time":"2026-02-24T13:09:46+00:00","og_image":[{"width":2362,"height":1945,"url":"https:\/\/eccoproducts.eu\/wp-content\/uploads\/2025\/06\/A-JOINT-Ready-Flex-Titelbild.jpg","type":"image\/jpeg"}],"twitter_card":"summary_large_image","twitter_misc":{"Dur\u00e9e de lecture estim\u00e9e":"1 minute"},"schema":{"@context":"https:\/\/schema.org","@graph":[{"@type":"WebPage","@id":"https:\/\/eccoproducts.eu\/fr\/produit\/a-joint-ready-flex-powered-by-ecco\/","url":"https:\/\/eccoproducts.eu\/fr\/produit\/a-joint-ready-flex-powered-by-ecco\/","name":"A-Joint\u00ae Ready Flex powered by ECCO - ECCO Products","isPartOf":{"@id":"https:\/\/eccoproducts.eu\/fr\/#website"},"primaryImageOfPage":{"@id":"https:\/\/eccoproducts.eu\/fr\/produit\/a-joint-ready-flex-powered-by-ecco\/#primaryimage"},"image":{"@id":"https:\/\/eccoproducts.eu\/fr\/produit\/a-joint-ready-flex-powered-by-ecco\/#primaryimage"},"thumbnailUrl":"https:\/\/eccoproducts.eu\/wp-content\/uploads\/2025\/06\/A-JOINT-Ready-Flex-Titelbild.jpg","datePublished":"2025-06-23T10:01:34+00:00","dateModified":"2026-02-24T13:09:46+00:00","description":"A-Joint\u00ae Ready Flex powered by ECCO : le mortier de jointoiement pr\u00eat \u00e0 l\u2019emploi, perm\u00e9able \u00e0 l\u2019eau et r\u00e9sistant au gel, adapt\u00e9 aux joints \u00e9troits.","breadcrumb":{"@id":"https:\/\/eccoproducts.eu\/fr\/produit\/a-joint-ready-flex-powered-by-ecco\/#breadcrumb"},"inLanguage":"fr-FR","potentialAction":[{"@type":"ReadAction","target":["https:\/\/eccoproducts.eu\/fr\/produit\/a-joint-ready-flex-powered-by-ecco\/"]}]},{"@type":"ImageObject","inLanguage":"fr-FR","@id":"https:\/\/eccoproducts.eu\/fr\/produit\/a-joint-ready-flex-powered-by-ecco\/#primaryimage","url":"https:\/\/eccoproducts.eu\/wp-content\/uploads\/2025\/06\/A-JOINT-Ready-Flex-Titelbild.jpg","contentUrl":"https:\/\/eccoproducts.eu\/wp-content\/uploads\/2025\/06\/A-JOINT-Ready-Flex-Titelbild.jpg","width":2362,"height":1945},{"@type":"BreadcrumbList","@id":"https:\/\/eccoproducts.eu\/fr\/produit\/a-joint-ready-flex-powered-by-ecco\/#breadcrumb","itemListElement":[{"@type":"ListItem","position":1,"name":"Home","item":"https:\/\/eccoproducts.eu\/fr\/"},{"@type":"ListItem","position":2,"name":"Produits","item":"https:\/\/eccoproducts.eu\/fr\/produit\/"},{"@type":"ListItem","position":3,"name":"A-Joint\u00ae Ready Flex powered by ECCO"}]},{"@type":"WebSite","@id":"https:\/\/eccoproducts.eu\/fr\/#website","url":"https:\/\/eccoproducts.eu\/fr\/","name":"ECCO Products","description":"","publisher":{"@id":"https:\/\/eccoproducts.eu\/fr\/#organization"},"potentialAction":[{"@type":"SearchAction","target":{"@type":"EntryPoint","urlTemplate":"https:\/\/eccoproducts.eu\/fr\/?s={search_term_string}"},"query-input":{"@type":"PropertyValueSpecification","valueRequired":true,"valueName":"search_term_string"}}],"inLanguage":"fr-FR"},{"@type":"Organization","@id":"https:\/\/eccoproducts.eu\/fr\/#organization","name":"ECCO Products","url":"https:\/\/eccoproducts.eu\/fr\/","logo":{"@type":"ImageObject","inLanguage":"fr-FR","@id":"https:\/\/eccoproducts.eu\/fr\/#\/schema\/logo\/image\/","url":"https:\/\/eccoproducts.eu\/wp-content\/uploads\/2023\/06\/cropped-MicrosoftTeams-image-1.png","contentUrl":"https:\/\/eccoproducts.eu\/wp-content\/uploads\/2023\/06\/cropped-MicrosoftTeams-image-1.png","width":417,"height":71,"caption":"ECCO Products"},"image":{"@id":"https:\/\/eccoproducts.eu\/fr\/#\/schema\/logo\/image\/"}}]}},"_links":{"self":[{"href":"https:\/\/eccoproducts.eu\/fr\/wp-json\/wp\/v2\/product\/11674","targetHints":{"allow":["GET"]}}],"collection":[{"href":"https:\/\/eccoproducts.eu\/fr\/wp-json\/wp\/v2\/product"}],"about":[{"href":"https:\/\/eccoproducts.eu\/fr\/wp-json\/wp\/v2\/types\/product"}],"replies":[{"embeddable":true,"href":"https:\/\/eccoproducts.eu\/fr\/wp-json\/wp\/v2\/comments?post=11674"}],"wp:featuredmedia":[{"embeddable":true,"href":"https:\/\/eccoproducts.eu\/fr\/wp-json\/wp\/v2\/media\/11384"}],"wp:attachment":[{"href":"https:\/\/eccoproducts.eu\/fr\/wp-json\/wp\/v2\/media?parent=11674"}],"wp:term":[{"taxonomy":"product_brand","embeddable":true,"href":"https:\/\/eccoproducts.eu\/fr\/wp-json\/wp\/v2\/product_brand?post=11674"},{"taxonomy":"product_cat","embeddable":true,"href":"https:\/\/eccoproducts.eu\/fr\/wp-json\/wp\/v2\/product_cat?post=11674"},{"taxonomy":"product_tag","embeddable":true,"href":"https:\/\/eccoproducts.eu\/fr\/wp-json\/wp\/v2\/product_tag?post=11674"}],"curies":[{"name":"wp","href":"https:\/\/api.w.org\/{rel}","templated":true}]}}