{"id":4805,"date":"2023-02-22T16:31:46","date_gmt":"2023-02-22T15:31:46","guid":{"rendered":"https:\/\/eccoproducts.eu\/producten\/losas-de-cesped-artificial-drainbase\/"},"modified":"2025-07-14T10:47:25","modified_gmt":"2025-07-14T08:47:25","slug":"drainbase-lamina-drenante-cesped-artificial","status":"publish","type":"product","link":"https:\/\/eccoproducts.eu\/es\/producto\/drainbase-lamina-drenante-cesped-artificial\/","title":{"rendered":"L\u00e1mina drenante para c\u00e9sped artificial Drainbase"},"content":{"rendered":"","protected":false},"excerpt":{"rendered":"<p><span style=\"font-weight: 400;\">Drainbase es un innovador sistema de l\u00e1minas drenantes de agua que crea <strong>un pavimento perfectamente permeable<\/strong> para el c\u00e9sped artificial.<\/span><\/p>\n<p><span style=\"font-weight: 400;\">Drainbase capta el agua de lluvia que se filtra, la amortigua bajo la l\u00e1mina y permite que se infiltre en el suelo.<\/span><\/p>\n<p><span style=\"font-weight: 400;\">La instalacion de esta soluci\u00f3n para drenaje de c\u00e9sped artificial aumenta significativamente la <strong>durabilidad<\/strong> del mismo.<\/span><\/p>\n","protected":false},"featured_media":3697,"comment_status":"open","ping_status":"closed","template":"","meta":{"_acf_changed":false,"inline_featured_image":false},"product_brand":[],"product_cat":[150,154],"product_tag":[],"class_list":{"0":"post-4805","1":"product","2":"type-product","3":"status-publish","4":"has-post-thumbnail","6":"product_cat-productos-permeables-al-agua","7":"product_cat-techos-verdes","9":"first","10":"instock","11":"shipping-taxable","12":"product-type-simple"},"acf":[],"yoast_head":"<!-- This site is optimized with the Yoast SEO plugin v25.9 - https:\/\/yoast.com\/wordpress\/plugins\/seo\/ -->\n<title>L\u00e1mina Drenante c\u00e9sped artificial - ECCO Products<\/title>\n<meta name=\"description\" content=\"La l\u00e1mina drenante Drainbase capta el agua, la filtra bajo el c\u00e9sped artificial y permite que se infiltre en el suelo. Fabricadas con HDPE 100% reciclado.\" \/>\n<meta name=\"robots\" content=\"index, follow, max-snippet:-1, max-image-preview:large, max-video-preview:-1\" \/>\n<link rel=\"canonical\" href=\"https:\/\/eccoproducts.eu\/es\/producto\/drainbase-lamina-drenante-cesped-artificial\/\" \/>\n<meta property=\"og:locale\" content=\"es_ES\" \/>\n<meta property=\"og:type\" content=\"article\" \/>\n<meta property=\"og:title\" content=\"L\u00e1mina Drenante c\u00e9sped artificial - ECCO Products\" \/>\n<meta property=\"og:description\" content=\"La l\u00e1mina drenante Drainbase capta el agua, la filtra bajo el c\u00e9sped artificial y permite que se infiltre en el suelo. Fabricadas con HDPE 100% reciclado.\" \/>\n<meta property=\"og:url\" content=\"https:\/\/eccoproducts.eu\/es\/producto\/drainbase-lamina-drenante-cesped-artificial\/\" \/>\n<meta property=\"og:site_name\" content=\"ECCO Products\" \/>\n<meta property=\"article:modified_time\" content=\"2025-07-14T08:47:25+00:00\" \/>\n<meta property=\"og:image\" content=\"https:\/\/eccoproducts.eu\/wp-content\/uploads\/2023\/02\/Drainbase_1200x900.jpg\" \/>\n\t<meta property=\"og:image:width\" content=\"1200\" \/>\n\t<meta property=\"og:image:height\" content=\"900\" \/>\n\t<meta property=\"og:image:type\" content=\"image\/jpeg\" \/>\n<meta name=\"twitter:card\" content=\"summary_large_image\" \/>\n<meta name=\"twitter:label1\" content=\"Tiempo de lectura\" \/>\n\t<meta name=\"twitter:data1\" content=\"1 minuto\" \/>\n<script type=\"application\/ld+json\" class=\"yoast-schema-graph\">{\"@context\":\"https:\/\/schema.org\",\"@graph\":[{\"@type\":\"WebPage\",\"@id\":\"https:\/\/eccoproducts.eu\/es\/producto\/drainbase-lamina-drenante-cesped-artificial\/\",\"url\":\"https:\/\/eccoproducts.eu\/es\/producto\/drainbase-lamina-drenante-cesped-artificial\/\",\"name\":\"L\u00e1mina Drenante c\u00e9sped artificial - ECCO Products\",\"isPartOf\":{\"@id\":\"https:\/\/eccoproducts.eu\/es\/#website\"},\"primaryImageOfPage\":{\"@id\":\"https:\/\/eccoproducts.eu\/es\/producto\/drainbase-lamina-drenante-cesped-artificial\/#primaryimage\"},\"image\":{\"@id\":\"https:\/\/eccoproducts.eu\/es\/producto\/drainbase-lamina-drenante-cesped-artificial\/#primaryimage\"},\"thumbnailUrl\":\"https:\/\/eccoproducts.eu\/wp-content\/uploads\/2023\/02\/Drainbase_1200x900.jpg\",\"datePublished\":\"2023-02-22T15:31:46+00:00\",\"dateModified\":\"2025-07-14T08:47:25+00:00\",\"description\":\"La l\u00e1mina drenante Drainbase capta el agua, la filtra bajo el c\u00e9sped artificial y permite que se infiltre en el suelo. Fabricadas con HDPE 100% reciclado.\",\"breadcrumb\":{\"@id\":\"https:\/\/eccoproducts.eu\/es\/producto\/drainbase-lamina-drenante-cesped-artificial\/#breadcrumb\"},\"inLanguage\":\"es\",\"potentialAction\":[{\"@type\":\"ReadAction\",\"target\":[\"https:\/\/eccoproducts.eu\/es\/producto\/drainbase-lamina-drenante-cesped-artificial\/\"]}]},{\"@type\":\"ImageObject\",\"inLanguage\":\"es\",\"@id\":\"https:\/\/eccoproducts.eu\/es\/producto\/drainbase-lamina-drenante-cesped-artificial\/#primaryimage\",\"url\":\"https:\/\/eccoproducts.eu\/wp-content\/uploads\/2023\/02\/Drainbase_1200x900.jpg\",\"contentUrl\":\"https:\/\/eccoproducts.eu\/wp-content\/uploads\/2023\/02\/Drainbase_1200x900.jpg\",\"width\":1200,\"height\":900},{\"@type\":\"BreadcrumbList\",\"@id\":\"https:\/\/eccoproducts.eu\/es\/producto\/drainbase-lamina-drenante-cesped-artificial\/#breadcrumb\",\"itemListElement\":[{\"@type\":\"ListItem\",\"position\":1,\"name\":\"Home\",\"item\":\"https:\/\/eccoproducts.eu\/es\/\"},{\"@type\":\"ListItem\",\"position\":2,\"name\":\"Productos\",\"item\":\"https:\/\/eccoproducts.eu\/es\/productos\/\"},{\"@type\":\"ListItem\",\"position\":3,\"name\":\"L\u00e1mina drenante para c\u00e9sped artificial Drainbase\"}]},{\"@type\":\"WebSite\",\"@id\":\"https:\/\/eccoproducts.eu\/es\/#website\",\"url\":\"https:\/\/eccoproducts.eu\/es\/\",\"name\":\"ECCO Products\",\"description\":\"\",\"publisher\":{\"@id\":\"https:\/\/eccoproducts.eu\/es\/#organization\"},\"potentialAction\":[{\"@type\":\"SearchAction\",\"target\":{\"@type\":\"EntryPoint\",\"urlTemplate\":\"https:\/\/eccoproducts.eu\/es\/?s={search_term_string}\"},\"query-input\":{\"@type\":\"PropertyValueSpecification\",\"valueRequired\":true,\"valueName\":\"search_term_string\"}}],\"inLanguage\":\"es\"},{\"@type\":\"Organization\",\"@id\":\"https:\/\/eccoproducts.eu\/es\/#organization\",\"name\":\"ECCO Products\",\"url\":\"https:\/\/eccoproducts.eu\/es\/\",\"logo\":{\"@type\":\"ImageObject\",\"inLanguage\":\"es\",\"@id\":\"https:\/\/eccoproducts.eu\/es\/#\/schema\/logo\/image\/\",\"url\":\"https:\/\/eccoproducts.eu\/wp-content\/uploads\/2023\/06\/cropped-MicrosoftTeams-image-1.png\",\"contentUrl\":\"https:\/\/eccoproducts.eu\/wp-content\/uploads\/2023\/06\/cropped-MicrosoftTeams-image-1.png\",\"width\":417,\"height\":71,\"caption\":\"ECCO Products\"},\"image\":{\"@id\":\"https:\/\/eccoproducts.eu\/es\/#\/schema\/logo\/image\/\"}}]}<\/script>\n<!-- \/ Yoast SEO plugin. -->","yoast_head_json":{"title":"L\u00e1mina Drenante c\u00e9sped artificial - ECCO Products","description":"La l\u00e1mina drenante Drainbase capta el agua, la filtra bajo el c\u00e9sped artificial y permite que se infiltre en el suelo. Fabricadas con HDPE 100% reciclado.","robots":{"index":"index","follow":"follow","max-snippet":"max-snippet:-1","max-image-preview":"max-image-preview:large","max-video-preview":"max-video-preview:-1"},"canonical":"https:\/\/eccoproducts.eu\/es\/producto\/drainbase-lamina-drenante-cesped-artificial\/","og_locale":"es_ES","og_type":"article","og_title":"L\u00e1mina Drenante c\u00e9sped artificial - ECCO Products","og_description":"La l\u00e1mina drenante Drainbase capta el agua, la filtra bajo el c\u00e9sped artificial y permite que se infiltre en el suelo. Fabricadas con HDPE 100% reciclado.","og_url":"https:\/\/eccoproducts.eu\/es\/producto\/drainbase-lamina-drenante-cesped-artificial\/","og_site_name":"ECCO Products","article_modified_time":"2025-07-14T08:47:25+00:00","og_image":[{"width":1200,"height":900,"url":"https:\/\/eccoproducts.eu\/wp-content\/uploads\/2023\/02\/Drainbase_1200x900.jpg","type":"image\/jpeg"}],"twitter_card":"summary_large_image","twitter_misc":{"Tiempo de lectura":"1 minuto"},"schema":{"@context":"https:\/\/schema.org","@graph":[{"@type":"WebPage","@id":"https:\/\/eccoproducts.eu\/es\/producto\/drainbase-lamina-drenante-cesped-artificial\/","url":"https:\/\/eccoproducts.eu\/es\/producto\/drainbase-lamina-drenante-cesped-artificial\/","name":"L\u00e1mina Drenante c\u00e9sped artificial - ECCO Products","isPartOf":{"@id":"https:\/\/eccoproducts.eu\/es\/#website"},"primaryImageOfPage":{"@id":"https:\/\/eccoproducts.eu\/es\/producto\/drainbase-lamina-drenante-cesped-artificial\/#primaryimage"},"image":{"@id":"https:\/\/eccoproducts.eu\/es\/producto\/drainbase-lamina-drenante-cesped-artificial\/#primaryimage"},"thumbnailUrl":"https:\/\/eccoproducts.eu\/wp-content\/uploads\/2023\/02\/Drainbase_1200x900.jpg","datePublished":"2023-02-22T15:31:46+00:00","dateModified":"2025-07-14T08:47:25+00:00","description":"La l\u00e1mina drenante Drainbase capta el agua, la filtra bajo el c\u00e9sped artificial y permite que se infiltre en el suelo. Fabricadas con HDPE 100% reciclado.","breadcrumb":{"@id":"https:\/\/eccoproducts.eu\/es\/producto\/drainbase-lamina-drenante-cesped-artificial\/#breadcrumb"},"inLanguage":"es","potentialAction":[{"@type":"ReadAction","target":["https:\/\/eccoproducts.eu\/es\/producto\/drainbase-lamina-drenante-cesped-artificial\/"]}]},{"@type":"ImageObject","inLanguage":"es","@id":"https:\/\/eccoproducts.eu\/es\/producto\/drainbase-lamina-drenante-cesped-artificial\/#primaryimage","url":"https:\/\/eccoproducts.eu\/wp-content\/uploads\/2023\/02\/Drainbase_1200x900.jpg","contentUrl":"https:\/\/eccoproducts.eu\/wp-content\/uploads\/2023\/02\/Drainbase_1200x900.jpg","width":1200,"height":900},{"@type":"BreadcrumbList","@id":"https:\/\/eccoproducts.eu\/es\/producto\/drainbase-lamina-drenante-cesped-artificial\/#breadcrumb","itemListElement":[{"@type":"ListItem","position":1,"name":"Home","item":"https:\/\/eccoproducts.eu\/es\/"},{"@type":"ListItem","position":2,"name":"Productos","item":"https:\/\/eccoproducts.eu\/es\/productos\/"},{"@type":"ListItem","position":3,"name":"L\u00e1mina drenante para c\u00e9sped artificial Drainbase"}]},{"@type":"WebSite","@id":"https:\/\/eccoproducts.eu\/es\/#website","url":"https:\/\/eccoproducts.eu\/es\/","name":"ECCO Products","description":"","publisher":{"@id":"https:\/\/eccoproducts.eu\/es\/#organization"},"potentialAction":[{"@type":"SearchAction","target":{"@type":"EntryPoint","urlTemplate":"https:\/\/eccoproducts.eu\/es\/?s={search_term_string}"},"query-input":{"@type":"PropertyValueSpecification","valueRequired":true,"valueName":"search_term_string"}}],"inLanguage":"es"},{"@type":"Organization","@id":"https:\/\/eccoproducts.eu\/es\/#organization","name":"ECCO Products","url":"https:\/\/eccoproducts.eu\/es\/","logo":{"@type":"ImageObject","inLanguage":"es","@id":"https:\/\/eccoproducts.eu\/es\/#\/schema\/logo\/image\/","url":"https:\/\/eccoproducts.eu\/wp-content\/uploads\/2023\/06\/cropped-MicrosoftTeams-image-1.png","contentUrl":"https:\/\/eccoproducts.eu\/wp-content\/uploads\/2023\/06\/cropped-MicrosoftTeams-image-1.png","width":417,"height":71,"caption":"ECCO Products"},"image":{"@id":"https:\/\/eccoproducts.eu\/es\/#\/schema\/logo\/image\/"}}]}},"_links":{"self":[{"href":"https:\/\/eccoproducts.eu\/es\/wp-json\/wp\/v2\/product\/4805","targetHints":{"allow":["GET"]}}],"collection":[{"href":"https:\/\/eccoproducts.eu\/es\/wp-json\/wp\/v2\/product"}],"about":[{"href":"https:\/\/eccoproducts.eu\/es\/wp-json\/wp\/v2\/types\/product"}],"replies":[{"embeddable":true,"href":"https:\/\/eccoproducts.eu\/es\/wp-json\/wp\/v2\/comments?post=4805"}],"wp:featuredmedia":[{"embeddable":true,"href":"https:\/\/eccoproducts.eu\/es\/wp-json\/wp\/v2\/media\/3697"}],"wp:attachment":[{"href":"https:\/\/eccoproducts.eu\/es\/wp-json\/wp\/v2\/media?parent=4805"}],"wp:term":[{"taxonomy":"product_brand","embeddable":true,"href":"https:\/\/eccoproducts.eu\/es\/wp-json\/wp\/v2\/product_brand?post=4805"},{"taxonomy":"product_cat","embeddable":true,"href":"https:\/\/eccoproducts.eu\/es\/wp-json\/wp\/v2\/product_cat?post=4805"},{"taxonomy":"product_tag","embeddable":true,"href":"https:\/\/eccoproducts.eu\/es\/wp-json\/wp\/v2\/product_tag?post=4805"}],"curies":[{"name":"wp","href":"https:\/\/api.w.org\/{rel}","templated":true}]}}