{"id":4803,"date":"2023-02-22T16:28:56","date_gmt":"2023-02-22T15:28:56","guid":{"rendered":"https:\/\/eccoproducts.eu\/producten\/eccoborders-easyfix-li-2\/"},"modified":"2025-07-15T16:33:56","modified_gmt":"2025-07-15T14:33:56","slug":"easyfix-li","status":"publish","type":"product","link":"https:\/\/eccoproducts.eu\/es\/producto\/easyfix-li\/","title":{"rendered":"Easyfix LI"},"content":{"rendered":"","protected":false},"excerpt":{"rendered":"<p>Estos bordes ofrecen una soluci\u00f3n sencilla, r\u00e1pida y est\u00e9tica para acabar de forma atractiva los caminos de jardines, terrazas, parterres y c\u00e9spedes.<\/p>\n","protected":false},"featured_media":1907,"comment_status":"open","ping_status":"closed","template":"","meta":{"_acf_changed":false,"inline_featured_image":false},"product_brand":[],"product_cat":[151],"product_tag":[],"class_list":{"0":"post-4803","1":"product","2":"type-product","3":"status-publish","4":"has-post-thumbnail","6":"product_cat-borduras-de-jardin","8":"first","9":"instock","10":"shipping-taxable","11":"product-type-simple"},"acf":[],"yoast_head":"<!-- This site is optimized with the Yoast SEO plugin v25.9 - https:\/\/yoast.com\/wordpress\/plugins\/seo\/ -->\n<title>Easyfix LI - ECCO Products<\/title>\n<meta name=\"description\" content=\"Estos bordes ofrecen una soluci\u00f3n sencilla, r\u00e1pida y est\u00e9tica para acabar de forma atractiva los caminos de jardines, terrazas, parterres y c\u00e9spedes.\" \/>\n<meta name=\"robots\" content=\"index, follow, max-snippet:-1, max-image-preview:large, max-video-preview:-1\" \/>\n<link rel=\"canonical\" href=\"https:\/\/eccoproducts.eu\/es\/producto\/easyfix-li\/\" \/>\n<meta property=\"og:locale\" content=\"es_ES\" \/>\n<meta property=\"og:type\" content=\"article\" \/>\n<meta property=\"og:title\" content=\"Easyfix LI - ECCO Products\" \/>\n<meta property=\"og:description\" content=\"Estos bordes ofrecen una soluci\u00f3n sencilla, r\u00e1pida y est\u00e9tica para acabar de forma atractiva los caminos de jardines, terrazas, parterres y c\u00e9spedes.\" \/>\n<meta property=\"og:url\" content=\"https:\/\/eccoproducts.eu\/es\/producto\/easyfix-li\/\" \/>\n<meta property=\"og:site_name\" content=\"ECCO Products\" \/>\n<meta property=\"article:modified_time\" content=\"2025-07-15T14:33:56+00:00\" \/>\n<meta property=\"og:image\" content=\"https:\/\/eccoproducts.eu\/wp-content\/uploads\/2023\/02\/ECCOBorders_Easyfix-LI_1_1200x900.jpg\" \/>\n\t<meta property=\"og:image:width\" content=\"1200\" \/>\n\t<meta property=\"og:image:height\" content=\"900\" \/>\n\t<meta property=\"og:image:type\" content=\"image\/jpeg\" \/>\n<meta name=\"twitter:card\" content=\"summary_large_image\" \/>\n<meta name=\"twitter:label1\" content=\"Tiempo de lectura\" \/>\n\t<meta name=\"twitter:data1\" content=\"1 minuto\" \/>\n<script type=\"application\/ld+json\" class=\"yoast-schema-graph\">{\"@context\":\"https:\/\/schema.org\",\"@graph\":[{\"@type\":\"WebPage\",\"@id\":\"https:\/\/eccoproducts.eu\/es\/producto\/easyfix-li\/\",\"url\":\"https:\/\/eccoproducts.eu\/es\/producto\/easyfix-li\/\",\"name\":\"Easyfix LI - ECCO Products\",\"isPartOf\":{\"@id\":\"https:\/\/eccoproducts.eu\/es\/#website\"},\"primaryImageOfPage\":{\"@id\":\"https:\/\/eccoproducts.eu\/es\/producto\/easyfix-li\/#primaryimage\"},\"image\":{\"@id\":\"https:\/\/eccoproducts.eu\/es\/producto\/easyfix-li\/#primaryimage\"},\"thumbnailUrl\":\"https:\/\/eccoproducts.eu\/wp-content\/uploads\/2023\/02\/ECCOBorders_Easyfix-LI_1_1200x900.jpg\",\"datePublished\":\"2023-02-22T15:28:56+00:00\",\"dateModified\":\"2025-07-15T14:33:56+00:00\",\"description\":\"Estos bordes ofrecen una soluci\u00f3n sencilla, r\u00e1pida y est\u00e9tica para acabar de forma atractiva los caminos de jardines, terrazas, parterres y c\u00e9spedes.\",\"breadcrumb\":{\"@id\":\"https:\/\/eccoproducts.eu\/es\/producto\/easyfix-li\/#breadcrumb\"},\"inLanguage\":\"es\",\"potentialAction\":[{\"@type\":\"ReadAction\",\"target\":[\"https:\/\/eccoproducts.eu\/es\/producto\/easyfix-li\/\"]}]},{\"@type\":\"ImageObject\",\"inLanguage\":\"es\",\"@id\":\"https:\/\/eccoproducts.eu\/es\/producto\/easyfix-li\/#primaryimage\",\"url\":\"https:\/\/eccoproducts.eu\/wp-content\/uploads\/2023\/02\/ECCOBorders_Easyfix-LI_1_1200x900.jpg\",\"contentUrl\":\"https:\/\/eccoproducts.eu\/wp-content\/uploads\/2023\/02\/ECCOBorders_Easyfix-LI_1_1200x900.jpg\",\"width\":1200,\"height\":900,\"caption\":\"Rechte Easyfix LI-afboording in gegalvaniseerd staal als scheiding tussen gazon en planten\"},{\"@type\":\"BreadcrumbList\",\"@id\":\"https:\/\/eccoproducts.eu\/es\/producto\/easyfix-li\/#breadcrumb\",\"itemListElement\":[{\"@type\":\"ListItem\",\"position\":1,\"name\":\"Home\",\"item\":\"https:\/\/eccoproducts.eu\/es\/\"},{\"@type\":\"ListItem\",\"position\":2,\"name\":\"Productos\",\"item\":\"https:\/\/eccoproducts.eu\/es\/productos\/\"},{\"@type\":\"ListItem\",\"position\":3,\"name\":\"Easyfix LI\"}]},{\"@type\":\"WebSite\",\"@id\":\"https:\/\/eccoproducts.eu\/es\/#website\",\"url\":\"https:\/\/eccoproducts.eu\/es\/\",\"name\":\"ECCO Products\",\"description\":\"\",\"publisher\":{\"@id\":\"https:\/\/eccoproducts.eu\/es\/#organization\"},\"potentialAction\":[{\"@type\":\"SearchAction\",\"target\":{\"@type\":\"EntryPoint\",\"urlTemplate\":\"https:\/\/eccoproducts.eu\/es\/?s={search_term_string}\"},\"query-input\":{\"@type\":\"PropertyValueSpecification\",\"valueRequired\":true,\"valueName\":\"search_term_string\"}}],\"inLanguage\":\"es\"},{\"@type\":\"Organization\",\"@id\":\"https:\/\/eccoproducts.eu\/es\/#organization\",\"name\":\"ECCO Products\",\"url\":\"https:\/\/eccoproducts.eu\/es\/\",\"logo\":{\"@type\":\"ImageObject\",\"inLanguage\":\"es\",\"@id\":\"https:\/\/eccoproducts.eu\/es\/#\/schema\/logo\/image\/\",\"url\":\"https:\/\/eccoproducts.eu\/wp-content\/uploads\/2023\/06\/cropped-MicrosoftTeams-image-1.png\",\"contentUrl\":\"https:\/\/eccoproducts.eu\/wp-content\/uploads\/2023\/06\/cropped-MicrosoftTeams-image-1.png\",\"width\":417,\"height\":71,\"caption\":\"ECCO Products\"},\"image\":{\"@id\":\"https:\/\/eccoproducts.eu\/es\/#\/schema\/logo\/image\/\"}}]}<\/script>\n<!-- \/ Yoast SEO plugin. -->","yoast_head_json":{"title":"Easyfix LI - ECCO Products","description":"Estos bordes ofrecen una soluci\u00f3n sencilla, r\u00e1pida y est\u00e9tica para acabar de forma atractiva los caminos de jardines, terrazas, parterres y c\u00e9spedes.","robots":{"index":"index","follow":"follow","max-snippet":"max-snippet:-1","max-image-preview":"max-image-preview:large","max-video-preview":"max-video-preview:-1"},"canonical":"https:\/\/eccoproducts.eu\/es\/producto\/easyfix-li\/","og_locale":"es_ES","og_type":"article","og_title":"Easyfix LI - ECCO Products","og_description":"Estos bordes ofrecen una soluci\u00f3n sencilla, r\u00e1pida y est\u00e9tica para acabar de forma atractiva los caminos de jardines, terrazas, parterres y c\u00e9spedes.","og_url":"https:\/\/eccoproducts.eu\/es\/producto\/easyfix-li\/","og_site_name":"ECCO Products","article_modified_time":"2025-07-15T14:33:56+00:00","og_image":[{"width":1200,"height":900,"url":"https:\/\/eccoproducts.eu\/wp-content\/uploads\/2023\/02\/ECCOBorders_Easyfix-LI_1_1200x900.jpg","type":"image\/jpeg"}],"twitter_card":"summary_large_image","twitter_misc":{"Tiempo de lectura":"1 minuto"},"schema":{"@context":"https:\/\/schema.org","@graph":[{"@type":"WebPage","@id":"https:\/\/eccoproducts.eu\/es\/producto\/easyfix-li\/","url":"https:\/\/eccoproducts.eu\/es\/producto\/easyfix-li\/","name":"Easyfix LI - ECCO Products","isPartOf":{"@id":"https:\/\/eccoproducts.eu\/es\/#website"},"primaryImageOfPage":{"@id":"https:\/\/eccoproducts.eu\/es\/producto\/easyfix-li\/#primaryimage"},"image":{"@id":"https:\/\/eccoproducts.eu\/es\/producto\/easyfix-li\/#primaryimage"},"thumbnailUrl":"https:\/\/eccoproducts.eu\/wp-content\/uploads\/2023\/02\/ECCOBorders_Easyfix-LI_1_1200x900.jpg","datePublished":"2023-02-22T15:28:56+00:00","dateModified":"2025-07-15T14:33:56+00:00","description":"Estos bordes ofrecen una soluci\u00f3n sencilla, r\u00e1pida y est\u00e9tica para acabar de forma atractiva los caminos de jardines, terrazas, parterres y c\u00e9spedes.","breadcrumb":{"@id":"https:\/\/eccoproducts.eu\/es\/producto\/easyfix-li\/#breadcrumb"},"inLanguage":"es","potentialAction":[{"@type":"ReadAction","target":["https:\/\/eccoproducts.eu\/es\/producto\/easyfix-li\/"]}]},{"@type":"ImageObject","inLanguage":"es","@id":"https:\/\/eccoproducts.eu\/es\/producto\/easyfix-li\/#primaryimage","url":"https:\/\/eccoproducts.eu\/wp-content\/uploads\/2023\/02\/ECCOBorders_Easyfix-LI_1_1200x900.jpg","contentUrl":"https:\/\/eccoproducts.eu\/wp-content\/uploads\/2023\/02\/ECCOBorders_Easyfix-LI_1_1200x900.jpg","width":1200,"height":900,"caption":"Rechte Easyfix LI-afboording in gegalvaniseerd staal als scheiding tussen gazon en planten"},{"@type":"BreadcrumbList","@id":"https:\/\/eccoproducts.eu\/es\/producto\/easyfix-li\/#breadcrumb","itemListElement":[{"@type":"ListItem","position":1,"name":"Home","item":"https:\/\/eccoproducts.eu\/es\/"},{"@type":"ListItem","position":2,"name":"Productos","item":"https:\/\/eccoproducts.eu\/es\/productos\/"},{"@type":"ListItem","position":3,"name":"Easyfix LI"}]},{"@type":"WebSite","@id":"https:\/\/eccoproducts.eu\/es\/#website","url":"https:\/\/eccoproducts.eu\/es\/","name":"ECCO Products","description":"","publisher":{"@id":"https:\/\/eccoproducts.eu\/es\/#organization"},"potentialAction":[{"@type":"SearchAction","target":{"@type":"EntryPoint","urlTemplate":"https:\/\/eccoproducts.eu\/es\/?s={search_term_string}"},"query-input":{"@type":"PropertyValueSpecification","valueRequired":true,"valueName":"search_term_string"}}],"inLanguage":"es"},{"@type":"Organization","@id":"https:\/\/eccoproducts.eu\/es\/#organization","name":"ECCO Products","url":"https:\/\/eccoproducts.eu\/es\/","logo":{"@type":"ImageObject","inLanguage":"es","@id":"https:\/\/eccoproducts.eu\/es\/#\/schema\/logo\/image\/","url":"https:\/\/eccoproducts.eu\/wp-content\/uploads\/2023\/06\/cropped-MicrosoftTeams-image-1.png","contentUrl":"https:\/\/eccoproducts.eu\/wp-content\/uploads\/2023\/06\/cropped-MicrosoftTeams-image-1.png","width":417,"height":71,"caption":"ECCO Products"},"image":{"@id":"https:\/\/eccoproducts.eu\/es\/#\/schema\/logo\/image\/"}}]}},"_links":{"self":[{"href":"https:\/\/eccoproducts.eu\/es\/wp-json\/wp\/v2\/product\/4803","targetHints":{"allow":["GET"]}}],"collection":[{"href":"https:\/\/eccoproducts.eu\/es\/wp-json\/wp\/v2\/product"}],"about":[{"href":"https:\/\/eccoproducts.eu\/es\/wp-json\/wp\/v2\/types\/product"}],"replies":[{"embeddable":true,"href":"https:\/\/eccoproducts.eu\/es\/wp-json\/wp\/v2\/comments?post=4803"}],"wp:featuredmedia":[{"embeddable":true,"href":"https:\/\/eccoproducts.eu\/es\/wp-json\/wp\/v2\/media\/1907"}],"wp:attachment":[{"href":"https:\/\/eccoproducts.eu\/es\/wp-json\/wp\/v2\/media?parent=4803"}],"wp:term":[{"taxonomy":"product_brand","embeddable":true,"href":"https:\/\/eccoproducts.eu\/es\/wp-json\/wp\/v2\/product_brand?post=4803"},{"taxonomy":"product_cat","embeddable":true,"href":"https:\/\/eccoproducts.eu\/es\/wp-json\/wp\/v2\/product_cat?post=4803"},{"taxonomy":"product_tag","embeddable":true,"href":"https:\/\/eccoproducts.eu\/es\/wp-json\/wp\/v2\/product_tag?post=4803"}],"curies":[{"name":"wp","href":"https:\/\/api.w.org\/{rel}","templated":true}]}}