{"id":4794,"date":"2023-03-13T15:30:55","date_gmt":"2023-03-13T14:30:55","guid":{"rendered":"https:\/\/eccoproducts.eu\/producten\/tapones-de-aparcamiento-eccomarkers\/"},"modified":"2023-11-10T11:21:56","modified_gmt":"2023-11-10T10:21:56","slug":"tapones-de-aparcamiento","status":"publish","type":"product","link":"https:\/\/eccoproducts.eu\/es\/producto\/tapones-de-aparcamiento\/","title":{"rendered":"Tapones de aparcamiento Eccomarkers"},"content":{"rendered":"","protected":false},"excerpt":{"rendered":"<p><strong>Las tapas de se\u00f1alizaci\u00f3n ECCOmarkers<\/strong>, tambi\u00e9n conocidas como tapas de aparcamiento, son la soluci\u00f3n ideal para se\u00f1alizar su <strong>plaza de aparcamiento<\/strong>.<\/p>\n<p><strong>Las tapas de aparcamiento tienen un di\u00e1metro de 85 mm y est\u00e1n disponibles en blanco o negro.<\/strong><\/p>\n","protected":false},"featured_media":1759,"comment_status":"open","ping_status":"closed","template":"","meta":{"_acf_changed":false,"inline_featured_image":false},"product_brand":[],"product_cat":[155],"product_tag":[],"class_list":{"0":"post-4794","1":"product","2":"type-product","3":"status-publish","4":"has-post-thumbnail","6":"product_cat-accesorios","8":"first","9":"instock","10":"shipping-taxable","11":"product-type-simple"},"acf":[],"yoast_head":"<!-- This site is optimized with the Yoast SEO plugin v25.9 - https:\/\/yoast.com\/wordpress\/plugins\/seo\/ -->\n<title>Tapones de aparcamiento Eccomarkers - ECCO Products %<\/title>\n<meta name=\"description\" content=\"Las tapas de se\u00f1alizaci\u00f3n ECCOmarkers, tambi\u00e9n conocidas como tapas de aparcamiento, son la soluci\u00f3n ideal para se\u00f1alizar su plaza de aparcamiento. Disponible en blanco y negro.\" \/>\n<meta name=\"robots\" content=\"index, follow, max-snippet:-1, max-image-preview:large, max-video-preview:-1\" \/>\n<link rel=\"canonical\" href=\"https:\/\/eccoproducts.eu\/es\/producto\/tapones-de-aparcamiento\/\" \/>\n<meta property=\"og:locale\" content=\"es_ES\" \/>\n<meta property=\"og:type\" content=\"article\" \/>\n<meta property=\"og:title\" content=\"Tapones de aparcamiento Eccomarkers - ECCO Products %\" \/>\n<meta property=\"og:description\" content=\"Las tapas de se\u00f1alizaci\u00f3n ECCOmarkers, tambi\u00e9n conocidas como tapas de aparcamiento, son la soluci\u00f3n ideal para se\u00f1alizar su plaza de aparcamiento. Disponible en blanco y negro.\" \/>\n<meta property=\"og:url\" content=\"https:\/\/eccoproducts.eu\/es\/producto\/tapones-de-aparcamiento\/\" \/>\n<meta property=\"og:site_name\" content=\"ECCO Products\" \/>\n<meta property=\"article:modified_time\" content=\"2023-11-10T10:21:56+00:00\" \/>\n<meta property=\"og:image\" content=\"https:\/\/eccoproducts.eu\/wp-content\/uploads\/2023\/03\/ECCOmarkers-gravel_4_1200x900.jpg\" \/>\n\t<meta property=\"og:image:width\" content=\"1200\" \/>\n\t<meta property=\"og:image:height\" content=\"900\" \/>\n\t<meta property=\"og:image:type\" content=\"image\/jpeg\" \/>\n<meta name=\"twitter:card\" content=\"summary_large_image\" \/>\n<script type=\"application\/ld+json\" class=\"yoast-schema-graph\">{\"@context\":\"https:\/\/schema.org\",\"@graph\":[{\"@type\":\"WebPage\",\"@id\":\"https:\/\/eccoproducts.eu\/es\/producto\/tapones-de-aparcamiento\/\",\"url\":\"https:\/\/eccoproducts.eu\/es\/producto\/tapones-de-aparcamiento\/\",\"name\":\"Tapones de aparcamiento Eccomarkers - ECCO Products %\",\"isPartOf\":{\"@id\":\"https:\/\/eccoproducts.eu\/es\/#website\"},\"primaryImageOfPage\":{\"@id\":\"https:\/\/eccoproducts.eu\/es\/producto\/tapones-de-aparcamiento\/#primaryimage\"},\"image\":{\"@id\":\"https:\/\/eccoproducts.eu\/es\/producto\/tapones-de-aparcamiento\/#primaryimage\"},\"thumbnailUrl\":\"https:\/\/eccoproducts.eu\/wp-content\/uploads\/2023\/03\/ECCOmarkers-gravel_4_1200x900.jpg\",\"datePublished\":\"2023-03-13T14:30:55+00:00\",\"dateModified\":\"2023-11-10T10:21:56+00:00\",\"description\":\"Las tapas de se\u00f1alizaci\u00f3n ECCOmarkers, tambi\u00e9n conocidas como tapas de aparcamiento, son la soluci\u00f3n ideal para se\u00f1alizar su plaza de aparcamiento. Disponible en blanco y negro.\",\"breadcrumb\":{\"@id\":\"https:\/\/eccoproducts.eu\/es\/producto\/tapones-de-aparcamiento\/#breadcrumb\"},\"inLanguage\":\"es\",\"potentialAction\":[{\"@type\":\"ReadAction\",\"target\":[\"https:\/\/eccoproducts.eu\/es\/producto\/tapones-de-aparcamiento\/\"]}]},{\"@type\":\"ImageObject\",\"inLanguage\":\"es\",\"@id\":\"https:\/\/eccoproducts.eu\/es\/producto\/tapones-de-aparcamiento\/#primaryimage\",\"url\":\"https:\/\/eccoproducts.eu\/wp-content\/uploads\/2023\/03\/ECCOmarkers-gravel_4_1200x900.jpg\",\"contentUrl\":\"https:\/\/eccoproducts.eu\/wp-content\/uploads\/2023\/03\/ECCOmarkers-gravel_4_1200x900.jpg\",\"width\":1200,\"height\":900},{\"@type\":\"BreadcrumbList\",\"@id\":\"https:\/\/eccoproducts.eu\/es\/producto\/tapones-de-aparcamiento\/#breadcrumb\",\"itemListElement\":[{\"@type\":\"ListItem\",\"position\":1,\"name\":\"Home\",\"item\":\"https:\/\/eccoproducts.eu\/es\/\"},{\"@type\":\"ListItem\",\"position\":2,\"name\":\"Productos\",\"item\":\"https:\/\/eccoproducts.eu\/es\/productos\/\"},{\"@type\":\"ListItem\",\"position\":3,\"name\":\"Tapones de aparcamiento Eccomarkers\"}]},{\"@type\":\"WebSite\",\"@id\":\"https:\/\/eccoproducts.eu\/es\/#website\",\"url\":\"https:\/\/eccoproducts.eu\/es\/\",\"name\":\"ECCO Products\",\"description\":\"\",\"publisher\":{\"@id\":\"https:\/\/eccoproducts.eu\/es\/#organization\"},\"potentialAction\":[{\"@type\":\"SearchAction\",\"target\":{\"@type\":\"EntryPoint\",\"urlTemplate\":\"https:\/\/eccoproducts.eu\/es\/?s={search_term_string}\"},\"query-input\":{\"@type\":\"PropertyValueSpecification\",\"valueRequired\":true,\"valueName\":\"search_term_string\"}}],\"inLanguage\":\"es\"},{\"@type\":\"Organization\",\"@id\":\"https:\/\/eccoproducts.eu\/es\/#organization\",\"name\":\"ECCO Products\",\"url\":\"https:\/\/eccoproducts.eu\/es\/\",\"logo\":{\"@type\":\"ImageObject\",\"inLanguage\":\"es\",\"@id\":\"https:\/\/eccoproducts.eu\/es\/#\/schema\/logo\/image\/\",\"url\":\"https:\/\/eccoproducts.eu\/wp-content\/uploads\/2023\/06\/cropped-MicrosoftTeams-image-1.png\",\"contentUrl\":\"https:\/\/eccoproducts.eu\/wp-content\/uploads\/2023\/06\/cropped-MicrosoftTeams-image-1.png\",\"width\":417,\"height\":71,\"caption\":\"ECCO Products\"},\"image\":{\"@id\":\"https:\/\/eccoproducts.eu\/es\/#\/schema\/logo\/image\/\"}}]}<\/script>\n<!-- \/ Yoast SEO plugin. -->","yoast_head_json":{"title":"Tapones de aparcamiento Eccomarkers - ECCO Products %","description":"Las tapas de se\u00f1alizaci\u00f3n ECCOmarkers, tambi\u00e9n conocidas como tapas de aparcamiento, son la soluci\u00f3n ideal para se\u00f1alizar su plaza de aparcamiento. Disponible en blanco y negro.","robots":{"index":"index","follow":"follow","max-snippet":"max-snippet:-1","max-image-preview":"max-image-preview:large","max-video-preview":"max-video-preview:-1"},"canonical":"https:\/\/eccoproducts.eu\/es\/producto\/tapones-de-aparcamiento\/","og_locale":"es_ES","og_type":"article","og_title":"Tapones de aparcamiento Eccomarkers - ECCO Products %","og_description":"Las tapas de se\u00f1alizaci\u00f3n ECCOmarkers, tambi\u00e9n conocidas como tapas de aparcamiento, son la soluci\u00f3n ideal para se\u00f1alizar su plaza de aparcamiento. Disponible en blanco y negro.","og_url":"https:\/\/eccoproducts.eu\/es\/producto\/tapones-de-aparcamiento\/","og_site_name":"ECCO Products","article_modified_time":"2023-11-10T10:21:56+00:00","og_image":[{"width":1200,"height":900,"url":"https:\/\/eccoproducts.eu\/wp-content\/uploads\/2023\/03\/ECCOmarkers-gravel_4_1200x900.jpg","type":"image\/jpeg"}],"twitter_card":"summary_large_image","schema":{"@context":"https:\/\/schema.org","@graph":[{"@type":"WebPage","@id":"https:\/\/eccoproducts.eu\/es\/producto\/tapones-de-aparcamiento\/","url":"https:\/\/eccoproducts.eu\/es\/producto\/tapones-de-aparcamiento\/","name":"Tapones de aparcamiento Eccomarkers - ECCO Products %","isPartOf":{"@id":"https:\/\/eccoproducts.eu\/es\/#website"},"primaryImageOfPage":{"@id":"https:\/\/eccoproducts.eu\/es\/producto\/tapones-de-aparcamiento\/#primaryimage"},"image":{"@id":"https:\/\/eccoproducts.eu\/es\/producto\/tapones-de-aparcamiento\/#primaryimage"},"thumbnailUrl":"https:\/\/eccoproducts.eu\/wp-content\/uploads\/2023\/03\/ECCOmarkers-gravel_4_1200x900.jpg","datePublished":"2023-03-13T14:30:55+00:00","dateModified":"2023-11-10T10:21:56+00:00","description":"Las tapas de se\u00f1alizaci\u00f3n ECCOmarkers, tambi\u00e9n conocidas como tapas de aparcamiento, son la soluci\u00f3n ideal para se\u00f1alizar su plaza de aparcamiento. Disponible en blanco y negro.","breadcrumb":{"@id":"https:\/\/eccoproducts.eu\/es\/producto\/tapones-de-aparcamiento\/#breadcrumb"},"inLanguage":"es","potentialAction":[{"@type":"ReadAction","target":["https:\/\/eccoproducts.eu\/es\/producto\/tapones-de-aparcamiento\/"]}]},{"@type":"ImageObject","inLanguage":"es","@id":"https:\/\/eccoproducts.eu\/es\/producto\/tapones-de-aparcamiento\/#primaryimage","url":"https:\/\/eccoproducts.eu\/wp-content\/uploads\/2023\/03\/ECCOmarkers-gravel_4_1200x900.jpg","contentUrl":"https:\/\/eccoproducts.eu\/wp-content\/uploads\/2023\/03\/ECCOmarkers-gravel_4_1200x900.jpg","width":1200,"height":900},{"@type":"BreadcrumbList","@id":"https:\/\/eccoproducts.eu\/es\/producto\/tapones-de-aparcamiento\/#breadcrumb","itemListElement":[{"@type":"ListItem","position":1,"name":"Home","item":"https:\/\/eccoproducts.eu\/es\/"},{"@type":"ListItem","position":2,"name":"Productos","item":"https:\/\/eccoproducts.eu\/es\/productos\/"},{"@type":"ListItem","position":3,"name":"Tapones de aparcamiento Eccomarkers"}]},{"@type":"WebSite","@id":"https:\/\/eccoproducts.eu\/es\/#website","url":"https:\/\/eccoproducts.eu\/es\/","name":"ECCO Products","description":"","publisher":{"@id":"https:\/\/eccoproducts.eu\/es\/#organization"},"potentialAction":[{"@type":"SearchAction","target":{"@type":"EntryPoint","urlTemplate":"https:\/\/eccoproducts.eu\/es\/?s={search_term_string}"},"query-input":{"@type":"PropertyValueSpecification","valueRequired":true,"valueName":"search_term_string"}}],"inLanguage":"es"},{"@type":"Organization","@id":"https:\/\/eccoproducts.eu\/es\/#organization","name":"ECCO Products","url":"https:\/\/eccoproducts.eu\/es\/","logo":{"@type":"ImageObject","inLanguage":"es","@id":"https:\/\/eccoproducts.eu\/es\/#\/schema\/logo\/image\/","url":"https:\/\/eccoproducts.eu\/wp-content\/uploads\/2023\/06\/cropped-MicrosoftTeams-image-1.png","contentUrl":"https:\/\/eccoproducts.eu\/wp-content\/uploads\/2023\/06\/cropped-MicrosoftTeams-image-1.png","width":417,"height":71,"caption":"ECCO Products"},"image":{"@id":"https:\/\/eccoproducts.eu\/es\/#\/schema\/logo\/image\/"}}]}},"_links":{"self":[{"href":"https:\/\/eccoproducts.eu\/es\/wp-json\/wp\/v2\/product\/4794","targetHints":{"allow":["GET"]}}],"collection":[{"href":"https:\/\/eccoproducts.eu\/es\/wp-json\/wp\/v2\/product"}],"about":[{"href":"https:\/\/eccoproducts.eu\/es\/wp-json\/wp\/v2\/types\/product"}],"replies":[{"embeddable":true,"href":"https:\/\/eccoproducts.eu\/es\/wp-json\/wp\/v2\/comments?post=4794"}],"wp:featuredmedia":[{"embeddable":true,"href":"https:\/\/eccoproducts.eu\/es\/wp-json\/wp\/v2\/media\/1759"}],"wp:attachment":[{"href":"https:\/\/eccoproducts.eu\/es\/wp-json\/wp\/v2\/media?parent=4794"}],"wp:term":[{"taxonomy":"product_brand","embeddable":true,"href":"https:\/\/eccoproducts.eu\/es\/wp-json\/wp\/v2\/product_brand?post=4794"},{"taxonomy":"product_cat","embeddable":true,"href":"https:\/\/eccoproducts.eu\/es\/wp-json\/wp\/v2\/product_cat?post=4794"},{"taxonomy":"product_tag","embeddable":true,"href":"https:\/\/eccoproducts.eu\/es\/wp-json\/wp\/v2\/product_tag?post=4794"}],"curies":[{"name":"wp","href":"https:\/\/api.w.org\/{rel}","templated":true}]}}