{"id":4793,"date":"2023-03-13T15:29:38","date_gmt":"2023-03-13T14:29:38","guid":{"rendered":"https:\/\/eccoproducts.eu\/producten\/valles-de-hierba-eccodal\/"},"modified":"2026-01-22T09:10:23","modified_gmt":"2026-01-22T08:10:23","slug":"eccodal-rejillas-para-cesped","status":"publish","type":"product","link":"https:\/\/eccoproducts.eu\/es\/producto\/eccodal-rejillas-para-cesped\/","title":{"rendered":"Rejillas para cesped ECCOdal"},"content":{"rendered":"","protected":false},"excerpt":{"rendered":"<p>Las rejillas de c\u00e9sped ECCOdal son <strong>rejillas robustas<\/strong> fabricadas con <strong>materiales reciclados<\/strong> y equipadas con <strong>juntas de expansi\u00f3n<\/strong> para absorber tensiones t\u00e9rmicas y mec\u00e1nicas. Con las rejillas ECCOdal, disfruta de una superficie <strong>permeable al agua<\/strong>, <strong>transitable a pie<\/strong> y (ocasionalmente) <strong>apta para veh\u00edculos<\/strong>, con un toque <strong>ecol\u00f3gico<\/strong>.<\/p>\n<p>Las rejillas de pl\u00e1stico son f\u00e1ciles de instalar y representan una excelente alternativa a las rejillas de c\u00e9sped de hormig\u00f3n.<\/p>\n","protected":false},"featured_media":5994,"comment_status":"open","ping_status":"closed","template":"","meta":{"_acf_changed":false,"inline_featured_image":false},"product_brand":[],"product_cat":[150],"product_tag":[],"class_list":{"0":"post-4793","1":"product","2":"type-product","3":"status-publish","4":"has-post-thumbnail","6":"product_cat-productos-permeables-al-agua","8":"first","9":"instock","10":"shipping-taxable","11":"product-type-simple"},"acf":[],"yoast_head":"<!-- This site is optimized with the Yoast SEO plugin v25.9 - https:\/\/yoast.com\/wordpress\/plugins\/seo\/ -->\n<title>Rejillas para cesped ECCOdal - ECCO Products<\/title>\n<meta name=\"description\" content=\"Con las rejillas para c\u00e9sped ECCOdal, se obtiene un pavimento permeable y transitable y (ocasionalmente) ciclable con un toque ecol\u00f3gico.\" \/>\n<meta name=\"robots\" content=\"index, follow, max-snippet:-1, max-image-preview:large, max-video-preview:-1\" \/>\n<link rel=\"canonical\" href=\"https:\/\/eccoproducts.eu\/es\/producto\/eccodal-rejillas-para-cesped\/\" \/>\n<meta property=\"og:locale\" content=\"es_ES\" \/>\n<meta property=\"og:type\" content=\"article\" \/>\n<meta property=\"og:title\" content=\"Rejillas para cesped ECCOdal - ECCO Products\" \/>\n<meta property=\"og:description\" content=\"Con las rejillas para c\u00e9sped ECCOdal, se obtiene un pavimento permeable y transitable y (ocasionalmente) ciclable con un toque ecol\u00f3gico.\" \/>\n<meta property=\"og:url\" content=\"https:\/\/eccoproducts.eu\/es\/producto\/eccodal-rejillas-para-cesped\/\" \/>\n<meta property=\"og:site_name\" content=\"ECCO Products\" \/>\n<meta property=\"article:modified_time\" content=\"2026-01-22T08:10:23+00:00\" \/>\n<meta property=\"og:image\" content=\"https:\/\/eccoproducts.eu\/wp-content\/uploads\/2023\/03\/ECCOdal_P02_groen_detail-1024x768.jpg\" \/>\n\t<meta property=\"og:image:width\" content=\"1024\" \/>\n\t<meta property=\"og:image:height\" content=\"768\" \/>\n\t<meta property=\"og:image:type\" content=\"image\/jpeg\" \/>\n<meta name=\"twitter:card\" content=\"summary_large_image\" \/>\n<meta name=\"twitter:label1\" content=\"Tiempo de lectura\" \/>\n\t<meta name=\"twitter:data1\" content=\"1 minuto\" \/>\n<script type=\"application\/ld+json\" class=\"yoast-schema-graph\">{\"@context\":\"https:\/\/schema.org\",\"@graph\":[{\"@type\":\"WebPage\",\"@id\":\"https:\/\/eccoproducts.eu\/es\/producto\/eccodal-rejillas-para-cesped\/\",\"url\":\"https:\/\/eccoproducts.eu\/es\/producto\/eccodal-rejillas-para-cesped\/\",\"name\":\"Rejillas para cesped ECCOdal - ECCO Products\",\"isPartOf\":{\"@id\":\"https:\/\/eccoproducts.eu\/es\/#website\"},\"primaryImageOfPage\":{\"@id\":\"https:\/\/eccoproducts.eu\/es\/producto\/eccodal-rejillas-para-cesped\/#primaryimage\"},\"image\":{\"@id\":\"https:\/\/eccoproducts.eu\/es\/producto\/eccodal-rejillas-para-cesped\/#primaryimage\"},\"thumbnailUrl\":\"https:\/\/eccoproducts.eu\/wp-content\/uploads\/2023\/03\/ECCOdal_P02_groen_detail.jpg\",\"datePublished\":\"2023-03-13T14:29:38+00:00\",\"dateModified\":\"2026-01-22T08:10:23+00:00\",\"description\":\"Con las rejillas para c\u00e9sped ECCOdal, se obtiene un pavimento permeable y transitable y (ocasionalmente) ciclable con un toque ecol\u00f3gico.\",\"breadcrumb\":{\"@id\":\"https:\/\/eccoproducts.eu\/es\/producto\/eccodal-rejillas-para-cesped\/#breadcrumb\"},\"inLanguage\":\"es\",\"potentialAction\":[{\"@type\":\"ReadAction\",\"target\":[\"https:\/\/eccoproducts.eu\/es\/producto\/eccodal-rejillas-para-cesped\/\"]}]},{\"@type\":\"ImageObject\",\"inLanguage\":\"es\",\"@id\":\"https:\/\/eccoproducts.eu\/es\/producto\/eccodal-rejillas-para-cesped\/#primaryimage\",\"url\":\"https:\/\/eccoproducts.eu\/wp-content\/uploads\/2023\/03\/ECCOdal_P02_groen_detail.jpg\",\"contentUrl\":\"https:\/\/eccoproducts.eu\/wp-content\/uploads\/2023\/03\/ECCOdal_P02_groen_detail.jpg\",\"width\":5352,\"height\":4014},{\"@type\":\"BreadcrumbList\",\"@id\":\"https:\/\/eccoproducts.eu\/es\/producto\/eccodal-rejillas-para-cesped\/#breadcrumb\",\"itemListElement\":[{\"@type\":\"ListItem\",\"position\":1,\"name\":\"Home\",\"item\":\"https:\/\/eccoproducts.eu\/es\/\"},{\"@type\":\"ListItem\",\"position\":2,\"name\":\"Productos\",\"item\":\"https:\/\/eccoproducts.eu\/es\/productos\/\"},{\"@type\":\"ListItem\",\"position\":3,\"name\":\"Rejillas para cesped ECCOdal\"}]},{\"@type\":\"WebSite\",\"@id\":\"https:\/\/eccoproducts.eu\/es\/#website\",\"url\":\"https:\/\/eccoproducts.eu\/es\/\",\"name\":\"ECCO Products\",\"description\":\"\",\"publisher\":{\"@id\":\"https:\/\/eccoproducts.eu\/es\/#organization\"},\"potentialAction\":[{\"@type\":\"SearchAction\",\"target\":{\"@type\":\"EntryPoint\",\"urlTemplate\":\"https:\/\/eccoproducts.eu\/es\/?s={search_term_string}\"},\"query-input\":{\"@type\":\"PropertyValueSpecification\",\"valueRequired\":true,\"valueName\":\"search_term_string\"}}],\"inLanguage\":\"es\"},{\"@type\":\"Organization\",\"@id\":\"https:\/\/eccoproducts.eu\/es\/#organization\",\"name\":\"ECCO Products\",\"url\":\"https:\/\/eccoproducts.eu\/es\/\",\"logo\":{\"@type\":\"ImageObject\",\"inLanguage\":\"es\",\"@id\":\"https:\/\/eccoproducts.eu\/es\/#\/schema\/logo\/image\/\",\"url\":\"https:\/\/eccoproducts.eu\/wp-content\/uploads\/2023\/06\/cropped-MicrosoftTeams-image-1.png\",\"contentUrl\":\"https:\/\/eccoproducts.eu\/wp-content\/uploads\/2023\/06\/cropped-MicrosoftTeams-image-1.png\",\"width\":417,\"height\":71,\"caption\":\"ECCO Products\"},\"image\":{\"@id\":\"https:\/\/eccoproducts.eu\/es\/#\/schema\/logo\/image\/\"}}]}<\/script>\n<!-- \/ Yoast SEO plugin. -->","yoast_head_json":{"title":"Rejillas para cesped ECCOdal - ECCO Products","description":"Con las rejillas para c\u00e9sped ECCOdal, se obtiene un pavimento permeable y transitable y (ocasionalmente) ciclable con un toque ecol\u00f3gico.","robots":{"index":"index","follow":"follow","max-snippet":"max-snippet:-1","max-image-preview":"max-image-preview:large","max-video-preview":"max-video-preview:-1"},"canonical":"https:\/\/eccoproducts.eu\/es\/producto\/eccodal-rejillas-para-cesped\/","og_locale":"es_ES","og_type":"article","og_title":"Rejillas para cesped ECCOdal - ECCO Products","og_description":"Con las rejillas para c\u00e9sped ECCOdal, se obtiene un pavimento permeable y transitable y (ocasionalmente) ciclable con un toque ecol\u00f3gico.","og_url":"https:\/\/eccoproducts.eu\/es\/producto\/eccodal-rejillas-para-cesped\/","og_site_name":"ECCO Products","article_modified_time":"2026-01-22T08:10:23+00:00","og_image":[{"width":1024,"height":768,"url":"https:\/\/eccoproducts.eu\/wp-content\/uploads\/2023\/03\/ECCOdal_P02_groen_detail-1024x768.jpg","type":"image\/jpeg"}],"twitter_card":"summary_large_image","twitter_misc":{"Tiempo de lectura":"1 minuto"},"schema":{"@context":"https:\/\/schema.org","@graph":[{"@type":"WebPage","@id":"https:\/\/eccoproducts.eu\/es\/producto\/eccodal-rejillas-para-cesped\/","url":"https:\/\/eccoproducts.eu\/es\/producto\/eccodal-rejillas-para-cesped\/","name":"Rejillas para cesped ECCOdal - ECCO Products","isPartOf":{"@id":"https:\/\/eccoproducts.eu\/es\/#website"},"primaryImageOfPage":{"@id":"https:\/\/eccoproducts.eu\/es\/producto\/eccodal-rejillas-para-cesped\/#primaryimage"},"image":{"@id":"https:\/\/eccoproducts.eu\/es\/producto\/eccodal-rejillas-para-cesped\/#primaryimage"},"thumbnailUrl":"https:\/\/eccoproducts.eu\/wp-content\/uploads\/2023\/03\/ECCOdal_P02_groen_detail.jpg","datePublished":"2023-03-13T14:29:38+00:00","dateModified":"2026-01-22T08:10:23+00:00","description":"Con las rejillas para c\u00e9sped ECCOdal, se obtiene un pavimento permeable y transitable y (ocasionalmente) ciclable con un toque ecol\u00f3gico.","breadcrumb":{"@id":"https:\/\/eccoproducts.eu\/es\/producto\/eccodal-rejillas-para-cesped\/#breadcrumb"},"inLanguage":"es","potentialAction":[{"@type":"ReadAction","target":["https:\/\/eccoproducts.eu\/es\/producto\/eccodal-rejillas-para-cesped\/"]}]},{"@type":"ImageObject","inLanguage":"es","@id":"https:\/\/eccoproducts.eu\/es\/producto\/eccodal-rejillas-para-cesped\/#primaryimage","url":"https:\/\/eccoproducts.eu\/wp-content\/uploads\/2023\/03\/ECCOdal_P02_groen_detail.jpg","contentUrl":"https:\/\/eccoproducts.eu\/wp-content\/uploads\/2023\/03\/ECCOdal_P02_groen_detail.jpg","width":5352,"height":4014},{"@type":"BreadcrumbList","@id":"https:\/\/eccoproducts.eu\/es\/producto\/eccodal-rejillas-para-cesped\/#breadcrumb","itemListElement":[{"@type":"ListItem","position":1,"name":"Home","item":"https:\/\/eccoproducts.eu\/es\/"},{"@type":"ListItem","position":2,"name":"Productos","item":"https:\/\/eccoproducts.eu\/es\/productos\/"},{"@type":"ListItem","position":3,"name":"Rejillas para cesped ECCOdal"}]},{"@type":"WebSite","@id":"https:\/\/eccoproducts.eu\/es\/#website","url":"https:\/\/eccoproducts.eu\/es\/","name":"ECCO Products","description":"","publisher":{"@id":"https:\/\/eccoproducts.eu\/es\/#organization"},"potentialAction":[{"@type":"SearchAction","target":{"@type":"EntryPoint","urlTemplate":"https:\/\/eccoproducts.eu\/es\/?s={search_term_string}"},"query-input":{"@type":"PropertyValueSpecification","valueRequired":true,"valueName":"search_term_string"}}],"inLanguage":"es"},{"@type":"Organization","@id":"https:\/\/eccoproducts.eu\/es\/#organization","name":"ECCO Products","url":"https:\/\/eccoproducts.eu\/es\/","logo":{"@type":"ImageObject","inLanguage":"es","@id":"https:\/\/eccoproducts.eu\/es\/#\/schema\/logo\/image\/","url":"https:\/\/eccoproducts.eu\/wp-content\/uploads\/2023\/06\/cropped-MicrosoftTeams-image-1.png","contentUrl":"https:\/\/eccoproducts.eu\/wp-content\/uploads\/2023\/06\/cropped-MicrosoftTeams-image-1.png","width":417,"height":71,"caption":"ECCO Products"},"image":{"@id":"https:\/\/eccoproducts.eu\/es\/#\/schema\/logo\/image\/"}}]}},"_links":{"self":[{"href":"https:\/\/eccoproducts.eu\/es\/wp-json\/wp\/v2\/product\/4793","targetHints":{"allow":["GET"]}}],"collection":[{"href":"https:\/\/eccoproducts.eu\/es\/wp-json\/wp\/v2\/product"}],"about":[{"href":"https:\/\/eccoproducts.eu\/es\/wp-json\/wp\/v2\/types\/product"}],"replies":[{"embeddable":true,"href":"https:\/\/eccoproducts.eu\/es\/wp-json\/wp\/v2\/comments?post=4793"}],"wp:featuredmedia":[{"embeddable":true,"href":"https:\/\/eccoproducts.eu\/es\/wp-json\/wp\/v2\/media\/5994"}],"wp:attachment":[{"href":"https:\/\/eccoproducts.eu\/es\/wp-json\/wp\/v2\/media?parent=4793"}],"wp:term":[{"taxonomy":"product_brand","embeddable":true,"href":"https:\/\/eccoproducts.eu\/es\/wp-json\/wp\/v2\/product_brand?post=4793"},{"taxonomy":"product_cat","embeddable":true,"href":"https:\/\/eccoproducts.eu\/es\/wp-json\/wp\/v2\/product_cat?post=4793"},{"taxonomy":"product_tag","embeddable":true,"href":"https:\/\/eccoproducts.eu\/es\/wp-json\/wp\/v2\/product_tag?post=4793"}],"curies":[{"name":"wp","href":"https:\/\/api.w.org\/{rel}","templated":true}]}}