{"id":4790,"date":"2023-03-13T16:30:00","date_gmt":"2023-03-13T15:30:00","guid":{"rendered":"https:\/\/eccoproducts.eu\/producten\/eccofronteras-metalflex\/"},"modified":"2025-02-05T11:54:34","modified_gmt":"2025-02-05T10:54:34","slug":"eccoborders-metalflex","status":"publish","type":"product","link":"https:\/\/eccoproducts.eu\/es\/producto\/eccoborders-metalflex\/","title":{"rendered":"ECCOborder Metalflex"},"content":{"rendered":"","protected":false},"excerpt":{"rendered":"<p>Con Metalflex, se asegura un acabado perfecto y sutil para su proyecto. Su flexibilidad permite utilizar el Metalflex en \u00e1ngulos rectos y formas inclinadas. La parte superior curvada garantiza una seguridad \u00f3ptima. Metalflex es el ribete ideal para proyectos que incluyan ECCOgravel. Metalflex est\u00e1 fabricado con materiales de la m\u00e1s alta calidad, lo que garantiza una excelente durabilidad. Adem\u00e1s, su instalaci\u00f3n es r\u00e1pida y sencilla.<\/p>\n","protected":false},"featured_media":1357,"comment_status":"open","ping_status":"closed","template":"","meta":{"_acf_changed":false,"inline_featured_image":false},"product_brand":[],"product_cat":[151],"product_tag":[],"class_list":{"0":"post-4790","1":"product","2":"type-product","3":"status-publish","4":"has-post-thumbnail","6":"product_cat-borduras-de-jardin","8":"first","9":"instock","10":"shipping-taxable","11":"product-type-simple"},"acf":[],"yoast_head":"<!-- This site is optimized with the Yoast SEO plugin v25.9 - https:\/\/yoast.com\/wordpress\/plugins\/seo\/ -->\n<title>ECCOborder Metalflex - ECCO Products<\/title>\n<meta name=\"description\" content=\"Con Metalflex, se asegura un acabado perfecto y sutil para su proyecto. Su flexibilidad resulta muy \u00fatil en \u00e1ngulos rectos y formas onduladas.\" \/>\n<meta name=\"robots\" content=\"index, follow, max-snippet:-1, max-image-preview:large, max-video-preview:-1\" \/>\n<link rel=\"canonical\" href=\"https:\/\/eccoproducts.eu\/es\/producto\/eccoborders-metalflex\/\" \/>\n<meta property=\"og:locale\" content=\"es_ES\" \/>\n<meta property=\"og:type\" content=\"article\" \/>\n<meta property=\"og:title\" content=\"ECCOborder Metalflex - ECCO Products\" \/>\n<meta property=\"og:description\" content=\"Con Metalflex, se asegura un acabado perfecto y sutil para su proyecto. Su flexibilidad resulta muy \u00fatil en \u00e1ngulos rectos y formas onduladas.\" \/>\n<meta property=\"og:url\" content=\"https:\/\/eccoproducts.eu\/es\/producto\/eccoborders-metalflex\/\" \/>\n<meta property=\"og:site_name\" content=\"ECCO Products\" \/>\n<meta property=\"article:modified_time\" content=\"2025-02-05T10:54:34+00:00\" \/>\n<meta property=\"og:image\" content=\"https:\/\/eccoproducts.eu\/wp-content\/uploads\/2023\/03\/ECCOBorders_Metalflex_1080x1080.jpg\" \/>\n\t<meta property=\"og:image:width\" content=\"1080\" \/>\n\t<meta property=\"og:image:height\" content=\"1080\" \/>\n\t<meta property=\"og:image:type\" content=\"image\/jpeg\" \/>\n<meta name=\"twitter:card\" content=\"summary_large_image\" \/>\n<meta name=\"twitter:label1\" content=\"Tiempo de lectura\" \/>\n\t<meta name=\"twitter:data1\" content=\"1 minuto\" \/>\n<script type=\"application\/ld+json\" class=\"yoast-schema-graph\">{\"@context\":\"https:\/\/schema.org\",\"@graph\":[{\"@type\":\"WebPage\",\"@id\":\"https:\/\/eccoproducts.eu\/es\/producto\/eccoborders-metalflex\/\",\"url\":\"https:\/\/eccoproducts.eu\/es\/producto\/eccoborders-metalflex\/\",\"name\":\"ECCOborder Metalflex - ECCO Products\",\"isPartOf\":{\"@id\":\"https:\/\/eccoproducts.eu\/es\/#website\"},\"primaryImageOfPage\":{\"@id\":\"https:\/\/eccoproducts.eu\/es\/producto\/eccoborders-metalflex\/#primaryimage\"},\"image\":{\"@id\":\"https:\/\/eccoproducts.eu\/es\/producto\/eccoborders-metalflex\/#primaryimage\"},\"thumbnailUrl\":\"https:\/\/eccoproducts.eu\/wp-content\/uploads\/2023\/03\/ECCOBorders_Metalflex_1080x1080-e1752764122830.jpg\",\"datePublished\":\"2023-03-13T15:30:00+00:00\",\"dateModified\":\"2025-02-05T10:54:34+00:00\",\"description\":\"Con Metalflex, se asegura un acabado perfecto y sutil para su proyecto. Su flexibilidad resulta muy \u00fatil en \u00e1ngulos rectos y formas onduladas.\",\"breadcrumb\":{\"@id\":\"https:\/\/eccoproducts.eu\/es\/producto\/eccoborders-metalflex\/#breadcrumb\"},\"inLanguage\":\"es\",\"potentialAction\":[{\"@type\":\"ReadAction\",\"target\":[\"https:\/\/eccoproducts.eu\/es\/producto\/eccoborders-metalflex\/\"]}]},{\"@type\":\"ImageObject\",\"inLanguage\":\"es\",\"@id\":\"https:\/\/eccoproducts.eu\/es\/producto\/eccoborders-metalflex\/#primaryimage\",\"url\":\"https:\/\/eccoproducts.eu\/wp-content\/uploads\/2023\/03\/ECCOBorders_Metalflex_1080x1080-e1752764122830.jpg\",\"contentUrl\":\"https:\/\/eccoproducts.eu\/wp-content\/uploads\/2023\/03\/ECCOBorders_Metalflex_1080x1080-e1752764122830.jpg\",\"width\":1080,\"height\":1080},{\"@type\":\"BreadcrumbList\",\"@id\":\"https:\/\/eccoproducts.eu\/es\/producto\/eccoborders-metalflex\/#breadcrumb\",\"itemListElement\":[{\"@type\":\"ListItem\",\"position\":1,\"name\":\"Home\",\"item\":\"https:\/\/eccoproducts.eu\/es\/\"},{\"@type\":\"ListItem\",\"position\":2,\"name\":\"Productos\",\"item\":\"https:\/\/eccoproducts.eu\/es\/productos\/\"},{\"@type\":\"ListItem\",\"position\":3,\"name\":\"ECCOborder Metalflex\"}]},{\"@type\":\"WebSite\",\"@id\":\"https:\/\/eccoproducts.eu\/es\/#website\",\"url\":\"https:\/\/eccoproducts.eu\/es\/\",\"name\":\"ECCO Products\",\"description\":\"\",\"publisher\":{\"@id\":\"https:\/\/eccoproducts.eu\/es\/#organization\"},\"potentialAction\":[{\"@type\":\"SearchAction\",\"target\":{\"@type\":\"EntryPoint\",\"urlTemplate\":\"https:\/\/eccoproducts.eu\/es\/?s={search_term_string}\"},\"query-input\":{\"@type\":\"PropertyValueSpecification\",\"valueRequired\":true,\"valueName\":\"search_term_string\"}}],\"inLanguage\":\"es\"},{\"@type\":\"Organization\",\"@id\":\"https:\/\/eccoproducts.eu\/es\/#organization\",\"name\":\"ECCO Products\",\"url\":\"https:\/\/eccoproducts.eu\/es\/\",\"logo\":{\"@type\":\"ImageObject\",\"inLanguage\":\"es\",\"@id\":\"https:\/\/eccoproducts.eu\/es\/#\/schema\/logo\/image\/\",\"url\":\"https:\/\/eccoproducts.eu\/wp-content\/uploads\/2023\/06\/cropped-MicrosoftTeams-image-1.png\",\"contentUrl\":\"https:\/\/eccoproducts.eu\/wp-content\/uploads\/2023\/06\/cropped-MicrosoftTeams-image-1.png\",\"width\":417,\"height\":71,\"caption\":\"ECCO Products\"},\"image\":{\"@id\":\"https:\/\/eccoproducts.eu\/es\/#\/schema\/logo\/image\/\"}}]}<\/script>\n<!-- \/ Yoast SEO plugin. -->","yoast_head_json":{"title":"ECCOborder Metalflex - ECCO Products","description":"Con Metalflex, se asegura un acabado perfecto y sutil para su proyecto. Su flexibilidad resulta muy \u00fatil en \u00e1ngulos rectos y formas onduladas.","robots":{"index":"index","follow":"follow","max-snippet":"max-snippet:-1","max-image-preview":"max-image-preview:large","max-video-preview":"max-video-preview:-1"},"canonical":"https:\/\/eccoproducts.eu\/es\/producto\/eccoborders-metalflex\/","og_locale":"es_ES","og_type":"article","og_title":"ECCOborder Metalflex - ECCO Products","og_description":"Con Metalflex, se asegura un acabado perfecto y sutil para su proyecto. Su flexibilidad resulta muy \u00fatil en \u00e1ngulos rectos y formas onduladas.","og_url":"https:\/\/eccoproducts.eu\/es\/producto\/eccoborders-metalflex\/","og_site_name":"ECCO Products","article_modified_time":"2025-02-05T10:54:34+00:00","og_image":[{"width":1080,"height":1080,"url":"https:\/\/eccoproducts.eu\/wp-content\/uploads\/2023\/03\/ECCOBorders_Metalflex_1080x1080.jpg","type":"image\/jpeg"}],"twitter_card":"summary_large_image","twitter_misc":{"Tiempo de lectura":"1 minuto"},"schema":{"@context":"https:\/\/schema.org","@graph":[{"@type":"WebPage","@id":"https:\/\/eccoproducts.eu\/es\/producto\/eccoborders-metalflex\/","url":"https:\/\/eccoproducts.eu\/es\/producto\/eccoborders-metalflex\/","name":"ECCOborder Metalflex - ECCO Products","isPartOf":{"@id":"https:\/\/eccoproducts.eu\/es\/#website"},"primaryImageOfPage":{"@id":"https:\/\/eccoproducts.eu\/es\/producto\/eccoborders-metalflex\/#primaryimage"},"image":{"@id":"https:\/\/eccoproducts.eu\/es\/producto\/eccoborders-metalflex\/#primaryimage"},"thumbnailUrl":"https:\/\/eccoproducts.eu\/wp-content\/uploads\/2023\/03\/ECCOBorders_Metalflex_1080x1080-e1752764122830.jpg","datePublished":"2023-03-13T15:30:00+00:00","dateModified":"2025-02-05T10:54:34+00:00","description":"Con Metalflex, se asegura un acabado perfecto y sutil para su proyecto. Su flexibilidad resulta muy \u00fatil en \u00e1ngulos rectos y formas onduladas.","breadcrumb":{"@id":"https:\/\/eccoproducts.eu\/es\/producto\/eccoborders-metalflex\/#breadcrumb"},"inLanguage":"es","potentialAction":[{"@type":"ReadAction","target":["https:\/\/eccoproducts.eu\/es\/producto\/eccoborders-metalflex\/"]}]},{"@type":"ImageObject","inLanguage":"es","@id":"https:\/\/eccoproducts.eu\/es\/producto\/eccoborders-metalflex\/#primaryimage","url":"https:\/\/eccoproducts.eu\/wp-content\/uploads\/2023\/03\/ECCOBorders_Metalflex_1080x1080-e1752764122830.jpg","contentUrl":"https:\/\/eccoproducts.eu\/wp-content\/uploads\/2023\/03\/ECCOBorders_Metalflex_1080x1080-e1752764122830.jpg","width":1080,"height":1080},{"@type":"BreadcrumbList","@id":"https:\/\/eccoproducts.eu\/es\/producto\/eccoborders-metalflex\/#breadcrumb","itemListElement":[{"@type":"ListItem","position":1,"name":"Home","item":"https:\/\/eccoproducts.eu\/es\/"},{"@type":"ListItem","position":2,"name":"Productos","item":"https:\/\/eccoproducts.eu\/es\/productos\/"},{"@type":"ListItem","position":3,"name":"ECCOborder Metalflex"}]},{"@type":"WebSite","@id":"https:\/\/eccoproducts.eu\/es\/#website","url":"https:\/\/eccoproducts.eu\/es\/","name":"ECCO Products","description":"","publisher":{"@id":"https:\/\/eccoproducts.eu\/es\/#organization"},"potentialAction":[{"@type":"SearchAction","target":{"@type":"EntryPoint","urlTemplate":"https:\/\/eccoproducts.eu\/es\/?s={search_term_string}"},"query-input":{"@type":"PropertyValueSpecification","valueRequired":true,"valueName":"search_term_string"}}],"inLanguage":"es"},{"@type":"Organization","@id":"https:\/\/eccoproducts.eu\/es\/#organization","name":"ECCO Products","url":"https:\/\/eccoproducts.eu\/es\/","logo":{"@type":"ImageObject","inLanguage":"es","@id":"https:\/\/eccoproducts.eu\/es\/#\/schema\/logo\/image\/","url":"https:\/\/eccoproducts.eu\/wp-content\/uploads\/2023\/06\/cropped-MicrosoftTeams-image-1.png","contentUrl":"https:\/\/eccoproducts.eu\/wp-content\/uploads\/2023\/06\/cropped-MicrosoftTeams-image-1.png","width":417,"height":71,"caption":"ECCO Products"},"image":{"@id":"https:\/\/eccoproducts.eu\/es\/#\/schema\/logo\/image\/"}}]}},"_links":{"self":[{"href":"https:\/\/eccoproducts.eu\/es\/wp-json\/wp\/v2\/product\/4790","targetHints":{"allow":["GET"]}}],"collection":[{"href":"https:\/\/eccoproducts.eu\/es\/wp-json\/wp\/v2\/product"}],"about":[{"href":"https:\/\/eccoproducts.eu\/es\/wp-json\/wp\/v2\/types\/product"}],"replies":[{"embeddable":true,"href":"https:\/\/eccoproducts.eu\/es\/wp-json\/wp\/v2\/comments?post=4790"}],"wp:featuredmedia":[{"embeddable":true,"href":"https:\/\/eccoproducts.eu\/es\/wp-json\/wp\/v2\/media\/1357"}],"wp:attachment":[{"href":"https:\/\/eccoproducts.eu\/es\/wp-json\/wp\/v2\/media?parent=4790"}],"wp:term":[{"taxonomy":"product_brand","embeddable":true,"href":"https:\/\/eccoproducts.eu\/es\/wp-json\/wp\/v2\/product_brand?post=4790"},{"taxonomy":"product_cat","embeddable":true,"href":"https:\/\/eccoproducts.eu\/es\/wp-json\/wp\/v2\/product_cat?post=4790"},{"taxonomy":"product_tag","embeddable":true,"href":"https:\/\/eccoproducts.eu\/es\/wp-json\/wp\/v2\/product_tag?post=4790"}],"curies":[{"name":"wp","href":"https:\/\/api.w.org\/{rel}","templated":true}]}}