{"id":4787,"date":"2023-03-13T16:39:46","date_gmt":"2023-03-13T15:39:46","guid":{"rendered":"https:\/\/eccoproducts.eu\/producten\/circulos-de-arboles\/"},"modified":"2023-11-10T11:06:44","modified_gmt":"2023-11-10T10:06:44","slug":"tree-border-circulo-de-arboles","status":"publish","type":"product","link":"https:\/\/eccoproducts.eu\/es\/producto\/tree-border-circulo-de-arboles\/","title":{"rendered":"Tree Borders C\u00edrculos de \u00e1rboles"},"content":{"rendered":"","protected":false},"excerpt":{"rendered":"<p>Los <strong>ECCO Tree Borders<\/strong> son bordes y c\u00edrculos para \u00e1rboles de acero corten de alta calidad que dan a su \u00e1rbol el acento que se merece. No s\u00f3lo proporcionan un <strong>acento est\u00e9ticamente agradable, sino<\/strong> que tambi\u00e9n son f\u00e1ciles de instalar en tres pasos convenientes. Adem\u00e1s, el uso de los ECCO Tree Borders hace que el mantenimiento de sus \u00e1rboles sea mucho m\u00e1s c\u00f3modo. Evitan da\u00f1os en la corteza y el crecimiento de malas hierbas alrededor del tronco. Los ECCO Tree Borders est\u00e1n disponibles en <strong>tres tama\u00f1os.<\/strong><\/p>\n","protected":false},"featured_media":1495,"comment_status":"open","ping_status":"closed","template":"","meta":{"_acf_changed":false,"inline_featured_image":false},"product_brand":[],"product_cat":[15],"product_tag":[],"class_list":{"0":"post-4787","1":"product","2":"type-product","3":"status-publish","4":"has-post-thumbnail","6":"product_cat-geen-categorie","8":"first","9":"instock","10":"shipping-taxable","11":"product-type-simple"},"acf":[],"yoast_head":"<!-- This site is optimized with the Yoast SEO plugin v25.9 - https:\/\/yoast.com\/wordpress\/plugins\/seo\/ -->\n<title>Tree Borders C\u00edrculos de \u00e1rboles - ECCO Products<\/title>\n<meta name=\"description\" content=\"Bordes de \u00e1rbol\/c\u00edrculos de \u00e1rbol de calidad en acero Cor-ten que dan a su \u00e1rbol el acento que se merece. As\u00ed tambi\u00e9n se protegen las ra\u00edces de los \u00e1rboles.\" \/>\n<meta name=\"robots\" content=\"index, follow, max-snippet:-1, max-image-preview:large, max-video-preview:-1\" \/>\n<link rel=\"canonical\" href=\"https:\/\/eccoproducts.eu\/es\/producto\/tree-border-circulo-de-arboles\/\" \/>\n<meta property=\"og:locale\" content=\"es_ES\" \/>\n<meta property=\"og:type\" content=\"article\" \/>\n<meta property=\"og:title\" content=\"Tree Borders C\u00edrculos de \u00e1rboles - ECCO Products\" \/>\n<meta property=\"og:description\" content=\"Bordes de \u00e1rbol\/c\u00edrculos de \u00e1rbol de calidad en acero Cor-ten que dan a su \u00e1rbol el acento que se merece. As\u00ed tambi\u00e9n se protegen las ra\u00edces de los \u00e1rboles.\" \/>\n<meta property=\"og:url\" content=\"https:\/\/eccoproducts.eu\/es\/producto\/tree-border-circulo-de-arboles\/\" \/>\n<meta property=\"og:site_name\" content=\"ECCO Products\" \/>\n<meta property=\"article:modified_time\" content=\"2023-11-10T10:06:44+00:00\" \/>\n<meta property=\"og:image\" content=\"https:\/\/eccoproducts.eu\/wp-content\/uploads\/2023\/03\/Tree-Border-Boomcirkel_4_1200x900.jpg\" \/>\n\t<meta property=\"og:image:width\" content=\"1200\" \/>\n\t<meta property=\"og:image:height\" content=\"900\" \/>\n\t<meta property=\"og:image:type\" content=\"image\/jpeg\" \/>\n<meta name=\"twitter:card\" content=\"summary_large_image\" \/>\n<script type=\"application\/ld+json\" class=\"yoast-schema-graph\">{\"@context\":\"https:\/\/schema.org\",\"@graph\":[{\"@type\":\"WebPage\",\"@id\":\"https:\/\/eccoproducts.eu\/es\/producto\/tree-border-circulo-de-arboles\/\",\"url\":\"https:\/\/eccoproducts.eu\/es\/producto\/tree-border-circulo-de-arboles\/\",\"name\":\"Tree Borders C\u00edrculos de \u00e1rboles - ECCO Products\",\"isPartOf\":{\"@id\":\"https:\/\/eccoproducts.eu\/es\/#website\"},\"primaryImageOfPage\":{\"@id\":\"https:\/\/eccoproducts.eu\/es\/producto\/tree-border-circulo-de-arboles\/#primaryimage\"},\"image\":{\"@id\":\"https:\/\/eccoproducts.eu\/es\/producto\/tree-border-circulo-de-arboles\/#primaryimage\"},\"thumbnailUrl\":\"https:\/\/eccoproducts.eu\/wp-content\/uploads\/2023\/03\/Tree-Border-Boomcirkel_4_1200x900.jpg\",\"datePublished\":\"2023-03-13T15:39:46+00:00\",\"dateModified\":\"2023-11-10T10:06:44+00:00\",\"description\":\"Bordes de \u00e1rbol\/c\u00edrculos de \u00e1rbol de calidad en acero Cor-ten que dan a su \u00e1rbol el acento que se merece. As\u00ed tambi\u00e9n se protegen las ra\u00edces de los \u00e1rboles.\",\"breadcrumb\":{\"@id\":\"https:\/\/eccoproducts.eu\/es\/producto\/tree-border-circulo-de-arboles\/#breadcrumb\"},\"inLanguage\":\"es\",\"potentialAction\":[{\"@type\":\"ReadAction\",\"target\":[\"https:\/\/eccoproducts.eu\/es\/producto\/tree-border-circulo-de-arboles\/\"]}]},{\"@type\":\"ImageObject\",\"inLanguage\":\"es\",\"@id\":\"https:\/\/eccoproducts.eu\/es\/producto\/tree-border-circulo-de-arboles\/#primaryimage\",\"url\":\"https:\/\/eccoproducts.eu\/wp-content\/uploads\/2023\/03\/Tree-Border-Boomcirkel_4_1200x900.jpg\",\"contentUrl\":\"https:\/\/eccoproducts.eu\/wp-content\/uploads\/2023\/03\/Tree-Border-Boomcirkel_4_1200x900.jpg\",\"width\":1200,\"height\":900,\"caption\":\"Tree Border boomrand\/boomcirkel in cortenstaal\"},{\"@type\":\"BreadcrumbList\",\"@id\":\"https:\/\/eccoproducts.eu\/es\/producto\/tree-border-circulo-de-arboles\/#breadcrumb\",\"itemListElement\":[{\"@type\":\"ListItem\",\"position\":1,\"name\":\"Home\",\"item\":\"https:\/\/eccoproducts.eu\/es\/\"},{\"@type\":\"ListItem\",\"position\":2,\"name\":\"Productos\",\"item\":\"https:\/\/eccoproducts.eu\/es\/productos\/\"},{\"@type\":\"ListItem\",\"position\":3,\"name\":\"Tree Borders C\u00edrculos de \u00e1rboles\"}]},{\"@type\":\"WebSite\",\"@id\":\"https:\/\/eccoproducts.eu\/es\/#website\",\"url\":\"https:\/\/eccoproducts.eu\/es\/\",\"name\":\"ECCO Products\",\"description\":\"\",\"publisher\":{\"@id\":\"https:\/\/eccoproducts.eu\/es\/#organization\"},\"potentialAction\":[{\"@type\":\"SearchAction\",\"target\":{\"@type\":\"EntryPoint\",\"urlTemplate\":\"https:\/\/eccoproducts.eu\/es\/?s={search_term_string}\"},\"query-input\":{\"@type\":\"PropertyValueSpecification\",\"valueRequired\":true,\"valueName\":\"search_term_string\"}}],\"inLanguage\":\"es\"},{\"@type\":\"Organization\",\"@id\":\"https:\/\/eccoproducts.eu\/es\/#organization\",\"name\":\"ECCO Products\",\"url\":\"https:\/\/eccoproducts.eu\/es\/\",\"logo\":{\"@type\":\"ImageObject\",\"inLanguage\":\"es\",\"@id\":\"https:\/\/eccoproducts.eu\/es\/#\/schema\/logo\/image\/\",\"url\":\"https:\/\/eccoproducts.eu\/wp-content\/uploads\/2023\/06\/cropped-MicrosoftTeams-image-1.png\",\"contentUrl\":\"https:\/\/eccoproducts.eu\/wp-content\/uploads\/2023\/06\/cropped-MicrosoftTeams-image-1.png\",\"width\":417,\"height\":71,\"caption\":\"ECCO Products\"},\"image\":{\"@id\":\"https:\/\/eccoproducts.eu\/es\/#\/schema\/logo\/image\/\"}}]}<\/script>\n<!-- \/ Yoast SEO plugin. -->","yoast_head_json":{"title":"Tree Borders C\u00edrculos de \u00e1rboles - ECCO Products","description":"Bordes de \u00e1rbol\/c\u00edrculos de \u00e1rbol de calidad en acero Cor-ten que dan a su \u00e1rbol el acento que se merece. As\u00ed tambi\u00e9n se protegen las ra\u00edces de los \u00e1rboles.","robots":{"index":"index","follow":"follow","max-snippet":"max-snippet:-1","max-image-preview":"max-image-preview:large","max-video-preview":"max-video-preview:-1"},"canonical":"https:\/\/eccoproducts.eu\/es\/producto\/tree-border-circulo-de-arboles\/","og_locale":"es_ES","og_type":"article","og_title":"Tree Borders C\u00edrculos de \u00e1rboles - ECCO Products","og_description":"Bordes de \u00e1rbol\/c\u00edrculos de \u00e1rbol de calidad en acero Cor-ten que dan a su \u00e1rbol el acento que se merece. As\u00ed tambi\u00e9n se protegen las ra\u00edces de los \u00e1rboles.","og_url":"https:\/\/eccoproducts.eu\/es\/producto\/tree-border-circulo-de-arboles\/","og_site_name":"ECCO Products","article_modified_time":"2023-11-10T10:06:44+00:00","og_image":[{"width":1200,"height":900,"url":"https:\/\/eccoproducts.eu\/wp-content\/uploads\/2023\/03\/Tree-Border-Boomcirkel_4_1200x900.jpg","type":"image\/jpeg"}],"twitter_card":"summary_large_image","schema":{"@context":"https:\/\/schema.org","@graph":[{"@type":"WebPage","@id":"https:\/\/eccoproducts.eu\/es\/producto\/tree-border-circulo-de-arboles\/","url":"https:\/\/eccoproducts.eu\/es\/producto\/tree-border-circulo-de-arboles\/","name":"Tree Borders C\u00edrculos de \u00e1rboles - ECCO Products","isPartOf":{"@id":"https:\/\/eccoproducts.eu\/es\/#website"},"primaryImageOfPage":{"@id":"https:\/\/eccoproducts.eu\/es\/producto\/tree-border-circulo-de-arboles\/#primaryimage"},"image":{"@id":"https:\/\/eccoproducts.eu\/es\/producto\/tree-border-circulo-de-arboles\/#primaryimage"},"thumbnailUrl":"https:\/\/eccoproducts.eu\/wp-content\/uploads\/2023\/03\/Tree-Border-Boomcirkel_4_1200x900.jpg","datePublished":"2023-03-13T15:39:46+00:00","dateModified":"2023-11-10T10:06:44+00:00","description":"Bordes de \u00e1rbol\/c\u00edrculos de \u00e1rbol de calidad en acero Cor-ten que dan a su \u00e1rbol el acento que se merece. As\u00ed tambi\u00e9n se protegen las ra\u00edces de los \u00e1rboles.","breadcrumb":{"@id":"https:\/\/eccoproducts.eu\/es\/producto\/tree-border-circulo-de-arboles\/#breadcrumb"},"inLanguage":"es","potentialAction":[{"@type":"ReadAction","target":["https:\/\/eccoproducts.eu\/es\/producto\/tree-border-circulo-de-arboles\/"]}]},{"@type":"ImageObject","inLanguage":"es","@id":"https:\/\/eccoproducts.eu\/es\/producto\/tree-border-circulo-de-arboles\/#primaryimage","url":"https:\/\/eccoproducts.eu\/wp-content\/uploads\/2023\/03\/Tree-Border-Boomcirkel_4_1200x900.jpg","contentUrl":"https:\/\/eccoproducts.eu\/wp-content\/uploads\/2023\/03\/Tree-Border-Boomcirkel_4_1200x900.jpg","width":1200,"height":900,"caption":"Tree Border boomrand\/boomcirkel in cortenstaal"},{"@type":"BreadcrumbList","@id":"https:\/\/eccoproducts.eu\/es\/producto\/tree-border-circulo-de-arboles\/#breadcrumb","itemListElement":[{"@type":"ListItem","position":1,"name":"Home","item":"https:\/\/eccoproducts.eu\/es\/"},{"@type":"ListItem","position":2,"name":"Productos","item":"https:\/\/eccoproducts.eu\/es\/productos\/"},{"@type":"ListItem","position":3,"name":"Tree Borders C\u00edrculos de \u00e1rboles"}]},{"@type":"WebSite","@id":"https:\/\/eccoproducts.eu\/es\/#website","url":"https:\/\/eccoproducts.eu\/es\/","name":"ECCO Products","description":"","publisher":{"@id":"https:\/\/eccoproducts.eu\/es\/#organization"},"potentialAction":[{"@type":"SearchAction","target":{"@type":"EntryPoint","urlTemplate":"https:\/\/eccoproducts.eu\/es\/?s={search_term_string}"},"query-input":{"@type":"PropertyValueSpecification","valueRequired":true,"valueName":"search_term_string"}}],"inLanguage":"es"},{"@type":"Organization","@id":"https:\/\/eccoproducts.eu\/es\/#organization","name":"ECCO Products","url":"https:\/\/eccoproducts.eu\/es\/","logo":{"@type":"ImageObject","inLanguage":"es","@id":"https:\/\/eccoproducts.eu\/es\/#\/schema\/logo\/image\/","url":"https:\/\/eccoproducts.eu\/wp-content\/uploads\/2023\/06\/cropped-MicrosoftTeams-image-1.png","contentUrl":"https:\/\/eccoproducts.eu\/wp-content\/uploads\/2023\/06\/cropped-MicrosoftTeams-image-1.png","width":417,"height":71,"caption":"ECCO Products"},"image":{"@id":"https:\/\/eccoproducts.eu\/es\/#\/schema\/logo\/image\/"}}]}},"_links":{"self":[{"href":"https:\/\/eccoproducts.eu\/es\/wp-json\/wp\/v2\/product\/4787","targetHints":{"allow":["GET"]}}],"collection":[{"href":"https:\/\/eccoproducts.eu\/es\/wp-json\/wp\/v2\/product"}],"about":[{"href":"https:\/\/eccoproducts.eu\/es\/wp-json\/wp\/v2\/types\/product"}],"replies":[{"embeddable":true,"href":"https:\/\/eccoproducts.eu\/es\/wp-json\/wp\/v2\/comments?post=4787"}],"wp:featuredmedia":[{"embeddable":true,"href":"https:\/\/eccoproducts.eu\/es\/wp-json\/wp\/v2\/media\/1495"}],"wp:attachment":[{"href":"https:\/\/eccoproducts.eu\/es\/wp-json\/wp\/v2\/media?parent=4787"}],"wp:term":[{"taxonomy":"product_brand","embeddable":true,"href":"https:\/\/eccoproducts.eu\/es\/wp-json\/wp\/v2\/product_brand?post=4787"},{"taxonomy":"product_cat","embeddable":true,"href":"https:\/\/eccoproducts.eu\/es\/wp-json\/wp\/v2\/product_cat?post=4787"},{"taxonomy":"product_tag","embeddable":true,"href":"https:\/\/eccoproducts.eu\/es\/wp-json\/wp\/v2\/product_tag?post=4787"}],"curies":[{"name":"wp","href":"https:\/\/api.w.org\/{rel}","templated":true}]}}