{"id":4784,"date":"2023-03-16T14:52:21","date_gmt":"2023-03-16T13:52:21","guid":{"rendered":"https:\/\/eccoproducts.eu\/producten\/drainbase-tapa-de-fijacion\/"},"modified":"2023-11-10T11:00:54","modified_gmt":"2023-11-10T10:00:54","slug":"drainbase-tapa-de-fijacion","status":"publish","type":"product","link":"https:\/\/eccoproducts.eu\/es\/producto\/drainbase-tapa-de-fijacion\/","title":{"rendered":"Drainbase Tapa de fijaci\u00f3n"},"content":{"rendered":"","protected":false},"excerpt":{"rendered":"<p>El <strong>c\u00e9sped<\/strong> artificial puede <strong>fijarse<\/strong> en cualquier posici\u00f3n con las tapas de <strong>fijaci\u00f3n<\/strong> y los tornillos que lo acompa\u00f1an. Adem\u00e1s, las tapas facilitan la fijaci\u00f3n de los bordes Drainbase especialmente desarrollados para el c\u00e9sped artificial. <\/p>\n","protected":false},"featured_media":890,"comment_status":"open","ping_status":"closed","template":"","meta":{"_acf_changed":false,"inline_featured_image":false},"product_brand":[],"product_cat":[155],"product_tag":[],"class_list":{"0":"post-4784","1":"product","2":"type-product","3":"status-publish","4":"has-post-thumbnail","6":"product_cat-accesorios","8":"first","9":"instock","10":"shipping-taxable","11":"product-type-simple"},"acf":[],"yoast_head":"<!-- This site is optimized with the Yoast SEO plugin v25.9 - https:\/\/yoast.com\/wordpress\/plugins\/seo\/ -->\n<title>Drainbase Tapa de fijaci\u00f3n - ECCO Products %<\/title>\n<meta name=\"description\" content=\"El c\u00e9sped artificial puede fijarse en cualquier lugar con las tapas de fijaci\u00f3n y los tornillos que lo acompa\u00f1an.\" \/>\n<meta name=\"robots\" content=\"index, follow, max-snippet:-1, max-image-preview:large, max-video-preview:-1\" \/>\n<link rel=\"canonical\" href=\"https:\/\/eccoproducts.eu\/es\/producto\/drainbase-tapa-de-fijacion\/\" \/>\n<meta property=\"og:locale\" content=\"es_ES\" \/>\n<meta property=\"og:type\" content=\"article\" \/>\n<meta property=\"og:title\" content=\"Drainbase Tapa de fijaci\u00f3n - ECCO Products %\" \/>\n<meta property=\"og:description\" content=\"El c\u00e9sped artificial puede fijarse en cualquier lugar con las tapas de fijaci\u00f3n y los tornillos que lo acompa\u00f1an.\" \/>\n<meta property=\"og:url\" content=\"https:\/\/eccoproducts.eu\/es\/producto\/drainbase-tapa-de-fijacion\/\" \/>\n<meta property=\"og:site_name\" content=\"ECCO Products\" \/>\n<meta property=\"article:modified_time\" content=\"2023-11-10T10:00:54+00:00\" \/>\n<meta property=\"og:image\" content=\"https:\/\/eccoproducts.eu\/wp-content\/uploads\/2023\/03\/Drainbase-Bevestigingsdopdop-in-mat_1200x900.jpg\" \/>\n\t<meta property=\"og:image:width\" content=\"1200\" \/>\n\t<meta property=\"og:image:height\" content=\"900\" \/>\n\t<meta property=\"og:image:type\" content=\"image\/jpeg\" \/>\n<meta name=\"twitter:card\" content=\"summary_large_image\" \/>\n<script type=\"application\/ld+json\" class=\"yoast-schema-graph\">{\"@context\":\"https:\/\/schema.org\",\"@graph\":[{\"@type\":\"WebPage\",\"@id\":\"https:\/\/eccoproducts.eu\/es\/producto\/drainbase-tapa-de-fijacion\/\",\"url\":\"https:\/\/eccoproducts.eu\/es\/producto\/drainbase-tapa-de-fijacion\/\",\"name\":\"Drainbase Tapa de fijaci\u00f3n - ECCO Products %\",\"isPartOf\":{\"@id\":\"https:\/\/eccoproducts.eu\/es\/#website\"},\"primaryImageOfPage\":{\"@id\":\"https:\/\/eccoproducts.eu\/es\/producto\/drainbase-tapa-de-fijacion\/#primaryimage\"},\"image\":{\"@id\":\"https:\/\/eccoproducts.eu\/es\/producto\/drainbase-tapa-de-fijacion\/#primaryimage\"},\"thumbnailUrl\":\"https:\/\/eccoproducts.eu\/wp-content\/uploads\/2023\/03\/Drainbase-Bevestigingsdopdop-in-mat_1200x900.jpg\",\"datePublished\":\"2023-03-16T13:52:21+00:00\",\"dateModified\":\"2023-11-10T10:00:54+00:00\",\"description\":\"El c\u00e9sped artificial puede fijarse en cualquier lugar con las tapas de fijaci\u00f3n y los tornillos que lo acompa\u00f1an.\",\"breadcrumb\":{\"@id\":\"https:\/\/eccoproducts.eu\/es\/producto\/drainbase-tapa-de-fijacion\/#breadcrumb\"},\"inLanguage\":\"es\",\"potentialAction\":[{\"@type\":\"ReadAction\",\"target\":[\"https:\/\/eccoproducts.eu\/es\/producto\/drainbase-tapa-de-fijacion\/\"]}]},{\"@type\":\"ImageObject\",\"inLanguage\":\"es\",\"@id\":\"https:\/\/eccoproducts.eu\/es\/producto\/drainbase-tapa-de-fijacion\/#primaryimage\",\"url\":\"https:\/\/eccoproducts.eu\/wp-content\/uploads\/2023\/03\/Drainbase-Bevestigingsdopdop-in-mat_1200x900.jpg\",\"contentUrl\":\"https:\/\/eccoproducts.eu\/wp-content\/uploads\/2023\/03\/Drainbase-Bevestigingsdopdop-in-mat_1200x900.jpg\",\"width\":1200,\"height\":900},{\"@type\":\"BreadcrumbList\",\"@id\":\"https:\/\/eccoproducts.eu\/es\/producto\/drainbase-tapa-de-fijacion\/#breadcrumb\",\"itemListElement\":[{\"@type\":\"ListItem\",\"position\":1,\"name\":\"Home\",\"item\":\"https:\/\/eccoproducts.eu\/es\/\"},{\"@type\":\"ListItem\",\"position\":2,\"name\":\"Productos\",\"item\":\"https:\/\/eccoproducts.eu\/es\/productos\/\"},{\"@type\":\"ListItem\",\"position\":3,\"name\":\"Drainbase Tapa de fijaci\u00f3n\"}]},{\"@type\":\"WebSite\",\"@id\":\"https:\/\/eccoproducts.eu\/es\/#website\",\"url\":\"https:\/\/eccoproducts.eu\/es\/\",\"name\":\"ECCO Products\",\"description\":\"\",\"publisher\":{\"@id\":\"https:\/\/eccoproducts.eu\/es\/#organization\"},\"potentialAction\":[{\"@type\":\"SearchAction\",\"target\":{\"@type\":\"EntryPoint\",\"urlTemplate\":\"https:\/\/eccoproducts.eu\/es\/?s={search_term_string}\"},\"query-input\":{\"@type\":\"PropertyValueSpecification\",\"valueRequired\":true,\"valueName\":\"search_term_string\"}}],\"inLanguage\":\"es\"},{\"@type\":\"Organization\",\"@id\":\"https:\/\/eccoproducts.eu\/es\/#organization\",\"name\":\"ECCO Products\",\"url\":\"https:\/\/eccoproducts.eu\/es\/\",\"logo\":{\"@type\":\"ImageObject\",\"inLanguage\":\"es\",\"@id\":\"https:\/\/eccoproducts.eu\/es\/#\/schema\/logo\/image\/\",\"url\":\"https:\/\/eccoproducts.eu\/wp-content\/uploads\/2023\/06\/cropped-MicrosoftTeams-image-1.png\",\"contentUrl\":\"https:\/\/eccoproducts.eu\/wp-content\/uploads\/2023\/06\/cropped-MicrosoftTeams-image-1.png\",\"width\":417,\"height\":71,\"caption\":\"ECCO Products\"},\"image\":{\"@id\":\"https:\/\/eccoproducts.eu\/es\/#\/schema\/logo\/image\/\"}}]}<\/script>\n<!-- \/ Yoast SEO plugin. -->","yoast_head_json":{"title":"Drainbase Tapa de fijaci\u00f3n - ECCO Products %","description":"El c\u00e9sped artificial puede fijarse en cualquier lugar con las tapas de fijaci\u00f3n y los tornillos que lo acompa\u00f1an.","robots":{"index":"index","follow":"follow","max-snippet":"max-snippet:-1","max-image-preview":"max-image-preview:large","max-video-preview":"max-video-preview:-1"},"canonical":"https:\/\/eccoproducts.eu\/es\/producto\/drainbase-tapa-de-fijacion\/","og_locale":"es_ES","og_type":"article","og_title":"Drainbase Tapa de fijaci\u00f3n - ECCO Products %","og_description":"El c\u00e9sped artificial puede fijarse en cualquier lugar con las tapas de fijaci\u00f3n y los tornillos que lo acompa\u00f1an.","og_url":"https:\/\/eccoproducts.eu\/es\/producto\/drainbase-tapa-de-fijacion\/","og_site_name":"ECCO Products","article_modified_time":"2023-11-10T10:00:54+00:00","og_image":[{"width":1200,"height":900,"url":"https:\/\/eccoproducts.eu\/wp-content\/uploads\/2023\/03\/Drainbase-Bevestigingsdopdop-in-mat_1200x900.jpg","type":"image\/jpeg"}],"twitter_card":"summary_large_image","schema":{"@context":"https:\/\/schema.org","@graph":[{"@type":"WebPage","@id":"https:\/\/eccoproducts.eu\/es\/producto\/drainbase-tapa-de-fijacion\/","url":"https:\/\/eccoproducts.eu\/es\/producto\/drainbase-tapa-de-fijacion\/","name":"Drainbase Tapa de fijaci\u00f3n - ECCO Products %","isPartOf":{"@id":"https:\/\/eccoproducts.eu\/es\/#website"},"primaryImageOfPage":{"@id":"https:\/\/eccoproducts.eu\/es\/producto\/drainbase-tapa-de-fijacion\/#primaryimage"},"image":{"@id":"https:\/\/eccoproducts.eu\/es\/producto\/drainbase-tapa-de-fijacion\/#primaryimage"},"thumbnailUrl":"https:\/\/eccoproducts.eu\/wp-content\/uploads\/2023\/03\/Drainbase-Bevestigingsdopdop-in-mat_1200x900.jpg","datePublished":"2023-03-16T13:52:21+00:00","dateModified":"2023-11-10T10:00:54+00:00","description":"El c\u00e9sped artificial puede fijarse en cualquier lugar con las tapas de fijaci\u00f3n y los tornillos que lo acompa\u00f1an.","breadcrumb":{"@id":"https:\/\/eccoproducts.eu\/es\/producto\/drainbase-tapa-de-fijacion\/#breadcrumb"},"inLanguage":"es","potentialAction":[{"@type":"ReadAction","target":["https:\/\/eccoproducts.eu\/es\/producto\/drainbase-tapa-de-fijacion\/"]}]},{"@type":"ImageObject","inLanguage":"es","@id":"https:\/\/eccoproducts.eu\/es\/producto\/drainbase-tapa-de-fijacion\/#primaryimage","url":"https:\/\/eccoproducts.eu\/wp-content\/uploads\/2023\/03\/Drainbase-Bevestigingsdopdop-in-mat_1200x900.jpg","contentUrl":"https:\/\/eccoproducts.eu\/wp-content\/uploads\/2023\/03\/Drainbase-Bevestigingsdopdop-in-mat_1200x900.jpg","width":1200,"height":900},{"@type":"BreadcrumbList","@id":"https:\/\/eccoproducts.eu\/es\/producto\/drainbase-tapa-de-fijacion\/#breadcrumb","itemListElement":[{"@type":"ListItem","position":1,"name":"Home","item":"https:\/\/eccoproducts.eu\/es\/"},{"@type":"ListItem","position":2,"name":"Productos","item":"https:\/\/eccoproducts.eu\/es\/productos\/"},{"@type":"ListItem","position":3,"name":"Drainbase Tapa de fijaci\u00f3n"}]},{"@type":"WebSite","@id":"https:\/\/eccoproducts.eu\/es\/#website","url":"https:\/\/eccoproducts.eu\/es\/","name":"ECCO Products","description":"","publisher":{"@id":"https:\/\/eccoproducts.eu\/es\/#organization"},"potentialAction":[{"@type":"SearchAction","target":{"@type":"EntryPoint","urlTemplate":"https:\/\/eccoproducts.eu\/es\/?s={search_term_string}"},"query-input":{"@type":"PropertyValueSpecification","valueRequired":true,"valueName":"search_term_string"}}],"inLanguage":"es"},{"@type":"Organization","@id":"https:\/\/eccoproducts.eu\/es\/#organization","name":"ECCO Products","url":"https:\/\/eccoproducts.eu\/es\/","logo":{"@type":"ImageObject","inLanguage":"es","@id":"https:\/\/eccoproducts.eu\/es\/#\/schema\/logo\/image\/","url":"https:\/\/eccoproducts.eu\/wp-content\/uploads\/2023\/06\/cropped-MicrosoftTeams-image-1.png","contentUrl":"https:\/\/eccoproducts.eu\/wp-content\/uploads\/2023\/06\/cropped-MicrosoftTeams-image-1.png","width":417,"height":71,"caption":"ECCO Products"},"image":{"@id":"https:\/\/eccoproducts.eu\/es\/#\/schema\/logo\/image\/"}}]}},"_links":{"self":[{"href":"https:\/\/eccoproducts.eu\/es\/wp-json\/wp\/v2\/product\/4784","targetHints":{"allow":["GET"]}}],"collection":[{"href":"https:\/\/eccoproducts.eu\/es\/wp-json\/wp\/v2\/product"}],"about":[{"href":"https:\/\/eccoproducts.eu\/es\/wp-json\/wp\/v2\/types\/product"}],"replies":[{"embeddable":true,"href":"https:\/\/eccoproducts.eu\/es\/wp-json\/wp\/v2\/comments?post=4784"}],"wp:featuredmedia":[{"embeddable":true,"href":"https:\/\/eccoproducts.eu\/es\/wp-json\/wp\/v2\/media\/890"}],"wp:attachment":[{"href":"https:\/\/eccoproducts.eu\/es\/wp-json\/wp\/v2\/media?parent=4784"}],"wp:term":[{"taxonomy":"product_brand","embeddable":true,"href":"https:\/\/eccoproducts.eu\/es\/wp-json\/wp\/v2\/product_brand?post=4784"},{"taxonomy":"product_cat","embeddable":true,"href":"https:\/\/eccoproducts.eu\/es\/wp-json\/wp\/v2\/product_cat?post=4784"},{"taxonomy":"product_tag","embeddable":true,"href":"https:\/\/eccoproducts.eu\/es\/wp-json\/wp\/v2\/product_tag?post=4784"}],"curies":[{"name":"wp","href":"https:\/\/api.w.org\/{rel}","templated":true}]}}