{"id":4771,"date":"2023-09-07T14:21:26","date_gmt":"2023-09-07T12:21:26","guid":{"rendered":"https:\/\/eccoproducts.eu\/?post_type=product&#038;p=4771"},"modified":"2025-07-15T16:28:44","modified_gmt":"2025-07-15T14:28:44","slug":"eccoborder-flex","status":"publish","type":"product","link":"https:\/\/eccoproducts.eu\/es\/producto\/eccoborder-flex\/","title":{"rendered":"ECCOborder Flex"},"content":{"rendered":"","protected":false},"excerpt":{"rendered":"<h2>Demarcaci\u00f3n sostenible y econ\u00f3mica<\/h2>\n<h3>de PVC reciclado<\/h3>\n<p>Este borde flexible es una alternativa econ\u00f3mica a los bordes de madera o metal. Con ECCOborder Flex, puede crear f\u00e1cilmente un borde moderno y elegante.<\/p>\n<p>El nuevo ribete en rollo permite delinear tanto formas rectas como inclinadas, por ejemplo, para un camino de grava o un ribete de c\u00e9sped.<\/p>\n<p>El remate puede instalarse con borde de acabado redondeado o plano en la parte superior, lo que lo convierte en la soluci\u00f3n m\u00e1s vers\u00e1til del mercado.<\/p>\n","protected":false},"featured_media":6006,"comment_status":"open","ping_status":"closed","template":"","meta":{"_acf_changed":false,"inline_featured_image":false},"product_brand":[],"product_cat":[151],"product_tag":[],"class_list":{"0":"post-4771","1":"product","2":"type-product","3":"status-publish","4":"has-post-thumbnail","6":"product_cat-borduras-de-jardin","8":"first","9":"instock","10":"shipping-taxable","11":"product-type-simple"},"acf":[],"yoast_head":"<!-- This site is optimized with the Yoast SEO plugin v25.9 - https:\/\/yoast.com\/wordpress\/plugins\/seo\/ -->\n<title>ECCOborder Flex - ECCO Products<\/title>\n<meta name=\"description\" content=\"Este borde flexible es una alternativa econ\u00f3mica a los bordes de madera o metal para crear f\u00e1cilmente un borde moderno.\" \/>\n<meta name=\"robots\" content=\"index, follow, max-snippet:-1, max-image-preview:large, max-video-preview:-1\" \/>\n<link rel=\"canonical\" href=\"https:\/\/eccoproducts.eu\/es\/producto\/eccoborder-flex\/\" \/>\n<meta property=\"og:locale\" content=\"es_ES\" \/>\n<meta property=\"og:type\" content=\"article\" \/>\n<meta property=\"og:title\" content=\"ECCOborder Flex - ECCO Products\" \/>\n<meta property=\"og:description\" content=\"Este borde flexible es una alternativa econ\u00f3mica a los bordes de madera o metal para crear f\u00e1cilmente un borde moderno.\" \/>\n<meta property=\"og:url\" content=\"https:\/\/eccoproducts.eu\/es\/producto\/eccoborder-flex\/\" \/>\n<meta property=\"og:site_name\" content=\"ECCO Products\" \/>\n<meta property=\"article:modified_time\" content=\"2025-07-15T14:28:44+00:00\" \/>\n<meta property=\"og:image\" content=\"https:\/\/eccoproducts.eu\/wp-content\/uploads\/2023\/09\/ECCO-Border-Flex_BLACK-GREY_P01-1024x656.jpg\" \/>\n\t<meta property=\"og:image:width\" content=\"1024\" \/>\n\t<meta property=\"og:image:height\" content=\"656\" \/>\n\t<meta property=\"og:image:type\" content=\"image\/jpeg\" \/>\n<meta name=\"twitter:card\" content=\"summary_large_image\" \/>\n<meta name=\"twitter:label1\" content=\"Tiempo de lectura\" \/>\n\t<meta name=\"twitter:data1\" content=\"1 minuto\" \/>\n<script type=\"application\/ld+json\" class=\"yoast-schema-graph\">{\"@context\":\"https:\/\/schema.org\",\"@graph\":[{\"@type\":\"WebPage\",\"@id\":\"https:\/\/eccoproducts.eu\/es\/producto\/eccoborder-flex\/\",\"url\":\"https:\/\/eccoproducts.eu\/es\/producto\/eccoborder-flex\/\",\"name\":\"ECCOborder Flex - ECCO Products\",\"isPartOf\":{\"@id\":\"https:\/\/eccoproducts.eu\/es\/#website\"},\"primaryImageOfPage\":{\"@id\":\"https:\/\/eccoproducts.eu\/es\/producto\/eccoborder-flex\/#primaryimage\"},\"image\":{\"@id\":\"https:\/\/eccoproducts.eu\/es\/producto\/eccoborder-flex\/#primaryimage\"},\"thumbnailUrl\":\"https:\/\/eccoproducts.eu\/wp-content\/uploads\/2023\/09\/ECCO-Border-Flex_BLACK-GREY_P01.jpg\",\"datePublished\":\"2023-09-07T12:21:26+00:00\",\"dateModified\":\"2025-07-15T14:28:44+00:00\",\"description\":\"Este borde flexible es una alternativa econ\u00f3mica a los bordes de madera o metal para crear f\u00e1cilmente un borde moderno.\",\"breadcrumb\":{\"@id\":\"https:\/\/eccoproducts.eu\/es\/producto\/eccoborder-flex\/#breadcrumb\"},\"inLanguage\":\"es\",\"potentialAction\":[{\"@type\":\"ReadAction\",\"target\":[\"https:\/\/eccoproducts.eu\/es\/producto\/eccoborder-flex\/\"]}]},{\"@type\":\"ImageObject\",\"inLanguage\":\"es\",\"@id\":\"https:\/\/eccoproducts.eu\/es\/producto\/eccoborder-flex\/#primaryimage\",\"url\":\"https:\/\/eccoproducts.eu\/wp-content\/uploads\/2023\/09\/ECCO-Border-Flex_BLACK-GREY_P01.jpg\",\"contentUrl\":\"https:\/\/eccoproducts.eu\/wp-content\/uploads\/2023\/09\/ECCO-Border-Flex_BLACK-GREY_P01.jpg\",\"width\":6407,\"height\":4106},{\"@type\":\"BreadcrumbList\",\"@id\":\"https:\/\/eccoproducts.eu\/es\/producto\/eccoborder-flex\/#breadcrumb\",\"itemListElement\":[{\"@type\":\"ListItem\",\"position\":1,\"name\":\"Home\",\"item\":\"https:\/\/eccoproducts.eu\/es\/\"},{\"@type\":\"ListItem\",\"position\":2,\"name\":\"Productos\",\"item\":\"https:\/\/eccoproducts.eu\/es\/productos\/\"},{\"@type\":\"ListItem\",\"position\":3,\"name\":\"ECCOborder Flex\"}]},{\"@type\":\"WebSite\",\"@id\":\"https:\/\/eccoproducts.eu\/es\/#website\",\"url\":\"https:\/\/eccoproducts.eu\/es\/\",\"name\":\"ECCO Products\",\"description\":\"\",\"publisher\":{\"@id\":\"https:\/\/eccoproducts.eu\/es\/#organization\"},\"potentialAction\":[{\"@type\":\"SearchAction\",\"target\":{\"@type\":\"EntryPoint\",\"urlTemplate\":\"https:\/\/eccoproducts.eu\/es\/?s={search_term_string}\"},\"query-input\":{\"@type\":\"PropertyValueSpecification\",\"valueRequired\":true,\"valueName\":\"search_term_string\"}}],\"inLanguage\":\"es\"},{\"@type\":\"Organization\",\"@id\":\"https:\/\/eccoproducts.eu\/es\/#organization\",\"name\":\"ECCO Products\",\"url\":\"https:\/\/eccoproducts.eu\/es\/\",\"logo\":{\"@type\":\"ImageObject\",\"inLanguage\":\"es\",\"@id\":\"https:\/\/eccoproducts.eu\/es\/#\/schema\/logo\/image\/\",\"url\":\"https:\/\/eccoproducts.eu\/wp-content\/uploads\/2023\/06\/cropped-MicrosoftTeams-image-1.png\",\"contentUrl\":\"https:\/\/eccoproducts.eu\/wp-content\/uploads\/2023\/06\/cropped-MicrosoftTeams-image-1.png\",\"width\":417,\"height\":71,\"caption\":\"ECCO Products\"},\"image\":{\"@id\":\"https:\/\/eccoproducts.eu\/es\/#\/schema\/logo\/image\/\"}}]}<\/script>\n<!-- \/ Yoast SEO plugin. -->","yoast_head_json":{"title":"ECCOborder Flex - ECCO Products","description":"Este borde flexible es una alternativa econ\u00f3mica a los bordes de madera o metal para crear f\u00e1cilmente un borde moderno.","robots":{"index":"index","follow":"follow","max-snippet":"max-snippet:-1","max-image-preview":"max-image-preview:large","max-video-preview":"max-video-preview:-1"},"canonical":"https:\/\/eccoproducts.eu\/es\/producto\/eccoborder-flex\/","og_locale":"es_ES","og_type":"article","og_title":"ECCOborder Flex - ECCO Products","og_description":"Este borde flexible es una alternativa econ\u00f3mica a los bordes de madera o metal para crear f\u00e1cilmente un borde moderno.","og_url":"https:\/\/eccoproducts.eu\/es\/producto\/eccoborder-flex\/","og_site_name":"ECCO Products","article_modified_time":"2025-07-15T14:28:44+00:00","og_image":[{"width":1024,"height":656,"url":"https:\/\/eccoproducts.eu\/wp-content\/uploads\/2023\/09\/ECCO-Border-Flex_BLACK-GREY_P01-1024x656.jpg","type":"image\/jpeg"}],"twitter_card":"summary_large_image","twitter_misc":{"Tiempo de lectura":"1 minuto"},"schema":{"@context":"https:\/\/schema.org","@graph":[{"@type":"WebPage","@id":"https:\/\/eccoproducts.eu\/es\/producto\/eccoborder-flex\/","url":"https:\/\/eccoproducts.eu\/es\/producto\/eccoborder-flex\/","name":"ECCOborder Flex - ECCO Products","isPartOf":{"@id":"https:\/\/eccoproducts.eu\/es\/#website"},"primaryImageOfPage":{"@id":"https:\/\/eccoproducts.eu\/es\/producto\/eccoborder-flex\/#primaryimage"},"image":{"@id":"https:\/\/eccoproducts.eu\/es\/producto\/eccoborder-flex\/#primaryimage"},"thumbnailUrl":"https:\/\/eccoproducts.eu\/wp-content\/uploads\/2023\/09\/ECCO-Border-Flex_BLACK-GREY_P01.jpg","datePublished":"2023-09-07T12:21:26+00:00","dateModified":"2025-07-15T14:28:44+00:00","description":"Este borde flexible es una alternativa econ\u00f3mica a los bordes de madera o metal para crear f\u00e1cilmente un borde moderno.","breadcrumb":{"@id":"https:\/\/eccoproducts.eu\/es\/producto\/eccoborder-flex\/#breadcrumb"},"inLanguage":"es","potentialAction":[{"@type":"ReadAction","target":["https:\/\/eccoproducts.eu\/es\/producto\/eccoborder-flex\/"]}]},{"@type":"ImageObject","inLanguage":"es","@id":"https:\/\/eccoproducts.eu\/es\/producto\/eccoborder-flex\/#primaryimage","url":"https:\/\/eccoproducts.eu\/wp-content\/uploads\/2023\/09\/ECCO-Border-Flex_BLACK-GREY_P01.jpg","contentUrl":"https:\/\/eccoproducts.eu\/wp-content\/uploads\/2023\/09\/ECCO-Border-Flex_BLACK-GREY_P01.jpg","width":6407,"height":4106},{"@type":"BreadcrumbList","@id":"https:\/\/eccoproducts.eu\/es\/producto\/eccoborder-flex\/#breadcrumb","itemListElement":[{"@type":"ListItem","position":1,"name":"Home","item":"https:\/\/eccoproducts.eu\/es\/"},{"@type":"ListItem","position":2,"name":"Productos","item":"https:\/\/eccoproducts.eu\/es\/productos\/"},{"@type":"ListItem","position":3,"name":"ECCOborder Flex"}]},{"@type":"WebSite","@id":"https:\/\/eccoproducts.eu\/es\/#website","url":"https:\/\/eccoproducts.eu\/es\/","name":"ECCO Products","description":"","publisher":{"@id":"https:\/\/eccoproducts.eu\/es\/#organization"},"potentialAction":[{"@type":"SearchAction","target":{"@type":"EntryPoint","urlTemplate":"https:\/\/eccoproducts.eu\/es\/?s={search_term_string}"},"query-input":{"@type":"PropertyValueSpecification","valueRequired":true,"valueName":"search_term_string"}}],"inLanguage":"es"},{"@type":"Organization","@id":"https:\/\/eccoproducts.eu\/es\/#organization","name":"ECCO Products","url":"https:\/\/eccoproducts.eu\/es\/","logo":{"@type":"ImageObject","inLanguage":"es","@id":"https:\/\/eccoproducts.eu\/es\/#\/schema\/logo\/image\/","url":"https:\/\/eccoproducts.eu\/wp-content\/uploads\/2023\/06\/cropped-MicrosoftTeams-image-1.png","contentUrl":"https:\/\/eccoproducts.eu\/wp-content\/uploads\/2023\/06\/cropped-MicrosoftTeams-image-1.png","width":417,"height":71,"caption":"ECCO Products"},"image":{"@id":"https:\/\/eccoproducts.eu\/es\/#\/schema\/logo\/image\/"}}]}},"_links":{"self":[{"href":"https:\/\/eccoproducts.eu\/es\/wp-json\/wp\/v2\/product\/4771","targetHints":{"allow":["GET"]}}],"collection":[{"href":"https:\/\/eccoproducts.eu\/es\/wp-json\/wp\/v2\/product"}],"about":[{"href":"https:\/\/eccoproducts.eu\/es\/wp-json\/wp\/v2\/types\/product"}],"replies":[{"embeddable":true,"href":"https:\/\/eccoproducts.eu\/es\/wp-json\/wp\/v2\/comments?post=4771"}],"wp:featuredmedia":[{"embeddable":true,"href":"https:\/\/eccoproducts.eu\/es\/wp-json\/wp\/v2\/media\/6006"}],"wp:attachment":[{"href":"https:\/\/eccoproducts.eu\/es\/wp-json\/wp\/v2\/media?parent=4771"}],"wp:term":[{"taxonomy":"product_brand","embeddable":true,"href":"https:\/\/eccoproducts.eu\/es\/wp-json\/wp\/v2\/product_brand?post=4771"},{"taxonomy":"product_cat","embeddable":true,"href":"https:\/\/eccoproducts.eu\/es\/wp-json\/wp\/v2\/product_cat?post=4771"},{"taxonomy":"product_tag","embeddable":true,"href":"https:\/\/eccoproducts.eu\/es\/wp-json\/wp\/v2\/product_tag?post=4771"}],"curies":[{"name":"wp","href":"https:\/\/api.w.org\/{rel}","templated":true}]}}