{"id":4821,"date":"2023-02-24T16:12:37","date_gmt":"2023-02-24T15:12:37","guid":{"rendered":"https:\/\/eccoproducts.eu\/?page_id=4821"},"modified":"2023-10-02T09:18:51","modified_gmt":"2023-10-02T07:18:51","slug":"preguntas-sobre-un-producto","status":"publish","type":"page","link":"https:\/\/eccoproducts.eu\/es\/preguntas-sobre-un-producto\/","title":{"rendered":"\u00bfPreguntas sobre un producto?"},"content":{"rendered":"","protected":false},"excerpt":{"rendered":"","protected":false},"author":44,"featured_media":0,"parent":0,"menu_order":0,"comment_status":"closed","ping_status":"closed","template":"","meta":{"_acf_changed":false,"inline_featured_image":false,"footnotes":""},"class_list":["post-4821","page","type-page","status-publish","hentry"],"acf":[],"yoast_head":"<!-- This site is optimized with the Yoast SEO plugin v25.9 - https:\/\/yoast.com\/wordpress\/plugins\/seo\/ -->\n<title>\u00bfPreguntas sobre un producto? - ECCO Products<\/title>\n<meta name=\"description\" content=\"Haga aqu\u00ed todas sus preguntas sobre nuestros productos y nuestro equipo de atenci\u00f3n al cliente le ayudar\u00e1 lo antes posible.\" \/>\n<meta name=\"robots\" content=\"index, follow, max-snippet:-1, max-image-preview:large, max-video-preview:-1\" \/>\n<link rel=\"canonical\" href=\"https:\/\/eccoproducts.eu\/es\/preguntas-sobre-un-producto\/\" \/>\n<meta property=\"og:locale\" content=\"es_ES\" \/>\n<meta property=\"og:type\" content=\"article\" \/>\n<meta property=\"og:title\" content=\"\u00bfPreguntas sobre un producto? - ECCO Products\" \/>\n<meta property=\"og:description\" content=\"Haga aqu\u00ed todas sus preguntas sobre nuestros productos y nuestro equipo de atenci\u00f3n al cliente le ayudar\u00e1 lo antes posible.\" \/>\n<meta property=\"og:url\" content=\"https:\/\/eccoproducts.eu\/es\/preguntas-sobre-un-producto\/\" \/>\n<meta property=\"og:site_name\" content=\"ECCO Products\" \/>\n<meta property=\"article:modified_time\" content=\"2023-10-02T07:18:51+00:00\" \/>\n<meta name=\"twitter:card\" content=\"summary_large_image\" \/>\n<script type=\"application\/ld+json\" class=\"yoast-schema-graph\">{\"@context\":\"https:\/\/schema.org\",\"@graph\":[{\"@type\":\"WebPage\",\"@id\":\"https:\/\/eccoproducts.eu\/es\/preguntas-sobre-un-producto\/\",\"url\":\"https:\/\/eccoproducts.eu\/es\/preguntas-sobre-un-producto\/\",\"name\":\"\u00bfPreguntas sobre un producto? - ECCO Products\",\"isPartOf\":{\"@id\":\"https:\/\/eccoproducts.eu\/es\/#website\"},\"datePublished\":\"2023-02-24T15:12:37+00:00\",\"dateModified\":\"2023-10-02T07:18:51+00:00\",\"description\":\"Haga aqu\u00ed todas sus preguntas sobre nuestros productos y nuestro equipo de atenci\u00f3n al cliente le ayudar\u00e1 lo antes posible.\",\"breadcrumb\":{\"@id\":\"https:\/\/eccoproducts.eu\/es\/preguntas-sobre-un-producto\/#breadcrumb\"},\"inLanguage\":\"es\",\"potentialAction\":[{\"@type\":\"ReadAction\",\"target\":[\"https:\/\/eccoproducts.eu\/es\/preguntas-sobre-un-producto\/\"]}]},{\"@type\":\"BreadcrumbList\",\"@id\":\"https:\/\/eccoproducts.eu\/es\/preguntas-sobre-un-producto\/#breadcrumb\",\"itemListElement\":[{\"@type\":\"ListItem\",\"position\":1,\"name\":\"Home\",\"item\":\"https:\/\/eccoproducts.eu\/es\/\"},{\"@type\":\"ListItem\",\"position\":2,\"name\":\"\u00bfPreguntas sobre un producto?\"}]},{\"@type\":\"WebSite\",\"@id\":\"https:\/\/eccoproducts.eu\/es\/#website\",\"url\":\"https:\/\/eccoproducts.eu\/es\/\",\"name\":\"ECCO Products\",\"description\":\"\",\"publisher\":{\"@id\":\"https:\/\/eccoproducts.eu\/es\/#organization\"},\"potentialAction\":[{\"@type\":\"SearchAction\",\"target\":{\"@type\":\"EntryPoint\",\"urlTemplate\":\"https:\/\/eccoproducts.eu\/es\/?s={search_term_string}\"},\"query-input\":{\"@type\":\"PropertyValueSpecification\",\"valueRequired\":true,\"valueName\":\"search_term_string\"}}],\"inLanguage\":\"es\"},{\"@type\":\"Organization\",\"@id\":\"https:\/\/eccoproducts.eu\/es\/#organization\",\"name\":\"ECCO Products\",\"url\":\"https:\/\/eccoproducts.eu\/es\/\",\"logo\":{\"@type\":\"ImageObject\",\"inLanguage\":\"es\",\"@id\":\"https:\/\/eccoproducts.eu\/es\/#\/schema\/logo\/image\/\",\"url\":\"https:\/\/eccoproducts.eu\/wp-content\/uploads\/2023\/06\/cropped-MicrosoftTeams-image-1.png\",\"contentUrl\":\"https:\/\/eccoproducts.eu\/wp-content\/uploads\/2023\/06\/cropped-MicrosoftTeams-image-1.png\",\"width\":417,\"height\":71,\"caption\":\"ECCO Products\"},\"image\":{\"@id\":\"https:\/\/eccoproducts.eu\/es\/#\/schema\/logo\/image\/\"}}]}<\/script>\n<!-- \/ Yoast SEO plugin. -->","yoast_head_json":{"title":"\u00bfPreguntas sobre un producto? - ECCO Products","description":"Haga aqu\u00ed todas sus preguntas sobre nuestros productos y nuestro equipo de atenci\u00f3n al cliente le ayudar\u00e1 lo antes posible.","robots":{"index":"index","follow":"follow","max-snippet":"max-snippet:-1","max-image-preview":"max-image-preview:large","max-video-preview":"max-video-preview:-1"},"canonical":"https:\/\/eccoproducts.eu\/es\/preguntas-sobre-un-producto\/","og_locale":"es_ES","og_type":"article","og_title":"\u00bfPreguntas sobre un producto? - ECCO Products","og_description":"Haga aqu\u00ed todas sus preguntas sobre nuestros productos y nuestro equipo de atenci\u00f3n al cliente le ayudar\u00e1 lo antes posible.","og_url":"https:\/\/eccoproducts.eu\/es\/preguntas-sobre-un-producto\/","og_site_name":"ECCO Products","article_modified_time":"2023-10-02T07:18:51+00:00","twitter_card":"summary_large_image","schema":{"@context":"https:\/\/schema.org","@graph":[{"@type":"WebPage","@id":"https:\/\/eccoproducts.eu\/es\/preguntas-sobre-un-producto\/","url":"https:\/\/eccoproducts.eu\/es\/preguntas-sobre-un-producto\/","name":"\u00bfPreguntas sobre un producto? - ECCO Products","isPartOf":{"@id":"https:\/\/eccoproducts.eu\/es\/#website"},"datePublished":"2023-02-24T15:12:37+00:00","dateModified":"2023-10-02T07:18:51+00:00","description":"Haga aqu\u00ed todas sus preguntas sobre nuestros productos y nuestro equipo de atenci\u00f3n al cliente le ayudar\u00e1 lo antes posible.","breadcrumb":{"@id":"https:\/\/eccoproducts.eu\/es\/preguntas-sobre-un-producto\/#breadcrumb"},"inLanguage":"es","potentialAction":[{"@type":"ReadAction","target":["https:\/\/eccoproducts.eu\/es\/preguntas-sobre-un-producto\/"]}]},{"@type":"BreadcrumbList","@id":"https:\/\/eccoproducts.eu\/es\/preguntas-sobre-un-producto\/#breadcrumb","itemListElement":[{"@type":"ListItem","position":1,"name":"Home","item":"https:\/\/eccoproducts.eu\/es\/"},{"@type":"ListItem","position":2,"name":"\u00bfPreguntas sobre un producto?"}]},{"@type":"WebSite","@id":"https:\/\/eccoproducts.eu\/es\/#website","url":"https:\/\/eccoproducts.eu\/es\/","name":"ECCO Products","description":"","publisher":{"@id":"https:\/\/eccoproducts.eu\/es\/#organization"},"potentialAction":[{"@type":"SearchAction","target":{"@type":"EntryPoint","urlTemplate":"https:\/\/eccoproducts.eu\/es\/?s={search_term_string}"},"query-input":{"@type":"PropertyValueSpecification","valueRequired":true,"valueName":"search_term_string"}}],"inLanguage":"es"},{"@type":"Organization","@id":"https:\/\/eccoproducts.eu\/es\/#organization","name":"ECCO Products","url":"https:\/\/eccoproducts.eu\/es\/","logo":{"@type":"ImageObject","inLanguage":"es","@id":"https:\/\/eccoproducts.eu\/es\/#\/schema\/logo\/image\/","url":"https:\/\/eccoproducts.eu\/wp-content\/uploads\/2023\/06\/cropped-MicrosoftTeams-image-1.png","contentUrl":"https:\/\/eccoproducts.eu\/wp-content\/uploads\/2023\/06\/cropped-MicrosoftTeams-image-1.png","width":417,"height":71,"caption":"ECCO Products"},"image":{"@id":"https:\/\/eccoproducts.eu\/es\/#\/schema\/logo\/image\/"}}]}},"_links":{"self":[{"href":"https:\/\/eccoproducts.eu\/es\/wp-json\/wp\/v2\/pages\/4821","targetHints":{"allow":["GET"]}}],"collection":[{"href":"https:\/\/eccoproducts.eu\/es\/wp-json\/wp\/v2\/pages"}],"about":[{"href":"https:\/\/eccoproducts.eu\/es\/wp-json\/wp\/v2\/types\/page"}],"author":[{"embeddable":true,"href":"https:\/\/eccoproducts.eu\/es\/wp-json\/wp\/v2\/users\/44"}],"replies":[{"embeddable":true,"href":"https:\/\/eccoproducts.eu\/es\/wp-json\/wp\/v2\/comments?post=4821"}],"version-history":[{"count":0,"href":"https:\/\/eccoproducts.eu\/es\/wp-json\/wp\/v2\/pages\/4821\/revisions"}],"wp:attachment":[{"href":"https:\/\/eccoproducts.eu\/es\/wp-json\/wp\/v2\/media?parent=4821"}],"curies":[{"name":"wp","href":"https:\/\/api.w.org\/{rel}","templated":true}]}}