{"id":9056,"date":"2024-11-08T13:45:56","date_gmt":"2024-11-08T12:45:56","guid":{"rendered":"https:\/\/eccoproducts.eu\/?post_type=product&#038;p=9056"},"modified":"2025-07-10T10:02:44","modified_gmt":"2025-07-10T08:02:44","slug":"core-datum-edge","status":"publish","type":"product","link":"https:\/\/eccoproducts.eu\/de\/produkt\/core-datum-edge\/","title":{"rendered":"Core Datum Edge"},"content":{"rendered":"","protected":false},"excerpt":{"rendered":"<p>Der Core Datum Edge ist die perfekte L\u00f6sung f\u00fcr schwere Randbefestigung. Diese robuste Einfassung wurde speziell f\u00fcr kommerzielle Landschaftsbauprojekte entwickelt und orientiert sich an den Bed\u00fcrfnissen von Landschaftsg\u00e4rtnern. Dar\u00fcber hinaus ist diese Einfassung sowohl f\u00fcr das Anlegen von Ecken als auch f\u00fcr gerade und gebogene Linien geeignet. Die einzigartigen Eigenschaften machen diese Einfassung ideal f\u00fcr schwierige Bodenverh\u00e4ltnisse und anspruchsvolle Umgebungen.<\/p>\n","protected":false},"featured_media":9001,"comment_status":"open","ping_status":"closed","template":"","meta":{"_acf_changed":false,"inline_featured_image":false},"product_brand":[],"product_cat":[125],"product_tag":[],"class_list":{"0":"post-9056","1":"product","2":"type-product","3":"status-publish","4":"has-post-thumbnail","6":"product_cat-einfassungen","8":"first","9":"instock","10":"shipping-taxable","11":"product-type-simple"},"acf":[],"yoast_head":"<!-- This site is optimized with the Yoast SEO plugin v25.9 - https:\/\/yoast.com\/wordpress\/plugins\/seo\/ -->\n<title>Core Datum Edge - ECCO Products<\/title>\n<meta name=\"description\" content=\"Der Core Datum Edge ist die Einfassung f\u00fcr robuste Randbefestigung und wurde unter Ber\u00fccksichtigung der Bed\u00fcrfnisse von Landschaftsg\u00e4rtnern entwickelt.\" \/>\n<meta name=\"robots\" content=\"index, follow, max-snippet:-1, max-image-preview:large, max-video-preview:-1\" \/>\n<link rel=\"canonical\" href=\"https:\/\/eccoproducts.eu\/de\/produkt\/core-datum-edge\/\" \/>\n<meta property=\"og:locale\" content=\"de_DE\" \/>\n<meta property=\"og:type\" content=\"article\" \/>\n<meta property=\"og:title\" content=\"Core Datum Edge - ECCO Products\" \/>\n<meta property=\"og:description\" content=\"Der Core Datum Edge ist die Einfassung f\u00fcr robuste Randbefestigung und wurde unter Ber\u00fccksichtigung der Bed\u00fcrfnisse von Landschaftsg\u00e4rtnern entwickelt.\" \/>\n<meta property=\"og:url\" content=\"https:\/\/eccoproducts.eu\/de\/produkt\/core-datum-edge\/\" \/>\n<meta property=\"og:site_name\" content=\"ECCO Products\" \/>\n<meta property=\"article:modified_time\" content=\"2025-07-10T08:02:44+00:00\" \/>\n<meta property=\"og:image\" content=\"https:\/\/eccoproducts.eu\/wp-content\/uploads\/2024\/11\/Core-Datum-Edge4_600x450.jpg\" \/>\n\t<meta property=\"og:image:width\" content=\"600\" \/>\n\t<meta property=\"og:image:height\" content=\"450\" \/>\n\t<meta property=\"og:image:type\" content=\"image\/jpeg\" \/>\n<meta name=\"twitter:card\" content=\"summary_large_image\" \/>\n<meta name=\"twitter:label1\" content=\"Gesch\u00e4tzte Lesezeit\" \/>\n\t<meta name=\"twitter:data1\" content=\"1\u00a0Minute\" \/>\n<script type=\"application\/ld+json\" class=\"yoast-schema-graph\">{\"@context\":\"https:\/\/schema.org\",\"@graph\":[{\"@type\":\"WebPage\",\"@id\":\"https:\/\/eccoproducts.eu\/de\/produkt\/core-datum-edge\/\",\"url\":\"https:\/\/eccoproducts.eu\/de\/produkt\/core-datum-edge\/\",\"name\":\"Core Datum Edge - ECCO Products\",\"isPartOf\":{\"@id\":\"https:\/\/eccoproducts.eu\/de\/#website\"},\"primaryImageOfPage\":{\"@id\":\"https:\/\/eccoproducts.eu\/de\/produkt\/core-datum-edge\/#primaryimage\"},\"image\":{\"@id\":\"https:\/\/eccoproducts.eu\/de\/produkt\/core-datum-edge\/#primaryimage\"},\"thumbnailUrl\":\"https:\/\/eccoproducts.eu\/wp-content\/uploads\/2024\/11\/Core-Datum-Edge4_600x450.jpg\",\"datePublished\":\"2024-11-08T12:45:56+00:00\",\"dateModified\":\"2025-07-10T08:02:44+00:00\",\"description\":\"Der Core Datum Edge ist die Einfassung f\u00fcr robuste Randbefestigung und wurde unter Ber\u00fccksichtigung der Bed\u00fcrfnisse von Landschaftsg\u00e4rtnern entwickelt.\",\"breadcrumb\":{\"@id\":\"https:\/\/eccoproducts.eu\/de\/produkt\/core-datum-edge\/#breadcrumb\"},\"inLanguage\":\"de\",\"potentialAction\":[{\"@type\":\"ReadAction\",\"target\":[\"https:\/\/eccoproducts.eu\/de\/produkt\/core-datum-edge\/\"]}]},{\"@type\":\"ImageObject\",\"inLanguage\":\"de\",\"@id\":\"https:\/\/eccoproducts.eu\/de\/produkt\/core-datum-edge\/#primaryimage\",\"url\":\"https:\/\/eccoproducts.eu\/wp-content\/uploads\/2024\/11\/Core-Datum-Edge4_600x450.jpg\",\"contentUrl\":\"https:\/\/eccoproducts.eu\/wp-content\/uploads\/2024\/11\/Core-Datum-Edge4_600x450.jpg\",\"width\":600,\"height\":450},{\"@type\":\"BreadcrumbList\",\"@id\":\"https:\/\/eccoproducts.eu\/de\/produkt\/core-datum-edge\/#breadcrumb\",\"itemListElement\":[{\"@type\":\"ListItem\",\"position\":1,\"name\":\"Home\",\"item\":\"https:\/\/eccoproducts.eu\/de\/\"},{\"@type\":\"ListItem\",\"position\":2,\"name\":\"Produkte\",\"item\":\"https:\/\/eccoproducts.eu\/de\/produkt\/\"},{\"@type\":\"ListItem\",\"position\":3,\"name\":\"Core Datum Edge\"}]},{\"@type\":\"WebSite\",\"@id\":\"https:\/\/eccoproducts.eu\/de\/#website\",\"url\":\"https:\/\/eccoproducts.eu\/de\/\",\"name\":\"ECCO Products\",\"description\":\"\",\"publisher\":{\"@id\":\"https:\/\/eccoproducts.eu\/de\/#organization\"},\"potentialAction\":[{\"@type\":\"SearchAction\",\"target\":{\"@type\":\"EntryPoint\",\"urlTemplate\":\"https:\/\/eccoproducts.eu\/de\/?s={search_term_string}\"},\"query-input\":{\"@type\":\"PropertyValueSpecification\",\"valueRequired\":true,\"valueName\":\"search_term_string\"}}],\"inLanguage\":\"de\"},{\"@type\":\"Organization\",\"@id\":\"https:\/\/eccoproducts.eu\/de\/#organization\",\"name\":\"ECCO Products\",\"url\":\"https:\/\/eccoproducts.eu\/de\/\",\"logo\":{\"@type\":\"ImageObject\",\"inLanguage\":\"de\",\"@id\":\"https:\/\/eccoproducts.eu\/de\/#\/schema\/logo\/image\/\",\"url\":\"https:\/\/eccoproducts.eu\/wp-content\/uploads\/2023\/06\/cropped-MicrosoftTeams-image-1.png\",\"contentUrl\":\"https:\/\/eccoproducts.eu\/wp-content\/uploads\/2023\/06\/cropped-MicrosoftTeams-image-1.png\",\"width\":417,\"height\":71,\"caption\":\"ECCO Products\"},\"image\":{\"@id\":\"https:\/\/eccoproducts.eu\/de\/#\/schema\/logo\/image\/\"}}]}<\/script>\n<!-- \/ Yoast SEO plugin. -->","yoast_head_json":{"title":"Core Datum Edge - ECCO Products","description":"Der Core Datum Edge ist die Einfassung f\u00fcr robuste Randbefestigung und wurde unter Ber\u00fccksichtigung der Bed\u00fcrfnisse von Landschaftsg\u00e4rtnern entwickelt.","robots":{"index":"index","follow":"follow","max-snippet":"max-snippet:-1","max-image-preview":"max-image-preview:large","max-video-preview":"max-video-preview:-1"},"canonical":"https:\/\/eccoproducts.eu\/de\/produkt\/core-datum-edge\/","og_locale":"de_DE","og_type":"article","og_title":"Core Datum Edge - ECCO Products","og_description":"Der Core Datum Edge ist die Einfassung f\u00fcr robuste Randbefestigung und wurde unter Ber\u00fccksichtigung der Bed\u00fcrfnisse von Landschaftsg\u00e4rtnern entwickelt.","og_url":"https:\/\/eccoproducts.eu\/de\/produkt\/core-datum-edge\/","og_site_name":"ECCO Products","article_modified_time":"2025-07-10T08:02:44+00:00","og_image":[{"width":600,"height":450,"url":"https:\/\/eccoproducts.eu\/wp-content\/uploads\/2024\/11\/Core-Datum-Edge4_600x450.jpg","type":"image\/jpeg"}],"twitter_card":"summary_large_image","twitter_misc":{"Gesch\u00e4tzte Lesezeit":"1\u00a0Minute"},"schema":{"@context":"https:\/\/schema.org","@graph":[{"@type":"WebPage","@id":"https:\/\/eccoproducts.eu\/de\/produkt\/core-datum-edge\/","url":"https:\/\/eccoproducts.eu\/de\/produkt\/core-datum-edge\/","name":"Core Datum Edge - ECCO Products","isPartOf":{"@id":"https:\/\/eccoproducts.eu\/de\/#website"},"primaryImageOfPage":{"@id":"https:\/\/eccoproducts.eu\/de\/produkt\/core-datum-edge\/#primaryimage"},"image":{"@id":"https:\/\/eccoproducts.eu\/de\/produkt\/core-datum-edge\/#primaryimage"},"thumbnailUrl":"https:\/\/eccoproducts.eu\/wp-content\/uploads\/2024\/11\/Core-Datum-Edge4_600x450.jpg","datePublished":"2024-11-08T12:45:56+00:00","dateModified":"2025-07-10T08:02:44+00:00","description":"Der Core Datum Edge ist die Einfassung f\u00fcr robuste Randbefestigung und wurde unter Ber\u00fccksichtigung der Bed\u00fcrfnisse von Landschaftsg\u00e4rtnern entwickelt.","breadcrumb":{"@id":"https:\/\/eccoproducts.eu\/de\/produkt\/core-datum-edge\/#breadcrumb"},"inLanguage":"de","potentialAction":[{"@type":"ReadAction","target":["https:\/\/eccoproducts.eu\/de\/produkt\/core-datum-edge\/"]}]},{"@type":"ImageObject","inLanguage":"de","@id":"https:\/\/eccoproducts.eu\/de\/produkt\/core-datum-edge\/#primaryimage","url":"https:\/\/eccoproducts.eu\/wp-content\/uploads\/2024\/11\/Core-Datum-Edge4_600x450.jpg","contentUrl":"https:\/\/eccoproducts.eu\/wp-content\/uploads\/2024\/11\/Core-Datum-Edge4_600x450.jpg","width":600,"height":450},{"@type":"BreadcrumbList","@id":"https:\/\/eccoproducts.eu\/de\/produkt\/core-datum-edge\/#breadcrumb","itemListElement":[{"@type":"ListItem","position":1,"name":"Home","item":"https:\/\/eccoproducts.eu\/de\/"},{"@type":"ListItem","position":2,"name":"Produkte","item":"https:\/\/eccoproducts.eu\/de\/produkt\/"},{"@type":"ListItem","position":3,"name":"Core Datum Edge"}]},{"@type":"WebSite","@id":"https:\/\/eccoproducts.eu\/de\/#website","url":"https:\/\/eccoproducts.eu\/de\/","name":"ECCO Products","description":"","publisher":{"@id":"https:\/\/eccoproducts.eu\/de\/#organization"},"potentialAction":[{"@type":"SearchAction","target":{"@type":"EntryPoint","urlTemplate":"https:\/\/eccoproducts.eu\/de\/?s={search_term_string}"},"query-input":{"@type":"PropertyValueSpecification","valueRequired":true,"valueName":"search_term_string"}}],"inLanguage":"de"},{"@type":"Organization","@id":"https:\/\/eccoproducts.eu\/de\/#organization","name":"ECCO Products","url":"https:\/\/eccoproducts.eu\/de\/","logo":{"@type":"ImageObject","inLanguage":"de","@id":"https:\/\/eccoproducts.eu\/de\/#\/schema\/logo\/image\/","url":"https:\/\/eccoproducts.eu\/wp-content\/uploads\/2023\/06\/cropped-MicrosoftTeams-image-1.png","contentUrl":"https:\/\/eccoproducts.eu\/wp-content\/uploads\/2023\/06\/cropped-MicrosoftTeams-image-1.png","width":417,"height":71,"caption":"ECCO Products"},"image":{"@id":"https:\/\/eccoproducts.eu\/de\/#\/schema\/logo\/image\/"}}]}},"_links":{"self":[{"href":"https:\/\/eccoproducts.eu\/de\/wp-json\/wp\/v2\/product\/9056","targetHints":{"allow":["GET"]}}],"collection":[{"href":"https:\/\/eccoproducts.eu\/de\/wp-json\/wp\/v2\/product"}],"about":[{"href":"https:\/\/eccoproducts.eu\/de\/wp-json\/wp\/v2\/types\/product"}],"replies":[{"embeddable":true,"href":"https:\/\/eccoproducts.eu\/de\/wp-json\/wp\/v2\/comments?post=9056"}],"wp:featuredmedia":[{"embeddable":true,"href":"https:\/\/eccoproducts.eu\/de\/wp-json\/wp\/v2\/media\/9001"}],"wp:attachment":[{"href":"https:\/\/eccoproducts.eu\/de\/wp-json\/wp\/v2\/media?parent=9056"}],"wp:term":[{"taxonomy":"product_brand","embeddable":true,"href":"https:\/\/eccoproducts.eu\/de\/wp-json\/wp\/v2\/product_brand?post=9056"},{"taxonomy":"product_cat","embeddable":true,"href":"https:\/\/eccoproducts.eu\/de\/wp-json\/wp\/v2\/product_cat?post=9056"},{"taxonomy":"product_tag","embeddable":true,"href":"https:\/\/eccoproducts.eu\/de\/wp-json\/wp\/v2\/product_tag?post=9056"}],"curies":[{"name":"wp","href":"https:\/\/api.w.org\/{rel}","templated":true}]}}