{"id":3477,"date":"2023-03-13T15:39:56","date_gmt":"2023-03-13T14:39:56","guid":{"rendered":"https:\/\/eccoproducts.eu\/producten\/eccodal-markierungskappen\/"},"modified":"2023-12-07T16:24:41","modified_gmt":"2023-12-07T15:24:41","slug":"eccodal-markierungskappen","status":"publish","type":"product","link":"https:\/\/eccoproducts.eu\/de\/produkt\/eccodal-markierungskappen\/","title":{"rendered":"ECCOdal Markierungskappen"},"content":{"rendered":"","protected":false},"excerpt":{"rendered":"<p>Die L\u00f6sung f\u00fcr die Abgrenzung von Parkpl\u00e4tzen! Unsere innovativen Markierungskappen wurden speziell f\u00fcr die Markierung in Kombination mit Rasengittern entwickelt und bieten eine einfache und effektive M\u00f6glichkeit zur Abgrenzung von Parkpl\u00e4tzen. Mit den vertikalen Rippen bieten unsere Marker einen festen Griff und behalten sie perfekt ihren Platz.<\/p>\n","protected":false},"featured_media":1722,"comment_status":"open","ping_status":"closed","template":"","meta":{"_acf_changed":false,"inline_featured_image":false},"product_brand":[],"product_cat":[127],"product_tag":[],"class_list":{"0":"post-3477","1":"product","2":"type-product","3":"status-publish","4":"has-post-thumbnail","6":"product_cat-zubehoer","8":"first","9":"instock","10":"shipping-taxable","11":"product-type-simple"},"acf":[],"yoast_head":"<!-- This site is optimized with the Yoast SEO plugin v25.9 - https:\/\/yoast.com\/wordpress\/plugins\/seo\/ -->\n<title>ECCOdal Markierungskappen - ECCO Products<\/title>\n<meta name=\"robots\" content=\"index, follow, max-snippet:-1, max-image-preview:large, max-video-preview:-1\" \/>\n<link rel=\"canonical\" href=\"https:\/\/eccoproducts.eu\/de\/produkt\/eccodal-markierungskappen\/\" \/>\n<meta property=\"og:locale\" content=\"de_DE\" \/>\n<meta property=\"og:type\" content=\"article\" \/>\n<meta property=\"og:title\" content=\"ECCOdal Markierungskappen - ECCO Products\" \/>\n<meta property=\"og:description\" content=\"Die L\u00f6sung f\u00fcr die Abgrenzung von Parkpl\u00e4tzen! Unsere innovativen Markierungskappen wurden speziell f\u00fcr die Markierung in Kombination mit Rasengittern entwickelt und bieten eine einfache und effektive M\u00f6glichkeit zur Abgrenzung von Parkpl\u00e4tzen. Mit den vertikalen Rippen bieten unsere Marker einen festen Griff und behalten sie perfekt ihren Platz.\" \/>\n<meta property=\"og:url\" content=\"https:\/\/eccoproducts.eu\/de\/produkt\/eccodal-markierungskappen\/\" \/>\n<meta property=\"og:site_name\" content=\"ECCO Products\" \/>\n<meta property=\"article:modified_time\" content=\"2023-12-07T15:24:41+00:00\" \/>\n<meta property=\"og:image\" content=\"https:\/\/eccoproducts.eu\/wp-content\/uploads\/2023\/03\/ECCOmarkers_dal_2_1200x900.jpg\" \/>\n\t<meta property=\"og:image:width\" content=\"1200\" \/>\n\t<meta property=\"og:image:height\" content=\"900\" \/>\n\t<meta property=\"og:image:type\" content=\"image\/jpeg\" \/>\n<meta name=\"twitter:card\" content=\"summary_large_image\" \/>\n<script type=\"application\/ld+json\" class=\"yoast-schema-graph\">{\"@context\":\"https:\/\/schema.org\",\"@graph\":[{\"@type\":\"WebPage\",\"@id\":\"https:\/\/eccoproducts.eu\/de\/produkt\/eccodal-markierungskappen\/\",\"url\":\"https:\/\/eccoproducts.eu\/de\/produkt\/eccodal-markierungskappen\/\",\"name\":\"ECCOdal Markierungskappen - ECCO Products\",\"isPartOf\":{\"@id\":\"https:\/\/eccoproducts.eu\/de\/#website\"},\"primaryImageOfPage\":{\"@id\":\"https:\/\/eccoproducts.eu\/de\/produkt\/eccodal-markierungskappen\/#primaryimage\"},\"image\":{\"@id\":\"https:\/\/eccoproducts.eu\/de\/produkt\/eccodal-markierungskappen\/#primaryimage\"},\"thumbnailUrl\":\"https:\/\/eccoproducts.eu\/wp-content\/uploads\/2023\/03\/ECCOmarkers_dal_2_1200x900.jpg\",\"datePublished\":\"2023-03-13T14:39:56+00:00\",\"dateModified\":\"2023-12-07T15:24:41+00:00\",\"breadcrumb\":{\"@id\":\"https:\/\/eccoproducts.eu\/de\/produkt\/eccodal-markierungskappen\/#breadcrumb\"},\"inLanguage\":\"de\",\"potentialAction\":[{\"@type\":\"ReadAction\",\"target\":[\"https:\/\/eccoproducts.eu\/de\/produkt\/eccodal-markierungskappen\/\"]}]},{\"@type\":\"ImageObject\",\"inLanguage\":\"de\",\"@id\":\"https:\/\/eccoproducts.eu\/de\/produkt\/eccodal-markierungskappen\/#primaryimage\",\"url\":\"https:\/\/eccoproducts.eu\/wp-content\/uploads\/2023\/03\/ECCOmarkers_dal_2_1200x900.jpg\",\"contentUrl\":\"https:\/\/eccoproducts.eu\/wp-content\/uploads\/2023\/03\/ECCOmarkers_dal_2_1200x900.jpg\",\"width\":1200,\"height\":900},{\"@type\":\"BreadcrumbList\",\"@id\":\"https:\/\/eccoproducts.eu\/de\/produkt\/eccodal-markierungskappen\/#breadcrumb\",\"itemListElement\":[{\"@type\":\"ListItem\",\"position\":1,\"name\":\"Home\",\"item\":\"https:\/\/eccoproducts.eu\/de\/\"},{\"@type\":\"ListItem\",\"position\":2,\"name\":\"Produkte\",\"item\":\"https:\/\/eccoproducts.eu\/de\/produkt\/\"},{\"@type\":\"ListItem\",\"position\":3,\"name\":\"ECCOdal Markierungskappen\"}]},{\"@type\":\"WebSite\",\"@id\":\"https:\/\/eccoproducts.eu\/de\/#website\",\"url\":\"https:\/\/eccoproducts.eu\/de\/\",\"name\":\"ECCO Products\",\"description\":\"\",\"publisher\":{\"@id\":\"https:\/\/eccoproducts.eu\/de\/#organization\"},\"potentialAction\":[{\"@type\":\"SearchAction\",\"target\":{\"@type\":\"EntryPoint\",\"urlTemplate\":\"https:\/\/eccoproducts.eu\/de\/?s={search_term_string}\"},\"query-input\":{\"@type\":\"PropertyValueSpecification\",\"valueRequired\":true,\"valueName\":\"search_term_string\"}}],\"inLanguage\":\"de\"},{\"@type\":\"Organization\",\"@id\":\"https:\/\/eccoproducts.eu\/de\/#organization\",\"name\":\"ECCO Products\",\"url\":\"https:\/\/eccoproducts.eu\/de\/\",\"logo\":{\"@type\":\"ImageObject\",\"inLanguage\":\"de\",\"@id\":\"https:\/\/eccoproducts.eu\/de\/#\/schema\/logo\/image\/\",\"url\":\"https:\/\/eccoproducts.eu\/wp-content\/uploads\/2023\/06\/cropped-MicrosoftTeams-image-1.png\",\"contentUrl\":\"https:\/\/eccoproducts.eu\/wp-content\/uploads\/2023\/06\/cropped-MicrosoftTeams-image-1.png\",\"width\":417,\"height\":71,\"caption\":\"ECCO Products\"},\"image\":{\"@id\":\"https:\/\/eccoproducts.eu\/de\/#\/schema\/logo\/image\/\"}}]}<\/script>\n<!-- \/ Yoast SEO plugin. -->","yoast_head_json":{"title":"ECCOdal Markierungskappen - ECCO Products","robots":{"index":"index","follow":"follow","max-snippet":"max-snippet:-1","max-image-preview":"max-image-preview:large","max-video-preview":"max-video-preview:-1"},"canonical":"https:\/\/eccoproducts.eu\/de\/produkt\/eccodal-markierungskappen\/","og_locale":"de_DE","og_type":"article","og_title":"ECCOdal Markierungskappen - ECCO Products","og_description":"Die L\u00f6sung f\u00fcr die Abgrenzung von Parkpl\u00e4tzen! Unsere innovativen Markierungskappen wurden speziell f\u00fcr die Markierung in Kombination mit Rasengittern entwickelt und bieten eine einfache und effektive M\u00f6glichkeit zur Abgrenzung von Parkpl\u00e4tzen. Mit den vertikalen Rippen bieten unsere Marker einen festen Griff und behalten sie perfekt ihren Platz.","og_url":"https:\/\/eccoproducts.eu\/de\/produkt\/eccodal-markierungskappen\/","og_site_name":"ECCO Products","article_modified_time":"2023-12-07T15:24:41+00:00","og_image":[{"width":1200,"height":900,"url":"https:\/\/eccoproducts.eu\/wp-content\/uploads\/2023\/03\/ECCOmarkers_dal_2_1200x900.jpg","type":"image\/jpeg"}],"twitter_card":"summary_large_image","schema":{"@context":"https:\/\/schema.org","@graph":[{"@type":"WebPage","@id":"https:\/\/eccoproducts.eu\/de\/produkt\/eccodal-markierungskappen\/","url":"https:\/\/eccoproducts.eu\/de\/produkt\/eccodal-markierungskappen\/","name":"ECCOdal Markierungskappen - ECCO Products","isPartOf":{"@id":"https:\/\/eccoproducts.eu\/de\/#website"},"primaryImageOfPage":{"@id":"https:\/\/eccoproducts.eu\/de\/produkt\/eccodal-markierungskappen\/#primaryimage"},"image":{"@id":"https:\/\/eccoproducts.eu\/de\/produkt\/eccodal-markierungskappen\/#primaryimage"},"thumbnailUrl":"https:\/\/eccoproducts.eu\/wp-content\/uploads\/2023\/03\/ECCOmarkers_dal_2_1200x900.jpg","datePublished":"2023-03-13T14:39:56+00:00","dateModified":"2023-12-07T15:24:41+00:00","breadcrumb":{"@id":"https:\/\/eccoproducts.eu\/de\/produkt\/eccodal-markierungskappen\/#breadcrumb"},"inLanguage":"de","potentialAction":[{"@type":"ReadAction","target":["https:\/\/eccoproducts.eu\/de\/produkt\/eccodal-markierungskappen\/"]}]},{"@type":"ImageObject","inLanguage":"de","@id":"https:\/\/eccoproducts.eu\/de\/produkt\/eccodal-markierungskappen\/#primaryimage","url":"https:\/\/eccoproducts.eu\/wp-content\/uploads\/2023\/03\/ECCOmarkers_dal_2_1200x900.jpg","contentUrl":"https:\/\/eccoproducts.eu\/wp-content\/uploads\/2023\/03\/ECCOmarkers_dal_2_1200x900.jpg","width":1200,"height":900},{"@type":"BreadcrumbList","@id":"https:\/\/eccoproducts.eu\/de\/produkt\/eccodal-markierungskappen\/#breadcrumb","itemListElement":[{"@type":"ListItem","position":1,"name":"Home","item":"https:\/\/eccoproducts.eu\/de\/"},{"@type":"ListItem","position":2,"name":"Produkte","item":"https:\/\/eccoproducts.eu\/de\/produkt\/"},{"@type":"ListItem","position":3,"name":"ECCOdal Markierungskappen"}]},{"@type":"WebSite","@id":"https:\/\/eccoproducts.eu\/de\/#website","url":"https:\/\/eccoproducts.eu\/de\/","name":"ECCO Products","description":"","publisher":{"@id":"https:\/\/eccoproducts.eu\/de\/#organization"},"potentialAction":[{"@type":"SearchAction","target":{"@type":"EntryPoint","urlTemplate":"https:\/\/eccoproducts.eu\/de\/?s={search_term_string}"},"query-input":{"@type":"PropertyValueSpecification","valueRequired":true,"valueName":"search_term_string"}}],"inLanguage":"de"},{"@type":"Organization","@id":"https:\/\/eccoproducts.eu\/de\/#organization","name":"ECCO Products","url":"https:\/\/eccoproducts.eu\/de\/","logo":{"@type":"ImageObject","inLanguage":"de","@id":"https:\/\/eccoproducts.eu\/de\/#\/schema\/logo\/image\/","url":"https:\/\/eccoproducts.eu\/wp-content\/uploads\/2023\/06\/cropped-MicrosoftTeams-image-1.png","contentUrl":"https:\/\/eccoproducts.eu\/wp-content\/uploads\/2023\/06\/cropped-MicrosoftTeams-image-1.png","width":417,"height":71,"caption":"ECCO Products"},"image":{"@id":"https:\/\/eccoproducts.eu\/de\/#\/schema\/logo\/image\/"}}]}},"_links":{"self":[{"href":"https:\/\/eccoproducts.eu\/de\/wp-json\/wp\/v2\/product\/3477","targetHints":{"allow":["GET"]}}],"collection":[{"href":"https:\/\/eccoproducts.eu\/de\/wp-json\/wp\/v2\/product"}],"about":[{"href":"https:\/\/eccoproducts.eu\/de\/wp-json\/wp\/v2\/types\/product"}],"replies":[{"embeddable":true,"href":"https:\/\/eccoproducts.eu\/de\/wp-json\/wp\/v2\/comments?post=3477"}],"wp:featuredmedia":[{"embeddable":true,"href":"https:\/\/eccoproducts.eu\/de\/wp-json\/wp\/v2\/media\/1722"}],"wp:attachment":[{"href":"https:\/\/eccoproducts.eu\/de\/wp-json\/wp\/v2\/media?parent=3477"}],"wp:term":[{"taxonomy":"product_brand","embeddable":true,"href":"https:\/\/eccoproducts.eu\/de\/wp-json\/wp\/v2\/product_brand?post=3477"},{"taxonomy":"product_cat","embeddable":true,"href":"https:\/\/eccoproducts.eu\/de\/wp-json\/wp\/v2\/product_cat?post=3477"},{"taxonomy":"product_tag","embeddable":true,"href":"https:\/\/eccoproducts.eu\/de\/wp-json\/wp\/v2\/product_tag?post=3477"}],"curies":[{"name":"wp","href":"https:\/\/api.w.org\/{rel}","templated":true}]}}