{"id":3472,"date":"2023-03-13T16:28:33","date_gmt":"2023-03-13T15:28:33","guid":{"rendered":"https:\/\/eccoproducts.eu\/producten\/eccoborders-easyfix-cs\/"},"modified":"2026-01-02T16:35:56","modified_gmt":"2026-01-02T15:35:56","slug":"easyfix-cs","status":"publish","type":"product","link":"https:\/\/eccoproducts.eu\/de\/produkt\/easyfix-cs\/","title":{"rendered":"Easyfix CS"},"content":{"rendered":"","protected":false},"excerpt":{"rendered":"<p><strong>Easyfix CS<\/strong> (Custom Shape) ist eine einfach zu installierende Einfassung mit zahlreichen Einsatzm\u00f6glichkeiten. Dar\u00fcber hinaus ist die Einfassung in zwei Ausf\u00fchrungen erh\u00e4ltlich: <strong data-start=\"543\" data-end=\"579\">Cortenstahl und verzinkter Stahl<\/strong>.<br \/>\n<br data-start=\"580\" data-end=\"583\" \/>Der (Custom Shape) \u00dferst <strong>biegsam<\/strong> und an alle m\u00f6glichen Formen in Ihrem Projekt anpassbar.<\/p>\n","protected":false},"featured_media":1428,"comment_status":"open","ping_status":"closed","template":"","meta":{"_acf_changed":false,"inline_featured_image":false},"product_brand":[],"product_cat":[125],"product_tag":[],"class_list":{"0":"post-3472","1":"product","2":"type-product","3":"status-publish","4":"has-post-thumbnail","6":"product_cat-einfassungen","8":"first","9":"instock","10":"shipping-taxable","11":"product-type-simple"},"acf":[],"yoast_head":"<!-- This site is optimized with the Yoast SEO plugin v25.9 - https:\/\/yoast.com\/wordpress\/plugins\/seo\/ -->\n<title>Easyfix CS - ECCO Products<\/title>\n<meta name=\"description\" content=\"Easyfix CS ist eine schnell und einfach zu installierende Einfassung aus Cortenstahl oder verzinktem Stahl, geeignet f\u00fcr vielf\u00e4ltige Anwendungen.\" \/>\n<meta name=\"robots\" content=\"index, follow, max-snippet:-1, max-image-preview:large, max-video-preview:-1\" \/>\n<link rel=\"canonical\" href=\"https:\/\/eccoproducts.eu\/de\/produkt\/easyfix-cs\/\" \/>\n<meta property=\"og:locale\" content=\"de_DE\" \/>\n<meta property=\"og:type\" content=\"article\" \/>\n<meta property=\"og:title\" content=\"Easyfix CS - ECCO Products\" \/>\n<meta property=\"og:description\" content=\"Easyfix CS ist eine schnell und einfach zu installierende Einfassung aus Cortenstahl oder verzinktem Stahl, geeignet f\u00fcr vielf\u00e4ltige Anwendungen.\" \/>\n<meta property=\"og:url\" content=\"https:\/\/eccoproducts.eu\/de\/produkt\/easyfix-cs\/\" \/>\n<meta property=\"og:site_name\" content=\"ECCO Products\" \/>\n<meta property=\"article:modified_time\" content=\"2026-01-02T15:35:56+00:00\" \/>\n<meta property=\"og:image\" content=\"https:\/\/eccoproducts.eu\/wp-content\/uploads\/2023\/03\/ECCOBorders_Easyfix-CS_6_1200x900.jpg\" \/>\n\t<meta property=\"og:image:width\" content=\"1200\" \/>\n\t<meta property=\"og:image:height\" content=\"900\" \/>\n\t<meta property=\"og:image:type\" content=\"image\/jpeg\" \/>\n<meta name=\"twitter:card\" content=\"summary_large_image\" \/>\n<meta name=\"twitter:label1\" content=\"Gesch\u00e4tzte Lesezeit\" \/>\n\t<meta name=\"twitter:data1\" content=\"1\u00a0Minute\" \/>\n<script type=\"application\/ld+json\" class=\"yoast-schema-graph\">{\"@context\":\"https:\/\/schema.org\",\"@graph\":[{\"@type\":\"WebPage\",\"@id\":\"https:\/\/eccoproducts.eu\/de\/produkt\/easyfix-cs\/\",\"url\":\"https:\/\/eccoproducts.eu\/de\/produkt\/easyfix-cs\/\",\"name\":\"Easyfix CS - ECCO Products\",\"isPartOf\":{\"@id\":\"https:\/\/eccoproducts.eu\/de\/#website\"},\"primaryImageOfPage\":{\"@id\":\"https:\/\/eccoproducts.eu\/de\/produkt\/easyfix-cs\/#primaryimage\"},\"image\":{\"@id\":\"https:\/\/eccoproducts.eu\/de\/produkt\/easyfix-cs\/#primaryimage\"},\"thumbnailUrl\":\"https:\/\/eccoproducts.eu\/wp-content\/uploads\/2023\/03\/ECCOBorders_Easyfix-CS_6_1200x900.jpg\",\"datePublished\":\"2023-03-13T15:28:33+00:00\",\"dateModified\":\"2026-01-02T15:35:56+00:00\",\"description\":\"Easyfix CS ist eine schnell und einfach zu installierende Einfassung aus Cortenstahl oder verzinktem Stahl, geeignet f\u00fcr vielf\u00e4ltige Anwendungen.\",\"breadcrumb\":{\"@id\":\"https:\/\/eccoproducts.eu\/de\/produkt\/easyfix-cs\/#breadcrumb\"},\"inLanguage\":\"de\",\"potentialAction\":[{\"@type\":\"ReadAction\",\"target\":[\"https:\/\/eccoproducts.eu\/de\/produkt\/easyfix-cs\/\"]}]},{\"@type\":\"ImageObject\",\"inLanguage\":\"de\",\"@id\":\"https:\/\/eccoproducts.eu\/de\/produkt\/easyfix-cs\/#primaryimage\",\"url\":\"https:\/\/eccoproducts.eu\/wp-content\/uploads\/2023\/03\/ECCOBorders_Easyfix-CS_6_1200x900.jpg\",\"contentUrl\":\"https:\/\/eccoproducts.eu\/wp-content\/uploads\/2023\/03\/ECCOBorders_Easyfix-CS_6_1200x900.jpg\",\"width\":1200,\"height\":900,\"caption\":\"Easyfix-borderrand in gebogen vorm tussen een oprit en een plantenborder\"},{\"@type\":\"BreadcrumbList\",\"@id\":\"https:\/\/eccoproducts.eu\/de\/produkt\/easyfix-cs\/#breadcrumb\",\"itemListElement\":[{\"@type\":\"ListItem\",\"position\":1,\"name\":\"Home\",\"item\":\"https:\/\/eccoproducts.eu\/de\/\"},{\"@type\":\"ListItem\",\"position\":2,\"name\":\"Produkte\",\"item\":\"https:\/\/eccoproducts.eu\/de\/produkt\/\"},{\"@type\":\"ListItem\",\"position\":3,\"name\":\"Easyfix CS\"}]},{\"@type\":\"WebSite\",\"@id\":\"https:\/\/eccoproducts.eu\/de\/#website\",\"url\":\"https:\/\/eccoproducts.eu\/de\/\",\"name\":\"ECCO Products\",\"description\":\"\",\"publisher\":{\"@id\":\"https:\/\/eccoproducts.eu\/de\/#organization\"},\"potentialAction\":[{\"@type\":\"SearchAction\",\"target\":{\"@type\":\"EntryPoint\",\"urlTemplate\":\"https:\/\/eccoproducts.eu\/de\/?s={search_term_string}\"},\"query-input\":{\"@type\":\"PropertyValueSpecification\",\"valueRequired\":true,\"valueName\":\"search_term_string\"}}],\"inLanguage\":\"de\"},{\"@type\":\"Organization\",\"@id\":\"https:\/\/eccoproducts.eu\/de\/#organization\",\"name\":\"ECCO Products\",\"url\":\"https:\/\/eccoproducts.eu\/de\/\",\"logo\":{\"@type\":\"ImageObject\",\"inLanguage\":\"de\",\"@id\":\"https:\/\/eccoproducts.eu\/de\/#\/schema\/logo\/image\/\",\"url\":\"https:\/\/eccoproducts.eu\/wp-content\/uploads\/2023\/06\/cropped-MicrosoftTeams-image-1.png\",\"contentUrl\":\"https:\/\/eccoproducts.eu\/wp-content\/uploads\/2023\/06\/cropped-MicrosoftTeams-image-1.png\",\"width\":417,\"height\":71,\"caption\":\"ECCO Products\"},\"image\":{\"@id\":\"https:\/\/eccoproducts.eu\/de\/#\/schema\/logo\/image\/\"}}]}<\/script>\n<!-- \/ Yoast SEO plugin. -->","yoast_head_json":{"title":"Easyfix CS - ECCO Products","description":"Easyfix CS ist eine schnell und einfach zu installierende Einfassung aus Cortenstahl oder verzinktem Stahl, geeignet f\u00fcr vielf\u00e4ltige Anwendungen.","robots":{"index":"index","follow":"follow","max-snippet":"max-snippet:-1","max-image-preview":"max-image-preview:large","max-video-preview":"max-video-preview:-1"},"canonical":"https:\/\/eccoproducts.eu\/de\/produkt\/easyfix-cs\/","og_locale":"de_DE","og_type":"article","og_title":"Easyfix CS - ECCO Products","og_description":"Easyfix CS ist eine schnell und einfach zu installierende Einfassung aus Cortenstahl oder verzinktem Stahl, geeignet f\u00fcr vielf\u00e4ltige Anwendungen.","og_url":"https:\/\/eccoproducts.eu\/de\/produkt\/easyfix-cs\/","og_site_name":"ECCO Products","article_modified_time":"2026-01-02T15:35:56+00:00","og_image":[{"width":1200,"height":900,"url":"https:\/\/eccoproducts.eu\/wp-content\/uploads\/2023\/03\/ECCOBorders_Easyfix-CS_6_1200x900.jpg","type":"image\/jpeg"}],"twitter_card":"summary_large_image","twitter_misc":{"Gesch\u00e4tzte Lesezeit":"1\u00a0Minute"},"schema":{"@context":"https:\/\/schema.org","@graph":[{"@type":"WebPage","@id":"https:\/\/eccoproducts.eu\/de\/produkt\/easyfix-cs\/","url":"https:\/\/eccoproducts.eu\/de\/produkt\/easyfix-cs\/","name":"Easyfix CS - ECCO Products","isPartOf":{"@id":"https:\/\/eccoproducts.eu\/de\/#website"},"primaryImageOfPage":{"@id":"https:\/\/eccoproducts.eu\/de\/produkt\/easyfix-cs\/#primaryimage"},"image":{"@id":"https:\/\/eccoproducts.eu\/de\/produkt\/easyfix-cs\/#primaryimage"},"thumbnailUrl":"https:\/\/eccoproducts.eu\/wp-content\/uploads\/2023\/03\/ECCOBorders_Easyfix-CS_6_1200x900.jpg","datePublished":"2023-03-13T15:28:33+00:00","dateModified":"2026-01-02T15:35:56+00:00","description":"Easyfix CS ist eine schnell und einfach zu installierende Einfassung aus Cortenstahl oder verzinktem Stahl, geeignet f\u00fcr vielf\u00e4ltige Anwendungen.","breadcrumb":{"@id":"https:\/\/eccoproducts.eu\/de\/produkt\/easyfix-cs\/#breadcrumb"},"inLanguage":"de","potentialAction":[{"@type":"ReadAction","target":["https:\/\/eccoproducts.eu\/de\/produkt\/easyfix-cs\/"]}]},{"@type":"ImageObject","inLanguage":"de","@id":"https:\/\/eccoproducts.eu\/de\/produkt\/easyfix-cs\/#primaryimage","url":"https:\/\/eccoproducts.eu\/wp-content\/uploads\/2023\/03\/ECCOBorders_Easyfix-CS_6_1200x900.jpg","contentUrl":"https:\/\/eccoproducts.eu\/wp-content\/uploads\/2023\/03\/ECCOBorders_Easyfix-CS_6_1200x900.jpg","width":1200,"height":900,"caption":"Easyfix-borderrand in gebogen vorm tussen een oprit en een plantenborder"},{"@type":"BreadcrumbList","@id":"https:\/\/eccoproducts.eu\/de\/produkt\/easyfix-cs\/#breadcrumb","itemListElement":[{"@type":"ListItem","position":1,"name":"Home","item":"https:\/\/eccoproducts.eu\/de\/"},{"@type":"ListItem","position":2,"name":"Produkte","item":"https:\/\/eccoproducts.eu\/de\/produkt\/"},{"@type":"ListItem","position":3,"name":"Easyfix CS"}]},{"@type":"WebSite","@id":"https:\/\/eccoproducts.eu\/de\/#website","url":"https:\/\/eccoproducts.eu\/de\/","name":"ECCO Products","description":"","publisher":{"@id":"https:\/\/eccoproducts.eu\/de\/#organization"},"potentialAction":[{"@type":"SearchAction","target":{"@type":"EntryPoint","urlTemplate":"https:\/\/eccoproducts.eu\/de\/?s={search_term_string}"},"query-input":{"@type":"PropertyValueSpecification","valueRequired":true,"valueName":"search_term_string"}}],"inLanguage":"de"},{"@type":"Organization","@id":"https:\/\/eccoproducts.eu\/de\/#organization","name":"ECCO Products","url":"https:\/\/eccoproducts.eu\/de\/","logo":{"@type":"ImageObject","inLanguage":"de","@id":"https:\/\/eccoproducts.eu\/de\/#\/schema\/logo\/image\/","url":"https:\/\/eccoproducts.eu\/wp-content\/uploads\/2023\/06\/cropped-MicrosoftTeams-image-1.png","contentUrl":"https:\/\/eccoproducts.eu\/wp-content\/uploads\/2023\/06\/cropped-MicrosoftTeams-image-1.png","width":417,"height":71,"caption":"ECCO Products"},"image":{"@id":"https:\/\/eccoproducts.eu\/de\/#\/schema\/logo\/image\/"}}]}},"_links":{"self":[{"href":"https:\/\/eccoproducts.eu\/de\/wp-json\/wp\/v2\/product\/3472","targetHints":{"allow":["GET"]}}],"collection":[{"href":"https:\/\/eccoproducts.eu\/de\/wp-json\/wp\/v2\/product"}],"about":[{"href":"https:\/\/eccoproducts.eu\/de\/wp-json\/wp\/v2\/types\/product"}],"replies":[{"embeddable":true,"href":"https:\/\/eccoproducts.eu\/de\/wp-json\/wp\/v2\/comments?post=3472"}],"wp:featuredmedia":[{"embeddable":true,"href":"https:\/\/eccoproducts.eu\/de\/wp-json\/wp\/v2\/media\/1428"}],"wp:attachment":[{"href":"https:\/\/eccoproducts.eu\/de\/wp-json\/wp\/v2\/media?parent=3472"}],"wp:term":[{"taxonomy":"product_brand","embeddable":true,"href":"https:\/\/eccoproducts.eu\/de\/wp-json\/wp\/v2\/product_brand?post=3472"},{"taxonomy":"product_cat","embeddable":true,"href":"https:\/\/eccoproducts.eu\/de\/wp-json\/wp\/v2\/product_cat?post=3472"},{"taxonomy":"product_tag","embeddable":true,"href":"https:\/\/eccoproducts.eu\/de\/wp-json\/wp\/v2\/product_tag?post=3472"}],"curies":[{"name":"wp","href":"https:\/\/api.w.org\/{rel}","templated":true}]}}