{"id":3468,"date":"2023-03-13T16:39:46","date_gmt":"2023-03-13T15:39:46","guid":{"rendered":"https:\/\/eccoproducts.eu\/producten\/baum-umrandung-baumkreise\/"},"modified":"2024-04-25T09:47:41","modified_gmt":"2024-04-25T07:47:41","slug":"tree-border-baumringe","status":"publish","type":"product","link":"https:\/\/eccoproducts.eu\/de\/produkt\/tree-border-baumringe\/","title":{"rendered":"Tree Border Baumringe"},"content":{"rendered":"","protected":false},"excerpt":{"rendered":"<p><strong>ECCO Tree Borders<\/strong> sind hochwertige Baumringe\/Baumeinfassungen aus Cor-tenstahl, die Ihrem Baum den Akzent verleihen, den er verdient. Tree Borders ergeben nicht nur einen <strong>\u00e4sthetischen Akzent, sondern<\/strong> lassen sich auch in drei einfachen Schritten verlegen. ECCO Tree Borders machen auch die Pflege Ihrer B\u00e4ume viel einfacher. Sie verhindern Rindensch\u00e4den und Unkrautwuchs rund um den Stamm. ECCO Tree Borders sind in <strong>drei Gr\u00f6\u00dfen<\/strong> erh\u00e4ltlich.<\/p>\n","protected":false},"featured_media":1494,"comment_status":"open","ping_status":"closed","template":"","meta":{"_acf_changed":false,"inline_featured_image":false},"product_brand":[],"product_cat":[15],"product_tag":[],"class_list":{"0":"post-3468","1":"product","2":"type-product","3":"status-publish","4":"has-post-thumbnail","6":"product_cat-geen-categorie","8":"first","9":"instock","10":"shipping-taxable","11":"product-type-simple"},"acf":[],"yoast_head":"<!-- This site is optimized with the Yoast SEO plugin v25.9 - https:\/\/yoast.com\/wordpress\/plugins\/seo\/ -->\n<title>Tree Border Baumringe - ECCO Products<\/title>\n<meta name=\"robots\" content=\"index, follow, max-snippet:-1, max-image-preview:large, max-video-preview:-1\" \/>\n<link rel=\"canonical\" href=\"https:\/\/eccoproducts.eu\/de\/produkt\/tree-border-baumringe\/\" \/>\n<meta property=\"og:locale\" content=\"de_DE\" \/>\n<meta property=\"og:type\" content=\"article\" \/>\n<meta property=\"og:title\" content=\"Tree Border Baumringe - ECCO Products\" \/>\n<meta property=\"og:description\" content=\"ECCO Tree Borders sind hochwertige Baumringe\/Baumeinfassungen aus Cor-tenstahl, die Ihrem Baum den Akzent verleihen, den er verdient. Tree Borders ergeben nicht nur einen \u00e4sthetischen Akzent, sondern lassen sich auch in drei einfachen Schritten verlegen. ECCO Tree Borders machen auch die Pflege Ihrer B\u00e4ume viel einfacher. Sie verhindern Rindensch\u00e4den und Unkrautwuchs rund um den Stamm. ECCO Tree Borders sind in drei Gr\u00f6\u00dfen erh\u00e4ltlich.\" \/>\n<meta property=\"og:url\" content=\"https:\/\/eccoproducts.eu\/de\/produkt\/tree-border-baumringe\/\" \/>\n<meta property=\"og:site_name\" content=\"ECCO Products\" \/>\n<meta property=\"article:modified_time\" content=\"2024-04-25T07:47:41+00:00\" \/>\n<meta property=\"og:image\" content=\"https:\/\/eccoproducts.eu\/wp-content\/uploads\/2023\/03\/Tree-Border-Boomcirkel_4_1200x900.jpg\" \/>\n\t<meta property=\"og:image:width\" content=\"1200\" \/>\n\t<meta property=\"og:image:height\" content=\"900\" \/>\n\t<meta property=\"og:image:type\" content=\"image\/jpeg\" \/>\n<meta name=\"twitter:card\" content=\"summary_large_image\" \/>\n<script type=\"application\/ld+json\" class=\"yoast-schema-graph\">{\"@context\":\"https:\/\/schema.org\",\"@graph\":[{\"@type\":\"WebPage\",\"@id\":\"https:\/\/eccoproducts.eu\/de\/produkt\/tree-border-baumringe\/\",\"url\":\"https:\/\/eccoproducts.eu\/de\/produkt\/tree-border-baumringe\/\",\"name\":\"Tree Border Baumringe - ECCO Products\",\"isPartOf\":{\"@id\":\"https:\/\/eccoproducts.eu\/de\/#website\"},\"primaryImageOfPage\":{\"@id\":\"https:\/\/eccoproducts.eu\/de\/produkt\/tree-border-baumringe\/#primaryimage\"},\"image\":{\"@id\":\"https:\/\/eccoproducts.eu\/de\/produkt\/tree-border-baumringe\/#primaryimage\"},\"thumbnailUrl\":\"https:\/\/eccoproducts.eu\/wp-content\/uploads\/2023\/03\/Tree-Border-Boomcirkel_4_1200x900.jpg\",\"datePublished\":\"2023-03-13T15:39:46+00:00\",\"dateModified\":\"2024-04-25T07:47:41+00:00\",\"breadcrumb\":{\"@id\":\"https:\/\/eccoproducts.eu\/de\/produkt\/tree-border-baumringe\/#breadcrumb\"},\"inLanguage\":\"de\",\"potentialAction\":[{\"@type\":\"ReadAction\",\"target\":[\"https:\/\/eccoproducts.eu\/de\/produkt\/tree-border-baumringe\/\"]}]},{\"@type\":\"ImageObject\",\"inLanguage\":\"de\",\"@id\":\"https:\/\/eccoproducts.eu\/de\/produkt\/tree-border-baumringe\/#primaryimage\",\"url\":\"https:\/\/eccoproducts.eu\/wp-content\/uploads\/2023\/03\/Tree-Border-Boomcirkel_4_1200x900.jpg\",\"contentUrl\":\"https:\/\/eccoproducts.eu\/wp-content\/uploads\/2023\/03\/Tree-Border-Boomcirkel_4_1200x900.jpg\",\"width\":1200,\"height\":900,\"caption\":\"Tree Border boomrand\/boomcirkel in cortenstaal\"},{\"@type\":\"BreadcrumbList\",\"@id\":\"https:\/\/eccoproducts.eu\/de\/produkt\/tree-border-baumringe\/#breadcrumb\",\"itemListElement\":[{\"@type\":\"ListItem\",\"position\":1,\"name\":\"Home\",\"item\":\"https:\/\/eccoproducts.eu\/de\/\"},{\"@type\":\"ListItem\",\"position\":2,\"name\":\"Produkte\",\"item\":\"https:\/\/eccoproducts.eu\/de\/produkt\/\"},{\"@type\":\"ListItem\",\"position\":3,\"name\":\"Tree Border Baumringe\"}]},{\"@type\":\"WebSite\",\"@id\":\"https:\/\/eccoproducts.eu\/de\/#website\",\"url\":\"https:\/\/eccoproducts.eu\/de\/\",\"name\":\"ECCO Products\",\"description\":\"\",\"publisher\":{\"@id\":\"https:\/\/eccoproducts.eu\/de\/#organization\"},\"potentialAction\":[{\"@type\":\"SearchAction\",\"target\":{\"@type\":\"EntryPoint\",\"urlTemplate\":\"https:\/\/eccoproducts.eu\/de\/?s={search_term_string}\"},\"query-input\":{\"@type\":\"PropertyValueSpecification\",\"valueRequired\":true,\"valueName\":\"search_term_string\"}}],\"inLanguage\":\"de\"},{\"@type\":\"Organization\",\"@id\":\"https:\/\/eccoproducts.eu\/de\/#organization\",\"name\":\"ECCO Products\",\"url\":\"https:\/\/eccoproducts.eu\/de\/\",\"logo\":{\"@type\":\"ImageObject\",\"inLanguage\":\"de\",\"@id\":\"https:\/\/eccoproducts.eu\/de\/#\/schema\/logo\/image\/\",\"url\":\"https:\/\/eccoproducts.eu\/wp-content\/uploads\/2023\/06\/cropped-MicrosoftTeams-image-1.png\",\"contentUrl\":\"https:\/\/eccoproducts.eu\/wp-content\/uploads\/2023\/06\/cropped-MicrosoftTeams-image-1.png\",\"width\":417,\"height\":71,\"caption\":\"ECCO Products\"},\"image\":{\"@id\":\"https:\/\/eccoproducts.eu\/de\/#\/schema\/logo\/image\/\"}}]}<\/script>\n<!-- \/ Yoast SEO plugin. -->","yoast_head_json":{"title":"Tree Border Baumringe - ECCO Products","robots":{"index":"index","follow":"follow","max-snippet":"max-snippet:-1","max-image-preview":"max-image-preview:large","max-video-preview":"max-video-preview:-1"},"canonical":"https:\/\/eccoproducts.eu\/de\/produkt\/tree-border-baumringe\/","og_locale":"de_DE","og_type":"article","og_title":"Tree Border Baumringe - ECCO Products","og_description":"ECCO Tree Borders sind hochwertige Baumringe\/Baumeinfassungen aus Cor-tenstahl, die Ihrem Baum den Akzent verleihen, den er verdient. Tree Borders ergeben nicht nur einen \u00e4sthetischen Akzent, sondern lassen sich auch in drei einfachen Schritten verlegen. ECCO Tree Borders machen auch die Pflege Ihrer B\u00e4ume viel einfacher. Sie verhindern Rindensch\u00e4den und Unkrautwuchs rund um den Stamm. ECCO Tree Borders sind in drei Gr\u00f6\u00dfen erh\u00e4ltlich.","og_url":"https:\/\/eccoproducts.eu\/de\/produkt\/tree-border-baumringe\/","og_site_name":"ECCO Products","article_modified_time":"2024-04-25T07:47:41+00:00","og_image":[{"width":1200,"height":900,"url":"https:\/\/eccoproducts.eu\/wp-content\/uploads\/2023\/03\/Tree-Border-Boomcirkel_4_1200x900.jpg","type":"image\/jpeg"}],"twitter_card":"summary_large_image","schema":{"@context":"https:\/\/schema.org","@graph":[{"@type":"WebPage","@id":"https:\/\/eccoproducts.eu\/de\/produkt\/tree-border-baumringe\/","url":"https:\/\/eccoproducts.eu\/de\/produkt\/tree-border-baumringe\/","name":"Tree Border Baumringe - ECCO Products","isPartOf":{"@id":"https:\/\/eccoproducts.eu\/de\/#website"},"primaryImageOfPage":{"@id":"https:\/\/eccoproducts.eu\/de\/produkt\/tree-border-baumringe\/#primaryimage"},"image":{"@id":"https:\/\/eccoproducts.eu\/de\/produkt\/tree-border-baumringe\/#primaryimage"},"thumbnailUrl":"https:\/\/eccoproducts.eu\/wp-content\/uploads\/2023\/03\/Tree-Border-Boomcirkel_4_1200x900.jpg","datePublished":"2023-03-13T15:39:46+00:00","dateModified":"2024-04-25T07:47:41+00:00","breadcrumb":{"@id":"https:\/\/eccoproducts.eu\/de\/produkt\/tree-border-baumringe\/#breadcrumb"},"inLanguage":"de","potentialAction":[{"@type":"ReadAction","target":["https:\/\/eccoproducts.eu\/de\/produkt\/tree-border-baumringe\/"]}]},{"@type":"ImageObject","inLanguage":"de","@id":"https:\/\/eccoproducts.eu\/de\/produkt\/tree-border-baumringe\/#primaryimage","url":"https:\/\/eccoproducts.eu\/wp-content\/uploads\/2023\/03\/Tree-Border-Boomcirkel_4_1200x900.jpg","contentUrl":"https:\/\/eccoproducts.eu\/wp-content\/uploads\/2023\/03\/Tree-Border-Boomcirkel_4_1200x900.jpg","width":1200,"height":900,"caption":"Tree Border boomrand\/boomcirkel in cortenstaal"},{"@type":"BreadcrumbList","@id":"https:\/\/eccoproducts.eu\/de\/produkt\/tree-border-baumringe\/#breadcrumb","itemListElement":[{"@type":"ListItem","position":1,"name":"Home","item":"https:\/\/eccoproducts.eu\/de\/"},{"@type":"ListItem","position":2,"name":"Produkte","item":"https:\/\/eccoproducts.eu\/de\/produkt\/"},{"@type":"ListItem","position":3,"name":"Tree Border Baumringe"}]},{"@type":"WebSite","@id":"https:\/\/eccoproducts.eu\/de\/#website","url":"https:\/\/eccoproducts.eu\/de\/","name":"ECCO Products","description":"","publisher":{"@id":"https:\/\/eccoproducts.eu\/de\/#organization"},"potentialAction":[{"@type":"SearchAction","target":{"@type":"EntryPoint","urlTemplate":"https:\/\/eccoproducts.eu\/de\/?s={search_term_string}"},"query-input":{"@type":"PropertyValueSpecification","valueRequired":true,"valueName":"search_term_string"}}],"inLanguage":"de"},{"@type":"Organization","@id":"https:\/\/eccoproducts.eu\/de\/#organization","name":"ECCO Products","url":"https:\/\/eccoproducts.eu\/de\/","logo":{"@type":"ImageObject","inLanguage":"de","@id":"https:\/\/eccoproducts.eu\/de\/#\/schema\/logo\/image\/","url":"https:\/\/eccoproducts.eu\/wp-content\/uploads\/2023\/06\/cropped-MicrosoftTeams-image-1.png","contentUrl":"https:\/\/eccoproducts.eu\/wp-content\/uploads\/2023\/06\/cropped-MicrosoftTeams-image-1.png","width":417,"height":71,"caption":"ECCO Products"},"image":{"@id":"https:\/\/eccoproducts.eu\/de\/#\/schema\/logo\/image\/"}}]}},"_links":{"self":[{"href":"https:\/\/eccoproducts.eu\/de\/wp-json\/wp\/v2\/product\/3468","targetHints":{"allow":["GET"]}}],"collection":[{"href":"https:\/\/eccoproducts.eu\/de\/wp-json\/wp\/v2\/product"}],"about":[{"href":"https:\/\/eccoproducts.eu\/de\/wp-json\/wp\/v2\/types\/product"}],"replies":[{"embeddable":true,"href":"https:\/\/eccoproducts.eu\/de\/wp-json\/wp\/v2\/comments?post=3468"}],"wp:featuredmedia":[{"embeddable":true,"href":"https:\/\/eccoproducts.eu\/de\/wp-json\/wp\/v2\/media\/1494"}],"wp:attachment":[{"href":"https:\/\/eccoproducts.eu\/de\/wp-json\/wp\/v2\/media?parent=3468"}],"wp:term":[{"taxonomy":"product_brand","embeddable":true,"href":"https:\/\/eccoproducts.eu\/de\/wp-json\/wp\/v2\/product_brand?post=3468"},{"taxonomy":"product_cat","embeddable":true,"href":"https:\/\/eccoproducts.eu\/de\/wp-json\/wp\/v2\/product_cat?post=3468"},{"taxonomy":"product_tag","embeddable":true,"href":"https:\/\/eccoproducts.eu\/de\/wp-json\/wp\/v2\/product_tag?post=3468"}],"curies":[{"name":"wp","href":"https:\/\/api.w.org\/{rel}","templated":true}]}}