{"id":3466,"date":"2023-03-13T16:48:37","date_gmt":"2023-03-13T15:48:37","guid":{"rendered":"https:\/\/eccoproducts.eu\/producten\/eccofence-alubox\/"},"modified":"2025-07-15T16:35:41","modified_gmt":"2025-07-15T14:35:41","slug":"eccofence-alubox","status":"publish","type":"product","link":"https:\/\/eccoproducts.eu\/de\/produkt\/eccofence-alubox\/","title":{"rendered":"ECCOfence Alubox"},"content":{"rendered":"","protected":false},"excerpt":{"rendered":"<p><strong>Steink\u00f6rbe<\/strong> &#8211; auch Gabionen genannt &#8211; sind eine sch\u00f6ne Alternative zu einer traditionellen oder einem langweiligen Zaun. Verleihen Sie Ihrem Garten oder Au\u00dfenprojekt mit ECCOfence Gabionen einen Hauch von Gr\u00f6\u00dfe! Unsere modernen, dekorativen Gabionen verbinden nahtlos nat\u00fcrliche Materialien mit klarem Design. So wie jedes Kunstwerk einen sch\u00f6nen Rahmen verdient, hat auch Ihr Garten ein Recht auf eine ECCOfence Gabione.<\/p>\n","protected":false},"featured_media":3645,"comment_status":"open","ping_status":"closed","template":"","meta":{"_acf_changed":false,"inline_featured_image":false},"product_brand":[],"product_cat":[15],"product_tag":[],"class_list":{"0":"post-3466","1":"product","2":"type-product","3":"status-publish","4":"has-post-thumbnail","6":"product_cat-geen-categorie","8":"first","9":"instock","10":"shipping-taxable","11":"product-type-simple"},"acf":[],"yoast_head":"<!-- This site is optimized with the Yoast SEO plugin v25.9 - https:\/\/yoast.com\/wordpress\/plugins\/seo\/ -->\n<title>ECCOfence Alubox - ECCO Products<\/title>\n<meta name=\"robots\" content=\"index, follow, max-snippet:-1, max-image-preview:large, max-video-preview:-1\" \/>\n<link rel=\"canonical\" href=\"https:\/\/eccoproducts.eu\/de\/produkt\/eccofence-alubox\/\" \/>\n<meta property=\"og:locale\" content=\"de_DE\" \/>\n<meta property=\"og:type\" content=\"article\" \/>\n<meta property=\"og:title\" content=\"ECCOfence Alubox - ECCO Products\" \/>\n<meta property=\"og:description\" content=\"Steink\u00f6rbe - auch Gabionen genannt - sind eine sch\u00f6ne Alternative zu einer traditionellen oder einem langweiligen Zaun. Verleihen Sie Ihrem Garten oder Au\u00dfenprojekt mit ECCOfence Gabionen einen Hauch von Gr\u00f6\u00dfe! Unsere modernen, dekorativen Gabionen verbinden nahtlos nat\u00fcrliche Materialien mit klarem Design. So wie jedes Kunstwerk einen sch\u00f6nen Rahmen verdient, hat auch Ihr Garten ein Recht auf eine ECCOfence Gabione.\" \/>\n<meta property=\"og:url\" content=\"https:\/\/eccoproducts.eu\/de\/produkt\/eccofence-alubox\/\" \/>\n<meta property=\"og:site_name\" content=\"ECCO Products\" \/>\n<meta property=\"article:modified_time\" content=\"2025-07-15T14:35:41+00:00\" \/>\n<meta property=\"og:image\" content=\"https:\/\/eccoproducts.eu\/wp-content\/uploads\/2023\/03\/ECCOfence-Alubox_4_1200x900-1.jpg\" \/>\n\t<meta property=\"og:image:width\" content=\"1200\" \/>\n\t<meta property=\"og:image:height\" content=\"900\" \/>\n\t<meta property=\"og:image:type\" content=\"image\/jpeg\" \/>\n<meta name=\"twitter:card\" content=\"summary_large_image\" \/>\n<meta name=\"twitter:label1\" content=\"Gesch\u00e4tzte Lesezeit\" \/>\n\t<meta name=\"twitter:data1\" content=\"1\u00a0Minute\" \/>\n<script type=\"application\/ld+json\" class=\"yoast-schema-graph\">{\"@context\":\"https:\/\/schema.org\",\"@graph\":[{\"@type\":\"WebPage\",\"@id\":\"https:\/\/eccoproducts.eu\/de\/produkt\/eccofence-alubox\/\",\"url\":\"https:\/\/eccoproducts.eu\/de\/produkt\/eccofence-alubox\/\",\"name\":\"ECCOfence Alubox - ECCO Products\",\"isPartOf\":{\"@id\":\"https:\/\/eccoproducts.eu\/de\/#website\"},\"primaryImageOfPage\":{\"@id\":\"https:\/\/eccoproducts.eu\/de\/produkt\/eccofence-alubox\/#primaryimage\"},\"image\":{\"@id\":\"https:\/\/eccoproducts.eu\/de\/produkt\/eccofence-alubox\/#primaryimage\"},\"thumbnailUrl\":\"https:\/\/eccoproducts.eu\/wp-content\/uploads\/2023\/03\/ECCOfence-Alubox_4_1200x900-1.jpg\",\"datePublished\":\"2023-03-13T15:48:37+00:00\",\"dateModified\":\"2025-07-15T14:35:41+00:00\",\"breadcrumb\":{\"@id\":\"https:\/\/eccoproducts.eu\/de\/produkt\/eccofence-alubox\/#breadcrumb\"},\"inLanguage\":\"de\",\"potentialAction\":[{\"@type\":\"ReadAction\",\"target\":[\"https:\/\/eccoproducts.eu\/de\/produkt\/eccofence-alubox\/\"]}]},{\"@type\":\"ImageObject\",\"inLanguage\":\"de\",\"@id\":\"https:\/\/eccoproducts.eu\/de\/produkt\/eccofence-alubox\/#primaryimage\",\"url\":\"https:\/\/eccoproducts.eu\/wp-content\/uploads\/2023\/03\/ECCOfence-Alubox_4_1200x900-1.jpg\",\"contentUrl\":\"https:\/\/eccoproducts.eu\/wp-content\/uploads\/2023\/03\/ECCOfence-Alubox_4_1200x900-1.jpg\",\"width\":1200,\"height\":900},{\"@type\":\"BreadcrumbList\",\"@id\":\"https:\/\/eccoproducts.eu\/de\/produkt\/eccofence-alubox\/#breadcrumb\",\"itemListElement\":[{\"@type\":\"ListItem\",\"position\":1,\"name\":\"Home\",\"item\":\"https:\/\/eccoproducts.eu\/de\/\"},{\"@type\":\"ListItem\",\"position\":2,\"name\":\"Produkte\",\"item\":\"https:\/\/eccoproducts.eu\/de\/produkt\/\"},{\"@type\":\"ListItem\",\"position\":3,\"name\":\"ECCOfence Alubox\"}]},{\"@type\":\"WebSite\",\"@id\":\"https:\/\/eccoproducts.eu\/de\/#website\",\"url\":\"https:\/\/eccoproducts.eu\/de\/\",\"name\":\"ECCO Products\",\"description\":\"\",\"publisher\":{\"@id\":\"https:\/\/eccoproducts.eu\/de\/#organization\"},\"potentialAction\":[{\"@type\":\"SearchAction\",\"target\":{\"@type\":\"EntryPoint\",\"urlTemplate\":\"https:\/\/eccoproducts.eu\/de\/?s={search_term_string}\"},\"query-input\":{\"@type\":\"PropertyValueSpecification\",\"valueRequired\":true,\"valueName\":\"search_term_string\"}}],\"inLanguage\":\"de\"},{\"@type\":\"Organization\",\"@id\":\"https:\/\/eccoproducts.eu\/de\/#organization\",\"name\":\"ECCO Products\",\"url\":\"https:\/\/eccoproducts.eu\/de\/\",\"logo\":{\"@type\":\"ImageObject\",\"inLanguage\":\"de\",\"@id\":\"https:\/\/eccoproducts.eu\/de\/#\/schema\/logo\/image\/\",\"url\":\"https:\/\/eccoproducts.eu\/wp-content\/uploads\/2023\/06\/cropped-MicrosoftTeams-image-1.png\",\"contentUrl\":\"https:\/\/eccoproducts.eu\/wp-content\/uploads\/2023\/06\/cropped-MicrosoftTeams-image-1.png\",\"width\":417,\"height\":71,\"caption\":\"ECCO Products\"},\"image\":{\"@id\":\"https:\/\/eccoproducts.eu\/de\/#\/schema\/logo\/image\/\"}}]}<\/script>\n<!-- \/ Yoast SEO plugin. -->","yoast_head_json":{"title":"ECCOfence Alubox - ECCO Products","robots":{"index":"index","follow":"follow","max-snippet":"max-snippet:-1","max-image-preview":"max-image-preview:large","max-video-preview":"max-video-preview:-1"},"canonical":"https:\/\/eccoproducts.eu\/de\/produkt\/eccofence-alubox\/","og_locale":"de_DE","og_type":"article","og_title":"ECCOfence Alubox - ECCO Products","og_description":"Steink\u00f6rbe - auch Gabionen genannt - sind eine sch\u00f6ne Alternative zu einer traditionellen oder einem langweiligen Zaun. Verleihen Sie Ihrem Garten oder Au\u00dfenprojekt mit ECCOfence Gabionen einen Hauch von Gr\u00f6\u00dfe! Unsere modernen, dekorativen Gabionen verbinden nahtlos nat\u00fcrliche Materialien mit klarem Design. So wie jedes Kunstwerk einen sch\u00f6nen Rahmen verdient, hat auch Ihr Garten ein Recht auf eine ECCOfence Gabione.","og_url":"https:\/\/eccoproducts.eu\/de\/produkt\/eccofence-alubox\/","og_site_name":"ECCO Products","article_modified_time":"2025-07-15T14:35:41+00:00","og_image":[{"width":1200,"height":900,"url":"https:\/\/eccoproducts.eu\/wp-content\/uploads\/2023\/03\/ECCOfence-Alubox_4_1200x900-1.jpg","type":"image\/jpeg"}],"twitter_card":"summary_large_image","twitter_misc":{"Gesch\u00e4tzte Lesezeit":"1\u00a0Minute"},"schema":{"@context":"https:\/\/schema.org","@graph":[{"@type":"WebPage","@id":"https:\/\/eccoproducts.eu\/de\/produkt\/eccofence-alubox\/","url":"https:\/\/eccoproducts.eu\/de\/produkt\/eccofence-alubox\/","name":"ECCOfence Alubox - ECCO Products","isPartOf":{"@id":"https:\/\/eccoproducts.eu\/de\/#website"},"primaryImageOfPage":{"@id":"https:\/\/eccoproducts.eu\/de\/produkt\/eccofence-alubox\/#primaryimage"},"image":{"@id":"https:\/\/eccoproducts.eu\/de\/produkt\/eccofence-alubox\/#primaryimage"},"thumbnailUrl":"https:\/\/eccoproducts.eu\/wp-content\/uploads\/2023\/03\/ECCOfence-Alubox_4_1200x900-1.jpg","datePublished":"2023-03-13T15:48:37+00:00","dateModified":"2025-07-15T14:35:41+00:00","breadcrumb":{"@id":"https:\/\/eccoproducts.eu\/de\/produkt\/eccofence-alubox\/#breadcrumb"},"inLanguage":"de","potentialAction":[{"@type":"ReadAction","target":["https:\/\/eccoproducts.eu\/de\/produkt\/eccofence-alubox\/"]}]},{"@type":"ImageObject","inLanguage":"de","@id":"https:\/\/eccoproducts.eu\/de\/produkt\/eccofence-alubox\/#primaryimage","url":"https:\/\/eccoproducts.eu\/wp-content\/uploads\/2023\/03\/ECCOfence-Alubox_4_1200x900-1.jpg","contentUrl":"https:\/\/eccoproducts.eu\/wp-content\/uploads\/2023\/03\/ECCOfence-Alubox_4_1200x900-1.jpg","width":1200,"height":900},{"@type":"BreadcrumbList","@id":"https:\/\/eccoproducts.eu\/de\/produkt\/eccofence-alubox\/#breadcrumb","itemListElement":[{"@type":"ListItem","position":1,"name":"Home","item":"https:\/\/eccoproducts.eu\/de\/"},{"@type":"ListItem","position":2,"name":"Produkte","item":"https:\/\/eccoproducts.eu\/de\/produkt\/"},{"@type":"ListItem","position":3,"name":"ECCOfence Alubox"}]},{"@type":"WebSite","@id":"https:\/\/eccoproducts.eu\/de\/#website","url":"https:\/\/eccoproducts.eu\/de\/","name":"ECCO Products","description":"","publisher":{"@id":"https:\/\/eccoproducts.eu\/de\/#organization"},"potentialAction":[{"@type":"SearchAction","target":{"@type":"EntryPoint","urlTemplate":"https:\/\/eccoproducts.eu\/de\/?s={search_term_string}"},"query-input":{"@type":"PropertyValueSpecification","valueRequired":true,"valueName":"search_term_string"}}],"inLanguage":"de"},{"@type":"Organization","@id":"https:\/\/eccoproducts.eu\/de\/#organization","name":"ECCO Products","url":"https:\/\/eccoproducts.eu\/de\/","logo":{"@type":"ImageObject","inLanguage":"de","@id":"https:\/\/eccoproducts.eu\/de\/#\/schema\/logo\/image\/","url":"https:\/\/eccoproducts.eu\/wp-content\/uploads\/2023\/06\/cropped-MicrosoftTeams-image-1.png","contentUrl":"https:\/\/eccoproducts.eu\/wp-content\/uploads\/2023\/06\/cropped-MicrosoftTeams-image-1.png","width":417,"height":71,"caption":"ECCO Products"},"image":{"@id":"https:\/\/eccoproducts.eu\/de\/#\/schema\/logo\/image\/"}}]}},"_links":{"self":[{"href":"https:\/\/eccoproducts.eu\/de\/wp-json\/wp\/v2\/product\/3466","targetHints":{"allow":["GET"]}}],"collection":[{"href":"https:\/\/eccoproducts.eu\/de\/wp-json\/wp\/v2\/product"}],"about":[{"href":"https:\/\/eccoproducts.eu\/de\/wp-json\/wp\/v2\/types\/product"}],"replies":[{"embeddable":true,"href":"https:\/\/eccoproducts.eu\/de\/wp-json\/wp\/v2\/comments?post=3466"}],"wp:featuredmedia":[{"embeddable":true,"href":"https:\/\/eccoproducts.eu\/de\/wp-json\/wp\/v2\/media\/3645"}],"wp:attachment":[{"href":"https:\/\/eccoproducts.eu\/de\/wp-json\/wp\/v2\/media?parent=3466"}],"wp:term":[{"taxonomy":"product_brand","embeddable":true,"href":"https:\/\/eccoproducts.eu\/de\/wp-json\/wp\/v2\/product_brand?post=3466"},{"taxonomy":"product_cat","embeddable":true,"href":"https:\/\/eccoproducts.eu\/de\/wp-json\/wp\/v2\/product_cat?post=3466"},{"taxonomy":"product_tag","embeddable":true,"href":"https:\/\/eccoproducts.eu\/de\/wp-json\/wp\/v2\/product_tag?post=3466"}],"curies":[{"name":"wp","href":"https:\/\/api.w.org\/{rel}","templated":true}]}}