{"id":11695,"date":"2025-06-23T13:12:59","date_gmt":"2025-06-23T11:12:59","guid":{"rendered":"https:\/\/eccoproducts.eu\/?post_type=product&#038;p=11695"},"modified":"2026-02-24T10:34:50","modified_gmt":"2026-02-24T09:34:50","slug":"a-joint-polysand-pro-powered-by-ecco","status":"publish","type":"product","link":"https:\/\/eccoproducts.eu\/de\/produkt\/a-joint-polysand-pro-powered-by-ecco\/","title":{"rendered":"A-Joint\u00ae Polysand Pro powered by ECCO"},"content":{"rendered":"","protected":false},"excerpt":{"rendered":"<p>A-Joint\u00ae Polysand Pro ist ein <strong>wasserdurchl\u00e4ssiger Spezialfugensand<\/strong> mit unkrauthemmender Wirkung f\u00fcr <strong>sehr schmale Fugen<\/strong> und <strong>starken Verkehr<\/strong>.<\/p>\n<p>Der Fugensand zeichnet sich durch seine einfache und schnelle Anwendung aus und ist bestens f\u00fcr den Profi und den Hobby-Handwerker geeignet.<\/p>\n<ul>\n<li>Wasserdurchl\u00e4ssig<\/li>\n<li>Unkrauthemmend<\/li>\n<li>Frost- und tausalzbest\u00e4ndig<\/li>\n<li>Geeignet f\u00fcr sehr schmale Fugen<\/li>\n<\/ul>\n","protected":false},"featured_media":11398,"comment_status":"open","ping_status":"closed","template":"","meta":{"_acf_changed":false,"inline_featured_image":false},"product_brand":[],"product_cat":[69],"product_tag":[],"class_list":{"0":"post-11695","1":"product","2":"type-product","3":"status-publish","4":"has-post-thumbnail","6":"product_cat-wasserdurchlassige-produkte","8":"first","9":"instock","10":"shipping-taxable","11":"product-type-simple"},"acf":[],"yoast_head":"<!-- This site is optimized with the Yoast SEO plugin v25.9 - https:\/\/yoast.com\/wordpress\/plugins\/seo\/ -->\n<title>A-Joint\u00ae Polysand Pro powered by ECCO - ECCO Products<\/title>\n<meta name=\"description\" content=\"A-Joint\u00ae Polysand Pro powered by ECCO: der wasserdurchl\u00e4ssige, frostbest\u00e4ndige und unkrauthemmende Fugensand, f\u00fcr schmale Fugen und starke Belastungen.\" \/>\n<meta name=\"robots\" content=\"index, follow, max-snippet:-1, max-image-preview:large, max-video-preview:-1\" \/>\n<link rel=\"canonical\" href=\"https:\/\/eccoproducts.eu\/de\/produkt\/a-joint-polysand-pro-powered-by-ecco\/\" \/>\n<meta property=\"og:locale\" content=\"de_DE\" \/>\n<meta property=\"og:type\" content=\"article\" \/>\n<meta property=\"og:title\" content=\"A-Joint\u00ae Polysand Pro powered by ECCO - ECCO Products\" \/>\n<meta property=\"og:description\" content=\"A-Joint\u00ae Polysand Pro powered by ECCO: der wasserdurchl\u00e4ssige, frostbest\u00e4ndige und unkrauthemmende Fugensand, f\u00fcr schmale Fugen und starke Belastungen.\" \/>\n<meta property=\"og:url\" content=\"https:\/\/eccoproducts.eu\/de\/produkt\/a-joint-polysand-pro-powered-by-ecco\/\" \/>\n<meta property=\"og:site_name\" content=\"ECCO Products\" \/>\n<meta property=\"article:modified_time\" content=\"2026-02-24T09:34:50+00:00\" \/>\n<meta property=\"og:image\" content=\"https:\/\/eccoproducts.eu\/wp-content\/uploads\/2025\/06\/A-JOINT-Polysand-Pro-Titelbild.jpg\" \/>\n\t<meta property=\"og:image:width\" content=\"2362\" \/>\n\t<meta property=\"og:image:height\" content=\"1526\" \/>\n\t<meta property=\"og:image:type\" content=\"image\/jpeg\" \/>\n<meta name=\"twitter:card\" content=\"summary_large_image\" \/>\n<meta name=\"twitter:label1\" content=\"Gesch\u00e4tzte Lesezeit\" \/>\n\t<meta name=\"twitter:data1\" content=\"1\u00a0Minute\" \/>\n<script type=\"application\/ld+json\" class=\"yoast-schema-graph\">{\"@context\":\"https:\/\/schema.org\",\"@graph\":[{\"@type\":\"WebPage\",\"@id\":\"https:\/\/eccoproducts.eu\/de\/produkt\/a-joint-polysand-pro-powered-by-ecco\/\",\"url\":\"https:\/\/eccoproducts.eu\/de\/produkt\/a-joint-polysand-pro-powered-by-ecco\/\",\"name\":\"A-Joint\u00ae Polysand Pro powered by ECCO - ECCO Products\",\"isPartOf\":{\"@id\":\"https:\/\/eccoproducts.eu\/de\/#website\"},\"primaryImageOfPage\":{\"@id\":\"https:\/\/eccoproducts.eu\/de\/produkt\/a-joint-polysand-pro-powered-by-ecco\/#primaryimage\"},\"image\":{\"@id\":\"https:\/\/eccoproducts.eu\/de\/produkt\/a-joint-polysand-pro-powered-by-ecco\/#primaryimage\"},\"thumbnailUrl\":\"https:\/\/eccoproducts.eu\/wp-content\/uploads\/2025\/06\/A-JOINT-Polysand-Pro-Titelbild.jpg\",\"datePublished\":\"2025-06-23T11:12:59+00:00\",\"dateModified\":\"2026-02-24T09:34:50+00:00\",\"description\":\"A-Joint\u00ae Polysand Pro powered by ECCO: der wasserdurchl\u00e4ssige, frostbest\u00e4ndige und unkrauthemmende Fugensand, f\u00fcr schmale Fugen und starke Belastungen.\",\"breadcrumb\":{\"@id\":\"https:\/\/eccoproducts.eu\/de\/produkt\/a-joint-polysand-pro-powered-by-ecco\/#breadcrumb\"},\"inLanguage\":\"de\",\"potentialAction\":[{\"@type\":\"ReadAction\",\"target\":[\"https:\/\/eccoproducts.eu\/de\/produkt\/a-joint-polysand-pro-powered-by-ecco\/\"]}]},{\"@type\":\"ImageObject\",\"inLanguage\":\"de\",\"@id\":\"https:\/\/eccoproducts.eu\/de\/produkt\/a-joint-polysand-pro-powered-by-ecco\/#primaryimage\",\"url\":\"https:\/\/eccoproducts.eu\/wp-content\/uploads\/2025\/06\/A-JOINT-Polysand-Pro-Titelbild.jpg\",\"contentUrl\":\"https:\/\/eccoproducts.eu\/wp-content\/uploads\/2025\/06\/A-JOINT-Polysand-Pro-Titelbild.jpg\",\"width\":2362,\"height\":1526,\"caption\":\"Fragments of modern design from landscaping in the garden, park, square, recreation area\"},{\"@type\":\"BreadcrumbList\",\"@id\":\"https:\/\/eccoproducts.eu\/de\/produkt\/a-joint-polysand-pro-powered-by-ecco\/#breadcrumb\",\"itemListElement\":[{\"@type\":\"ListItem\",\"position\":1,\"name\":\"Home\",\"item\":\"https:\/\/eccoproducts.eu\/de\/\"},{\"@type\":\"ListItem\",\"position\":2,\"name\":\"Produkte\",\"item\":\"https:\/\/eccoproducts.eu\/de\/produkt\/\"},{\"@type\":\"ListItem\",\"position\":3,\"name\":\"A-Joint\u00ae Polysand Pro powered by ECCO\"}]},{\"@type\":\"WebSite\",\"@id\":\"https:\/\/eccoproducts.eu\/de\/#website\",\"url\":\"https:\/\/eccoproducts.eu\/de\/\",\"name\":\"ECCO Products\",\"description\":\"\",\"publisher\":{\"@id\":\"https:\/\/eccoproducts.eu\/de\/#organization\"},\"potentialAction\":[{\"@type\":\"SearchAction\",\"target\":{\"@type\":\"EntryPoint\",\"urlTemplate\":\"https:\/\/eccoproducts.eu\/de\/?s={search_term_string}\"},\"query-input\":{\"@type\":\"PropertyValueSpecification\",\"valueRequired\":true,\"valueName\":\"search_term_string\"}}],\"inLanguage\":\"de\"},{\"@type\":\"Organization\",\"@id\":\"https:\/\/eccoproducts.eu\/de\/#organization\",\"name\":\"ECCO Products\",\"url\":\"https:\/\/eccoproducts.eu\/de\/\",\"logo\":{\"@type\":\"ImageObject\",\"inLanguage\":\"de\",\"@id\":\"https:\/\/eccoproducts.eu\/de\/#\/schema\/logo\/image\/\",\"url\":\"https:\/\/eccoproducts.eu\/wp-content\/uploads\/2023\/06\/cropped-MicrosoftTeams-image-1.png\",\"contentUrl\":\"https:\/\/eccoproducts.eu\/wp-content\/uploads\/2023\/06\/cropped-MicrosoftTeams-image-1.png\",\"width\":417,\"height\":71,\"caption\":\"ECCO Products\"},\"image\":{\"@id\":\"https:\/\/eccoproducts.eu\/de\/#\/schema\/logo\/image\/\"}}]}<\/script>\n<!-- \/ Yoast SEO plugin. -->","yoast_head_json":{"title":"A-Joint\u00ae Polysand Pro powered by ECCO - ECCO Products","description":"A-Joint\u00ae Polysand Pro powered by ECCO: der wasserdurchl\u00e4ssige, frostbest\u00e4ndige und unkrauthemmende Fugensand, f\u00fcr schmale Fugen und starke Belastungen.","robots":{"index":"index","follow":"follow","max-snippet":"max-snippet:-1","max-image-preview":"max-image-preview:large","max-video-preview":"max-video-preview:-1"},"canonical":"https:\/\/eccoproducts.eu\/de\/produkt\/a-joint-polysand-pro-powered-by-ecco\/","og_locale":"de_DE","og_type":"article","og_title":"A-Joint\u00ae Polysand Pro powered by ECCO - ECCO Products","og_description":"A-Joint\u00ae Polysand Pro powered by ECCO: der wasserdurchl\u00e4ssige, frostbest\u00e4ndige und unkrauthemmende Fugensand, f\u00fcr schmale Fugen und starke Belastungen.","og_url":"https:\/\/eccoproducts.eu\/de\/produkt\/a-joint-polysand-pro-powered-by-ecco\/","og_site_name":"ECCO Products","article_modified_time":"2026-02-24T09:34:50+00:00","og_image":[{"width":2362,"height":1526,"url":"https:\/\/eccoproducts.eu\/wp-content\/uploads\/2025\/06\/A-JOINT-Polysand-Pro-Titelbild.jpg","type":"image\/jpeg"}],"twitter_card":"summary_large_image","twitter_misc":{"Gesch\u00e4tzte Lesezeit":"1\u00a0Minute"},"schema":{"@context":"https:\/\/schema.org","@graph":[{"@type":"WebPage","@id":"https:\/\/eccoproducts.eu\/de\/produkt\/a-joint-polysand-pro-powered-by-ecco\/","url":"https:\/\/eccoproducts.eu\/de\/produkt\/a-joint-polysand-pro-powered-by-ecco\/","name":"A-Joint\u00ae Polysand Pro powered by ECCO - ECCO Products","isPartOf":{"@id":"https:\/\/eccoproducts.eu\/de\/#website"},"primaryImageOfPage":{"@id":"https:\/\/eccoproducts.eu\/de\/produkt\/a-joint-polysand-pro-powered-by-ecco\/#primaryimage"},"image":{"@id":"https:\/\/eccoproducts.eu\/de\/produkt\/a-joint-polysand-pro-powered-by-ecco\/#primaryimage"},"thumbnailUrl":"https:\/\/eccoproducts.eu\/wp-content\/uploads\/2025\/06\/A-JOINT-Polysand-Pro-Titelbild.jpg","datePublished":"2025-06-23T11:12:59+00:00","dateModified":"2026-02-24T09:34:50+00:00","description":"A-Joint\u00ae Polysand Pro powered by ECCO: der wasserdurchl\u00e4ssige, frostbest\u00e4ndige und unkrauthemmende Fugensand, f\u00fcr schmale Fugen und starke Belastungen.","breadcrumb":{"@id":"https:\/\/eccoproducts.eu\/de\/produkt\/a-joint-polysand-pro-powered-by-ecco\/#breadcrumb"},"inLanguage":"de","potentialAction":[{"@type":"ReadAction","target":["https:\/\/eccoproducts.eu\/de\/produkt\/a-joint-polysand-pro-powered-by-ecco\/"]}]},{"@type":"ImageObject","inLanguage":"de","@id":"https:\/\/eccoproducts.eu\/de\/produkt\/a-joint-polysand-pro-powered-by-ecco\/#primaryimage","url":"https:\/\/eccoproducts.eu\/wp-content\/uploads\/2025\/06\/A-JOINT-Polysand-Pro-Titelbild.jpg","contentUrl":"https:\/\/eccoproducts.eu\/wp-content\/uploads\/2025\/06\/A-JOINT-Polysand-Pro-Titelbild.jpg","width":2362,"height":1526,"caption":"Fragments of modern design from landscaping in the garden, park, square, recreation area"},{"@type":"BreadcrumbList","@id":"https:\/\/eccoproducts.eu\/de\/produkt\/a-joint-polysand-pro-powered-by-ecco\/#breadcrumb","itemListElement":[{"@type":"ListItem","position":1,"name":"Home","item":"https:\/\/eccoproducts.eu\/de\/"},{"@type":"ListItem","position":2,"name":"Produkte","item":"https:\/\/eccoproducts.eu\/de\/produkt\/"},{"@type":"ListItem","position":3,"name":"A-Joint\u00ae Polysand Pro powered by ECCO"}]},{"@type":"WebSite","@id":"https:\/\/eccoproducts.eu\/de\/#website","url":"https:\/\/eccoproducts.eu\/de\/","name":"ECCO Products","description":"","publisher":{"@id":"https:\/\/eccoproducts.eu\/de\/#organization"},"potentialAction":[{"@type":"SearchAction","target":{"@type":"EntryPoint","urlTemplate":"https:\/\/eccoproducts.eu\/de\/?s={search_term_string}"},"query-input":{"@type":"PropertyValueSpecification","valueRequired":true,"valueName":"search_term_string"}}],"inLanguage":"de"},{"@type":"Organization","@id":"https:\/\/eccoproducts.eu\/de\/#organization","name":"ECCO Products","url":"https:\/\/eccoproducts.eu\/de\/","logo":{"@type":"ImageObject","inLanguage":"de","@id":"https:\/\/eccoproducts.eu\/de\/#\/schema\/logo\/image\/","url":"https:\/\/eccoproducts.eu\/wp-content\/uploads\/2023\/06\/cropped-MicrosoftTeams-image-1.png","contentUrl":"https:\/\/eccoproducts.eu\/wp-content\/uploads\/2023\/06\/cropped-MicrosoftTeams-image-1.png","width":417,"height":71,"caption":"ECCO Products"},"image":{"@id":"https:\/\/eccoproducts.eu\/de\/#\/schema\/logo\/image\/"}}]}},"_links":{"self":[{"href":"https:\/\/eccoproducts.eu\/de\/wp-json\/wp\/v2\/product\/11695","targetHints":{"allow":["GET"]}}],"collection":[{"href":"https:\/\/eccoproducts.eu\/de\/wp-json\/wp\/v2\/product"}],"about":[{"href":"https:\/\/eccoproducts.eu\/de\/wp-json\/wp\/v2\/types\/product"}],"replies":[{"embeddable":true,"href":"https:\/\/eccoproducts.eu\/de\/wp-json\/wp\/v2\/comments?post=11695"}],"wp:featuredmedia":[{"embeddable":true,"href":"https:\/\/eccoproducts.eu\/de\/wp-json\/wp\/v2\/media\/11398"}],"wp:attachment":[{"href":"https:\/\/eccoproducts.eu\/de\/wp-json\/wp\/v2\/media?parent=11695"}],"wp:term":[{"taxonomy":"product_brand","embeddable":true,"href":"https:\/\/eccoproducts.eu\/de\/wp-json\/wp\/v2\/product_brand?post=11695"},{"taxonomy":"product_cat","embeddable":true,"href":"https:\/\/eccoproducts.eu\/de\/wp-json\/wp\/v2\/product_cat?post=11695"},{"taxonomy":"product_tag","embeddable":true,"href":"https:\/\/eccoproducts.eu\/de\/wp-json\/wp\/v2\/product_tag?post=11695"}],"curies":[{"name":"wp","href":"https:\/\/api.w.org\/{rel}","templated":true}]}}