{"id":1089,"date":"2023-03-13T15:29:38","date_gmt":"2023-03-13T14:29:38","guid":{"rendered":"https:\/\/eccoproducts.eu\/producten\/eccodal-rasengitter\/"},"modified":"2026-01-22T09:09:10","modified_gmt":"2026-01-22T08:09:10","slug":"eccodal-rasengitter","status":"publish","type":"product","link":"https:\/\/eccoproducts.eu\/de\/produkt\/eccodal-rasengitter\/","title":{"rendered":"ECCOdal Rasengitter"},"content":{"rendered":"","protected":false},"excerpt":{"rendered":"<p>ECCOdal-Rasengitter sind <strong>robuste Rasengitter<\/strong> aus <strong>recyceltem Material<\/strong>, die mit <strong>Dehnungsfugen<\/strong> ausgestattet sind, um thermische und mechanische Spannungen aufzunehmen. Mit den ECCOdal-Rasengittern profitieren Sie von einer <strong>wasserdurchl\u00e4ssigen<\/strong>, <strong>begehbaren<\/strong> und (gelegentlich) <strong>befahrbaren<\/strong> Oberfl\u00e4che mit einem <strong>\u00f6kologischen<\/strong> Touch.<\/p>\n<p>Die Kunststoff-Rasengitter sind einfach zu verlegen und stellen eine perfekte Alternative zu Beton-Rasengittern dar.<\/p>\n","protected":false},"featured_media":5993,"comment_status":"open","ping_status":"closed","template":"","meta":{"_acf_changed":false,"inline_featured_image":false},"product_brand":[],"product_cat":[69],"product_tag":[],"class_list":{"0":"post-1089","1":"product","2":"type-product","3":"status-publish","4":"has-post-thumbnail","6":"product_cat-wasserdurchlassige-produkte","8":"first","9":"instock","10":"shipping-taxable","11":"product-type-simple"},"acf":[],"yoast_head":"<!-- This site is optimized with the Yoast SEO plugin v25.9 - https:\/\/yoast.com\/wordpress\/plugins\/seo\/ -->\n<title>ECCOdal Rasengitter - ECCO Products<\/title>\n<meta name=\"description\" content=\"Mit den ECCOdal-Rasengittern erhalten Sie eine wasserdurchl\u00e4ssige, begehbare und (gelegentlich) befahrbare Oberfl\u00e4che mit einem \u00f6kologischen Touch.\" \/>\n<meta name=\"robots\" content=\"index, follow, max-snippet:-1, max-image-preview:large, max-video-preview:-1\" \/>\n<link rel=\"canonical\" href=\"https:\/\/eccoproducts.eu\/de\/produkt\/eccodal-rasengitter\/\" \/>\n<meta property=\"og:locale\" content=\"de_DE\" \/>\n<meta property=\"og:type\" content=\"article\" \/>\n<meta property=\"og:title\" content=\"ECCOdal Rasengitter - ECCO Products\" \/>\n<meta property=\"og:description\" content=\"Mit den ECCOdal-Rasengittern erhalten Sie eine wasserdurchl\u00e4ssige, begehbare und (gelegentlich) befahrbare Oberfl\u00e4che mit einem \u00f6kologischen Touch.\" \/>\n<meta property=\"og:url\" content=\"https:\/\/eccoproducts.eu\/de\/produkt\/eccodal-rasengitter\/\" \/>\n<meta property=\"og:site_name\" content=\"ECCO Products\" \/>\n<meta property=\"article:modified_time\" content=\"2026-01-22T08:09:10+00:00\" \/>\n<meta property=\"og:image\" content=\"https:\/\/eccoproducts.eu\/wp-content\/uploads\/2023\/03\/ECCOdal_P02_groen_detail-1024x768.jpg\" \/>\n\t<meta property=\"og:image:width\" content=\"1024\" \/>\n\t<meta property=\"og:image:height\" content=\"768\" \/>\n\t<meta property=\"og:image:type\" content=\"image\/jpeg\" \/>\n<meta name=\"twitter:card\" content=\"summary_large_image\" \/>\n<meta name=\"twitter:label1\" content=\"Gesch\u00e4tzte Lesezeit\" \/>\n\t<meta name=\"twitter:data1\" content=\"1\u00a0Minute\" \/>\n<script type=\"application\/ld+json\" class=\"yoast-schema-graph\">{\"@context\":\"https:\/\/schema.org\",\"@graph\":[{\"@type\":\"WebPage\",\"@id\":\"https:\/\/eccoproducts.eu\/de\/produkt\/eccodal-rasengitter\/\",\"url\":\"https:\/\/eccoproducts.eu\/de\/produkt\/eccodal-rasengitter\/\",\"name\":\"ECCOdal Rasengitter - ECCO Products\",\"isPartOf\":{\"@id\":\"https:\/\/eccoproducts.eu\/de\/#website\"},\"primaryImageOfPage\":{\"@id\":\"https:\/\/eccoproducts.eu\/de\/produkt\/eccodal-rasengitter\/#primaryimage\"},\"image\":{\"@id\":\"https:\/\/eccoproducts.eu\/de\/produkt\/eccodal-rasengitter\/#primaryimage\"},\"thumbnailUrl\":\"https:\/\/eccoproducts.eu\/wp-content\/uploads\/2023\/03\/ECCOdal_P02_groen_detail.jpg\",\"datePublished\":\"2023-03-13T14:29:38+00:00\",\"dateModified\":\"2026-01-22T08:09:10+00:00\",\"description\":\"Mit den ECCOdal-Rasengittern erhalten Sie eine wasserdurchl\u00e4ssige, begehbare und (gelegentlich) befahrbare Oberfl\u00e4che mit einem \u00f6kologischen Touch.\",\"breadcrumb\":{\"@id\":\"https:\/\/eccoproducts.eu\/de\/produkt\/eccodal-rasengitter\/#breadcrumb\"},\"inLanguage\":\"de\",\"potentialAction\":[{\"@type\":\"ReadAction\",\"target\":[\"https:\/\/eccoproducts.eu\/de\/produkt\/eccodal-rasengitter\/\"]}]},{\"@type\":\"ImageObject\",\"inLanguage\":\"de\",\"@id\":\"https:\/\/eccoproducts.eu\/de\/produkt\/eccodal-rasengitter\/#primaryimage\",\"url\":\"https:\/\/eccoproducts.eu\/wp-content\/uploads\/2023\/03\/ECCOdal_P02_groen_detail.jpg\",\"contentUrl\":\"https:\/\/eccoproducts.eu\/wp-content\/uploads\/2023\/03\/ECCOdal_P02_groen_detail.jpg\",\"width\":5352,\"height\":4014},{\"@type\":\"BreadcrumbList\",\"@id\":\"https:\/\/eccoproducts.eu\/de\/produkt\/eccodal-rasengitter\/#breadcrumb\",\"itemListElement\":[{\"@type\":\"ListItem\",\"position\":1,\"name\":\"Home\",\"item\":\"https:\/\/eccoproducts.eu\/de\/\"},{\"@type\":\"ListItem\",\"position\":2,\"name\":\"Produkte\",\"item\":\"https:\/\/eccoproducts.eu\/de\/produkt\/\"},{\"@type\":\"ListItem\",\"position\":3,\"name\":\"ECCOdal Rasengitter\"}]},{\"@type\":\"WebSite\",\"@id\":\"https:\/\/eccoproducts.eu\/de\/#website\",\"url\":\"https:\/\/eccoproducts.eu\/de\/\",\"name\":\"ECCO Products\",\"description\":\"\",\"publisher\":{\"@id\":\"https:\/\/eccoproducts.eu\/de\/#organization\"},\"potentialAction\":[{\"@type\":\"SearchAction\",\"target\":{\"@type\":\"EntryPoint\",\"urlTemplate\":\"https:\/\/eccoproducts.eu\/de\/?s={search_term_string}\"},\"query-input\":{\"@type\":\"PropertyValueSpecification\",\"valueRequired\":true,\"valueName\":\"search_term_string\"}}],\"inLanguage\":\"de\"},{\"@type\":\"Organization\",\"@id\":\"https:\/\/eccoproducts.eu\/de\/#organization\",\"name\":\"ECCO Products\",\"url\":\"https:\/\/eccoproducts.eu\/de\/\",\"logo\":{\"@type\":\"ImageObject\",\"inLanguage\":\"de\",\"@id\":\"https:\/\/eccoproducts.eu\/de\/#\/schema\/logo\/image\/\",\"url\":\"https:\/\/eccoproducts.eu\/wp-content\/uploads\/2023\/06\/cropped-MicrosoftTeams-image-1.png\",\"contentUrl\":\"https:\/\/eccoproducts.eu\/wp-content\/uploads\/2023\/06\/cropped-MicrosoftTeams-image-1.png\",\"width\":417,\"height\":71,\"caption\":\"ECCO Products\"},\"image\":{\"@id\":\"https:\/\/eccoproducts.eu\/de\/#\/schema\/logo\/image\/\"}}]}<\/script>\n<!-- \/ Yoast SEO plugin. -->","yoast_head_json":{"title":"ECCOdal Rasengitter - ECCO Products","description":"Mit den ECCOdal-Rasengittern erhalten Sie eine wasserdurchl\u00e4ssige, begehbare und (gelegentlich) befahrbare Oberfl\u00e4che mit einem \u00f6kologischen Touch.","robots":{"index":"index","follow":"follow","max-snippet":"max-snippet:-1","max-image-preview":"max-image-preview:large","max-video-preview":"max-video-preview:-1"},"canonical":"https:\/\/eccoproducts.eu\/de\/produkt\/eccodal-rasengitter\/","og_locale":"de_DE","og_type":"article","og_title":"ECCOdal Rasengitter - ECCO Products","og_description":"Mit den ECCOdal-Rasengittern erhalten Sie eine wasserdurchl\u00e4ssige, begehbare und (gelegentlich) befahrbare Oberfl\u00e4che mit einem \u00f6kologischen Touch.","og_url":"https:\/\/eccoproducts.eu\/de\/produkt\/eccodal-rasengitter\/","og_site_name":"ECCO Products","article_modified_time":"2026-01-22T08:09:10+00:00","og_image":[{"width":1024,"height":768,"url":"https:\/\/eccoproducts.eu\/wp-content\/uploads\/2023\/03\/ECCOdal_P02_groen_detail-1024x768.jpg","type":"image\/jpeg"}],"twitter_card":"summary_large_image","twitter_misc":{"Gesch\u00e4tzte Lesezeit":"1\u00a0Minute"},"schema":{"@context":"https:\/\/schema.org","@graph":[{"@type":"WebPage","@id":"https:\/\/eccoproducts.eu\/de\/produkt\/eccodal-rasengitter\/","url":"https:\/\/eccoproducts.eu\/de\/produkt\/eccodal-rasengitter\/","name":"ECCOdal Rasengitter - ECCO Products","isPartOf":{"@id":"https:\/\/eccoproducts.eu\/de\/#website"},"primaryImageOfPage":{"@id":"https:\/\/eccoproducts.eu\/de\/produkt\/eccodal-rasengitter\/#primaryimage"},"image":{"@id":"https:\/\/eccoproducts.eu\/de\/produkt\/eccodal-rasengitter\/#primaryimage"},"thumbnailUrl":"https:\/\/eccoproducts.eu\/wp-content\/uploads\/2023\/03\/ECCOdal_P02_groen_detail.jpg","datePublished":"2023-03-13T14:29:38+00:00","dateModified":"2026-01-22T08:09:10+00:00","description":"Mit den ECCOdal-Rasengittern erhalten Sie eine wasserdurchl\u00e4ssige, begehbare und (gelegentlich) befahrbare Oberfl\u00e4che mit einem \u00f6kologischen Touch.","breadcrumb":{"@id":"https:\/\/eccoproducts.eu\/de\/produkt\/eccodal-rasengitter\/#breadcrumb"},"inLanguage":"de","potentialAction":[{"@type":"ReadAction","target":["https:\/\/eccoproducts.eu\/de\/produkt\/eccodal-rasengitter\/"]}]},{"@type":"ImageObject","inLanguage":"de","@id":"https:\/\/eccoproducts.eu\/de\/produkt\/eccodal-rasengitter\/#primaryimage","url":"https:\/\/eccoproducts.eu\/wp-content\/uploads\/2023\/03\/ECCOdal_P02_groen_detail.jpg","contentUrl":"https:\/\/eccoproducts.eu\/wp-content\/uploads\/2023\/03\/ECCOdal_P02_groen_detail.jpg","width":5352,"height":4014},{"@type":"BreadcrumbList","@id":"https:\/\/eccoproducts.eu\/de\/produkt\/eccodal-rasengitter\/#breadcrumb","itemListElement":[{"@type":"ListItem","position":1,"name":"Home","item":"https:\/\/eccoproducts.eu\/de\/"},{"@type":"ListItem","position":2,"name":"Produkte","item":"https:\/\/eccoproducts.eu\/de\/produkt\/"},{"@type":"ListItem","position":3,"name":"ECCOdal Rasengitter"}]},{"@type":"WebSite","@id":"https:\/\/eccoproducts.eu\/de\/#website","url":"https:\/\/eccoproducts.eu\/de\/","name":"ECCO Products","description":"","publisher":{"@id":"https:\/\/eccoproducts.eu\/de\/#organization"},"potentialAction":[{"@type":"SearchAction","target":{"@type":"EntryPoint","urlTemplate":"https:\/\/eccoproducts.eu\/de\/?s={search_term_string}"},"query-input":{"@type":"PropertyValueSpecification","valueRequired":true,"valueName":"search_term_string"}}],"inLanguage":"de"},{"@type":"Organization","@id":"https:\/\/eccoproducts.eu\/de\/#organization","name":"ECCO Products","url":"https:\/\/eccoproducts.eu\/de\/","logo":{"@type":"ImageObject","inLanguage":"de","@id":"https:\/\/eccoproducts.eu\/de\/#\/schema\/logo\/image\/","url":"https:\/\/eccoproducts.eu\/wp-content\/uploads\/2023\/06\/cropped-MicrosoftTeams-image-1.png","contentUrl":"https:\/\/eccoproducts.eu\/wp-content\/uploads\/2023\/06\/cropped-MicrosoftTeams-image-1.png","width":417,"height":71,"caption":"ECCO Products"},"image":{"@id":"https:\/\/eccoproducts.eu\/de\/#\/schema\/logo\/image\/"}}]}},"_links":{"self":[{"href":"https:\/\/eccoproducts.eu\/de\/wp-json\/wp\/v2\/product\/1089","targetHints":{"allow":["GET"]}}],"collection":[{"href":"https:\/\/eccoproducts.eu\/de\/wp-json\/wp\/v2\/product"}],"about":[{"href":"https:\/\/eccoproducts.eu\/de\/wp-json\/wp\/v2\/types\/product"}],"replies":[{"embeddable":true,"href":"https:\/\/eccoproducts.eu\/de\/wp-json\/wp\/v2\/comments?post=1089"}],"wp:featuredmedia":[{"embeddable":true,"href":"https:\/\/eccoproducts.eu\/de\/wp-json\/wp\/v2\/media\/5993"}],"wp:attachment":[{"href":"https:\/\/eccoproducts.eu\/de\/wp-json\/wp\/v2\/media?parent=1089"}],"wp:term":[{"taxonomy":"product_brand","embeddable":true,"href":"https:\/\/eccoproducts.eu\/de\/wp-json\/wp\/v2\/product_brand?post=1089"},{"taxonomy":"product_cat","embeddable":true,"href":"https:\/\/eccoproducts.eu\/de\/wp-json\/wp\/v2\/product_cat?post=1089"},{"taxonomy":"product_tag","embeddable":true,"href":"https:\/\/eccoproducts.eu\/de\/wp-json\/wp\/v2\/product_tag?post=1089"}],"curies":[{"name":"wp","href":"https:\/\/api.w.org\/{rel}","templated":true}]}}